{"id":6033,"date":"2026-01-14T14:00:36","date_gmt":"2026-01-14T14:00:36","guid":{"rendered":"https:\/\/turkishtrade.co\/product\/men-s-suede-casual-loafers-2\/"},"modified":"2026-04-09T19:16:05","modified_gmt":"2026-04-09T19:16:05","slug":"mens-suede-casual-loafers-6","status":"publish","type":"product","link":"https:\/\/turkishtrade.co\/es\/shop\/mens-suede-casual-loafers-6\/","title":{"rendered":"Mocasines casuales de ante de primera calidad para hombre con suela de EVA"},"content":{"rendered":"<p><strong>Mocasines casuales de ante para hombre<\/strong><\/p>\n<p>Eleve su estilo diario con nuestra exquisita colecci\u00f3n de <strong>mocasines casual de ante para hombre<\/strong>. Dise\u00f1ados para el hombre moderno que valora tanto la est\u00e9tica sofisticada como la comodidad sin igual, estos mocasines son un testimonio de artesan\u00eda superior. Cada par de estos excepcionales <strong>mocasines casual de ante para hombre<\/strong> est\u00e1 meticulosamente elaborado con los mejores materiales, garantizando una experiencia de lujo desde el momento en que te los pones.<\/p>\n<p>El exterior es de ante de becerro de primera calidad, famoso por su tacto suave, su rica textura y su calidad duradera. Este elegante ante ofrece un aspecto refinado que puede pasar sin esfuerzo de una salida relajada de fin de semana a un entorno de oficina elegante e informal. Como complemento a su belleza exterior, el interior est\u00e1 forrado con piel de cabra flexible, que proporciona una transpirabilidad excepcional y un tacto suave y c\u00f3modo en contacto con el pie.<\/p>\n<p>Esta cuidada elecci\u00f3n de material interno ayuda a mantener los pies frescos y secos, haciendo que estas <strong>mocasines casual de ante para hombre<\/strong> una opci\u00f3n ideal para un uso prolongado.<\/p>\n<h3>Comodidad inigualable y estilo vers\u00e1til<\/h3>\n<p>La base de este lujoso dise\u00f1o es una suela de EVA robusta pero incre\u00edblemente ligera. Esta avanzada tecnolog\u00eda de suela proporciona una amortiguaci\u00f3n y absorci\u00f3n de impactos superiores, garantizando que cada paso sea un placer. La altura del tac\u00f3n, baja y cl\u00e1sica (de 1 a 3 cm aproximadamente), contribuye a la elegancia informal y al confort general, haciendo que estos zapatos estilo derby moc-toe sean perfectos para llevarlos todo el d\u00eda sin fatiga.<\/p>\n<p>El intrincado pespunteado de la puntera y el cl\u00e1sico dise\u00f1o de cordones a\u00f1aden un toque de encanto atemporal, convirtiendo a estos <strong>mocasines casual de ante para hombre<\/strong> un complemento vers\u00e1til para cualquier armario.<\/p>\n<h3>Ventaja mayorista para socios comerciales<\/h3>\n<p>Comprendemos las necesidades de nuestros socios mayoristas. Estos <strong>mocasines casual de ante para hombre<\/strong> est\u00e1n disponibles para pedidos al por mayor con una cantidad m\u00ednima de 8 pares. Ofrecemos precios competitivos y nuestra eficiente producci\u00f3n garantiza la entrega en un plazo aproximado de 12 d\u00edas m\u00e1s gastos de env\u00edo.<\/p>\n<p>Disponibles en una amplia gama de tallas de la UE, de la 39 a la 45, estos mocasines satisfacen a una amplia clientela. Invierta en un calzado que combina estilo duradero, comodidad excepcional y durabilidad pr\u00e1ctica. Elija nuestros <strong>mocasines casual de ante para hombre<\/strong> para lograr un aspecto distinguido que realmente destaque.<\/p>","protected":false},"excerpt":{"rendered":"<ul>\n<li>Confeccionadas con una parte superior de ante de becerro de primera calidad para un look sofisticado.<\/li>\n<li>El lujoso forro de piel de cabra garantiza una transpirabilidad y un confort superiores.<\/li>\n<li>Suela de EVA ligera y flexible que proporciona una amortiguaci\u00f3n excepcional para llevarlas todo el d\u00eda.<\/li>\n<li>Presenta una cl\u00e1sica costura moc-toe y una c\u00f3moda altura de tac\u00f3n de 1-3 cm.<\/li>\n<li>Disponible en tallas UE 39-45 para adaptarse a una amplia gama de clientes.<\/li>\n<li>Cantidad m\u00ednima de pedido: 8 pares, ideal para compras al por mayor y al por mayor.<\/li>\n<li>Plazo de entrega: Aproximadamente 12 d\u00edas + gastos de env\u00edo.<\/li>\n<\/ul>","protected":false},"featured_media":4025,"template":"","meta":{"_acf_changed":false,"_uag_custom_page_level_css":"","site-sidebar-layout":"default","site-content-layout":"","ast-site-content-layout":"default","site-content-style":"default","site-sidebar-style":"default","ast-global-header-display":"","ast-banner-title-visibility":"","ast-main-header-display":"","ast-hfb-above-header-display":"","ast-hfb-below-header-display":"","ast-hfb-mobile-header-display":"","site-post-title":"","ast-breadcrumbs-content":"","ast-featured-img":"","footer-sml-layout":"","ast-disable-related-posts":"","theme-transparent-header-meta":"default","adv-header-id-meta":"","stick-header-meta":"","header-above-stick-meta":"","header-main-stick-meta":"","header-below-stick-meta":"","astra-migrate-meta-layouts":"set","ast-page-background-enabled":"default","ast-page-background-meta":{"desktop":{"background-color":"var(--ast-global-color-4)","background-image":"","background-repeat":"repeat","background-position":"center center","background-size":"auto","background-attachment":"scroll","background-type":"","background-media":"","overlay-type":"","overlay-color":"","overlay-opacity":"","overlay-gradient":""},"tablet":{"background-color":"","background-image":"","background-repeat":"repeat","background-position":"center center","background-size":"auto","background-attachment":"scroll","background-type":"","background-media":"","overlay-type":"","overlay-color":"","overlay-opacity":"","overlay-gradient":""},"mobile":{"background-color":"","background-image":"","background-repeat":"repeat","background-position":"center center","background-size":"auto","background-attachment":"scroll","background-type":"","background-media":"","overlay-type":"","overlay-color":"","overlay-opacity":"","overlay-gradient":""}},"ast-content-background-meta":{"desktop":{"background-color":"var(--ast-global-color-5)","background-image":"","background-repeat":"repeat","background-position":"center center","background-size":"auto","background-attachment":"scroll","background-type":"","background-media":"","overlay-type":"","overlay-color":"","overlay-opacity":"","overlay-gradient":""},"tablet":{"background-color":"var(--ast-global-color-5)","background-image":"","background-repeat":"repeat","background-position":"center center","background-size":"auto","background-attachment":"scroll","background-type":"","background-media":"","overlay-type":"","overlay-color":"","overlay-opacity":"","overlay-gradient":""},"mobile":{"background-color":"var(--ast-global-color-5)","background-image":"","background-repeat":"repeat","background-position":"center center","background-size":"auto","background-attachment":"scroll","background-type":"","background-media":"","overlay-type":"","overlay-color":"","overlay-opacity":"","overlay-gradient":""}}},"product_brand":[],"product_cat":[48,49,430,40],"product_tag":[629,1133,449,222,212,756,438,556,1096,1134,198,186,208,283,254],"class_list":{"0":"post-6033","1":"product","2":"type-product","3":"status-publish","4":"has-post-thumbnail","6":"product_cat-casual","7":"product_cat-loafer","8":"product_cat-men","9":"product_cat-mens-shoes","10":"product_tag-bulk-order-shoes","11":"product_tag-calfskin-suede","12":"product_tag-casual-shoes","13":"product_tag-comfortable-shoes","14":"product_tag-derby-shoes","15":"product_tag-european-sizes","16":"product_tag-eva-sole","17":"product_tag-goatskin-lining","18":"product_tag-grey-loafers","19":"product_tag-light-grey-shoes","20":"product_tag-mens-fashion","21":"product_tag-mens-loafers","22":"product_tag-moc-toe","23":"product_tag-suede-shoes","24":"product_tag-wholesale-footwear","25":"desktop-align-center","26":"tablet-align-center","27":"mobile-align-center","29":"first","30":"instock","31":"shipping-taxable","32":"purchasable","33":"product-type-variable","34":"has-default-attributes"},"acf":[],"uagb_featured_image_src":{"full":["https:\/\/turkishtrade.co\/wp-content\/uploads\/2026\/01\/2400EJOMN00212-STONE-X_1343-Fusped-1-usd.png",453,250,false],"thumbnail":["https:\/\/turkishtrade.co\/wp-content\/uploads\/2026\/01\/2400EJOMN00212-STONE-X_1343-Fusped-1-usd-150x150.png",150,150,true],"medium":["https:\/\/turkishtrade.co\/wp-content\/uploads\/2026\/01\/2400EJOMN00212-STONE-X_1343-Fusped-1-usd-300x166.png",300,166,true],"medium_large":["https:\/\/turkishtrade.co\/wp-content\/uploads\/2026\/01\/2400EJOMN00212-STONE-X_1343-Fusped-1-usd.png",453,250,false],"large":["https:\/\/turkishtrade.co\/wp-content\/uploads\/2026\/01\/2400EJOMN00212-STONE-X_1343-Fusped-1-usd.png",453,250,false],"1536x1536":["https:\/\/turkishtrade.co\/wp-content\/uploads\/2026\/01\/2400EJOMN00212-STONE-X_1343-Fusped-1-usd.png",453,250,false],"2048x2048":["https:\/\/turkishtrade.co\/wp-content\/uploads\/2026\/01\/2400EJOMN00212-STONE-X_1343-Fusped-1-usd.png",453,250,false],"trp-custom-language-flag":["https:\/\/turkishtrade.co\/wp-content\/uploads\/2026\/01\/2400EJOMN00212-STONE-X_1343-Fusped-1-usd-18x10.png",18,10,true],"woocommerce_thumbnail":["https:\/\/turkishtrade.co\/wp-content\/uploads\/2026\/01\/2400EJOMN00212-STONE-X_1343-Fusped-1-usd-400x250.png",400,250,true],"woocommerce_single":["https:\/\/turkishtrade.co\/wp-content\/uploads\/2026\/01\/2400EJOMN00212-STONE-X_1343-Fusped-1-usd.png",453,250,false],"woocommerce_gallery_thumbnail":["https:\/\/turkishtrade.co\/wp-content\/uploads\/2026\/01\/2400EJOMN00212-STONE-X_1343-Fusped-1-usd-100x100.png",100,100,true]},"uagb_author_info":{"display_name":"yaser olabi","author_link":"https:\/\/turkishtrade.co\/es\/author\/"},"uagb_comment_info":0,"uagb_excerpt":"Crafted from premium calfskin suede upper for a sophisticated look. Luxurious goatskin leather lining ensures superior breathability and comfort. Lightweight and flexible EVA sole provides exceptional cushioning for all-day wear. Features a classic moc-toe stitching and a comfortable 1-3 cm heel height. Available in EU sizes 39-45 to fit a wide range of customers. Minimum&hellip;","_links":{"self":[{"href":"https:\/\/turkishtrade.co\/es\/wp-json\/wp\/v2\/product\/6033","targetHints":{"allow":["GET"]}}],"collection":[{"href":"https:\/\/turkishtrade.co\/es\/wp-json\/wp\/v2\/product"}],"about":[{"href":"https:\/\/turkishtrade.co\/es\/wp-json\/wp\/v2\/types\/product"}],"wp:featuredmedia":[{"embeddable":true,"href":"https:\/\/turkishtrade.co\/es\/wp-json\/wp\/v2\/media\/4025"}],"wp:attachment":[{"href":"https:\/\/turkishtrade.co\/es\/wp-json\/wp\/v2\/media?parent=6033"}],"wp:term":[{"taxonomy":"product_brand","embeddable":true,"href":"https:\/\/turkishtrade.co\/es\/wp-json\/wp\/v2\/product_brand?post=6033"},{"taxonomy":"product_cat","embeddable":true,"href":"https:\/\/turkishtrade.co\/es\/wp-json\/wp\/v2\/product_cat?post=6033"},{"taxonomy":"product_tag","embeddable":true,"href":"https:\/\/turkishtrade.co\/es\/wp-json\/wp\/v2\/product_tag?post=6033"}],"curies":[{"name":"wp","href":"https:\/\/api.w.org\/{rel}","templated":true}]}}