{"id":6027,"date":"2026-01-14T13:59:57","date_gmt":"2026-01-14T13:59:57","guid":{"rendered":"https:\/\/turkishtrade.co\/product\/mens-casual-suede-loafers\/"},"modified":"2026-04-09T19:16:18","modified_gmt":"2026-04-09T19:16:18","slug":"mens-casual-suede-loafers","status":"publish","type":"product","link":"https:\/\/turkishtrade.co\/es\/shop\/mens-casual-suede-loafers\/","title":{"rendered":"Mocasines casuales de ante para hombre con suela de EVA"},"content":{"rendered":"<p><strong>Mocasines casuales de ante para hombre<\/strong><\/p>\n<p>Sum\u00e9rjase en un confort incomparable y un estilo sofisticado con nuestra exquisita colecci\u00f3n de <strong>Mocasines casuales de ante para hombre<\/strong>. Dise\u00f1ados para el caballero moderno que valora tanto la elegancia como la comodidad, estos mocasines son un testimonio de artesan\u00eda superior y materiales de lujo. Tanto si te mueves por las calles de la ciudad, disfrutas de un fin de semana relajado o asistes a una reuni\u00f3n de negocios informal, nuestros mocasines de ante ofrecen la combinaci\u00f3n perfecta de refinamiento y encanto desenfadado.<\/p>\n<p><h3>Calidad y artesan\u00eda inigualables<\/h3>\n<\/p>\n<p>Cada par de nuestros <strong>Mocasines casuales de ante para hombre<\/strong> comienza con piel de ternero de primera calidad para la superficie exterior, meticulosamente seleccionada por su textura suave y calidad duradera. El rico acabado de ante no s\u00f3lo ofrece un atractivo visual distintivo, sino que tambi\u00e9n garantiza un ajuste c\u00f3modo que se amolda perfectamente a su pie con el tiempo. En el interior, el forro de piel de cabra, famoso por su transpirabilidad y su tacto suave y sedoso, envuelve los pies para evitar molestias y mantenerlos frescos durante todo el d\u00eda.<\/p>\n<p>Esta cuidadosa combinaci\u00f3n de materiales dice mucho de nuestro compromiso de producir un calzado excepcional.<\/p>\n<p><h3>Dise\u00f1ado para ofrecer comodidad y estilo durante todo el d\u00eda<\/h3>\n<\/p>\n<p>Experimenta la diferencia que marca una suela de EVA. Ligera pero incre\u00edblemente duradera, la suela de EVA proporciona una amortiguaci\u00f3n superior, absorbiendo el impacto a cada paso. Esta innovadora tecnolog\u00eda de suela garantiza que nuestros <strong>Mocasines casuales de ante para hombre<\/strong> no s\u00f3lo son elegantes, sino tambi\u00e9n incre\u00edblemente c\u00f3modos para un uso prolongado.<\/p>\n<p>La cl\u00e1sica silueta de mocas\u00edn, completada con un elegante tac\u00f3n de 1 a 3 cm, a\u00f1ade un toque de sofisticaci\u00f3n atemporal sin sacrificar el atractivo informal. Las opciones de ante en azul vibrante, azul marino intenso y marr\u00f3n intenso, acentuadas por sutiles costuras y un detalle \u00fanico en la suela, hacen que estos mocasines sean vers\u00e1tiles para varios conjuntos y ocasiones.<\/p>\n<p><h3>Versatilidad para todas las ocasiones<\/h3>\n<\/p>\n<p>No son solo unos zapatos; son un complemento esencial para tu armario. Comb\u00ednalos con unos pantalones chinos para un look elegante e informal, con unos vaqueros para un look m\u00e1s relajado o incluso con unos pantalones de lino para un conjunto m\u00e1s refinado. Disponibles en una amplia gama de tallas, de la 39 a la 45, encontrar tu talla perfecta no te costar\u00e1 ning\u00fan esfuerzo.<\/p>\n<p>Para minoristas y empresas, ofrecemos precios competitivos al por mayor con un pedido m\u00ednimo de 8 pares, para que pueda abastecerse de estos mocasines informales de ante para hombre tan solicitados. La entrega es r\u00e1pida, normalmente en 12 d\u00edas m\u00e1s gastos de env\u00edo, lo que le permite mejorar r\u00e1pidamente su inventario con calzado de primera calidad.<\/p>\n<p>Invierta en un calzado que trascienda las tendencias y ofrezca comodidad y estilo duraderos. Nuestros mocasines informales de ante para hombre de primera calidad son algo m\u00e1s que zapatos: son toda una declaraci\u00f3n de intenciones.<\/p>","protected":false},"excerpt":{"rendered":"<ul>\n<li><strong>Premium Suede Exterior:<\/strong> Fabricados en piel de ternero de alta calidad para ofrecer un aspecto lujoso y un tacto suave y duradero.<\/li>\n<li><strong>El confort es lo primero:<\/strong> El forro de suave piel de cabra garantiza una transpirabilidad excepcional y comodidad durante todo el d\u00eda.<\/li>\n<li><strong>Suela ligera de EVA:<\/strong> Proporciona una amortiguaci\u00f3n superior y una tracci\u00f3n robusta, con un sutil tac\u00f3n de 1-3 cm para un atractivo cl\u00e1sico.<\/li>\n<li><strong>Opciones de estilo vers\u00e1tiles:<\/strong> Disponible en azul intenso, azul oscuro y ante marr\u00f3n c\u00e1lido para complementar cualquier atuendo informal o elegante.<\/li>\n<li><strong>Amplia gama de tama\u00f1os:<\/strong> Disponible en las tallas 39, 40, 41, 42, 43, 44 y 45 para un ajuste perfecto.<\/li>\n<li><strong>Disponibilidad de pedidos a granel:<\/strong> Cantidad m\u00ednima de pedido de 8 pares, con un plazo de entrega de 12 d\u00edas m\u00e1s gastos de env\u00edo, ideal para socios mayoristas.<\/li>\n<\/ul>","protected":false},"featured_media":4023,"template":"","meta":{"_acf_changed":false,"_uag_custom_page_level_css":"","site-sidebar-layout":"default","site-content-layout":"","ast-site-content-layout":"default","site-content-style":"default","site-sidebar-style":"default","ast-global-header-display":"","ast-banner-title-visibility":"","ast-main-header-display":"","ast-hfb-above-header-display":"","ast-hfb-below-header-display":"","ast-hfb-mobile-header-display":"","site-post-title":"","ast-breadcrumbs-content":"","ast-featured-img":"","footer-sml-layout":"","ast-disable-related-posts":"","theme-transparent-header-meta":"","adv-header-id-meta":"","stick-header-meta":"","header-above-stick-meta":"","header-main-stick-meta":"","header-below-stick-meta":"","astra-migrate-meta-layouts":"default","ast-page-background-enabled":"default","ast-page-background-meta":{"desktop":{"background-color":"var(--ast-global-color-4)","background-image":"","background-repeat":"repeat","background-position":"center center","background-size":"auto","background-attachment":"scroll","background-type":"","background-media":"","overlay-type":"","overlay-color":"","overlay-opacity":"","overlay-gradient":""},"tablet":{"background-color":"","background-image":"","background-repeat":"repeat","background-position":"center center","background-size":"auto","background-attachment":"scroll","background-type":"","background-media":"","overlay-type":"","overlay-color":"","overlay-opacity":"","overlay-gradient":""},"mobile":{"background-color":"","background-image":"","background-repeat":"repeat","background-position":"center center","background-size":"auto","background-attachment":"scroll","background-type":"","background-media":"","overlay-type":"","overlay-color":"","overlay-opacity":"","overlay-gradient":""}},"ast-content-background-meta":{"desktop":{"background-color":"var(--ast-global-color-5)","background-image":"","background-repeat":"repeat","background-position":"center center","background-size":"auto","background-attachment":"scroll","background-type":"","background-media":"","overlay-type":"","overlay-color":"","overlay-opacity":"","overlay-gradient":""},"tablet":{"background-color":"var(--ast-global-color-5)","background-image":"","background-repeat":"repeat","background-position":"center center","background-size":"auto","background-attachment":"scroll","background-type":"","background-media":"","overlay-type":"","overlay-color":"","overlay-opacity":"","overlay-gradient":""},"mobile":{"background-color":"var(--ast-global-color-5)","background-image":"","background-repeat":"repeat","background-position":"center center","background-size":"auto","background-attachment":"scroll","background-type":"","background-media":"","overlay-type":"","overlay-color":"","overlay-opacity":"","overlay-gradient":""}}},"product_brand":[],"product_cat":[48,49,430,40],"product_tag":[635,147,185,449,220,438,189,1132,186,280,546,149],"class_list":{"0":"post-6027","1":"product","2":"type-product","3":"status-publish","4":"has-post-thumbnail","6":"product_cat-casual","7":"product_cat-loafer","8":"product_cat-men","9":"product_cat-mens-shoes","10":"product_tag-blue-loafers","11":"product_tag-brown-loafers","12":"product_tag-calf-leather-shoes","13":"product_tag-casual-shoes","14":"product_tag-comfortable-loafers","15":"product_tag-eva-sole","16":"product_tag-goat-leather-lining","17":"product_tag-loafer-fashion","18":"product_tag-mens-loafers","19":"product_tag-smart-casual-shoes","20":"product_tag-stylish-mens-shoes","21":"product_tag-suede-loafers","22":"desktop-align-center","23":"tablet-align-center","24":"mobile-align-center","26":"first","27":"instock","28":"shipping-taxable","29":"purchasable","30":"product-type-variable","31":"has-default-attributes"},"acf":[],"uagb_featured_image_src":{"full":["https:\/\/turkishtrade.co\/wp-content\/uploads\/2026\/01\/2400EJOMN00210-STONE-DKS_419-4-USD.png",453,250,false],"thumbnail":["https:\/\/turkishtrade.co\/wp-content\/uploads\/2026\/01\/2400EJOMN00210-STONE-DKS_419-4-USD-150x150.png",150,150,true],"medium":["https:\/\/turkishtrade.co\/wp-content\/uploads\/2026\/01\/2400EJOMN00210-STONE-DKS_419-4-USD-300x166.png",300,166,true],"medium_large":["https:\/\/turkishtrade.co\/wp-content\/uploads\/2026\/01\/2400EJOMN00210-STONE-DKS_419-4-USD.png",453,250,false],"large":["https:\/\/turkishtrade.co\/wp-content\/uploads\/2026\/01\/2400EJOMN00210-STONE-DKS_419-4-USD.png",453,250,false],"1536x1536":["https:\/\/turkishtrade.co\/wp-content\/uploads\/2026\/01\/2400EJOMN00210-STONE-DKS_419-4-USD.png",453,250,false],"2048x2048":["https:\/\/turkishtrade.co\/wp-content\/uploads\/2026\/01\/2400EJOMN00210-STONE-DKS_419-4-USD.png",453,250,false],"trp-custom-language-flag":["https:\/\/turkishtrade.co\/wp-content\/uploads\/2026\/01\/2400EJOMN00210-STONE-DKS_419-4-USD-18x10.png",18,10,true],"woocommerce_thumbnail":["https:\/\/turkishtrade.co\/wp-content\/uploads\/2026\/01\/2400EJOMN00210-STONE-DKS_419-4-USD-400x250.png",400,250,true],"woocommerce_single":["https:\/\/turkishtrade.co\/wp-content\/uploads\/2026\/01\/2400EJOMN00210-STONE-DKS_419-4-USD.png",453,250,false],"woocommerce_gallery_thumbnail":["https:\/\/turkishtrade.co\/wp-content\/uploads\/2026\/01\/2400EJOMN00210-STONE-DKS_419-4-USD-100x100.png",100,100,true]},"uagb_author_info":{"display_name":"yaser olabi","author_link":"https:\/\/turkishtrade.co\/es\/author\/"},"uagb_comment_info":0,"uagb_excerpt":"Premium Suede Exterior: Crafted from high-quality calf leather for a luxurious look and soft, enduring feel. Comfort-First Interior: Lined with supple goat leather, ensuring exceptional breathability and all-day comfort. Lightweight EVA Sole: Provides superior cushioning and robust traction, featuring a subtle 1-3 cm heel for classic appeal. Versatile Style Options: Available in rich blue, dark&hellip;","_links":{"self":[{"href":"https:\/\/turkishtrade.co\/es\/wp-json\/wp\/v2\/product\/6027","targetHints":{"allow":["GET"]}}],"collection":[{"href":"https:\/\/turkishtrade.co\/es\/wp-json\/wp\/v2\/product"}],"about":[{"href":"https:\/\/turkishtrade.co\/es\/wp-json\/wp\/v2\/types\/product"}],"wp:featuredmedia":[{"embeddable":true,"href":"https:\/\/turkishtrade.co\/es\/wp-json\/wp\/v2\/media\/4023"}],"wp:attachment":[{"href":"https:\/\/turkishtrade.co\/es\/wp-json\/wp\/v2\/media?parent=6027"}],"wp:term":[{"taxonomy":"product_brand","embeddable":true,"href":"https:\/\/turkishtrade.co\/es\/wp-json\/wp\/v2\/product_brand?post=6027"},{"taxonomy":"product_cat","embeddable":true,"href":"https:\/\/turkishtrade.co\/es\/wp-json\/wp\/v2\/product_cat?post=6027"},{"taxonomy":"product_tag","embeddable":true,"href":"https:\/\/turkishtrade.co\/es\/wp-json\/wp\/v2\/product_tag?post=6027"}],"curies":[{"name":"wp","href":"https:\/\/api.w.org\/{rel}","templated":true}]}}