{"id":6018,"date":"2026-01-14T13:58:53","date_gmt":"2026-01-14T13:58:53","guid":{"rendered":"https:\/\/turkishtrade.co\/product\/mens-premium-leather-sneakers\/"},"modified":"2026-04-09T19:16:41","modified_gmt":"2026-04-09T19:16:41","slug":"mens-premium-leather-sneakers","status":"publish","type":"product","link":"https:\/\/turkishtrade.co\/es\/shop\/mens-premium-leather-sneakers\/","title":{"rendered":"Elevate Men's Premium Leather Casual Sneakers"},"content":{"rendered":"<p><strong>Zapatillas de piel premium para hombre<\/strong><\/p>\n<p>Sum\u00e9rjase en un confort incomparable y un estilo sofisticado con nuestro <strong>zapatillas de piel premium para hombre<\/strong>. Dise\u00f1adas para el hombre moderno que valora tanto la elegancia como la practicidad cotidiana, estas zapatillas redefinen el calzado informal. Cada par se elabora meticulosamente para garantizar una combinaci\u00f3n perfecta de durabilidad, transpirabilidad y atractivo lujoso, lo que las convierte en un complemento indispensable para cualquier armario exigente.<\/p>\n<p><h3>Artesan\u00eda excepcional y materiales de calidad superior<\/h3>\n<\/p>\n<p>En el centro de estos notables <strong>zapatillas de piel premium para hombre<\/strong> es un compromiso de calidad. El exterior est\u00e1 confeccionado en piel de ternero, rica y flexible, conocida por su resistencia duradera y su refinada textura. Esta capa exterior de primera calidad no s\u00f3lo proporciona un acabado elegante, sino que tambi\u00e9n promete envejecer maravillosamente, desarrollando una p\u00e1tina \u00fanica con el tiempo.<\/p>\n<p>En el interior, tus pies estar\u00e1n acunados por el forro de piel de cabra, incre\u00edblemente suave y transpirable, que garantiza el m\u00e1ximo confort durante todo el d\u00eda, tanto si te mueves por las calles de la ciudad como si disfrutas de un relajado fin de semana.<\/p>\n<p>La robusta pero ligera suela de EVA ofrece una amortiguaci\u00f3n y un apoyo excepcionales, absorbiendo el impacto a cada paso y proporcionando una c\u00f3moda experiencia al caminar de la ma\u00f1ana a la noche.<\/p>\n<p><h3>Estilo vers\u00e1til para cualquier ocasi\u00f3n<\/h3>\n<\/p>\n<p>Nuestra <strong>zapatillas de piel premium para hombre<\/strong> son m\u00e1s que unos zapatos: son una declaraci\u00f3n de lujo discreto. Disponibles en tonos vers\u00e1tiles como el negro cl\u00e1sico y el marr\u00f3n c\u00e1lido, complementan sin esfuerzo una amplia gama de conjuntos. Comb\u00ednalos con pantalones de sastrer\u00eda para un look de oficina elegante e informal, con vaqueros oscuros para un conjunto de fin de semana sofisticado o incluso con pantalones cortos para un look veraniego elegante.<\/p>\n<p>Su perfil elegante y sus refinados detalles garantizan que siempre ir\u00e1s bien conjuntada, sin renunciar a la comodidad. Con una sutil altura de tac\u00f3n de 1 a 3 cm, ofrecen una c\u00f3moda elevaci\u00f3n perfecta para un uso prolongado.<\/p>\n<p><h3>Invierta en comodidad y elegancia duraderas<\/h3>\n<\/p>\n<p>Elegir nuestras zapatillas de piel de primera calidad significa invertir en un calzado que resiste el paso del tiempo, tanto en estilo como en construcci\u00f3n. La combinaci\u00f3n de piel de becerro, piel de cabra y una suela de EVA da como resultado un calzado que no solo es visualmente atractivo, sino tambi\u00e9n incre\u00edblemente resistente y c\u00f3modo. Entendemos la necesidad de calidad y disponibilidad, por lo que estas exquisitas zapatillas est\u00e1n disponibles para pedidos al por mayor con una cantidad m\u00ednima de 8 pares, garantizando que su tienda o colecci\u00f3n personal est\u00e9 siempre bien surtida.<\/p>\n<p>Experimenta la diferencia que marca la verdadera artesan\u00eda y eleva tu estilo diario con estas excepcionales zapatillas de piel premium para hombre.<\/p>","protected":false},"excerpt":{"rendered":"<ul>\n<li>Exterior de piel de becerro de primera calidad y forro de suave piel de cabra.<\/li>\n<li>Suela de EVA ligera y c\u00f3moda, que proporciona una sutil altura de tac\u00f3n de 1-3 cm.<\/li>\n<li>Dise\u00f1o elegante, perfecto para realzar conjuntos informales y elegantes.<\/li>\n<li>Disponible en una amplia gama de tallas de la UE: 39, 40, 41, 42, 43, 44, 45.<\/li>\n<li>Cantidad m\u00ednima de pedido para la venta al por mayor: 8 pares.<\/li>\n<li>Plazo de entrega: 12 d\u00edas + gastos de env\u00edo.<\/li>\n<\/ul>","protected":false},"featured_media":4014,"template":"","meta":{"_acf_changed":false,"_uag_custom_page_level_css":"","site-sidebar-layout":"default","site-content-layout":"","ast-site-content-layout":"default","site-content-style":"default","site-sidebar-style":"default","ast-global-header-display":"","ast-banner-title-visibility":"","ast-main-header-display":"","ast-hfb-above-header-display":"","ast-hfb-below-header-display":"","ast-hfb-mobile-header-display":"","site-post-title":"","ast-breadcrumbs-content":"","ast-featured-img":"","footer-sml-layout":"","ast-disable-related-posts":"","theme-transparent-header-meta":"","adv-header-id-meta":"","stick-header-meta":"","header-above-stick-meta":"","header-main-stick-meta":"","header-below-stick-meta":"","astra-migrate-meta-layouts":"default","ast-page-background-enabled":"default","ast-page-background-meta":{"desktop":{"background-color":"var(--ast-global-color-4)","background-image":"","background-repeat":"repeat","background-position":"center center","background-size":"auto","background-attachment":"scroll","background-type":"","background-media":"","overlay-type":"","overlay-color":"","overlay-opacity":"","overlay-gradient":""},"tablet":{"background-color":"","background-image":"","background-repeat":"repeat","background-position":"center center","background-size":"auto","background-attachment":"scroll","background-type":"","background-media":"","overlay-type":"","overlay-color":"","overlay-opacity":"","overlay-gradient":""},"mobile":{"background-color":"","background-image":"","background-repeat":"repeat","background-position":"center center","background-size":"auto","background-attachment":"scroll","background-type":"","background-media":"","overlay-type":"","overlay-color":"","overlay-opacity":"","overlay-gradient":""}},"ast-content-background-meta":{"desktop":{"background-color":"var(--ast-global-color-5)","background-image":"","background-repeat":"repeat","background-position":"center center","background-size":"auto","background-attachment":"scroll","background-type":"","background-media":"","overlay-type":"","overlay-color":"","overlay-opacity":"","overlay-gradient":""},"tablet":{"background-color":"var(--ast-global-color-5)","background-image":"","background-repeat":"repeat","background-position":"center center","background-size":"auto","background-attachment":"scroll","background-type":"","background-media":"","overlay-type":"","overlay-color":"","overlay-opacity":"","overlay-gradient":""},"mobile":{"background-color":"var(--ast-global-color-5)","background-image":"","background-repeat":"repeat","background-position":"center center","background-size":"auto","background-attachment":"scroll","background-type":"","background-media":"","overlay-type":"","overlay-color":"","overlay-opacity":"","overlay-gradient":""}}},"product_brand":[],"product_cat":[48,49,430,40,50],"product_tag":[1120,1130,200,202,449,1117,438,459,437,224,365,964,214,250,210],"class_list":{"0":"post-6018","1":"product","2":"type-product","3":"status-publish","4":"has-post-thumbnail","6":"product_cat-casual","7":"product_cat-loafer","8":"product_cat-men","9":"product_cat-mens-shoes","10":"product_cat-sneakers","11":"product_tag-black-sneakers","12":"product_tag-brown-sneakers","13":"product_tag-business-casual","14":"product_tag-calf-leather","15":"product_tag-casual-shoes","16":"product_tag-comfortable-sneakers","17":"product_tag-eva-sole","18":"product_tag-everyday-shoes","19":"product_tag-goat-leather","20":"product_tag-leather-sneakers","21":"product_tag-luxury-sneakers","22":"product_tag-mens-casual-footwear","23":"product_tag-mens-sneakers","24":"product_tag-premium-leather","25":"product_tag-smart-casual","26":"desktop-align-center","27":"tablet-align-center","28":"mobile-align-center","30":"first","31":"instock","32":"shipping-taxable","33":"purchasable","34":"product-type-variable","35":"has-default-attributes"},"acf":[],"uagb_featured_image_src":{"full":["https:\/\/turkishtrade.co\/wp-content\/uploads\/2026\/01\/2400EJOMN00207-BLACK-Y_407-7-USD.png",453,250,false],"thumbnail":["https:\/\/turkishtrade.co\/wp-content\/uploads\/2026\/01\/2400EJOMN00207-BLACK-Y_407-7-USD-150x150.png",150,150,true],"medium":["https:\/\/turkishtrade.co\/wp-content\/uploads\/2026\/01\/2400EJOMN00207-BLACK-Y_407-7-USD-300x166.png",300,166,true],"medium_large":["https:\/\/turkishtrade.co\/wp-content\/uploads\/2026\/01\/2400EJOMN00207-BLACK-Y_407-7-USD.png",453,250,false],"large":["https:\/\/turkishtrade.co\/wp-content\/uploads\/2026\/01\/2400EJOMN00207-BLACK-Y_407-7-USD.png",453,250,false],"1536x1536":["https:\/\/turkishtrade.co\/wp-content\/uploads\/2026\/01\/2400EJOMN00207-BLACK-Y_407-7-USD.png",453,250,false],"2048x2048":["https:\/\/turkishtrade.co\/wp-content\/uploads\/2026\/01\/2400EJOMN00207-BLACK-Y_407-7-USD.png",453,250,false],"trp-custom-language-flag":["https:\/\/turkishtrade.co\/wp-content\/uploads\/2026\/01\/2400EJOMN00207-BLACK-Y_407-7-USD-18x10.png",18,10,true],"woocommerce_thumbnail":["https:\/\/turkishtrade.co\/wp-content\/uploads\/2026\/01\/2400EJOMN00207-BLACK-Y_407-7-USD-400x250.png",400,250,true],"woocommerce_single":["https:\/\/turkishtrade.co\/wp-content\/uploads\/2026\/01\/2400EJOMN00207-BLACK-Y_407-7-USD.png",453,250,false],"woocommerce_gallery_thumbnail":["https:\/\/turkishtrade.co\/wp-content\/uploads\/2026\/01\/2400EJOMN00207-BLACK-Y_407-7-USD-100x100.png",100,100,true]},"uagb_author_info":{"display_name":"yaser olabi","author_link":"https:\/\/turkishtrade.co\/es\/author\/"},"uagb_comment_info":0,"uagb_excerpt":"Crafted from premium calf leather exterior and soft goat leather lining. Lightweight and comfortable EVA sole, providing a 1-3cm subtle heel height. Stylish design, perfect for elevating casual and smart-casual outfits. Available in a wide range of EU sizes: 39, 40, 41, 42, 43, 44, 45. Minimum order quantity for wholesale: 8 pairs. Delivery Time:&hellip;","_links":{"self":[{"href":"https:\/\/turkishtrade.co\/es\/wp-json\/wp\/v2\/product\/6018","targetHints":{"allow":["GET"]}}],"collection":[{"href":"https:\/\/turkishtrade.co\/es\/wp-json\/wp\/v2\/product"}],"about":[{"href":"https:\/\/turkishtrade.co\/es\/wp-json\/wp\/v2\/types\/product"}],"wp:featuredmedia":[{"embeddable":true,"href":"https:\/\/turkishtrade.co\/es\/wp-json\/wp\/v2\/media\/4014"}],"wp:attachment":[{"href":"https:\/\/turkishtrade.co\/es\/wp-json\/wp\/v2\/media?parent=6018"}],"wp:term":[{"taxonomy":"product_brand","embeddable":true,"href":"https:\/\/turkishtrade.co\/es\/wp-json\/wp\/v2\/product_brand?post=6018"},{"taxonomy":"product_cat","embeddable":true,"href":"https:\/\/turkishtrade.co\/es\/wp-json\/wp\/v2\/product_cat?post=6018"},{"taxonomy":"product_tag","embeddable":true,"href":"https:\/\/turkishtrade.co\/es\/wp-json\/wp\/v2\/product_tag?post=6018"}],"curies":[{"name":"wp","href":"https:\/\/api.w.org\/{rel}","templated":true}]}}