{"id":6002,"date":"2026-01-14T13:56:44","date_gmt":"2026-01-14T13:56:44","guid":{"rendered":"https:\/\/turkishtrade.co\/product\/men-s-leather-casual-loafers\/"},"modified":"2026-04-09T19:17:18","modified_gmt":"2026-04-09T19:17:18","slug":"mens-leather-casual-loafers-7","status":"publish","type":"product","link":"https:\/\/turkishtrade.co\/es\/shop\/mens-leather-casual-loafers-7\/","title":{"rendered":"Mocasines casuales de piel de primera calidad para hombre con suela de EVA"},"content":{"rendered":"<p><strong>Mocasines de piel para hombre<\/strong><\/p>\n<p>Sum\u00e9rjase en un estilo y un confort incomparables con nuestro exquisito <strong>Mocasines de piel para hombre<\/strong>. Dise\u00f1ados para el hombre moderno que valora tanto la elegancia como la comodidad, estos mocasines son un testimonio de artesan\u00eda superior y materiales de primera calidad. Tanto si te diriges a una reuni\u00f3n informal, como si disfrutas de una escapada de fin de semana o simplemente buscas un calzado sofisticado para el d\u00eda a d\u00eda, nuestros <strong>Mocasines de piel para hombre<\/strong> son la elecci\u00f3n perfecta.<\/p>\n<p><h3>Calidad y artesan\u00eda inigualables<\/h3>\n<\/p>\n<p>Cada par de estos excepcionales <strong>Mocasines de piel para hombre<\/strong> est\u00e1 meticulosamente elaborado con los mejores materiales. El exterior est\u00e1 confeccionado en lujosa piel de ternero, famosa por su durabilidad, textura flexible y elegante acabado. Esta piel de alta calidad proporciona un aspecto refinado que envejece maravillosamente, asegurando que sus mocasines siguen siendo un elemento b\u00e1sico en su guardarropa en los a\u00f1os venideros.<\/p>\n<p>En el interior, tus pies se acunar\u00e1n en el suave abrazo del forro de aut\u00e9ntica piel de cabra, que ofrece un confort transpirable y una experiencia suave y sin roces desde el momento en que te las calzas.<\/p>\n<p><h3>Dise\u00f1o moderno con comodidad cotidiana<\/h3>\n<\/p>\n<p>Adem\u00e1s de su confecci\u00f3n en piel de primera calidad, estas <strong>Mocasines de piel para hombre<\/strong> presentan un dise\u00f1o contempor\u00e1neo anclado en una suela de EVA ligera y flexible. La suela de EVA no s\u00f3lo proporciona una excelente amortiguaci\u00f3n y absorci\u00f3n de impactos, sino que tambi\u00e9n a\u00f1ade una est\u00e9tica distintiva y moderna con su acabado en blanco n\u00edtido. El tac\u00f3n de mocas\u00edn bajo y desenfadado (de 1 a 3 cm aproximadamente) garantiza estabilidad y comodidad durante todo el d\u00eda, por lo que estos zapatos son ideales para pasar largos periodos de pie.<\/p>\n<p>Disponibles en una amplia gama de tallas, de la 39 a la 45, encontrar el ajuste perfecto no supone ning\u00fan esfuerzo.<\/p>\n<p><h3>Estilo vers\u00e1til para cualquier ocasi\u00f3n<\/h3>\n<\/p>\n<p>Nuestra <strong>Mocasines de piel para hombre<\/strong> ofrecen una versatilidad incre\u00edble para complementar distintos atuendos y ocasiones. Elige entre el atemporal cuero negro para un look elegante y sofisticado, el profundo cuero azul marino para un toque sutil pero distintivo, o el rico ante marr\u00f3n para un aspecto m\u00e1s relajado y texturizado. Estos mocasines combinan a la perfecci\u00f3n con conjuntos informales elegantes con chinos o pantalones cortos entallados y con looks m\u00e1s relajados con vaqueros.<\/p>\n<p>Son el complemento vers\u00e1til definitivo para la colecci\u00f3n de calzado de cualquier caballero exigente.<\/p>\n<p><h3>Oportunidades al por mayor y entrega fiable<\/h3>\n<\/p>\n<p>Para las empresas que buscan ofrecer calzado de alta calidad a sus clientes, nuestro <strong>Mocasines de piel para hombre<\/strong> est\u00e1n disponibles para la compra al por mayor. Requerimos un pedido m\u00ednimo de 8 pares, para que pueda abastecerse eficazmente. Con un plazo de entrega de aproximadamente 12 d\u00edas m\u00e1s gastos de env\u00edo, puede planificar su inventario con confianza.<\/p>\n<p>As\u00f3ciese con nosotros para ofrecer a su clientela productos de primera calidad. <strong>Mocasines de piel para hombre<\/strong> que combinan estilo, comodidad y calidad excepcional.<\/p>","protected":false},"excerpt":{"rendered":"<ul>\n<li>Experimente la m\u00e1xima comodidad y estilo con nuestro <strong>Mocasines de piel para hombre<\/strong>.<\/li>\n<li>Elaborado con un lujoso exterior de piel de becerro y un suave interior de piel de cabra.<\/li>\n<li>Incorpora una suela de EVA ligera y flexible para llevarla todo el d\u00eda.<\/li>\n<li>Disponible en varias tallas: 39-45.<\/li>\n<li>Cantidad m\u00ednima de pedido: 8 pares.<\/li>\n<li>Plazo de entrega: 12 d\u00edas + gastos de env\u00edo.<\/li>\n<li>Perfecto para compras al por mayor y a granel.<\/li>\n<\/ul>","protected":false},"featured_media":4006,"template":"","meta":{"_acf_changed":false,"_uag_custom_page_level_css":"","site-sidebar-layout":"default","site-content-layout":"","ast-site-content-layout":"default","site-content-style":"default","site-sidebar-style":"default","ast-global-header-display":"","ast-banner-title-visibility":"","ast-main-header-display":"","ast-hfb-above-header-display":"","ast-hfb-below-header-display":"","ast-hfb-mobile-header-display":"","site-post-title":"","ast-breadcrumbs-content":"","ast-featured-img":"","footer-sml-layout":"","ast-disable-related-posts":"","theme-transparent-header-meta":"","adv-header-id-meta":"","stick-header-meta":"","header-above-stick-meta":"","header-main-stick-meta":"","header-below-stick-meta":"","astra-migrate-meta-layouts":"default","ast-page-background-enabled":"default","ast-page-background-meta":{"desktop":{"background-color":"var(--ast-global-color-4)","background-image":"","background-repeat":"repeat","background-position":"center center","background-size":"auto","background-attachment":"scroll","background-type":"","background-media":"","overlay-type":"","overlay-color":"","overlay-opacity":"","overlay-gradient":""},"tablet":{"background-color":"","background-image":"","background-repeat":"repeat","background-position":"center center","background-size":"auto","background-attachment":"scroll","background-type":"","background-media":"","overlay-type":"","overlay-color":"","overlay-opacity":"","overlay-gradient":""},"mobile":{"background-color":"","background-image":"","background-repeat":"repeat","background-position":"center center","background-size":"auto","background-attachment":"scroll","background-type":"","background-media":"","overlay-type":"","overlay-color":"","overlay-opacity":"","overlay-gradient":""}},"ast-content-background-meta":{"desktop":{"background-color":"var(--ast-global-color-5)","background-image":"","background-repeat":"repeat","background-position":"center center","background-size":"auto","background-attachment":"scroll","background-type":"","background-media":"","overlay-type":"","overlay-color":"","overlay-opacity":"","overlay-gradient":""},"tablet":{"background-color":"var(--ast-global-color-5)","background-image":"","background-repeat":"repeat","background-position":"center center","background-size":"auto","background-attachment":"scroll","background-type":"","background-media":"","overlay-type":"","overlay-color":"","overlay-opacity":"","overlay-gradient":""},"mobile":{"background-color":"var(--ast-global-color-5)","background-image":"","background-repeat":"repeat","background-position":"center center","background-size":"auto","background-attachment":"scroll","background-type":"","background-media":"","overlay-type":"","overlay-color":"","overlay-opacity":"","overlay-gradient":""}}},"product_brand":[],"product_cat":[48,49,430,40,50],"product_tag":[370,1126,1127,674,185,512,272,271,438,189,215,966,186,1022,557,374,280,456],"class_list":{"0":"post-6002","1":"product","2":"type-product","3":"status-publish","4":"has-post-thumbnail","6":"product_cat-casual","7":"product_cat-loafer","8":"product_cat-men","9":"product_cat-mens-shoes","10":"product_cat-sneakers","11":"product_tag-black-loafers","12":"product_tag-boat-shoes","13":"product_tag-brown-suede-loafers","14":"product_tag-bulk-shoes","15":"product_tag-calf-leather-shoes","16":"product_tag-casual-loafers","17":"product_tag-comfort-shoes","18":"product_tag-deck-shoes","19":"product_tag-eva-sole","20":"product_tag-goat-leather-lining","21":"product_tag-leather-loafers","22":"product_tag-mens-leather-casual-loafers","23":"product_tag-mens-loafers","24":"product_tag-mens-style","25":"product_tag-navy-loafers","26":"product_tag-premium-loafers","27":"product_tag-smart-casual-shoes","28":"product_tag-wholesale-loafers","29":"desktop-align-center","30":"tablet-align-center","31":"mobile-align-center","33":"first","34":"instock","35":"shipping-taxable","36":"purchasable","37":"product-type-variable","38":"has-default-attributes"},"acf":[],"uagb_featured_image_src":{"full":["https:\/\/turkishtrade.co\/wp-content\/uploads\/2026\/01\/2400EJOMN00202-DARK-BLUE-X_1322-4-USD.png",453,250,false],"thumbnail":["https:\/\/turkishtrade.co\/wp-content\/uploads\/2026\/01\/2400EJOMN00202-DARK-BLUE-X_1322-4-USD-150x150.png",150,150,true],"medium":["https:\/\/turkishtrade.co\/wp-content\/uploads\/2026\/01\/2400EJOMN00202-DARK-BLUE-X_1322-4-USD-300x166.png",300,166,true],"medium_large":["https:\/\/turkishtrade.co\/wp-content\/uploads\/2026\/01\/2400EJOMN00202-DARK-BLUE-X_1322-4-USD.png",453,250,false],"large":["https:\/\/turkishtrade.co\/wp-content\/uploads\/2026\/01\/2400EJOMN00202-DARK-BLUE-X_1322-4-USD.png",453,250,false],"1536x1536":["https:\/\/turkishtrade.co\/wp-content\/uploads\/2026\/01\/2400EJOMN00202-DARK-BLUE-X_1322-4-USD.png",453,250,false],"2048x2048":["https:\/\/turkishtrade.co\/wp-content\/uploads\/2026\/01\/2400EJOMN00202-DARK-BLUE-X_1322-4-USD.png",453,250,false],"trp-custom-language-flag":["https:\/\/turkishtrade.co\/wp-content\/uploads\/2026\/01\/2400EJOMN00202-DARK-BLUE-X_1322-4-USD-18x10.png",18,10,true],"woocommerce_thumbnail":["https:\/\/turkishtrade.co\/wp-content\/uploads\/2026\/01\/2400EJOMN00202-DARK-BLUE-X_1322-4-USD-400x250.png",400,250,true],"woocommerce_single":["https:\/\/turkishtrade.co\/wp-content\/uploads\/2026\/01\/2400EJOMN00202-DARK-BLUE-X_1322-4-USD.png",453,250,false],"woocommerce_gallery_thumbnail":["https:\/\/turkishtrade.co\/wp-content\/uploads\/2026\/01\/2400EJOMN00202-DARK-BLUE-X_1322-4-USD-100x100.png",100,100,true]},"uagb_author_info":{"display_name":"yaser olabi","author_link":"https:\/\/turkishtrade.co\/es\/author\/"},"uagb_comment_info":0,"uagb_excerpt":"Experience ultimate comfort and style with our Men's Leather Casual Loafers. Crafted with a luxurious calf leather exterior and soft goat leather interior. Features a lightweight and flexible EVA sole for all-day wear. Available in a range of sizes: 39-45. Minimum order quantity: 8 pairs. Delivery Time: 12 days + shipping. Perfect for wholesale and&hellip;","_links":{"self":[{"href":"https:\/\/turkishtrade.co\/es\/wp-json\/wp\/v2\/product\/6002","targetHints":{"allow":["GET"]}}],"collection":[{"href":"https:\/\/turkishtrade.co\/es\/wp-json\/wp\/v2\/product"}],"about":[{"href":"https:\/\/turkishtrade.co\/es\/wp-json\/wp\/v2\/types\/product"}],"wp:featuredmedia":[{"embeddable":true,"href":"https:\/\/turkishtrade.co\/es\/wp-json\/wp\/v2\/media\/4006"}],"wp:attachment":[{"href":"https:\/\/turkishtrade.co\/es\/wp-json\/wp\/v2\/media?parent=6002"}],"wp:term":[{"taxonomy":"product_brand","embeddable":true,"href":"https:\/\/turkishtrade.co\/es\/wp-json\/wp\/v2\/product_brand?post=6002"},{"taxonomy":"product_cat","embeddable":true,"href":"https:\/\/turkishtrade.co\/es\/wp-json\/wp\/v2\/product_cat?post=6002"},{"taxonomy":"product_tag","embeddable":true,"href":"https:\/\/turkishtrade.co\/es\/wp-json\/wp\/v2\/product_tag?post=6002"}],"curies":[{"name":"wp","href":"https:\/\/api.w.org\/{rel}","templated":true}]}}