{"id":5999,"date":"2026-01-14T13:56:20","date_gmt":"2026-01-14T13:56:20","guid":{"rendered":"https:\/\/turkishtrade.co\/product\/mens-suede-casual-loafers\/"},"modified":"2026-04-09T19:17:24","modified_gmt":"2026-04-09T19:17:24","slug":"mens-suede-casual-loafers","status":"publish","type":"product","link":"https:\/\/turkishtrade.co\/es\/shop\/mens-suede-casual-loafers\/","title":{"rendered":"Mocasines casuales de ante de primera calidad para hombre"},"content":{"rendered":"<p><strong>Mocasines casuales de ante para hombre<\/strong><\/p>\n<p>Descubra el ep\u00edtome de la elegancia informal con nuestros mocasines informales de ante para hombre de primera calidad. Dise\u00f1ados para el caballero moderno que valora tanto el estilo como la comodidad, estos excepcionales mocasines son un complemento imprescindible en cualquier armario. Cada par de estos lujosos <a href=\"\/men's-suede-casual-loafers\">mocasines casual de ante para hombre<\/a> se elabora meticulosamente, combinando la artesan\u00eda zapatera tradicional con elementos de dise\u00f1o contempor\u00e1neo para crear un calzado que destaca y ofrece un aspecto refinado.<\/p>\n<p><h3>Comodidad inigualable y artesan\u00eda de primera calidad<\/h3>\n<\/p>\n<p>Disfrute de una comodidad inigualable desde el momento en que se calce estos exquisitos zapatos. El exterior est\u00e1 confeccionado en <b>piel de becerro ante<\/b>, conocido por su textura suave, durabilidad y aspecto sofisticado. Este material de primera calidad garantiza un tacto lujoso y un aspecto distinguido que solo el ante aut\u00e9ntico puede proporcionar.<\/p>\n<p>El interior est\u00e1 forrado con un tejido incre\u00edblemente suave. <b>cuero de cabra<\/b>, que ofrece un entorno transpirable y c\u00f3modo para los pies, incluso durante un uso prolongado. Como complemento de los cueros superiores, el avanzado <b>Suela de EVA<\/b> proporciona una amortiguaci\u00f3n ligera y una excelente absorci\u00f3n de impactos, lo que hace que estos mocasines informales de ante para hombre sean perfectos para llevarlos durante todo el d\u00eda, tanto si te mueves por las calles de la ciudad como si disfrutas de un fin de semana relajado.<\/p>\n<p>La sutil altura del tac\u00f3n, de 1 a 3 cm, a\u00f1ade la elevaci\u00f3n justa sin comprometer la comodidad.<\/p>\n<p><h3>Estilo vers\u00e1til para cualquier ocasi\u00f3n<\/h3>\n<\/p>\n<p>Nuestra colecci\u00f3n de mocasines informales de ante para hombre se presenta en una sofisticada paleta de colores, que incluye el beige atemporal, el azul cl\u00e1sico y el marr\u00f3n intenso, lo que le permite combinarlos sin esfuerzo con una gran variedad de conjuntos.<\/p>\n<p>Su dise\u00f1o vers\u00e1til hace que estos <a href=\"\/men's-suede-casual-loafers\">mocasines informales<\/a> adecuados para numerosas ocasiones. Comb\u00ednalos con unos pantalones chinos y un polo para un conjunto informal y elegante, o con unos pantalones cortos para un look relajado listo para las vacaciones. Los detalles sutiles y la silueta refinada garantizan que estos mocasines informales de ante para hombre realcen cualquier atuendo, aportando un toque de lujo discreto que dice mucho de tu gusto.<\/p>\n<p>No son s\u00f3lo zapatos; son una declaraci\u00f3n de sofisticaci\u00f3n sin esfuerzo.<\/p>\n<p><h3>Dise\u00f1ado para pedidos de calidad y a granel<\/h3>\n<\/p>\n<p>Nos enorgullecemos de la meticulosa construcci\u00f3n y los materiales de primera calidad utilizados en cada par de nuestros mocasines informales de ante para hombre. Disponibles en una amplia gama de tallas, de la 39 a la 45, garantizamos un ajuste perfecto para una gran variedad de clientes. Para empresas y minoristas, ofrecemos atractivas opciones de compra al por mayor con un pedido m\u00ednimo de 8 pares.<\/p>\n<p>Nuestro eficiente proceso de producci\u00f3n garantiza la entrega en 12 d\u00edas, m\u00e1s el tiempo de env\u00edo, asegurando que pueda almacenar estos productos de gran demanda. <a href=\"\/men's-suede-casual-loafers\">mocasines casual de ante<\/a> puntualmente. Invierta en calidad, comodidad y estilo con nuestros excepcionales mocasines informales de ante para hombre, dise\u00f1ados para superar las expectativas e impresionar a una clientela exigente que aprecia un calzado superior.<\/p>","protected":false},"excerpt":{"rendered":"<ul>\n<li><b>Materiales de primera calidad:<\/b> Fabricado por expertos con un exterior de ante de piel de ternero aut\u00e9ntica y un forro interior de piel de cabra suave y transpirable.<\/li>\n<li><b>Ligero y c\u00f3modo:<\/b> Incorpora una avanzada suela de EVA para una mayor amortiguaci\u00f3n y comodidad durante todo el d\u00eda, con una altura de tac\u00f3n de 1-3 cm.<\/li>\n<li><b>Estilo casual sofisticado:<\/b> Un dise\u00f1o atemporal disponible en elegante beige, azul cl\u00e1sico y marr\u00f3n intenso, perfecto para un look refinado pero relajado.<\/li>\n<li><b>Amplia gama de tama\u00f1os:<\/b> Disponible en las tallas 39, 40, 41, 42, 43, 44 y 45 para garantizar un ajuste perfecto.<\/li>\n<li><b>Disponibilidad a granel:<\/b> Pedido m\u00ednimo de 8 pares con un plazo de entrega de 12 d\u00edas + gastos de env\u00edo.<\/li>\n<\/ul>","protected":false},"featured_media":4003,"template":"","meta":{"_acf_changed":false,"_uag_custom_page_level_css":"","site-sidebar-layout":"default","site-content-layout":"","ast-site-content-layout":"default","site-content-style":"default","site-sidebar-style":"default","ast-global-header-display":"","ast-banner-title-visibility":"","ast-main-header-display":"","ast-hfb-above-header-display":"","ast-hfb-below-header-display":"","ast-hfb-mobile-header-display":"","site-post-title":"","ast-breadcrumbs-content":"","ast-featured-img":"","footer-sml-layout":"","ast-disable-related-posts":"","theme-transparent-header-meta":"","adv-header-id-meta":"","stick-header-meta":"","header-above-stick-meta":"","header-main-stick-meta":"","header-below-stick-meta":"","astra-migrate-meta-layouts":"default","ast-page-background-enabled":"default","ast-page-background-meta":{"desktop":{"background-color":"var(--ast-global-color-4)","background-image":"","background-repeat":"repeat","background-position":"center center","background-size":"auto","background-attachment":"scroll","background-type":"","background-media":"","overlay-type":"","overlay-color":"","overlay-opacity":"","overlay-gradient":""},"tablet":{"background-color":"","background-image":"","background-repeat":"repeat","background-position":"center center","background-size":"auto","background-attachment":"scroll","background-type":"","background-media":"","overlay-type":"","overlay-color":"","overlay-opacity":"","overlay-gradient":""},"mobile":{"background-color":"","background-image":"","background-repeat":"repeat","background-position":"center center","background-size":"auto","background-attachment":"scroll","background-type":"","background-media":"","overlay-type":"","overlay-color":"","overlay-opacity":"","overlay-gradient":""}},"ast-content-background-meta":{"desktop":{"background-color":"var(--ast-global-color-5)","background-image":"","background-repeat":"repeat","background-position":"center center","background-size":"auto","background-attachment":"scroll","background-type":"","background-media":"","overlay-type":"","overlay-color":"","overlay-opacity":"","overlay-gradient":""},"tablet":{"background-color":"var(--ast-global-color-5)","background-image":"","background-repeat":"repeat","background-position":"center center","background-size":"auto","background-attachment":"scroll","background-type":"","background-media":"","overlay-type":"","overlay-color":"","overlay-opacity":"","overlay-gradient":""},"mobile":{"background-color":"var(--ast-global-color-5)","background-image":"","background-repeat":"repeat","background-position":"center center","background-size":"auto","background-attachment":"scroll","background-type":"","background-media":"","overlay-type":"","overlay-color":"","overlay-opacity":"","overlay-gradient":""}}},"product_brand":[],"product_cat":[48,49,430,40,50],"product_tag":[275,635,147,202,512,222,271,1125,438,437,215,384,964,198,184,546,149],"class_list":{"0":"post-5999","1":"product","2":"type-product","3":"status-publish","4":"has-post-thumbnail","6":"product_cat-casual","7":"product_cat-loafer","8":"product_cat-men","9":"product_cat-mens-shoes","10":"product_cat-sneakers","11":"product_tag-beige-loafers","12":"product_tag-blue-loafers","13":"product_tag-brown-loafers","14":"product_tag-calf-leather","15":"product_tag-casual-loafers","16":"product_tag-comfortable-shoes","17":"product_tag-deck-shoes","18":"product_tag-driving-mocs","19":"product_tag-eva-sole","20":"product_tag-goat-leather","21":"product_tag-leather-loafers","22":"product_tag-luxury-loafers","23":"product_tag-mens-casual-footwear","24":"product_tag-mens-fashion","25":"product_tag-slip-on-shoes","26":"product_tag-stylish-mens-shoes","27":"product_tag-suede-loafers","28":"desktop-align-center","29":"tablet-align-center","30":"mobile-align-center","32":"first","33":"instock","34":"shipping-taxable","35":"purchasable","36":"product-type-variable","37":"has-default-attributes"},"acf":[],"uagb_featured_image_src":{"full":["https:\/\/turkishtrade.co\/wp-content\/uploads\/2026\/01\/2400EJOMN00201-SMOKED-X_13224-USD.png",453,250,false],"thumbnail":["https:\/\/turkishtrade.co\/wp-content\/uploads\/2026\/01\/2400EJOMN00201-SMOKED-X_13224-USD-150x150.png",150,150,true],"medium":["https:\/\/turkishtrade.co\/wp-content\/uploads\/2026\/01\/2400EJOMN00201-SMOKED-X_13224-USD-300x166.png",300,166,true],"medium_large":["https:\/\/turkishtrade.co\/wp-content\/uploads\/2026\/01\/2400EJOMN00201-SMOKED-X_13224-USD.png",453,250,false],"large":["https:\/\/turkishtrade.co\/wp-content\/uploads\/2026\/01\/2400EJOMN00201-SMOKED-X_13224-USD.png",453,250,false],"1536x1536":["https:\/\/turkishtrade.co\/wp-content\/uploads\/2026\/01\/2400EJOMN00201-SMOKED-X_13224-USD.png",453,250,false],"2048x2048":["https:\/\/turkishtrade.co\/wp-content\/uploads\/2026\/01\/2400EJOMN00201-SMOKED-X_13224-USD.png",453,250,false],"trp-custom-language-flag":["https:\/\/turkishtrade.co\/wp-content\/uploads\/2026\/01\/2400EJOMN00201-SMOKED-X_13224-USD-18x10.png",18,10,true],"woocommerce_thumbnail":["https:\/\/turkishtrade.co\/wp-content\/uploads\/2026\/01\/2400EJOMN00201-SMOKED-X_13224-USD-400x250.png",400,250,true],"woocommerce_single":["https:\/\/turkishtrade.co\/wp-content\/uploads\/2026\/01\/2400EJOMN00201-SMOKED-X_13224-USD.png",453,250,false],"woocommerce_gallery_thumbnail":["https:\/\/turkishtrade.co\/wp-content\/uploads\/2026\/01\/2400EJOMN00201-SMOKED-X_13224-USD-100x100.png",100,100,true]},"uagb_author_info":{"display_name":"yaser olabi","author_link":"https:\/\/turkishtrade.co\/es\/author\/"},"uagb_comment_info":0,"uagb_excerpt":"Premium Materials: Expertly crafted with a genuine calf leather suede exterior and a soft, breathable goat leather interior lining. Lightweight &amp; Comfortable: Features an advanced EVA sole for superior cushioning and all-day wearability, with a 1-3 cm heel height. Sophisticated Casual Style: A timeless design available in elegant beige, classic blue, and rich brown, perfect&hellip;","_links":{"self":[{"href":"https:\/\/turkishtrade.co\/es\/wp-json\/wp\/v2\/product\/5999","targetHints":{"allow":["GET"]}}],"collection":[{"href":"https:\/\/turkishtrade.co\/es\/wp-json\/wp\/v2\/product"}],"about":[{"href":"https:\/\/turkishtrade.co\/es\/wp-json\/wp\/v2\/types\/product"}],"wp:featuredmedia":[{"embeddable":true,"href":"https:\/\/turkishtrade.co\/es\/wp-json\/wp\/v2\/media\/4003"}],"wp:attachment":[{"href":"https:\/\/turkishtrade.co\/es\/wp-json\/wp\/v2\/media?parent=5999"}],"wp:term":[{"taxonomy":"product_brand","embeddable":true,"href":"https:\/\/turkishtrade.co\/es\/wp-json\/wp\/v2\/product_brand?post=5999"},{"taxonomy":"product_cat","embeddable":true,"href":"https:\/\/turkishtrade.co\/es\/wp-json\/wp\/v2\/product_cat?post=5999"},{"taxonomy":"product_tag","embeddable":true,"href":"https:\/\/turkishtrade.co\/es\/wp-json\/wp\/v2\/product_tag?post=5999"}],"curies":[{"name":"wp","href":"https:\/\/api.w.org\/{rel}","templated":true}]}}