{"id":5996,"date":"2026-01-14T13:55:54","date_gmt":"2026-01-14T13:55:54","guid":{"rendered":"https:\/\/turkishtrade.co\/product\/men-s-calf-leather-sneakers\/"},"modified":"2026-04-09T19:17:31","modified_gmt":"2026-04-09T19:17:31","slug":"mens-calf-leather-sneakers","status":"publish","type":"product","link":"https:\/\/turkishtrade.co\/es\/shop\/mens-calf-leather-sneakers\/","title":{"rendered":"Premium Men's Calf Leather Casual Sneakers"},"content":{"rendered":"<p><strong>Zapatillas de piel de becerro para hombre<\/strong><\/p>\n<p>Descubra el ep\u00edtome de la elegancia informal con nuestra exquisita colecci\u00f3n de <b>Zapatillas de piel de becerro para hombre<\/b>. Dise\u00f1adas para el hombre moderno que valora tanto el estilo sofisticado como la comodidad sin igual, estas <b>zapatillas premium de piel de becerro<\/b> son un testimonio de artesan\u00eda superior. Cada par est\u00e1 fabricado meticulosamente con los mejores materiales, lo que garantiza una experiencia duradera y lujosa a cada paso.<\/p>\n<p><h3>Calidad y artesan\u00eda inigualables<\/h3>\n<\/p>\n<p>Nuestra <b>Zapatillas de piel de becerro para hombre<\/b> presentan una robusta superficie exterior confeccionada en aut\u00e9ntica piel de ternero 100%. Esta elecci\u00f3n de material no s\u00f3lo proporciona un aspecto elegante y refinado, sino que tambi\u00e9n garantiza una longevidad excepcional, adapt\u00e1ndose perfectamente a su pie con el tiempo. El forro interior, de piel de cabra suave y transpirable, envuelve el pie con comodidad y evita molestias incluso durante un uso prolongado.<\/p>\n<p>Esta combinaci\u00f3n de pieles de primera calidad eleva estos <b>zapatillas de piel de becerro para hombre<\/b> muy por encima del calzado informal est\u00e1ndar, ofreciendo una clara ventaja tanto en tacto como en acabado.<\/p>\n<p><h3>Dise\u00f1ado para ofrecer comodidad y versatilidad<\/h3>\n<\/p>\n<p>Experimente un nuevo nivel de ligereza y sujeci\u00f3n con la avanzada suela de EVA. Este material de alto rendimiento ofrece una amortiguaci\u00f3n y absorci\u00f3n de impactos superiores, haciendo que nuestras <b>Zapatillas de piel de becerro para hombre<\/b> Ideales para el d\u00eda a d\u00eda, tanto si te mueves por las calles de la ciudad como si disfrutas de un fin de semana relajado. Con una c\u00f3moda altura de tac\u00f3n de 1-3 cm, estas zapatillas logran el equilibrio perfecto entre una sutil elevaci\u00f3n y una sensaci\u00f3n natural.<\/p>\n<p>Disponibles en una amplia gama de tallas de la 39 a la 45 y en varios colores sofisticados, como el cl\u00e1sico negro y el elegante azul marino, estas vers\u00e1tiles <b>zapatillas de hombre de piel de becerro<\/b> est\u00e1n dise\u00f1adas para complementar cualquier vestuario contempor\u00e1neo, desde el m\u00e1s elegante hasta el m\u00e1s relajado.<\/p>\n<p><h3>Su mejor opci\u00f3n en estilo y pedidos al por mayor<\/h3>\n<\/p>\n<p>M\u00e1s all\u00e1 del estilo individual, nuestro <b>zapatillas premium de piel de becerro<\/b> tambi\u00e9n est\u00e1n disponibles para pedidos al por mayor, lo que las convierte en una excelente opci\u00f3n para minoristas, empresas de moda o regalos de empresa. Con un pedido m\u00ednimo de tan solo 8 pares y un plazo de entrega de aproximadamente 12 d\u00edas m\u00e1s gastos de env\u00edo, el stock de estos codiciados <b>zapatillas de hombre de piel de becerro<\/b> es c\u00f3modo y eficaz.<\/p>\n<p>Nos enorgullecemos de ofrecer precios competitivos a nuestros socios mayoristas. Invierta en calidad, comodidad y estilo duradero con nuestros excepcionales productos. <b>zapatillas de piel de becerro para hombre<\/b>, y ofrezca a sus clientes un calzado que realmente destaque.<\/p>","protected":false},"excerpt":{"rendered":"<ul>\n<li>Fabricado en piel de ternero de primera calidad para una mayor durabilidad y un estilo atemporal.<\/li>\n<li>El lujoso interior de piel de cabra garantiza el m\u00e1ximo confort y transpirabilidad.<\/li>\n<li>La suela ligera de EVA proporciona una amortiguaci\u00f3n y una sujeci\u00f3n excepcionales (1-3 cm de altura del tal\u00f3n).<\/li>\n<li>Disponible en las tallas 39-45 y en sofisticados colores como el negro y el azul marino.<\/li>\n<li>Pedido m\u00ednimo de 8 pares - ideal para consultas al por mayor y al por mayor.<\/li>\n<\/ul>","protected":false},"featured_media":3999,"template":"","meta":{"_acf_changed":false,"_uag_custom_page_level_css":"","site-sidebar-layout":"default","site-content-layout":"","ast-site-content-layout":"default","site-content-style":"default","site-sidebar-style":"default","ast-global-header-display":"","ast-banner-title-visibility":"","ast-main-header-display":"","ast-hfb-above-header-display":"","ast-hfb-below-header-display":"","ast-hfb-mobile-header-display":"","site-post-title":"","ast-breadcrumbs-content":"","ast-featured-img":"","footer-sml-layout":"","ast-disable-related-posts":"","theme-transparent-header-meta":"","adv-header-id-meta":"","stick-header-meta":"","header-above-stick-meta":"","header-main-stick-meta":"","header-below-stick-meta":"","astra-migrate-meta-layouts":"default","ast-page-background-enabled":"default","ast-page-background-meta":{"desktop":{"background-color":"var(--ast-global-color-4)","background-image":"","background-repeat":"repeat","background-position":"center center","background-size":"auto","background-attachment":"scroll","background-type":"","background-media":"","overlay-type":"","overlay-color":"","overlay-opacity":"","overlay-gradient":""},"tablet":{"background-color":"","background-image":"","background-repeat":"repeat","background-position":"center center","background-size":"auto","background-attachment":"scroll","background-type":"","background-media":"","overlay-type":"","overlay-color":"","overlay-opacity":"","overlay-gradient":""},"mobile":{"background-color":"","background-image":"","background-repeat":"repeat","background-position":"center center","background-size":"auto","background-attachment":"scroll","background-type":"","background-media":"","overlay-type":"","overlay-color":"","overlay-opacity":"","overlay-gradient":""}},"ast-content-background-meta":{"desktop":{"background-color":"var(--ast-global-color-5)","background-image":"","background-repeat":"repeat","background-position":"center center","background-size":"auto","background-attachment":"scroll","background-type":"","background-media":"","overlay-type":"","overlay-color":"","overlay-opacity":"","overlay-gradient":""},"tablet":{"background-color":"var(--ast-global-color-5)","background-image":"","background-repeat":"repeat","background-position":"center center","background-size":"auto","background-attachment":"scroll","background-type":"","background-media":"","overlay-type":"","overlay-color":"","overlay-opacity":"","overlay-gradient":""},"mobile":{"background-color":"var(--ast-global-color-5)","background-image":"","background-repeat":"repeat","background-position":"center center","background-size":"auto","background-attachment":"scroll","background-type":"","background-media":"","overlay-type":"","overlay-color":"","overlay-opacity":"","overlay-gradient":""}}},"product_brand":[],"product_cat":[48,49,430,40,50],"product_tag":[1120,453,202,449,1117,438,189,224,365,214,1121,1116,1124,1123],"class_list":{"0":"post-5996","1":"product","2":"type-product","3":"status-publish","4":"has-post-thumbnail","6":"product_cat-casual","7":"product_cat-loafer","8":"product_cat-men","9":"product_cat-mens-shoes","10":"product_cat-sneakers","11":"product_tag-black-sneakers","12":"product_tag-bulk-footwear","13":"product_tag-calf-leather","14":"product_tag-casual-shoes","15":"product_tag-comfortable-sneakers","16":"product_tag-eva-sole","17":"product_tag-goat-leather-lining","18":"product_tag-leather-sneakers","19":"product_tag-luxury-sneakers","20":"product_tag-mens-sneakers","21":"product_tag-navy-sneakers","22":"product_tag-premium-sneakers","23":"product_tag-stylish-sneakers","24":"product_tag-wholesale-sneakers","25":"desktop-align-center","26":"tablet-align-center","27":"mobile-align-center","29":"first","30":"instock","31":"shipping-taxable","32":"purchasable","33":"product-type-variable","34":"has-default-attributes"},"acf":[],"uagb_featured_image_src":{"full":["https:\/\/turkishtrade.co\/wp-content\/uploads\/2026\/01\/2400EJOMN00200-DAEK-BLUE-X_1321-4-USD.png",453,250,false],"thumbnail":["https:\/\/turkishtrade.co\/wp-content\/uploads\/2026\/01\/2400EJOMN00200-DAEK-BLUE-X_1321-4-USD-150x150.png",150,150,true],"medium":["https:\/\/turkishtrade.co\/wp-content\/uploads\/2026\/01\/2400EJOMN00200-DAEK-BLUE-X_1321-4-USD-300x166.png",300,166,true],"medium_large":["https:\/\/turkishtrade.co\/wp-content\/uploads\/2026\/01\/2400EJOMN00200-DAEK-BLUE-X_1321-4-USD.png",453,250,false],"large":["https:\/\/turkishtrade.co\/wp-content\/uploads\/2026\/01\/2400EJOMN00200-DAEK-BLUE-X_1321-4-USD.png",453,250,false],"1536x1536":["https:\/\/turkishtrade.co\/wp-content\/uploads\/2026\/01\/2400EJOMN00200-DAEK-BLUE-X_1321-4-USD.png",453,250,false],"2048x2048":["https:\/\/turkishtrade.co\/wp-content\/uploads\/2026\/01\/2400EJOMN00200-DAEK-BLUE-X_1321-4-USD.png",453,250,false],"trp-custom-language-flag":["https:\/\/turkishtrade.co\/wp-content\/uploads\/2026\/01\/2400EJOMN00200-DAEK-BLUE-X_1321-4-USD-18x10.png",18,10,true],"woocommerce_thumbnail":["https:\/\/turkishtrade.co\/wp-content\/uploads\/2026\/01\/2400EJOMN00200-DAEK-BLUE-X_1321-4-USD-400x250.png",400,250,true],"woocommerce_single":["https:\/\/turkishtrade.co\/wp-content\/uploads\/2026\/01\/2400EJOMN00200-DAEK-BLUE-X_1321-4-USD.png",453,250,false],"woocommerce_gallery_thumbnail":["https:\/\/turkishtrade.co\/wp-content\/uploads\/2026\/01\/2400EJOMN00200-DAEK-BLUE-X_1321-4-USD-100x100.png",100,100,true]},"uagb_author_info":{"display_name":"yaser olabi","author_link":"https:\/\/turkishtrade.co\/es\/author\/"},"uagb_comment_info":0,"uagb_excerpt":"Crafted from premium calf leather for durability and timeless style. Luxurious goat leather interior ensures ultimate comfort and breathability. Lightweight EVA sole provides exceptional cushioning and support (1-3 cm heel height). Available in sizes 39-45 and sophisticated color options including black and navy. Minimum order of 8 pairs \u2013 ideal for wholesale and bulk inquiries.","_links":{"self":[{"href":"https:\/\/turkishtrade.co\/es\/wp-json\/wp\/v2\/product\/5996","targetHints":{"allow":["GET"]}}],"collection":[{"href":"https:\/\/turkishtrade.co\/es\/wp-json\/wp\/v2\/product"}],"about":[{"href":"https:\/\/turkishtrade.co\/es\/wp-json\/wp\/v2\/types\/product"}],"wp:featuredmedia":[{"embeddable":true,"href":"https:\/\/turkishtrade.co\/es\/wp-json\/wp\/v2\/media\/3999"}],"wp:attachment":[{"href":"https:\/\/turkishtrade.co\/es\/wp-json\/wp\/v2\/media?parent=5996"}],"wp:term":[{"taxonomy":"product_brand","embeddable":true,"href":"https:\/\/turkishtrade.co\/es\/wp-json\/wp\/v2\/product_brand?post=5996"},{"taxonomy":"product_cat","embeddable":true,"href":"https:\/\/turkishtrade.co\/es\/wp-json\/wp\/v2\/product_cat?post=5996"},{"taxonomy":"product_tag","embeddable":true,"href":"https:\/\/turkishtrade.co\/es\/wp-json\/wp\/v2\/product_tag?post=5996"}],"curies":[{"name":"wp","href":"https:\/\/api.w.org\/{rel}","templated":true}]}}