{"id":5988,"date":"2026-01-14T13:54:52","date_gmt":"2026-01-14T13:54:52","guid":{"rendered":"https:\/\/turkishtrade.co\/product\/mens-leather-casual-sneakers\/"},"modified":"2026-04-09T19:17:48","modified_gmt":"2026-04-09T19:17:48","slug":"mens-leather-casual-sneakers","status":"publish","type":"product","link":"https:\/\/turkishtrade.co\/es\/shop\/mens-leather-casual-sneakers\/","title":{"rendered":"Zapatillas casual de piel de primera calidad para hombre con suela de EVA"},"content":{"rendered":"<p><strong>Zapatillas casual de piel para hombre<\/strong><\/p>\n<p>Sum\u00e9rjase en un confort sin igual y un estilo sofisticado con nuestra exclusiva colecci\u00f3n de <strong>zapatillas casual de cuero para hombre<\/strong>. Dise\u00f1adas para el hombre moderno que valora tanto la est\u00e9tica como la funcionalidad, estas <strong>zapatillas casual de cuero para hombre<\/strong> combinan a la perfecci\u00f3n materiales de primera calidad con una artesan\u00eda experta. Tanto si se desplaza por paisajes urbanos como si disfruta de un relajado fin de semana, nuestras excepcionales <strong>zapatillas casual de cuero para hombre<\/strong> proporcionan la base perfecta para cualquier atuendo, garantizando que te veas elegante y te sientas c\u00f3moda durante todo el d\u00eda.<\/p>\n<p><h3>Artesan\u00eda superior y materiales de primera calidad para sus pies<\/h3>\n<\/p>\n<p>Cada par de nuestros <strong>zapatillas casual de cuero para hombre<\/strong> est\u00e1 fabricado meticulosamente con los mejores materiales. El exterior es de aut\u00e9ntica piel de vacuno, conocida por su excepcional durabilidad, su lujosa textura y su capacidad para envejecer maravillosamente con el paso del tiempo. Esta robusta carcasa exterior no s\u00f3lo proporciona un uso duradero, sino que tambi\u00e9n ofrece un aspecto elegante y refinado, disponible en tonos vers\u00e1tiles como el negro cl\u00e1sico, el azul marino sofisticado con ricos toques marrones y el blanco n\u00edtido.<\/p>\n<p>Son lo \u00faltimo en <strong>zapatillas casual de cuero para hombre<\/strong> para gustos exigentes.<\/p>\n<p>En el interior, los pies se acunan bajo el suave abrazo del forro de piel de cabra. Este material natural es famoso por su gran transpirabilidad, sus excelentes propiedades de evacuaci\u00f3n de la humedad y su tacto incre\u00edblemente flexible, que garantiza el m\u00e1ximo confort incluso tras un uso prolongado. La exquisita combinaci\u00f3n de cuero de vaca duradero y suave piel de cabra crea una experiencia verdaderamente indulgente, convirtiendo estos zapatos en algo m\u00e1s que unos simples zapatos: son una inversi\u00f3n en su comodidad y estilo atemporal.<\/p>\n<p><h3>Comodidad ligera con tecnolog\u00eda avanzada de suela EVA<\/h3>\n<\/p>\n<p>Camina sin esfuerzo con la avanzada suela de EVA (etilvinilacetato) integrada en cada par de nuestras <strong>zapatillas casual de cuero para hombre<\/strong>. Este material ligero pero incre\u00edblemente resistente proporciona una amortiguaci\u00f3n y absorci\u00f3n de impactos superiores, reduciendo significativamente la fatiga del pie y ofreciendo un apoyo excepcional para tus pies durante todo el d\u00eda. El tac\u00f3n de perfil bajo, que mide sutilmente entre 1 y 3 cm, a\u00f1ade una suave elevaci\u00f3n a la vez que mantiene a la perfecci\u00f3n la elegancia informal de estas excepcionales zapatillas.<\/p>\n<p>Nuestro compromiso inquebrantable con la comodidad se extiende al ajuste perfecto, con una amplia gama de tallas disponibles desde la UE 39 a la 45, garantizando que cada cliente pueda encontrar su pareja ideal en nuestra colecci\u00f3n de <strong>zapatillas casual de cuero para hombre<\/strong>. El dise\u00f1o cl\u00e1sico de cordones permite un ajuste seguro y f\u00e1cilmente ajustable, adapt\u00e1ndose perfectamente a los contornos \u00fanicos de su pie para una comodidad personalizada.<\/p>\n<p><h3>Versatilidad para todas las ocasiones y c\u00f3moda disponibilidad a granel<\/h3>\n<\/p>\n<p>Estos vers\u00e1tiles <strong>zapatillas casual de cuero para hombre<\/strong> son el ep\u00edtome del calzado elegante e informal, por lo que son adecuadas para un sinf\u00edn de ocasiones. Comb\u00ednalas sin esfuerzo con pantalones de sastrer\u00eda para un look de oficina contempor\u00e1neo, o p\u00f3ntelas con tus vaqueros o chinos favoritos para un conjunto de fin de semana relajado pero elegante. Su dise\u00f1o atemporal garantiza que seguir\u00e1n siendo un b\u00e1sico codiciado en tu armario en las temporadas venideras.<\/p>\n<p>Para las empresas y los minoristas, ofrecemos atractivas opciones de venta al por mayor, que facilitan el almacenamiento de estos productos de alta calidad tan demandados. <strong>zapatillas casual de cuero para hombre<\/strong>. Un pedido m\u00ednimo de s\u00f3lo 8 pares permite flexibilidad y comodidad. Disfrute de una log\u00edstica eficiente con un plazo de entrega t\u00edpico de aproximadamente 12 d\u00edas m\u00e1s el env\u00edo est\u00e1ndar, lo que garantiza que su pedido al por mayor llegue de forma r\u00e1pida y eficiente.<\/p>\n<p>Eleve su colecci\u00f3n de calzado con nuestros <strong>zapatillas casual de cuero para hombre<\/strong> - donde el lujo se une a la practicidad y el estilo cotidianos.<\/p>","protected":false},"excerpt":{"rendered":"<ul>\n<li><b>Materiales de primera calidad:<\/b> Fabricado con un exterior de cuero de vaca duradero y un interior de cuero de cabra suave para una mayor comodidad.<\/li>\n<li><b>Confort ligero:<\/b> Incorpora una suela de EVA amortiguadora para una mayor comodidad y sujeci\u00f3n durante todo el d\u00eda.<\/li>\n<li><b>Elegante y vers\u00e1til:<\/b> Dise\u00f1o cl\u00e1sico con cordones adecuado para diversas ocasiones informales y elegantes-casuales.<\/li>\n<li><b>Tallas disponibles:<\/b> Amplia gama de EU 39 a 45.<\/li>\n<li><b>Disponibilidad al por mayor:<\/b> Pedido m\u00ednimo de 8 pares.<\/li>\n<li><b>Entrega eficaz:<\/b> Entrega en 12 d\u00edas m\u00e1s gastos de env\u00edo.<\/li>\n<\/ul>","protected":false},"featured_media":3993,"template":"","meta":{"_acf_changed":false,"_uag_custom_page_level_css":"","site-sidebar-layout":"default","site-content-layout":"","ast-site-content-layout":"default","site-content-style":"default","site-sidebar-style":"default","ast-global-header-display":"","ast-banner-title-visibility":"","ast-main-header-display":"","ast-hfb-above-header-display":"","ast-hfb-below-header-display":"","ast-hfb-mobile-header-display":"","site-post-title":"","ast-breadcrumbs-content":"","ast-featured-img":"","footer-sml-layout":"","ast-disable-related-posts":"","theme-transparent-header-meta":"","adv-header-id-meta":"","stick-header-meta":"","header-above-stick-meta":"","header-main-stick-meta":"","header-below-stick-meta":"","astra-migrate-meta-layouts":"default","ast-page-background-enabled":"default","ast-page-background-meta":{"desktop":{"background-color":"var(--ast-global-color-4)","background-image":"","background-repeat":"repeat","background-position":"center center","background-size":"auto","background-attachment":"scroll","background-type":"","background-media":"","overlay-type":"","overlay-color":"","overlay-opacity":"","overlay-gradient":""},"tablet":{"background-color":"","background-image":"","background-repeat":"repeat","background-position":"center center","background-size":"auto","background-attachment":"scroll","background-type":"","background-media":"","overlay-type":"","overlay-color":"","overlay-opacity":"","overlay-gradient":""},"mobile":{"background-color":"","background-image":"","background-repeat":"repeat","background-position":"center center","background-size":"auto","background-attachment":"scroll","background-type":"","background-media":"","overlay-type":"","overlay-color":"","overlay-opacity":"","overlay-gradient":""}},"ast-content-background-meta":{"desktop":{"background-color":"var(--ast-global-color-5)","background-image":"","background-repeat":"repeat","background-position":"center center","background-size":"auto","background-attachment":"scroll","background-type":"","background-media":"","overlay-type":"","overlay-color":"","overlay-opacity":"","overlay-gradient":""},"tablet":{"background-color":"var(--ast-global-color-5)","background-image":"","background-repeat":"repeat","background-position":"center center","background-size":"auto","background-attachment":"scroll","background-type":"","background-media":"","overlay-type":"","overlay-color":"","overlay-opacity":"","overlay-gradient":""},"mobile":{"background-color":"var(--ast-global-color-5)","background-image":"","background-repeat":"repeat","background-position":"center center","background-size":"auto","background-attachment":"scroll","background-type":"","background-media":"","overlay-type":"","overlay-color":"","overlay-opacity":"","overlay-gradient":""}}},"product_brand":[],"product_cat":[48,49,430,40,50],"product_tag":[238,449,1117,781,438,556,224,365,969,214,1116,546,386,254],"class_list":{"0":"post-5988","1":"product","2":"type-product","3":"status-publish","4":"has-post-thumbnail","6":"product_cat-casual","7":"product_cat-loafer","8":"product_cat-men","9":"product_cat-mens-shoes","10":"product_cat-sneakers","11":"product_tag-black-leather-sneakers","12":"product_tag-casual-shoes","13":"product_tag-comfortable-sneakers","14":"product_tag-cowhide-shoes","15":"product_tag-eva-sole","16":"product_tag-goatskin-lining","17":"product_tag-leather-sneakers","18":"product_tag-luxury-sneakers","19":"product_tag-mens-fashion-shoes","20":"product_tag-mens-sneakers","21":"product_tag-premium-sneakers","22":"product_tag-stylish-mens-shoes","23":"product_tag-white-sole-sneakers","24":"product_tag-wholesale-footwear","25":"desktop-align-center","26":"tablet-align-center","27":"mobile-align-center","29":"first","30":"instock","31":"shipping-taxable","32":"purchasable","33":"product-type-variable","34":"has-default-attributes"},"acf":[],"uagb_featured_image_src":{"full":["https:\/\/turkishtrade.co\/wp-content\/uploads\/2026\/01\/2400EJOMN00198-WHITE-X_1323-4-USD.png",453,250,false],"thumbnail":["https:\/\/turkishtrade.co\/wp-content\/uploads\/2026\/01\/2400EJOMN00198-WHITE-X_1323-4-USD-150x150.png",150,150,true],"medium":["https:\/\/turkishtrade.co\/wp-content\/uploads\/2026\/01\/2400EJOMN00198-WHITE-X_1323-4-USD-300x166.png",300,166,true],"medium_large":["https:\/\/turkishtrade.co\/wp-content\/uploads\/2026\/01\/2400EJOMN00198-WHITE-X_1323-4-USD.png",453,250,false],"large":["https:\/\/turkishtrade.co\/wp-content\/uploads\/2026\/01\/2400EJOMN00198-WHITE-X_1323-4-USD.png",453,250,false],"1536x1536":["https:\/\/turkishtrade.co\/wp-content\/uploads\/2026\/01\/2400EJOMN00198-WHITE-X_1323-4-USD.png",453,250,false],"2048x2048":["https:\/\/turkishtrade.co\/wp-content\/uploads\/2026\/01\/2400EJOMN00198-WHITE-X_1323-4-USD.png",453,250,false],"trp-custom-language-flag":["https:\/\/turkishtrade.co\/wp-content\/uploads\/2026\/01\/2400EJOMN00198-WHITE-X_1323-4-USD-18x10.png",18,10,true],"woocommerce_thumbnail":["https:\/\/turkishtrade.co\/wp-content\/uploads\/2026\/01\/2400EJOMN00198-WHITE-X_1323-4-USD-400x250.png",400,250,true],"woocommerce_single":["https:\/\/turkishtrade.co\/wp-content\/uploads\/2026\/01\/2400EJOMN00198-WHITE-X_1323-4-USD.png",453,250,false],"woocommerce_gallery_thumbnail":["https:\/\/turkishtrade.co\/wp-content\/uploads\/2026\/01\/2400EJOMN00198-WHITE-X_1323-4-USD-100x100.png",100,100,true]},"uagb_author_info":{"display_name":"yaser olabi","author_link":"https:\/\/turkishtrade.co\/es\/author\/"},"uagb_comment_info":0,"uagb_excerpt":"Premium Materials: Crafted with a durable cowhide leather exterior and a soft goatskin leather interior for superior comfort. Lightweight Comfort: Features a shock-absorbing EVA sole for all-day ease and support. Stylish &amp; Versatile: Classic lace-up design suitable for various casual and smart-casual occasions. Available Sizes: Wide range from EU 39 to 45. Wholesale Availability: Minimum&hellip;","_links":{"self":[{"href":"https:\/\/turkishtrade.co\/es\/wp-json\/wp\/v2\/product\/5988","targetHints":{"allow":["GET"]}}],"collection":[{"href":"https:\/\/turkishtrade.co\/es\/wp-json\/wp\/v2\/product"}],"about":[{"href":"https:\/\/turkishtrade.co\/es\/wp-json\/wp\/v2\/types\/product"}],"wp:featuredmedia":[{"embeddable":true,"href":"https:\/\/turkishtrade.co\/es\/wp-json\/wp\/v2\/media\/3993"}],"wp:attachment":[{"href":"https:\/\/turkishtrade.co\/es\/wp-json\/wp\/v2\/media?parent=5988"}],"wp:term":[{"taxonomy":"product_brand","embeddable":true,"href":"https:\/\/turkishtrade.co\/es\/wp-json\/wp\/v2\/product_brand?post=5988"},{"taxonomy":"product_cat","embeddable":true,"href":"https:\/\/turkishtrade.co\/es\/wp-json\/wp\/v2\/product_cat?post=5988"},{"taxonomy":"product_tag","embeddable":true,"href":"https:\/\/turkishtrade.co\/es\/wp-json\/wp\/v2\/product_tag?post=5988"}],"curies":[{"name":"wp","href":"https:\/\/api.w.org\/{rel}","templated":true}]}}