{"id":5983,"date":"2026-01-14T13:54:01","date_gmt":"2026-01-14T13:54:01","guid":{"rendered":"https:\/\/turkishtrade.co\/product\/mens-chunky-chain-loafers\/"},"modified":"2026-04-09T19:17:54","modified_gmt":"2026-04-09T19:17:54","slug":"mens-chunky-chain-loafers","status":"publish","type":"product","link":"https:\/\/turkishtrade.co\/es\/shop\/mens-chunky-chain-loafers\/","title":{"rendered":"Premium Men's Chunky Chain Loafers | Piel de becerro con herrajes dorados"},"content":{"rendered":"<p><strong>Mocasines de hombre con cadenas gruesas<\/strong><\/p>\n<p>Descubra la combinaci\u00f3n perfecta de sofisticaci\u00f3n cl\u00e1sica y estilo contempor\u00e1neo con nuestra gama Premium <strong>Mocasines de hombre con cadenas gruesas<\/strong>. Elaborados a mano por expertos para el caballero exigente, estos mocasines son algo m\u00e1s que calzado: son una declaraci\u00f3n de lujo y confort. Dise\u00f1ados tanto para la elegancia informal como para ocasiones elegantes e informales, nuestros mocasines son una declaraci\u00f3n de lujo y confort. <strong>Mocasines de hombre con cadenas gruesas<\/strong> elevar\u00e1 sin esfuerzo cualquier atuendo.<\/p>\n<h3>Artesan\u00eda sin igual y materiales de primera calidad<\/h3>\n<p>Cada par de estos exquisitos <strong>Mocasines de hombre con cadenas gruesas<\/strong> est\u00e1 fabricado meticulosamente con los mejores materiales. El exterior es de aut\u00e9ntica piel de ternero, famosa por su textura flexible, durabilidad y brillo natural que mejora con el paso del tiempo. Esta piel de becerro de primera calidad no s\u00f3lo proporciona una est\u00e9tica sofisticada, sino que tambi\u00e9n garantiza la longevidad, haciendo de estos mocasines una valiosa adici\u00f3n a cualquier armario.<\/p>\n<p>En el interior, tus pies experimentar\u00e1n el suave forro de piel de cabra, que ofrece una transpirabilidad y un confort excepcionales desde el primer uso. Las meticulosas costuras y los detalles de acabado hablan por s\u00ed solos de la calidad y el cuidado invertidos en cada par.<\/p>\n<h3>Dise\u00f1o moderno y comodidad duradera<\/h3>\n<p>Lo que marca nuestra <strong>Mocasines de hombre con cadenas gruesas<\/strong> Adem\u00e1s, tienen un dise\u00f1o \u00fanico, con una destacada cadena dorada que a\u00f1ade un toque de lujo moderno y car\u00e1cter distintivo. La robusta suela de EVA proporciona una excelente amortiguaci\u00f3n y sujeci\u00f3n, lo que hace que estos mocasines sean incre\u00edblemente c\u00f3modos de llevar durante todo el d\u00eda, tanto si te mueves por las calles de la ciudad como si asistes a un evento informal de negocios. Con una sutil altura de tac\u00f3n de 1-3 cm, ofrecen una c\u00f3moda elevaci\u00f3n sin comprometer la estabilidad.<\/p>\n<p>El dise\u00f1o de suela gruesa no es s\u00f3lo una tendencia, sino que se ha dise\u00f1ado para ofrecer un agarre y una durabilidad superiores, garantizando que salgas con confianza.<\/p>\n<h3>Versatilidad para todas las ocasiones<\/h3>\n<p>Estos vers\u00e1tiles <strong>Mocasines de hombre con cadenas gruesas<\/strong> est\u00e1n disponibles en una amplia gama de tallas, de la 39 a la 45, lo que garantiza un ajuste perfecto para una gran variedad de clientes. Su atemporal tono marr\u00f3n, combinado con los elegantes herrajes dorados y la moderna suela gruesa, los hace adecuados para diversos entornos, desde sofisticados atuendos de oficina hasta relajados conjuntos de fin de semana. Son la elecci\u00f3n ideal para las personas a la moda que buscan estilo y sustancia en su calzado.<\/p>\n<p>Disfrute de la comodidad y el innegable estilo de nuestro <strong>Mocasines de hombre con cadenas gruesas<\/strong> a tu colecci\u00f3n.<\/p>\n<h3>Ventaja mayorista y entrega fiable<\/h3>\n<p>Para los minoristas y las empresas que desean ofrecer calzado de alta calidad y con estilo, nuestros <strong>Mocasines de hombre con cadenas gruesas<\/strong> est\u00e1n disponibles para su compra al por mayor. Requerimos un pedido m\u00ednimo de s\u00f3lo 8 pares, lo que permite a empresas de todos los tama\u00f1os disponer de este popular art\u00edculo. Nuestra eficiente producci\u00f3n y log\u00edstica garantizan un plazo de entrega de aproximadamente 12 d\u00edas, m\u00e1s gastos de env\u00edo, lo que facilita mantener su inventario bien abastecido.<\/p>\n<p>As\u00f3ciese con nosotros para ofrecer a sus clientes un calzado lujoso, c\u00f3modo y de tendencia que, sin duda, se convertir\u00e1 en un \u00e9xito de ventas.<\/p>","protected":false},"excerpt":{"rendered":"<ul>\n<li>El exterior est\u00e1 confeccionado en lujosa piel de becerro para ofrecer una elegancia duradera.<\/li>\n<li>El interior de piel de cabra suave y transpirable garantiza un confort superior.<\/li>\n<li>Presenta un elegante adorno de cadena dorada que le confiere un aspecto refinado.<\/li>\n<li>Dise\u00f1adas con una moderna y c\u00f3moda suela gruesa de EVA (1-3 cm de altura de tac\u00f3n).<\/li>\n<li>Disponible en una amplia gama de tallas: 39, 40, 41, 42, 43, 44, 45.<\/li>\n<li>Ideal para pedidos al por mayor con una cantidad m\u00ednima de 8 pares.<\/li>\n<li>Entrega eficaz: 12 d\u00edas m\u00e1s el tiempo de env\u00edo para compras al por mayor.<\/li>\n<\/ul>","protected":false},"featured_media":3989,"template":"","meta":{"_acf_changed":false,"_uag_custom_page_level_css":"","site-sidebar-layout":"default","site-content-layout":"","ast-site-content-layout":"default","site-content-style":"default","site-sidebar-style":"default","ast-global-header-display":"","ast-banner-title-visibility":"","ast-main-header-display":"","ast-hfb-above-header-display":"","ast-hfb-below-header-display":"","ast-hfb-mobile-header-display":"","site-post-title":"","ast-breadcrumbs-content":"","ast-featured-img":"","footer-sml-layout":"","ast-disable-related-posts":"","theme-transparent-header-meta":"default","adv-header-id-meta":"","stick-header-meta":"","header-above-stick-meta":"","header-main-stick-meta":"","header-below-stick-meta":"","astra-migrate-meta-layouts":"set","ast-page-background-enabled":"default","ast-page-background-meta":{"desktop":{"background-color":"var(--ast-global-color-4)","background-image":"","background-repeat":"repeat","background-position":"center center","background-size":"auto","background-attachment":"scroll","background-type":"","background-media":"","overlay-type":"","overlay-color":"","overlay-opacity":"","overlay-gradient":""},"tablet":{"background-color":"","background-image":"","background-repeat":"repeat","background-position":"center center","background-size":"auto","background-attachment":"scroll","background-type":"","background-media":"","overlay-type":"","overlay-color":"","overlay-opacity":"","overlay-gradient":""},"mobile":{"background-color":"","background-image":"","background-repeat":"repeat","background-position":"center center","background-size":"auto","background-attachment":"scroll","background-type":"","background-media":"","overlay-type":"","overlay-color":"","overlay-opacity":"","overlay-gradient":""}},"ast-content-background-meta":{"desktop":{"background-color":"var(--ast-global-color-5)","background-image":"","background-repeat":"repeat","background-position":"center center","background-size":"auto","background-attachment":"scroll","background-type":"","background-media":"","overlay-type":"","overlay-color":"","overlay-opacity":"","overlay-gradient":""},"tablet":{"background-color":"var(--ast-global-color-5)","background-image":"","background-repeat":"repeat","background-position":"center center","background-size":"auto","background-attachment":"scroll","background-type":"","background-media":"","overlay-type":"","overlay-color":"","overlay-opacity":"","overlay-gradient":""},"mobile":{"background-color":"var(--ast-global-color-5)","background-image":"","background-repeat":"repeat","background-position":"center center","background-size":"auto","background-attachment":"scroll","background-type":"","background-media":"","overlay-type":"","overlay-color":"","overlay-opacity":"","overlay-gradient":""}}},"product_brand":[],"product_cat":[430,40,15],"product_tag":[147,185,512,1114,409,438,352,189,1115,198,186,184,254],"class_list":{"0":"post-5983","1":"product","2":"type-product","3":"status-publish","4":"has-post-thumbnail","6":"product_cat-men","7":"product_cat-mens-shoes","8":"product_cat-uncategorized","9":"product_tag-brown-loafers","10":"product_tag-calf-leather-shoes","11":"product_tag-casual-loafers","12":"product_tag-chain-loafers","13":"product_tag-chunky-loafers","14":"product_tag-eva-sole","15":"product_tag-formal-loafers","16":"product_tag-goat-leather-lining","17":"product_tag-gold-hardware-loafers","18":"product_tag-mens-fashion","19":"product_tag-mens-loafers","20":"product_tag-slip-on-shoes","21":"product_tag-wholesale-footwear","22":"desktop-align-center","23":"tablet-align-center","24":"mobile-align-center","26":"first","27":"instock","28":"shipping-taxable","29":"purchasable","30":"product-type-variable","31":"has-default-attributes"},"acf":[],"uagb_featured_image_src":{"full":["https:\/\/turkishtrade.co\/wp-content\/uploads\/2026\/01\/2400EJOMN00490-BROWN-DKS_7654-fusped-2-USD.png",453,250,false],"thumbnail":["https:\/\/turkishtrade.co\/wp-content\/uploads\/2026\/01\/2400EJOMN00490-BROWN-DKS_7654-fusped-2-USD-150x150.png",150,150,true],"medium":["https:\/\/turkishtrade.co\/wp-content\/uploads\/2026\/01\/2400EJOMN00490-BROWN-DKS_7654-fusped-2-USD-300x166.png",300,166,true],"medium_large":["https:\/\/turkishtrade.co\/wp-content\/uploads\/2026\/01\/2400EJOMN00490-BROWN-DKS_7654-fusped-2-USD.png",453,250,false],"large":["https:\/\/turkishtrade.co\/wp-content\/uploads\/2026\/01\/2400EJOMN00490-BROWN-DKS_7654-fusped-2-USD.png",453,250,false],"1536x1536":["https:\/\/turkishtrade.co\/wp-content\/uploads\/2026\/01\/2400EJOMN00490-BROWN-DKS_7654-fusped-2-USD.png",453,250,false],"2048x2048":["https:\/\/turkishtrade.co\/wp-content\/uploads\/2026\/01\/2400EJOMN00490-BROWN-DKS_7654-fusped-2-USD.png",453,250,false],"trp-custom-language-flag":["https:\/\/turkishtrade.co\/wp-content\/uploads\/2026\/01\/2400EJOMN00490-BROWN-DKS_7654-fusped-2-USD-18x10.png",18,10,true],"woocommerce_thumbnail":["https:\/\/turkishtrade.co\/wp-content\/uploads\/2026\/01\/2400EJOMN00490-BROWN-DKS_7654-fusped-2-USD-400x250.png",400,250,true],"woocommerce_single":["https:\/\/turkishtrade.co\/wp-content\/uploads\/2026\/01\/2400EJOMN00490-BROWN-DKS_7654-fusped-2-USD.png",453,250,false],"woocommerce_gallery_thumbnail":["https:\/\/turkishtrade.co\/wp-content\/uploads\/2026\/01\/2400EJOMN00490-BROWN-DKS_7654-fusped-2-USD-100x100.png",100,100,true]},"uagb_author_info":{"display_name":"yaser olabi","author_link":"https:\/\/turkishtrade.co\/es\/author\/"},"uagb_comment_info":0,"uagb_excerpt":"Crafted from luxurious Calf Leather exterior for lasting elegance. Soft, breathable Goat Leather interior ensures superior comfort. Features a stylish gold-tone chain embellishment for a refined look. Designed with a modern, comfortable EVA chunky sole (1-3 cm heel height). Available in a comprehensive range of sizes: 39, 40, 41, 42, 43, 44, 45. Ideal for&hellip;","_links":{"self":[{"href":"https:\/\/turkishtrade.co\/es\/wp-json\/wp\/v2\/product\/5983","targetHints":{"allow":["GET"]}}],"collection":[{"href":"https:\/\/turkishtrade.co\/es\/wp-json\/wp\/v2\/product"}],"about":[{"href":"https:\/\/turkishtrade.co\/es\/wp-json\/wp\/v2\/types\/product"}],"wp:featuredmedia":[{"embeddable":true,"href":"https:\/\/turkishtrade.co\/es\/wp-json\/wp\/v2\/media\/3989"}],"wp:attachment":[{"href":"https:\/\/turkishtrade.co\/es\/wp-json\/wp\/v2\/media?parent=5983"}],"wp:term":[{"taxonomy":"product_brand","embeddable":true,"href":"https:\/\/turkishtrade.co\/es\/wp-json\/wp\/v2\/product_brand?post=5983"},{"taxonomy":"product_cat","embeddable":true,"href":"https:\/\/turkishtrade.co\/es\/wp-json\/wp\/v2\/product_cat?post=5983"},{"taxonomy":"product_tag","embeddable":true,"href":"https:\/\/turkishtrade.co\/es\/wp-json\/wp\/v2\/product_tag?post=5983"}],"curies":[{"name":"wp","href":"https:\/\/api.w.org\/{rel}","templated":true}]}}