{"id":5980,"date":"2026-01-14T13:53:37","date_gmt":"2026-01-14T13:53:37","guid":{"rendered":"https:\/\/turkishtrade.co\/product\/mens-navy-suede-chunky-loafers\/"},"modified":"2026-04-09T19:17:59","modified_gmt":"2026-04-09T19:17:59","slug":"mens-navy-suede-chunky-loafers","status":"publish","type":"product","link":"https:\/\/turkishtrade.co\/es\/shop\/mens-navy-suede-chunky-loafers\/","title":{"rendered":"Mocasines con hebilla de ante azul marino para hombre de primera calidad"},"content":{"rendered":"<p><strong>Mocasines gruesos de ante azul marino para hombre<\/strong><\/p>\n<p>Eleve su colecci\u00f3n de calzado con nuestros exquisitos <b>Mocasines gruesos de ante azul marino para hombre<\/b>, dise\u00f1ados para el caballero moderno que valora tanto el estilo como la comodidad. No se trata de un mocas\u00edn cualquiera, sino de una pieza \u00fanica que combina la elegancia cl\u00e1sica con la robustez contempor\u00e1nea. Perfectos para a\u00f1adir un toque de encanto sofisticado a cualquier conjunto, desde los m\u00e1s elegantes hasta los m\u00e1s relajados, estos mocasines son el complemento perfecto para cualquier ocasi\u00f3n. <b>Mocasines gruesos de ante azul marino para hombre<\/b> son imprescindibles para el individuo exigente.<\/p>\n<h3>Artesan\u00eda sin igual y materiales de primera calidad<\/h3>\n<p>Cada par de nuestros <b>Mocasines gruesos de ante azul marino para hombre<\/b> es un testimonio de artesan\u00eda superior y del uso de materiales de alta calidad. El exterior est\u00e1 meticulosamente confeccionado en aut\u00e9ntica piel de ternero con un lujoso acabado de ante, que aporta una textura suave y un intenso tono azul marino que destaca entre la multitud. El interior est\u00e1 forrado en piel de cabra, conocida por su transpirabilidad y su tacto suave sobre la piel.<\/p>\n<p>Esta cuidada combinaci\u00f3n garantiza una experiencia de uso excepcional, manteniendo sus pies c\u00f3modos durante todo el d\u00eda. La base de estos mocasines es una suela de EVA robusta pero sorprendentemente ligera, que ofrece una excelente amortiguaci\u00f3n y una tracci\u00f3n fiable en diversas superficies, lo que hace que estos... <b>Mocasines gruesos de ante azul marino para hombre<\/b> tan pr\u00e1cticos como elegantes.<\/p>\n<h3>Dise\u00f1o elegante con versatilidad para todos los d\u00edas<\/h3>\n<p>Lo que realmente diferencia a estos <b>Mocasines gruesos de ante azul marino para hombre<\/b> es su dise\u00f1o distintivo. La prominente suela gruesa no s\u00f3lo se alinea con las tendencias de moda actuales, sino que tambi\u00e9n proporciona una postura elevada y una amortiguaci\u00f3n adicional, garantizando la comodidad a cada paso. El elegante empeine de ante se complementa con un refinado detalle de hebilla met\u00e1lica, que a\u00f1ade un toque de sofisticaci\u00f3n cl\u00e1sica sin sobrecargar la est\u00e9tica moderna del zapato.<\/p>\n<p>Estos <b>Mocasines gruesos de ante azul marino para hombre<\/b> son incre\u00edblemente vers\u00e1tiles; comb\u00ednalas con pantalones de sastrer\u00eda para un look de oficina elegante y casual, o p\u00f3ntelas con vaqueros y un polo para una salida relajada de fin de semana.<\/p>\n<p>Est\u00e1n dise\u00f1ados para pasar sin problemas del d\u00eda a la noche, asegurando que siempre salgas con estilo y confianza.<\/p>\n<h3>Disponibilidad e informaci\u00f3n para pedidos<\/h3>\n<p>Nuestra prima <b>Mocasines gruesos de ante azul marino para hombre<\/b> est\u00e1n disponibles en una amplia gama de tallas de la UE, de la 39 a la 45, lo que garantiza un ajuste perfecto para una gran variedad de clientes. Nos dirigimos tanto a los entusiastas del estilo individual como a las empresas que buscan un calzado de alta calidad. Para consultas de mayoristas, tenga en cuenta que se requiere un pedido m\u00ednimo de 8 pares, por lo que son ideales para minoristas.<\/p>\n<p>Nos enorgullecemos de nuestra eficiente producci\u00f3n, con un plazo de entrega de s\u00f3lo 12 d\u00edas para la fabricaci\u00f3n, seguido de un r\u00e1pido env\u00edo a su ubicaci\u00f3n. Invierta en calidad, comodidad y un estilo innegable con estas exquisitas <b>Mocasines gruesos de ante azul marino para hombre<\/b> - el complemento definitivo para cualquier armario exigente.<\/p>","protected":false},"excerpt":{"rendered":"<ul>\n<li><b>Premium Suede Exterior:<\/b> Elaborado con ante de ternera de alta calidad para un look sofisticado.<\/li>\n<li><b>Lujoso interior:<\/b> Forro de piel de cabra suave y transpirable que garantiza un confort excepcional.<\/li>\n<li><b>Suela duradera y ligera:<\/b> Incorpora una suela de EVA robusta pero ligera para una tracci\u00f3n superior y un uso durante todo el d\u00eda.<\/li>\n<li><b>Dise\u00f1o contempor\u00e1neo:<\/b> Presenta una distintiva suela gruesa y un elegante detalle de hebilla met\u00e1lica, perfecto para la moda moderna.<\/li>\n<li><b>Tallas disponibles:<\/b> Se ofrece en una amplia gama de tallas de la UE, de la 39 a la 45.<\/li>\n<li><b>Disponibilidad a granel:<\/b> Cantidad m\u00ednima de pedido de 8 pares disponible para la compra al por mayor.<\/li>\n<li><b>Producci\u00f3n y entrega:<\/b> Disfrute de un plazo de producci\u00f3n de 12 d\u00edas, m\u00e1s gastos de env\u00edo.<\/li>\n<\/ul>","protected":false},"featured_media":3988,"template":"","meta":{"_acf_changed":false,"_uag_custom_page_level_css":"","site-sidebar-layout":"default","site-content-layout":"","ast-site-content-layout":"default","site-content-style":"default","site-sidebar-style":"default","ast-global-header-display":"","ast-banner-title-visibility":"","ast-main-header-display":"","ast-hfb-above-header-display":"","ast-hfb-below-header-display":"","ast-hfb-mobile-header-display":"","site-post-title":"","ast-breadcrumbs-content":"","ast-featured-img":"","footer-sml-layout":"","ast-disable-related-posts":"","theme-transparent-header-meta":"default","adv-header-id-meta":"","stick-header-meta":"","header-above-stick-meta":"","header-main-stick-meta":"","header-below-stick-meta":"","astra-migrate-meta-layouts":"set","ast-page-background-enabled":"default","ast-page-background-meta":{"desktop":{"background-color":"var(--ast-global-color-4)","background-image":"","background-repeat":"repeat","background-position":"center center","background-size":"auto","background-attachment":"scroll","background-type":"","background-media":"","overlay-type":"","overlay-color":"","overlay-opacity":"","overlay-gradient":""},"tablet":{"background-color":"","background-image":"","background-repeat":"repeat","background-position":"center center","background-size":"auto","background-attachment":"scroll","background-type":"","background-media":"","overlay-type":"","overlay-color":"","overlay-opacity":"","overlay-gradient":""},"mobile":{"background-color":"","background-image":"","background-repeat":"repeat","background-position":"center center","background-size":"auto","background-attachment":"scroll","background-type":"","background-media":"","overlay-type":"","overlay-color":"","overlay-opacity":"","overlay-gradient":""}},"ast-content-background-meta":{"desktop":{"background-color":"var(--ast-global-color-5)","background-image":"","background-repeat":"repeat","background-position":"center center","background-size":"auto","background-attachment":"scroll","background-type":"","background-media":"","overlay-type":"","overlay-color":"","overlay-opacity":"","overlay-gradient":""},"tablet":{"background-color":"var(--ast-global-color-5)","background-image":"","background-repeat":"repeat","background-position":"center center","background-size":"auto","background-attachment":"scroll","background-type":"","background-media":"","overlay-type":"","overlay-color":"","overlay-opacity":"","overlay-gradient":""},"mobile":{"background-color":"var(--ast-global-color-5)","background-image":"","background-repeat":"repeat","background-position":"center center","background-size":"auto","background-attachment":"scroll","background-type":"","background-media":"","overlay-type":"","overlay-color":"","overlay-opacity":"","overlay-gradient":""}}},"product_brand":[],"product_cat":[430,40,15],"product_tag":[315,1028,449,409,438,352,189,215,198,186,1093,479,362,184,546,149],"class_list":{"0":"post-5980","1":"product","2":"type-product","3":"status-publish","4":"has-post-thumbnail","6":"product_cat-men","7":"product_cat-mens-shoes","8":"product_cat-uncategorized","9":"product_tag-buckle-loafers","10":"product_tag-calf-suede","11":"product_tag-casual-shoes","12":"product_tag-chunky-loafers","13":"product_tag-eva-sole","14":"product_tag-formal-loafers","15":"product_tag-goat-leather-lining","16":"product_tag-leather-loafers","17":"product_tag-mens-fashion","18":"product_tag-mens-loafers","19":"product_tag-modern-loafers","20":"product_tag-navy-shoes","21":"product_tag-premium-footwear","22":"product_tag-slip-on-shoes","23":"product_tag-stylish-mens-shoes","24":"product_tag-suede-loafers","25":"desktop-align-center","26":"tablet-align-center","27":"mobile-align-center","29":"first","30":"instock","31":"shipping-taxable","32":"purchasable","33":"product-type-variable","34":"has-default-attributes"},"acf":[],"uagb_featured_image_src":{"full":["https:\/\/turkishtrade.co\/wp-content\/uploads\/2026\/01\/2400EJOMN00489-BLUE-DKS_7654-fusped-2-USD.png",453,250,false],"thumbnail":["https:\/\/turkishtrade.co\/wp-content\/uploads\/2026\/01\/2400EJOMN00489-BLUE-DKS_7654-fusped-2-USD-150x150.png",150,150,true],"medium":["https:\/\/turkishtrade.co\/wp-content\/uploads\/2026\/01\/2400EJOMN00489-BLUE-DKS_7654-fusped-2-USD-300x166.png",300,166,true],"medium_large":["https:\/\/turkishtrade.co\/wp-content\/uploads\/2026\/01\/2400EJOMN00489-BLUE-DKS_7654-fusped-2-USD.png",453,250,false],"large":["https:\/\/turkishtrade.co\/wp-content\/uploads\/2026\/01\/2400EJOMN00489-BLUE-DKS_7654-fusped-2-USD.png",453,250,false],"1536x1536":["https:\/\/turkishtrade.co\/wp-content\/uploads\/2026\/01\/2400EJOMN00489-BLUE-DKS_7654-fusped-2-USD.png",453,250,false],"2048x2048":["https:\/\/turkishtrade.co\/wp-content\/uploads\/2026\/01\/2400EJOMN00489-BLUE-DKS_7654-fusped-2-USD.png",453,250,false],"trp-custom-language-flag":["https:\/\/turkishtrade.co\/wp-content\/uploads\/2026\/01\/2400EJOMN00489-BLUE-DKS_7654-fusped-2-USD-18x10.png",18,10,true],"woocommerce_thumbnail":["https:\/\/turkishtrade.co\/wp-content\/uploads\/2026\/01\/2400EJOMN00489-BLUE-DKS_7654-fusped-2-USD-400x250.png",400,250,true],"woocommerce_single":["https:\/\/turkishtrade.co\/wp-content\/uploads\/2026\/01\/2400EJOMN00489-BLUE-DKS_7654-fusped-2-USD.png",453,250,false],"woocommerce_gallery_thumbnail":["https:\/\/turkishtrade.co\/wp-content\/uploads\/2026\/01\/2400EJOMN00489-BLUE-DKS_7654-fusped-2-USD-100x100.png",100,100,true]},"uagb_author_info":{"display_name":"yaser olabi","author_link":"https:\/\/turkishtrade.co\/es\/author\/"},"uagb_comment_info":0,"uagb_excerpt":"Premium Suede Exterior: Expertly crafted from high-grade calf suede for a sophisticated look. Luxurious Interior: Lined with soft, breathable goat leather ensuring exceptional comfort. Durable &amp; Lightweight Sole: Features a robust yet lightweight EVA sole for superior traction and all-day wear. Contemporary Design: Boasts a distinctive chunky sole and stylish metal buckle detail, perfect for&hellip;","_links":{"self":[{"href":"https:\/\/turkishtrade.co\/es\/wp-json\/wp\/v2\/product\/5980","targetHints":{"allow":["GET"]}}],"collection":[{"href":"https:\/\/turkishtrade.co\/es\/wp-json\/wp\/v2\/product"}],"about":[{"href":"https:\/\/turkishtrade.co\/es\/wp-json\/wp\/v2\/types\/product"}],"wp:featuredmedia":[{"embeddable":true,"href":"https:\/\/turkishtrade.co\/es\/wp-json\/wp\/v2\/media\/3988"}],"wp:attachment":[{"href":"https:\/\/turkishtrade.co\/es\/wp-json\/wp\/v2\/media?parent=5980"}],"wp:term":[{"taxonomy":"product_brand","embeddable":true,"href":"https:\/\/turkishtrade.co\/es\/wp-json\/wp\/v2\/product_brand?post=5980"},{"taxonomy":"product_cat","embeddable":true,"href":"https:\/\/turkishtrade.co\/es\/wp-json\/wp\/v2\/product_cat?post=5980"},{"taxonomy":"product_tag","embeddable":true,"href":"https:\/\/turkishtrade.co\/es\/wp-json\/wp\/v2\/product_tag?post=5980"}],"curies":[{"name":"wp","href":"https:\/\/api.w.org\/{rel}","templated":true}]}}