{"id":5978,"date":"2026-01-14T13:53:11","date_gmt":"2026-01-14T13:53:11","guid":{"rendered":"https:\/\/turkishtrade.co\/product\/men-s-crocodile-embossed-derbies\/"},"modified":"2026-04-09T19:18:03","modified_gmt":"2026-04-09T19:18:03","slug":"mens-crocodile-embossed-derbies","status":"publish","type":"product","link":"https:\/\/turkishtrade.co\/es\/shop\/mens-crocodile-embossed-derbies\/","title":{"rendered":"Lujosos zapatos Derby de plataforma de piel marr\u00f3n con relieve de cocodrilo para hombre"},"content":{"rendered":"<p><strong>Derbies de hombre con estampado de cocodrilo<\/strong><\/p>\n<p>Eleve su colecci\u00f3n de calzado con nuestros magn\u00edficos <strong>Derbies de hombre con estampado de cocodrilo<\/strong>, un verdadero testimonio de dise\u00f1o lujoso y artesan\u00eda superior. No son s\u00f3lo zapatos, son toda una declaraci\u00f3n de intenciones. Meticulosamente elaborados a mano, estos derbies presentan un rico acabado en marr\u00f3n degradado con un llamativo estampado de cocodrilo en relieve que destila sofisticaci\u00f3n y un estilo \u00fanico. Dise\u00f1ados para el caballero exigente, estos zapatos combinan a la perfecci\u00f3n la elegancia cl\u00e1sica con un toque contempor\u00e1neo.<\/p>\n<p>El exterior de estos excepcionales zapatos est\u00e1 confeccionado en piel de ternero de alta calidad, famosa por su durabilidad, su textura flexible y su capacidad para mantener a la perfecci\u00f3n patrones intrincados. El estampado de cocodrilo no es un simple dise\u00f1o, sino una obra de arte, que aporta una textura y una profundidad visual inconfundibles que atraer\u00e1n todas las miradas. Como complemento a este lujoso exterior, el interior est\u00e1 forrado en suave piel de cabra transpirable, que garantiza un confort inigualable a cada paso.<\/p>\n<p>La piel de cabra se amolda al pie, proporcionando una sensaci\u00f3n personalizada y evacuando la humedad, lo que hace que estos derbies sean adecuados para un uso prolongado.<\/p>\n<h3>Confort inigualable y estilo atrevido<\/h3>\n<p>Uno de los rasgos m\u00e1s distintivos de estos <strong>Derbies de hombre con estampado de cocodrilo<\/strong> es su robusta pero ligera suela de plataforma EVA. Esta suela gruesa no s\u00f3lo proporciona una excelente amortiguaci\u00f3n y comodidad durante todo el d\u00eda, sino que tambi\u00e9n a\u00f1ade un importante elemento de estilo. Con una altura de tac\u00f3n aproximada de 4-9 cm, la suela contribuye a un perfil elevado a la moda sin comprometer la estabilidad.<\/p>\n<p>El exclusivo dise\u00f1o en capas del lateral de la suela realza a\u00fan m\u00e1s su moderno atractivo, haciendo de estos derbies una elecci\u00f3n destacada tanto para ocasiones informales como semiformales.<\/p>\n<p>Tanto si quieres destacar en una reuni\u00f3n social como si buscas un calzado sofisticado para tu atuendo informal de negocios diario, estas <strong>Derbies de hombre con estampado de cocodrilo<\/strong> ofrecen una versatilidad excepcional. Combinan a la perfecci\u00f3n con pantalones de sastrer\u00eda, vaqueros elegantes o incluso trajes contempor\u00e1neos, a\u00f1adiendo un toque de lujo ex\u00f3tico a cualquier conjunto. Disponibles en una amplia gama de tallas, de la 39 a la 45, garantizan un ajuste perfecto para un amplio espectro de pies.<\/p>\n<h3>Pida hoy sus Derbies Premium<\/h3>\n<p>Para minoristas y empresas, estos derbies premium est\u00e1n disponibles para pedidos al por mayor con una cantidad m\u00ednima de 8 pares. Nos enorgullecemos de la puntualidad en la entrega, con pedidos enviados en un plazo de 12 d\u00edas m\u00e1s el tiempo de env\u00edo. Invierta en calidad, comodidad y un estilo innegable con estos exquisitos zapatos para hombre que prometen ser un valioso complemento para cualquier armario.<\/p>","protected":false},"excerpt":{"rendered":"<ul>\n<li><strong>Artesan\u00eda exquisita:<\/strong> Fabricado a mano con un exterior de piel de becerro de primera calidad, con un distintivo estampado de cocodrilo marr\u00f3n en relieve.<\/li>\n<li><strong>Confort superior:<\/strong> Forrado con suave piel de cabra para un confort interior y una transpirabilidad excepcionales.<\/li>\n<li><strong>Suela de plataforma EVA gruesa:<\/strong> Incorpora una suela de EVA duradera y ligera con un dise\u00f1o \u00fanico de plataforma gruesa en capas (aprox. 4-9 cm de altura de tac\u00f3n) para una est\u00e9tica moderna y una mayor amortiguaci\u00f3n.<\/li>\n<li><strong>Tallas vers\u00e1tiles:<\/strong> Disponible en una amplia gama de tallas europeas, de la 39 a la 45.<\/li>\n<li><strong>Disponibilidad de pedidos a granel:<\/strong> Pedido m\u00ednimo de 8 pares. Entrega en 12 d\u00edas m\u00e1s gastos de env\u00edo.<\/li>\n<\/ul>","protected":false},"featured_media":3987,"template":"","meta":{"_acf_changed":false,"_uag_custom_page_level_css":"","site-sidebar-layout":"default","site-content-layout":"","ast-site-content-layout":"default","site-content-style":"default","site-sidebar-style":"default","ast-global-header-display":"","ast-banner-title-visibility":"","ast-main-header-display":"","ast-hfb-above-header-display":"","ast-hfb-below-header-display":"","ast-hfb-mobile-header-display":"","site-post-title":"","ast-breadcrumbs-content":"","ast-featured-img":"","footer-sml-layout":"","ast-disable-related-posts":"","theme-transparent-header-meta":"default","adv-header-id-meta":"","stick-header-meta":"","header-above-stick-meta":"","header-main-stick-meta":"","header-below-stick-meta":"","astra-migrate-meta-layouts":"set","ast-page-background-enabled":"default","ast-page-background-meta":{"desktop":{"background-color":"var(--ast-global-color-4)","background-image":"","background-repeat":"repeat","background-position":"center center","background-size":"auto","background-attachment":"scroll","background-type":"","background-media":"","overlay-type":"","overlay-color":"","overlay-opacity":"","overlay-gradient":""},"tablet":{"background-color":"","background-image":"","background-repeat":"repeat","background-position":"center center","background-size":"auto","background-attachment":"scroll","background-type":"","background-media":"","overlay-type":"","overlay-color":"","overlay-opacity":"","overlay-gradient":""},"mobile":{"background-color":"","background-image":"","background-repeat":"repeat","background-position":"center center","background-size":"auto","background-attachment":"scroll","background-type":"","background-media":"","overlay-type":"","overlay-color":"","overlay-opacity":"","overlay-gradient":""}},"ast-content-background-meta":{"desktop":{"background-color":"var(--ast-global-color-5)","background-image":"","background-repeat":"repeat","background-position":"center center","background-size":"auto","background-attachment":"scroll","background-type":"","background-media":"","overlay-type":"","overlay-color":"","overlay-opacity":"","overlay-gradient":""},"tablet":{"background-color":"var(--ast-global-color-5)","background-image":"","background-repeat":"repeat","background-position":"center center","background-size":"auto","background-attachment":"scroll","background-type":"","background-media":"","overlay-type":"","overlay-color":"","overlay-opacity":"","overlay-gradient":""},"mobile":{"background-color":"var(--ast-global-color-5)","background-image":"","background-repeat":"repeat","background-position":"center center","background-size":"auto","background-attachment":"scroll","background-type":"","background-media":"","overlay-type":"","overlay-color":"","overlay-opacity":"","overlay-gradient":""}}},"product_brand":[],"product_cat":[48,49,430,40,15],"product_tag":[292,202,1112,212,438,697,732,959,437,450,1110,1111,406],"class_list":{"0":"post-5978","1":"product","2":"type-product","3":"status-publish","4":"has-post-thumbnail","6":"product_cat-casual","7":"product_cat-loafer","8":"product_cat-men","9":"product_cat-mens-shoes","10":"product_cat-uncategorized","11":"product_tag-brown-leather-shoes","12":"product_tag-calf-leather","13":"product_tag-chunky-sole-derbies","14":"product_tag-derby-shoes","15":"product_tag-eva-sole","16":"product_tag-exotic-leather-shoes","17":"product_tag-fashion-shoes","18":"product_tag-formal-casual-shoes","19":"product_tag-goat-leather","20":"product_tag-handcrafted-shoes","21":"product_tag-mens-crocodile-embossed-derbies","22":"product_tag-mens-platform-shoes","23":"product_tag-premium-shoes","24":"desktop-align-center","25":"tablet-align-center","26":"mobile-align-center","28":"first","29":"instock","30":"shipping-taxable","31":"purchasable","32":"product-type-variable","33":"has-default-attributes"},"acf":[],"uagb_featured_image_src":{"full":["https:\/\/turkishtrade.co\/wp-content\/uploads\/2026\/01\/2400EJOMN00488-BROWN-Y_12582-6-USD.png",453,250,false],"thumbnail":["https:\/\/turkishtrade.co\/wp-content\/uploads\/2026\/01\/2400EJOMN00488-BROWN-Y_12582-6-USD-150x150.png",150,150,true],"medium":["https:\/\/turkishtrade.co\/wp-content\/uploads\/2026\/01\/2400EJOMN00488-BROWN-Y_12582-6-USD-300x166.png",300,166,true],"medium_large":["https:\/\/turkishtrade.co\/wp-content\/uploads\/2026\/01\/2400EJOMN00488-BROWN-Y_12582-6-USD.png",453,250,false],"large":["https:\/\/turkishtrade.co\/wp-content\/uploads\/2026\/01\/2400EJOMN00488-BROWN-Y_12582-6-USD.png",453,250,false],"1536x1536":["https:\/\/turkishtrade.co\/wp-content\/uploads\/2026\/01\/2400EJOMN00488-BROWN-Y_12582-6-USD.png",453,250,false],"2048x2048":["https:\/\/turkishtrade.co\/wp-content\/uploads\/2026\/01\/2400EJOMN00488-BROWN-Y_12582-6-USD.png",453,250,false],"trp-custom-language-flag":["https:\/\/turkishtrade.co\/wp-content\/uploads\/2026\/01\/2400EJOMN00488-BROWN-Y_12582-6-USD-18x10.png",18,10,true],"woocommerce_thumbnail":["https:\/\/turkishtrade.co\/wp-content\/uploads\/2026\/01\/2400EJOMN00488-BROWN-Y_12582-6-USD-400x250.png",400,250,true],"woocommerce_single":["https:\/\/turkishtrade.co\/wp-content\/uploads\/2026\/01\/2400EJOMN00488-BROWN-Y_12582-6-USD.png",453,250,false],"woocommerce_gallery_thumbnail":["https:\/\/turkishtrade.co\/wp-content\/uploads\/2026\/01\/2400EJOMN00488-BROWN-Y_12582-6-USD-100x100.png",100,100,true]},"uagb_author_info":{"display_name":"yaser olabi","author_link":"https:\/\/turkishtrade.co\/es\/author\/"},"uagb_comment_info":0,"uagb_excerpt":"Exquisite Craftsmanship: Handcrafted with premium calf leather exterior, featuring a distinctive brown crocodile embossed pattern. Superior Comfort: Lined with soft goat leather for exceptional interior comfort and breathability. Chunky EVA Platform Sole: Features a durable and lightweight EVA sole with a unique layered, chunky platform design (approx. 4-9cm heel height) for a modern aesthetic and&hellip;","_links":{"self":[{"href":"https:\/\/turkishtrade.co\/es\/wp-json\/wp\/v2\/product\/5978","targetHints":{"allow":["GET"]}}],"collection":[{"href":"https:\/\/turkishtrade.co\/es\/wp-json\/wp\/v2\/product"}],"about":[{"href":"https:\/\/turkishtrade.co\/es\/wp-json\/wp\/v2\/types\/product"}],"wp:featuredmedia":[{"embeddable":true,"href":"https:\/\/turkishtrade.co\/es\/wp-json\/wp\/v2\/media\/3987"}],"wp:attachment":[{"href":"https:\/\/turkishtrade.co\/es\/wp-json\/wp\/v2\/media?parent=5978"}],"wp:term":[{"taxonomy":"product_brand","embeddable":true,"href":"https:\/\/turkishtrade.co\/es\/wp-json\/wp\/v2\/product_brand?post=5978"},{"taxonomy":"product_cat","embeddable":true,"href":"https:\/\/turkishtrade.co\/es\/wp-json\/wp\/v2\/product_cat?post=5978"},{"taxonomy":"product_tag","embeddable":true,"href":"https:\/\/turkishtrade.co\/es\/wp-json\/wp\/v2\/product_tag?post=5978"}],"curies":[{"name":"wp","href":"https:\/\/api.w.org\/{rel}","templated":true}]}}