{"id":5976,"date":"2026-01-14T13:52:50","date_gmt":"2026-01-14T13:52:50","guid":{"rendered":"https:\/\/turkishtrade.co\/product\/mens-leather-chunky-loafers\/"},"modified":"2026-04-09T19:18:06","modified_gmt":"2026-04-09T19:18:06","slug":"mens-leather-chunky-loafers","status":"publish","type":"product","link":"https:\/\/turkishtrade.co\/es\/shop\/mens-leather-chunky-loafers\/","title":{"rendered":"Mocasines gruesos de piel de primera calidad para hombre con detalle de herradura"},"content":{"rendered":"<p><strong>Mocasines gruesos de piel para hombre<\/strong><\/p>\n<p>Ad\u00e9ntrese en un mundo donde la elegancia cl\u00e1sica se une al estilo contempor\u00e1neo con nuestro exquisito <strong>Mocasines gruesos de piel para hombre<\/strong>. Meticulosamente elaborados para el caballero exigente, estos mocasines no son s\u00f3lo calzado; son una declaraci\u00f3n de gusto sofisticado y comodidad sin igual. Dise\u00f1ados para pasar sin problemas del estilo informal al chic de fin de semana, nuestros <strong>Mocasines gruesos de piel para hombre<\/strong> presentan un tono marr\u00f3n oscuro intenso que ofrece versatilidad con cualquier atuendo.<\/p>\n<p>El exterior est\u00e1 fabricado en suave piel de ternero de primera calidad, famosa por su durabilidad y su lujoso tacto. Esta superficie exterior de alta calidad promete envejecer maravillosamente, desarrollando con el tiempo una p\u00e1tina \u00fanica que cuenta su historia personal. Como complemento, el interior cuenta con un forro de aut\u00e9ntica piel de cabra que garantiza la transpirabilidad y una suavidad excepcional para sus pies, incluso durante un uso prolongado. Experimente lo \u00faltimo en comodidad y apoyo para los pies.<\/p>\n<h3>Dise\u00f1o moderno y comodidad duradera<\/h3>\n<p>Lo que realmente distingue a estos mocasines es su moderno dise\u00f1o. Incorporan una llamativa y elevada suela de plataforma gruesa fabricada con material EVA ligero pero robusto. Esta innovadora suela no solo proporciona una amortiguaci\u00f3n y una absorci\u00f3n de impactos superiores, sino que tambi\u00e9n a\u00f1ade un toque contempor\u00e1neo a la silueta tradicional del mocas\u00edn.<\/p>\n<p>La suela gruesa ofrece una excelente tracci\u00f3n, por lo que estas <strong>Mocasines gruesos de piel para hombre<\/strong> perfecto para diversos terrenos urbanos. El empeine est\u00e1 adornado con un elegante detalle de bocado dorado, un detalle atemporal que a\u00f1ade un toque de refinamiento cl\u00e1sico y lujo discreto.<\/p>\n<h3>Versatilidad y oportunidades al por mayor<\/h3>\n<p>Tanto si acude a una reuni\u00f3n de negocios informal, como si disfruta de un paseo o de un evento nocturno, estas vers\u00e1tiles gafas de sol son perfectas para cualquier ocasi\u00f3n. <strong>Mocasines gruesos de piel para hombre<\/strong> son su compa\u00f1ero ideal. Disponibles en una amplia gama de tallas, de la UE 39 a la 45, garantizamos un ajuste perfecto para cada pie. Para minoristas y empresas, estos <strong>Mocasines gruesos de piel para hombre<\/strong> est\u00e1n disponibles para su compra al por mayor con un pedido m\u00ednimo de 8 pares, ofreciendo una excelente relaci\u00f3n calidad-precio.<\/p>\n<p>Eleve su inventario y ofrezca a sus clientes lo mejor en calzado contempor\u00e1neo con estos excepcionales <strong>Mocasines gruesos de piel para hombre<\/strong>.<\/p>","protected":false},"excerpt":{"rendered":"<ul>\n<li><strong>Material exterior:<\/strong> 100% Piel de becerro aut\u00e9ntica<\/li>\n<li><strong>Material interior:<\/strong> 100% Piel aut\u00e9ntica de cabra<\/li>\n<li><strong>Suela:<\/strong> EVA duradera y ligera<\/li>\n<li><strong>Tipo de tac\u00f3n:<\/strong> Suela de plataforma gruesa elevada<\/li>\n<li><strong>Detalle de dise\u00f1o:<\/strong> Elegante herradura dorada<\/li>\n<li><strong>Tallas disponibles:<\/strong> UE 39, 40, 41, 42, 43, 44, 45<\/li>\n<li><strong>Pedido m\u00ednimo:<\/strong> 8 Pares (precios al por mayor disponibles)<\/li>\n<li><strong>Entrega estimada:<\/strong> 12 d\u00edas + gastos de env\u00edo<\/li>\n<\/ul>","protected":false},"featured_media":3986,"template":"","meta":{"_acf_changed":false,"_uag_custom_page_level_css":"","site-sidebar-layout":"default","site-content-layout":"","ast-site-content-layout":"default","site-content-style":"default","site-sidebar-style":"default","ast-global-header-display":"","ast-banner-title-visibility":"","ast-main-header-display":"","ast-hfb-above-header-display":"","ast-hfb-below-header-display":"","ast-hfb-mobile-header-display":"","site-post-title":"","ast-breadcrumbs-content":"","ast-featured-img":"","footer-sml-layout":"","ast-disable-related-posts":"","theme-transparent-header-meta":"default","adv-header-id-meta":"","stick-header-meta":"","header-above-stick-meta":"","header-main-stick-meta":"","header-below-stick-meta":"","astra-migrate-meta-layouts":"set","ast-page-background-enabled":"default","ast-page-background-meta":{"desktop":{"background-color":"var(--ast-global-color-4)","background-image":"","background-repeat":"repeat","background-position":"center center","background-size":"auto","background-attachment":"scroll","background-type":"","background-media":"","overlay-type":"","overlay-color":"","overlay-opacity":"","overlay-gradient":""},"tablet":{"background-color":"","background-image":"","background-repeat":"repeat","background-position":"center center","background-size":"auto","background-attachment":"scroll","background-type":"","background-media":"","overlay-type":"","overlay-color":"","overlay-opacity":"","overlay-gradient":""},"mobile":{"background-color":"","background-image":"","background-repeat":"repeat","background-position":"center center","background-size":"auto","background-attachment":"scroll","background-type":"","background-media":"","overlay-type":"","overlay-color":"","overlay-opacity":"","overlay-gradient":""}},"ast-content-background-meta":{"desktop":{"background-color":"var(--ast-global-color-5)","background-image":"","background-repeat":"repeat","background-position":"center center","background-size":"auto","background-attachment":"scroll","background-type":"","background-media":"","overlay-type":"","overlay-color":"","overlay-opacity":"","overlay-gradient":""},"tablet":{"background-color":"var(--ast-global-color-5)","background-image":"","background-repeat":"repeat","background-position":"center center","background-size":"auto","background-attachment":"scroll","background-type":"","background-media":"","overlay-type":"","overlay-color":"","overlay-opacity":"","overlay-gradient":""},"mobile":{"background-color":"var(--ast-global-color-5)","background-image":"","background-repeat":"repeat","background-position":"center center","background-size":"auto","background-attachment":"scroll","background-type":"","background-media":"","overlay-type":"","overlay-color":"","overlay-opacity":"","overlay-gradient":""}}},"product_brand":[],"product_cat":[48,49,430,40,15],"product_tag":[147,185,512,409,737,438,189,327,215,762,384,198,186,1093,1079,280,281],"class_list":{"0":"post-5976","1":"product","2":"type-product","3":"status-publish","4":"has-post-thumbnail","6":"product_cat-casual","7":"product_cat-loafer","8":"product_cat-men","9":"product_cat-mens-shoes","10":"product_cat-uncategorized","11":"product_tag-brown-loafers","12":"product_tag-calf-leather-shoes","13":"product_tag-casual-loafers","14":"product_tag-chunky-loafers","15":"product_tag-dress-loafers","16":"product_tag-eva-sole","17":"product_tag-goat-leather-lining","18":"product_tag-horsebit-loafers","19":"product_tag-leather-loafers","20":"product_tag-loafer-shoes","21":"product_tag-luxury-loafers","22":"product_tag-mens-fashion","23":"product_tag-mens-loafers","24":"product_tag-modern-loafers","25":"product_tag-platform-loafers","26":"product_tag-smart-casual-shoes","27":"product_tag-wholesale-shoes","28":"desktop-align-center","29":"tablet-align-center","30":"mobile-align-center","32":"first","33":"instock","34":"shipping-taxable","35":"purchasable","36":"product-type-variable","37":"has-default-attributes"},"acf":[],"uagb_featured_image_src":{"full":["https:\/\/turkishtrade.co\/wp-content\/uploads\/2026\/01\/2400EJOMN00486-BROWN-ZL_300-5-USD.png",453,250,false],"thumbnail":["https:\/\/turkishtrade.co\/wp-content\/uploads\/2026\/01\/2400EJOMN00486-BROWN-ZL_300-5-USD-150x150.png",150,150,true],"medium":["https:\/\/turkishtrade.co\/wp-content\/uploads\/2026\/01\/2400EJOMN00486-BROWN-ZL_300-5-USD-300x166.png",300,166,true],"medium_large":["https:\/\/turkishtrade.co\/wp-content\/uploads\/2026\/01\/2400EJOMN00486-BROWN-ZL_300-5-USD.png",453,250,false],"large":["https:\/\/turkishtrade.co\/wp-content\/uploads\/2026\/01\/2400EJOMN00486-BROWN-ZL_300-5-USD.png",453,250,false],"1536x1536":["https:\/\/turkishtrade.co\/wp-content\/uploads\/2026\/01\/2400EJOMN00486-BROWN-ZL_300-5-USD.png",453,250,false],"2048x2048":["https:\/\/turkishtrade.co\/wp-content\/uploads\/2026\/01\/2400EJOMN00486-BROWN-ZL_300-5-USD.png",453,250,false],"trp-custom-language-flag":["https:\/\/turkishtrade.co\/wp-content\/uploads\/2026\/01\/2400EJOMN00486-BROWN-ZL_300-5-USD-18x10.png",18,10,true],"woocommerce_thumbnail":["https:\/\/turkishtrade.co\/wp-content\/uploads\/2026\/01\/2400EJOMN00486-BROWN-ZL_300-5-USD-400x250.png",400,250,true],"woocommerce_single":["https:\/\/turkishtrade.co\/wp-content\/uploads\/2026\/01\/2400EJOMN00486-BROWN-ZL_300-5-USD.png",453,250,false],"woocommerce_gallery_thumbnail":["https:\/\/turkishtrade.co\/wp-content\/uploads\/2026\/01\/2400EJOMN00486-BROWN-ZL_300-5-USD-100x100.png",100,100,true]},"uagb_author_info":{"display_name":"yaser olabi","author_link":"https:\/\/turkishtrade.co\/es\/author\/"},"uagb_comment_info":0,"uagb_excerpt":"Outer Material: 100% Genuine Calf Leather Inner Material: 100% Genuine Goat Leather Outsole: Durable and Lightweight EVA Heel Type: Elevated Chunky Platform Sole Design Detail: Elegant Gold-Tone Horsebit Accent Available Sizes: EU 39, 40, 41, 42, 43, 44, 45 Minimum Order: 8 Pairs (wholesale pricing available) Estimated Delivery: 12 Days + Shipping","_links":{"self":[{"href":"https:\/\/turkishtrade.co\/es\/wp-json\/wp\/v2\/product\/5976","targetHints":{"allow":["GET"]}}],"collection":[{"href":"https:\/\/turkishtrade.co\/es\/wp-json\/wp\/v2\/product"}],"about":[{"href":"https:\/\/turkishtrade.co\/es\/wp-json\/wp\/v2\/types\/product"}],"wp:featuredmedia":[{"embeddable":true,"href":"https:\/\/turkishtrade.co\/es\/wp-json\/wp\/v2\/media\/3986"}],"wp:attachment":[{"href":"https:\/\/turkishtrade.co\/es\/wp-json\/wp\/v2\/media?parent=5976"}],"wp:term":[{"taxonomy":"product_brand","embeddable":true,"href":"https:\/\/turkishtrade.co\/es\/wp-json\/wp\/v2\/product_brand?post=5976"},{"taxonomy":"product_cat","embeddable":true,"href":"https:\/\/turkishtrade.co\/es\/wp-json\/wp\/v2\/product_cat?post=5976"},{"taxonomy":"product_tag","embeddable":true,"href":"https:\/\/turkishtrade.co\/es\/wp-json\/wp\/v2\/product_tag?post=5976"}],"curies":[{"name":"wp","href":"https:\/\/api.w.org\/{rel}","templated":true}]}}