{"id":5968,"date":"2026-01-14T13:51:23","date_gmt":"2026-01-14T13:51:23","guid":{"rendered":"https:\/\/turkishtrade.co\/product\/men-s-suede-chunky-derbies\/"},"modified":"2026-04-09T19:18:18","modified_gmt":"2026-04-09T19:18:18","slug":"mens-suede-chunky-derbies","status":"publish","type":"product","link":"https:\/\/turkishtrade.co\/es\/shop\/mens-suede-chunky-derbies\/","title":{"rendered":"Derbies gruesos de ante de primera calidad para hombre"},"content":{"rendered":"<p><strong>Derbies gruesos de ante para hombre<\/strong><\/p>\n<p>Eleve su colecci\u00f3n de calzado con nuestros exquisitos <b>Derbies gruesos de ante para hombre<\/b>, una mezcla perfecta de sofisticaci\u00f3n cl\u00e1sica y estilo contempor\u00e1neo. Estos excepcionales derbies est\u00e1n dise\u00f1ados para el hombre moderno que valora tanto la est\u00e9tica como la comodidad. El lujoso acabado de ante, elaborado meticulosamente a partir de piel de ternero de primera calidad, ofrece una textura rica y un atractivo atemporal, lo que hace que estos <b>Derbies gruesos de ante para hombre<\/b> una opci\u00f3n vers\u00e1til para diversas ocasiones.<\/p>\n<p>La distintiva suela gruesa de EVA aporta un toque atrevido a la vez que garantiza una comodidad y una sujeci\u00f3n superiores durante todo el d\u00eda, lo que las distingue del calzado ordinario.<\/p>\n<h3>Confort inigualable y materiales de calidad<\/h3>\n<p>Experimenta una comodidad inigualable a cada paso con estos zapatos meticulosamente elaborados. El exterior est\u00e1 confeccionado en piel de ternero de alta calidad, expertamente transformada en un ante afelpado que es a la vez elegante y duradero. En el interior, tus pies se acunar\u00e1n bajo el suave abrazo del forro de piel de cabra aut\u00e9ntica, famosa por su transpirabilidad y tacto suave, que evita las molestias incluso durante un uso prolongado.<\/p>\n<p>La suela de EVA, robusta pero ligera, no s\u00f3lo se suma a la est\u00e9tica contempor\u00e1nea, sino que tambi\u00e9n ofrece una excelente absorci\u00f3n de impactos, por lo que estas <b>Derbies gruesos de ante para hombre<\/b> incre\u00edblemente c\u00f3modos para la exploraci\u00f3n urbana o las salidas informales.<\/p>\n<p>Esta combinaci\u00f3n de materiales de primera calidad garantiza longevidad y un tacto lujoso.<\/p>\n<h3>Estilo vers\u00e1til y artesan\u00eda experta<\/h3>\n<p>Dise\u00f1ados para ofrecer la m\u00e1xima versatilidad, nuestros <b>Derbies gruesos de ante para hombre<\/b> para pasar sin esfuerzo de un look relajado de fin de semana a un conjunto elegante e informal para la oficina. Comb\u00ednalas con pantalones de sastrer\u00eda, chinos o tus vaqueros favoritos para lucir un atuendo elevado al instante. Disponibles en una amplia gama de tallas, de la UE 39 a la 45, garantizamos un ajuste perfecto para una clientela amplia.<\/p>\n<p>Cada par refleja un trabajo artesanal superior, prestando atenci\u00f3n a los detalles, desde la precisi\u00f3n de las costuras hasta la durabilidad del sistema de cordones. <b>Derbies gruesos de ante para hombre<\/b> en cualquier armario exigente.<\/p>\n<p>Su elegancia discreta con un toque moderno los convierte en una elecci\u00f3n imprescindible.<\/p>\n<h3>Oportunidad de venta al por mayor para minoristas<\/h3>\n<p>Para las empresas que desean almacenar calzado de moda y de alta calidad, estos <b>Derbies gruesos de ante para hombre<\/b> son una opci\u00f3n ideal. Ofrecemos estos zapatos de primera calidad con una cantidad m\u00ednima de pedido de 8 pares, atendiendo espec\u00edficamente a las necesidades de los mayoristas. Con un plazo de entrega de aproximadamente 12 d\u00edas m\u00e1s gastos de env\u00edo, puede planificar eficazmente su inventario y satisfacer las demandas de los clientes.<\/p>\n<p>Invierta en estos codiciados <b>Derbies gruesos de ante para hombre<\/b> y proporcione a sus clientes un calzado que destaque por su calidad, comodidad y estilo vanguardista. Se trata de una aut\u00e9ntica inversi\u00f3n en elegancia atemporal y dise\u00f1o moderno, que promete la satisfacci\u00f3n del cliente y la repetici\u00f3n del negocio.<\/p>","protected":false},"excerpt":{"rendered":"<ul>\n<li>Exterior de lujosa piel de ante de ternero<\/li>\n<li>Forro interior de piel de cabra suave y transpirable para un confort superior<\/li>\n<li>Suela de EVA gruesa, duradera, ligera y moderna<\/li>\n<li>Disponible en una amplia gama de tallas: UE 39-45<\/li>\n<li>Cantidad m\u00ednima de pedido: 8 pares (ideal para socios mayoristas)<\/li>\n<li>Plazo de entrega: Aproximadamente 12 d\u00edas + gastos de env\u00edo<\/li>\n<\/ul>","protected":false},"featured_media":3982,"template":"","meta":{"_acf_changed":false,"_uag_custom_page_level_css":"","site-sidebar-layout":"default","site-content-layout":"","ast-site-content-layout":"default","site-content-style":"default","site-sidebar-style":"default","ast-global-header-display":"","ast-banner-title-visibility":"","ast-main-header-display":"","ast-hfb-above-header-display":"","ast-hfb-below-header-display":"","ast-hfb-mobile-header-display":"","site-post-title":"","ast-breadcrumbs-content":"","ast-featured-img":"","footer-sml-layout":"","ast-disable-related-posts":"","theme-transparent-header-meta":"default","adv-header-id-meta":"","stick-header-meta":"","header-above-stick-meta":"","header-main-stick-meta":"","header-below-stick-meta":"","astra-migrate-meta-layouts":"set","ast-page-background-enabled":"default","ast-page-background-meta":{"desktop":{"background-color":"var(--ast-global-color-4)","background-image":"","background-repeat":"repeat","background-position":"center center","background-size":"auto","background-attachment":"scroll","background-type":"","background-media":"","overlay-type":"","overlay-color":"","overlay-opacity":"","overlay-gradient":""},"tablet":{"background-color":"","background-image":"","background-repeat":"repeat","background-position":"center center","background-size":"auto","background-attachment":"scroll","background-type":"","background-media":"","overlay-type":"","overlay-color":"","overlay-opacity":"","overlay-gradient":""},"mobile":{"background-color":"","background-image":"","background-repeat":"repeat","background-position":"center center","background-size":"auto","background-attachment":"scroll","background-type":"","background-media":"","overlay-type":"","overlay-color":"","overlay-opacity":"","overlay-gradient":""}},"ast-content-background-meta":{"desktop":{"background-color":"var(--ast-global-color-5)","background-image":"","background-repeat":"repeat","background-position":"center center","background-size":"auto","background-attachment":"scroll","background-type":"","background-media":"","overlay-type":"","overlay-color":"","overlay-opacity":"","overlay-gradient":""},"tablet":{"background-color":"var(--ast-global-color-5)","background-image":"","background-repeat":"repeat","background-position":"center center","background-size":"auto","background-attachment":"scroll","background-type":"","background-media":"","overlay-type":"","overlay-color":"","overlay-opacity":"","overlay-gradient":""},"mobile":{"background-color":"var(--ast-global-color-5)","background-image":"","background-repeat":"repeat","background-position":"center center","background-size":"auto","background-attachment":"scroll","background-type":"","background-media":"","overlay-type":"","overlay-color":"","overlay-opacity":"","overlay-gradient":""}}},"product_brand":[],"product_cat":[48,47,49,430,40],"product_tag":[202,449,331,222,438,437,227,396,1109,917,380,283,281],"class_list":{"0":"post-5968","1":"product","2":"type-product","3":"status-publish","4":"has-post-thumbnail","6":"product_cat-casual","7":"product_cat-classic","8":"product_cat-loafer","9":"product_cat-men","10":"product_cat-mens-shoes","11":"product_tag-calf-leather","12":"product_tag-casual-shoes","13":"product_tag-chunky-sole-shoes","14":"product_tag-comfortable-shoes","15":"product_tag-eva-sole","16":"product_tag-goat-leather","17":"product_tag-leather-shoes","18":"product_tag-mens-derbies","19":"product_tag-mens-suede-chunky-derbies","20":"product_tag-premium-quality","21":"product_tag-smart-casual-footwear","22":"product_tag-suede-shoes","23":"product_tag-wholesale-shoes","24":"desktop-align-center","25":"tablet-align-center","26":"mobile-align-center","28":"first","29":"instock","30":"shipping-taxable","31":"purchasable","32":"product-type-variable","33":"has-default-attributes"},"acf":[],"uagb_featured_image_src":{"full":["https:\/\/turkishtrade.co\/wp-content\/uploads\/2026\/01\/2400EJOMN00442-GREY-TOV_11-2-USD.png",453,250,false],"thumbnail":["https:\/\/turkishtrade.co\/wp-content\/uploads\/2026\/01\/2400EJOMN00442-GREY-TOV_11-2-USD-150x150.png",150,150,true],"medium":["https:\/\/turkishtrade.co\/wp-content\/uploads\/2026\/01\/2400EJOMN00442-GREY-TOV_11-2-USD-300x166.png",300,166,true],"medium_large":["https:\/\/turkishtrade.co\/wp-content\/uploads\/2026\/01\/2400EJOMN00442-GREY-TOV_11-2-USD.png",453,250,false],"large":["https:\/\/turkishtrade.co\/wp-content\/uploads\/2026\/01\/2400EJOMN00442-GREY-TOV_11-2-USD.png",453,250,false],"1536x1536":["https:\/\/turkishtrade.co\/wp-content\/uploads\/2026\/01\/2400EJOMN00442-GREY-TOV_11-2-USD.png",453,250,false],"2048x2048":["https:\/\/turkishtrade.co\/wp-content\/uploads\/2026\/01\/2400EJOMN00442-GREY-TOV_11-2-USD.png",453,250,false],"trp-custom-language-flag":["https:\/\/turkishtrade.co\/wp-content\/uploads\/2026\/01\/2400EJOMN00442-GREY-TOV_11-2-USD-18x10.png",18,10,true],"woocommerce_thumbnail":["https:\/\/turkishtrade.co\/wp-content\/uploads\/2026\/01\/2400EJOMN00442-GREY-TOV_11-2-USD-400x250.png",400,250,true],"woocommerce_single":["https:\/\/turkishtrade.co\/wp-content\/uploads\/2026\/01\/2400EJOMN00442-GREY-TOV_11-2-USD.png",453,250,false],"woocommerce_gallery_thumbnail":["https:\/\/turkishtrade.co\/wp-content\/uploads\/2026\/01\/2400EJOMN00442-GREY-TOV_11-2-USD-100x100.png",100,100,true]},"uagb_author_info":{"display_name":"yaser olabi","author_link":"https:\/\/turkishtrade.co\/es\/author\/"},"uagb_comment_info":0,"uagb_excerpt":"Crafted from luxurious calf suede leather exterior Soft, breathable goat leather interior lining for superior comfort Durable, lightweight, and modern chunky EVA sole Available in a wide range of sizes: EU 39-45 Minimum order quantity: 8 pairs (ideal for wholesale partners) Delivery time: Approximately 12 days + shipping","_links":{"self":[{"href":"https:\/\/turkishtrade.co\/es\/wp-json\/wp\/v2\/product\/5968","targetHints":{"allow":["GET"]}}],"collection":[{"href":"https:\/\/turkishtrade.co\/es\/wp-json\/wp\/v2\/product"}],"about":[{"href":"https:\/\/turkishtrade.co\/es\/wp-json\/wp\/v2\/types\/product"}],"wp:featuredmedia":[{"embeddable":true,"href":"https:\/\/turkishtrade.co\/es\/wp-json\/wp\/v2\/media\/3982"}],"wp:attachment":[{"href":"https:\/\/turkishtrade.co\/es\/wp-json\/wp\/v2\/media?parent=5968"}],"wp:term":[{"taxonomy":"product_brand","embeddable":true,"href":"https:\/\/turkishtrade.co\/es\/wp-json\/wp\/v2\/product_brand?post=5968"},{"taxonomy":"product_cat","embeddable":true,"href":"https:\/\/turkishtrade.co\/es\/wp-json\/wp\/v2\/product_cat?post=5968"},{"taxonomy":"product_tag","embeddable":true,"href":"https:\/\/turkishtrade.co\/es\/wp-json\/wp\/v2\/product_tag?post=5968"}],"curies":[{"name":"wp","href":"https:\/\/api.w.org\/{rel}","templated":true}]}}