{"id":5959,"date":"2026-01-14T13:49:49","date_gmt":"2026-01-14T13:49:49","guid":{"rendered":"https:\/\/turkishtrade.co\/product\/mens-brown-leather-loafers-4\/"},"modified":"2026-04-09T19:18:32","modified_gmt":"2026-04-09T19:18:32","slug":"mens-brown-leather-loafers-4","status":"publish","type":"product","link":"https:\/\/turkishtrade.co\/es\/shop\/mens-brown-leather-loafers-4\/","title":{"rendered":"Mocasines de hombre con suela gruesa de cuero marr\u00f3n de primera calidad"},"content":{"rendered":"<p><strong>Mocasines de hombre de piel marr\u00f3n<\/strong><\/p>\n<p>Eleve su colecci\u00f3n de calzado con estos excepcionales <strong>mocasines de hombre de cuero marr\u00f3n<\/strong>, dise\u00f1ados para el caballero exigente que valora tanto el estilo como la esencia. Estos mocasines, que combinan a la perfecci\u00f3n la est\u00e9tica cl\u00e1sica de los mocasines con una suela gruesa contempor\u00e1nea, son un testimonio de artesan\u00eda superior y materiales de lujo. Desde la sala de juntas hasta las salidas informales, estos <strong>mocasines de hombre de cuero marr\u00f3n<\/strong> proporcionan una fusi\u00f3n sin igual de sofisticaci\u00f3n y confort robusto.<\/p>\n<h3>Calidad y artesan\u00eda inigualables<\/h3>\n<p>Cada par de estas <strong>mocasines de hombre de cuero marr\u00f3n<\/strong> est\u00e1 fabricado meticulosamente con los mejores materiales. El exterior est\u00e1 confeccionado en piel de becerro, conocida por su incre\u00edble durabilidad, su aspecto elegante y su capacidad para amoldarse perfectamente al pie con el paso del tiempo. Esta piel de becerro de alta calidad garantiza que sus mocasines no s\u00f3lo tendr\u00e1n un aspecto impresionante, sino que tambi\u00e9n resistir\u00e1n el paso del tiempo, convirti\u00e9ndose en una parte apreciada de su vestuario durante a\u00f1os.<\/p>\n<p>La sensaci\u00f3n de lujo contin\u00faa con un interior forrado completamente con suave piel de cabra, que proporciona un entorno excepcionalmente suave y transpirable para tus pies. Este forro natural evacua la humedad, garantizando la comodidad durante todo el d\u00eda.<\/p>\n<h3>Dise\u00f1o moderno y comodidad duradera<\/h3>\n<p>El rasgo distintivo de estos <strong>mocasines de hombre de cuero marr\u00f3n<\/strong> es su suela gruesa de EVA, ligera pero incre\u00edblemente resistente. Esta moderna suela proporciona una excelente amortiguaci\u00f3n y sujeci\u00f3n, por lo que son ideales para un uso prolongado sin sacrificar el estilo. El dise\u00f1o grueso aporta un toque contempor\u00e1neo a la silueta atemporal de los mocasines, para que te sientas segura all\u00e1 donde vayas.<\/p>\n<p>Disponibles en una amplia gama de tallas para hombre, de la 39 a la 45, encontrar el ajuste perfecto no supone ning\u00fan esfuerzo. Estos vers\u00e1tiles <strong>mocasines de hombre de cuero marr\u00f3n<\/strong> son algo m\u00e1s que zapatos: son una inversi\u00f3n en estilo y comodidad.<\/p>\n<h3>Disponibilidad a granel y abastecimiento sin fisuras<\/h3>\n<p>Para los minoristas y las empresas que desean almacenar calzado de alta calidad, estos exquisitos <strong>mocasines de hombre de cuero marr\u00f3n<\/strong> est\u00e1n disponibles para pedidos al por mayor. Con una cantidad m\u00ednima de pedido de s\u00f3lo 8 pares, es f\u00e1cil a\u00f1adir estos populares mocasines a su inventario. Garantizamos un proceso \u00e1gil con un plazo de entrega de aproximadamente 12 d\u00edas m\u00e1s gastos de env\u00edo, con lo que estos mocasines premium <strong>mocasines de hombre de cuero marr\u00f3n<\/strong> directamente a su puerta.<\/p>\n<p>Experimente la mezcla perfecta de elegancia tradicional y practicidad moderna con estos mocasines imprescindibles.<\/p>","protected":false},"excerpt":{"rendered":"<ul>\n<li>Exquisito exterior de piel de becerro<\/li>\n<li>Lujoso interior de piel de cabra para un confort supremo<\/li>\n<li>Suela gruesa de EVA duradera y ligera<\/li>\n<li>Mocasines cl\u00e1sicos con un toque moderno<\/li>\n<li>Disponible en tallas de hombre: 39, 40, 41, 42, 43, 44, 45<\/li>\n<li>Cantidad m\u00ednima de pedido: 8 Pares<\/li>\n<li>Plazo de entrega: 12 d\u00edas + gastos de env\u00edo<\/li>\n<\/ul>","protected":false},"featured_media":3978,"template":"","meta":{"_acf_changed":false,"_uag_custom_page_level_css":"","site-sidebar-layout":"default","site-content-layout":"","ast-site-content-layout":"default","site-content-style":"default","site-sidebar-style":"default","ast-global-header-display":"","ast-banner-title-visibility":"","ast-main-header-display":"","ast-hfb-above-header-display":"","ast-hfb-below-header-display":"","ast-hfb-mobile-header-display":"","site-post-title":"","ast-breadcrumbs-content":"","ast-featured-img":"","footer-sml-layout":"","ast-disable-related-posts":"","theme-transparent-header-meta":"default","adv-header-id-meta":"","stick-header-meta":"","header-above-stick-meta":"","header-main-stick-meta":"","header-below-stick-meta":"","astra-migrate-meta-layouts":"set","ast-page-background-enabled":"default","ast-page-background-meta":{"desktop":{"background-color":"var(--ast-global-color-4)","background-image":"","background-repeat":"repeat","background-position":"center center","background-size":"auto","background-attachment":"scroll","background-type":"","background-media":"","overlay-type":"","overlay-color":"","overlay-opacity":"","overlay-gradient":""},"tablet":{"background-color":"","background-image":"","background-repeat":"repeat","background-position":"center center","background-size":"auto","background-attachment":"scroll","background-type":"","background-media":"","overlay-type":"","overlay-color":"","overlay-opacity":"","overlay-gradient":""},"mobile":{"background-color":"","background-image":"","background-repeat":"repeat","background-position":"center center","background-size":"auto","background-attachment":"scroll","background-type":"","background-media":"","overlay-type":"","overlay-color":"","overlay-opacity":"","overlay-gradient":""}},"ast-content-background-meta":{"desktop":{"background-color":"var(--ast-global-color-5)","background-image":"","background-repeat":"repeat","background-position":"center center","background-size":"auto","background-attachment":"scroll","background-type":"","background-media":"","overlay-type":"","overlay-color":"","overlay-opacity":"","overlay-gradient":""},"tablet":{"background-color":"var(--ast-global-color-5)","background-image":"","background-repeat":"repeat","background-position":"center center","background-size":"auto","background-attachment":"scroll","background-type":"","background-media":"","overlay-type":"","overlay-color":"","overlay-opacity":"","overlay-gradient":""},"mobile":{"background-color":"var(--ast-global-color-5)","background-image":"","background-repeat":"repeat","background-position":"center center","background-size":"auto","background-attachment":"scroll","background-type":"","background-media":"","overlay-type":"","overlay-color":"","overlay-opacity":"","overlay-gradient":""}}},"product_brand":[],"product_cat":[430,40,15],"product_tag":[147,555,512,304,1105,978,438,908,215,198,186,362,670,456],"class_list":{"0":"post-5959","1":"product","2":"type-product","3":"status-publish","4":"has-post-thumbnail","6":"product_cat-men","7":"product_cat-mens-shoes","8":"product_cat-uncategorized","9":"product_tag-brown-loafers","10":"product_tag-calfskin-loafers","11":"product_tag-casual-loafers","12":"product_tag-chunky-sole-loafers","13":"product_tag-contemporary-loafers","14":"product_tag-dress-casual-shoes","15":"product_tag-eva-sole","16":"product_tag-goat-leather-shoes","17":"product_tag-leather-loafers","18":"product_tag-mens-fashion","19":"product_tag-mens-loafers","20":"product_tag-premium-footwear","21":"product_tag-stylish-loafers","22":"product_tag-wholesale-loafers","23":"desktop-align-center","24":"tablet-align-center","25":"mobile-align-center","27":"first","28":"instock","29":"shipping-taxable","30":"purchasable","31":"product-type-variable","32":"has-default-attributes"},"acf":[],"uagb_featured_image_src":{"full":["https:\/\/turkishtrade.co\/wp-content\/uploads\/2026\/01\/2400EJOMN00378-BROWN-YOK-10-2-USD.png",453,250,false],"thumbnail":["https:\/\/turkishtrade.co\/wp-content\/uploads\/2026\/01\/2400EJOMN00378-BROWN-YOK-10-2-USD-150x150.png",150,150,true],"medium":["https:\/\/turkishtrade.co\/wp-content\/uploads\/2026\/01\/2400EJOMN00378-BROWN-YOK-10-2-USD-300x166.png",300,166,true],"medium_large":["https:\/\/turkishtrade.co\/wp-content\/uploads\/2026\/01\/2400EJOMN00378-BROWN-YOK-10-2-USD.png",453,250,false],"large":["https:\/\/turkishtrade.co\/wp-content\/uploads\/2026\/01\/2400EJOMN00378-BROWN-YOK-10-2-USD.png",453,250,false],"1536x1536":["https:\/\/turkishtrade.co\/wp-content\/uploads\/2026\/01\/2400EJOMN00378-BROWN-YOK-10-2-USD.png",453,250,false],"2048x2048":["https:\/\/turkishtrade.co\/wp-content\/uploads\/2026\/01\/2400EJOMN00378-BROWN-YOK-10-2-USD.png",453,250,false],"trp-custom-language-flag":["https:\/\/turkishtrade.co\/wp-content\/uploads\/2026\/01\/2400EJOMN00378-BROWN-YOK-10-2-USD-18x10.png",18,10,true],"woocommerce_thumbnail":["https:\/\/turkishtrade.co\/wp-content\/uploads\/2026\/01\/2400EJOMN00378-BROWN-YOK-10-2-USD-400x250.png",400,250,true],"woocommerce_single":["https:\/\/turkishtrade.co\/wp-content\/uploads\/2026\/01\/2400EJOMN00378-BROWN-YOK-10-2-USD.png",453,250,false],"woocommerce_gallery_thumbnail":["https:\/\/turkishtrade.co\/wp-content\/uploads\/2026\/01\/2400EJOMN00378-BROWN-YOK-10-2-USD-100x100.png",100,100,true]},"uagb_author_info":{"display_name":"yaser olabi","author_link":"https:\/\/turkishtrade.co\/es\/author\/"},"uagb_comment_info":0,"uagb_excerpt":"Exquisite Calfskin Leather Exterior Luxurious Goat Leather Interior for Supreme Comfort Durable, Lightweight EVA Chunky Sole Classic Loafer Style with a Modern Edge Available in Men's Sizes: 39, 40, 41, 42, 43, 44, 45 Minimum Order Quantity: 8 Pairs Delivery Time: 12 Days + Shipping","_links":{"self":[{"href":"https:\/\/turkishtrade.co\/es\/wp-json\/wp\/v2\/product\/5959","targetHints":{"allow":["GET"]}}],"collection":[{"href":"https:\/\/turkishtrade.co\/es\/wp-json\/wp\/v2\/product"}],"about":[{"href":"https:\/\/turkishtrade.co\/es\/wp-json\/wp\/v2\/types\/product"}],"wp:featuredmedia":[{"embeddable":true,"href":"https:\/\/turkishtrade.co\/es\/wp-json\/wp\/v2\/media\/3978"}],"wp:attachment":[{"href":"https:\/\/turkishtrade.co\/es\/wp-json\/wp\/v2\/media?parent=5959"}],"wp:term":[{"taxonomy":"product_brand","embeddable":true,"href":"https:\/\/turkishtrade.co\/es\/wp-json\/wp\/v2\/product_brand?post=5959"},{"taxonomy":"product_cat","embeddable":true,"href":"https:\/\/turkishtrade.co\/es\/wp-json\/wp\/v2\/product_cat?post=5959"},{"taxonomy":"product_tag","embeddable":true,"href":"https:\/\/turkishtrade.co\/es\/wp-json\/wp\/v2\/product_tag?post=5959"}],"curies":[{"name":"wp","href":"https:\/\/api.w.org\/{rel}","templated":true}]}}