{"id":5956,"date":"2026-01-14T13:49:25","date_gmt":"2026-01-14T13:49:25","guid":{"rendered":"https:\/\/turkishtrade.co\/product\/mens-chunky-leather-loafer\/"},"modified":"2026-04-09T19:18:34","modified_gmt":"2026-04-09T19:18:34","slug":"mens-chunky-leather-loafer","status":"publish","type":"product","link":"https:\/\/turkishtrade.co\/es\/shop\/mens-chunky-leather-loafer\/","title":{"rendered":"Mocas\u00edn de cuero grueso azul marino de primera calidad para hombre"},"content":{"rendered":"<p><strong>Mocas\u00edn de cuero grueso para hombre<\/strong><\/p>\n<p>Descubra la mezcla definitiva de estilo cl\u00e1sico y confort contempor\u00e1neo con nuestro exquisito <strong>Mocas\u00edn de cuero grueso para hombre<\/strong>. Dise\u00f1ado para el hombre moderno que valora tanto la elegancia como el atractivo pr\u00e1ctico, este mocas\u00edn redefine la sofisticaci\u00f3n informal. Elaborados con meticulosa atenci\u00f3n al detalle, cada par promete elevar su atuendo diario, haciendo una declaraci\u00f3n sutil pero impactante.<\/p>\n<p>Este no es un zapato cualquiera; es una inversi\u00f3n en estilo perdurable y comodidad sin igual que hace que nuestro <strong>mocas\u00edn de cuero grueso para hombre<\/strong> imprescindible.<\/p>\n<h3>Calidad y materiales inigualables<\/h3>\n<p>Experimente el tacto lujoso de los materiales aut\u00e9nticos. El exterior de este excepcional <strong>Mocas\u00edn de cuero grueso para hombre<\/strong> est\u00e1 confeccionado en piel de becerro de primera calidad, famosa por su textura flexible, su durabilidad y su capacidad para envejecer maravillosamente. El intenso tono azul marino, visible en la imagen adjunta, a\u00f1ade un toque vers\u00e1til, perfecto para combinar con una amplia gama de atuendos, desde pantalones de sastrer\u00eda hasta elegantes vaqueros informales.<\/p>\n<p>En el interior, tus pies estar\u00e1n envueltos en la suavidad del forro de aut\u00e9ntica piel de cabra, que proporciona una transpirabilidad superior y un ajuste excepcionalmente c\u00f3modo desde el primer uso.<\/p>\n<h3>Comodidad moderna con una suela llamativa<\/h3>\n<p>Lo que realmente <strong>Mocas\u00edn de cuero grueso para hombre<\/strong> es su distintiva suela gruesa de EVA. Esta suela ligera pero robusta ofrece una amortiguaci\u00f3n superior y una excelente absorci\u00f3n de impactos, garantizando la comodidad durante todo el d\u00eda, tanto si te mueves por las calles de la ciudad como si te relajas en una cafeter\u00eda. La suela gruesa no s\u00f3lo aporta una est\u00e9tica moderna, sino que tambi\u00e9n mejora el agarre y la estabilidad, combinando a la perfecci\u00f3n forma y funcionalidad.<\/p>\n<p>Se trata de una atrevida actualizaci\u00f3n del mocas\u00edn tradicional, que inyecta una sensibilidad fresca y vanguardista a un dise\u00f1o atemporal.<\/p>\n<h3>Versatilidad y oportunidades al por mayor<\/h3>\n<p>Ideal para diversas ocasiones, desde entornos informales de negocios hasta salidas de fin de semana, este <strong>Mocas\u00edn de cuero grueso para hombre<\/strong> es extraordinariamente vers\u00e1til. Su c\u00f3modo dise\u00f1o sin cordones facilita su uso, mientras que su fabricaci\u00f3n de alta calidad garantiza su longevidad. Somos conscientes de la importancia de un ajuste perfecto, por eso nuestros <strong>Mocas\u00edn de cuero grueso para hombre<\/strong> est\u00e1 disponible en una amplia gama de tallas, de la UE 39 a la 45.<\/p>\n<p>Para nuestros socios mayoristas, ofrecemos opciones de compra flexibles con una cantidad m\u00ednima de pedido de s\u00f3lo 8 pares, lo que garantiza que pueda abastecerse de este popular estilo con facilidad. Su pedido se entregar\u00e1 en un plazo de 12 d\u00edas m\u00e1s gastos de env\u00edo, con lo que este calzado de calidad superior estar\u00e1 directamente en su inventario. Elija nuestro <strong>Mocas\u00edn de cuero grueso para hombre<\/strong> y ofrezca a sus clientes un calzado que combina materiales lujosos, dise\u00f1o innovador y el m\u00e1ximo confort.<\/p>","protected":false},"excerpt":{"rendered":"<ul>\n<li>Exterior de piel de becerro de primera calidad para mayor durabilidad y estilo<\/li>\n<li>Lujoso forro interior de piel de cabra para un confort y una transpirabilidad excepcionales<\/li>\n<li>Elegante y c\u00f3moda Suela de EVA gruesa que ofrece una excelente amortiguaci\u00f3n y un atractivo moderno<\/li>\n<li>Una versi\u00f3n contempor\u00e1nea de un dise\u00f1o de mocas\u00edn atemporal<\/li>\n<li>Disponible en una amplia gama de tallas: EU 39, 40, 41, 42, 43, 44, 45<\/li>\n<li>Cantidad m\u00ednima de pedido: 8 Pares (para socios mayoristas)<\/li>\n<li>Plazo de entrega: 12 d\u00edas + gastos de env\u00edo<\/li>\n<\/ul>","protected":false},"featured_media":3977,"template":"","meta":{"_acf_changed":false,"_uag_custom_page_level_css":"","site-sidebar-layout":"default","site-content-layout":"","ast-site-content-layout":"default","site-content-style":"default","site-sidebar-style":"default","ast-global-header-display":"","ast-banner-title-visibility":"","ast-main-header-display":"","ast-hfb-above-header-display":"","ast-hfb-below-header-display":"","ast-hfb-mobile-header-display":"","site-post-title":"","ast-breadcrumbs-content":"","ast-featured-img":"","footer-sml-layout":"","ast-disable-related-posts":"","theme-transparent-header-meta":"default","adv-header-id-meta":"","stick-header-meta":"","header-above-stick-meta":"","header-main-stick-meta":"","header-below-stick-meta":"","astra-migrate-meta-layouts":"set","ast-page-background-enabled":"default","ast-page-background-meta":{"desktop":{"background-color":"var(--ast-global-color-4)","background-image":"","background-repeat":"repeat","background-position":"center center","background-size":"auto","background-attachment":"scroll","background-type":"","background-media":"","overlay-type":"","overlay-color":"","overlay-opacity":"","overlay-gradient":""},"tablet":{"background-color":"","background-image":"","background-repeat":"repeat","background-position":"center center","background-size":"auto","background-attachment":"scroll","background-type":"","background-media":"","overlay-type":"","overlay-color":"","overlay-opacity":"","overlay-gradient":""},"mobile":{"background-color":"","background-image":"","background-repeat":"repeat","background-position":"center center","background-size":"auto","background-attachment":"scroll","background-type":"","background-media":"","overlay-type":"","overlay-color":"","overlay-opacity":"","overlay-gradient":""}},"ast-content-background-meta":{"desktop":{"background-color":"var(--ast-global-color-5)","background-image":"","background-repeat":"repeat","background-position":"center center","background-size":"auto","background-attachment":"scroll","background-type":"","background-media":"","overlay-type":"","overlay-color":"","overlay-opacity":"","overlay-gradient":""},"tablet":{"background-color":"var(--ast-global-color-5)","background-image":"","background-repeat":"repeat","background-position":"center center","background-size":"auto","background-attachment":"scroll","background-type":"","background-media":"","overlay-type":"","overlay-color":"","overlay-opacity":"","overlay-gradient":""},"mobile":{"background-color":"var(--ast-global-color-5)","background-image":"","background-repeat":"repeat","background-position":"center center","background-size":"auto","background-attachment":"scroll","background-type":"","background-media":"","overlay-type":"","overlay-color":"","overlay-opacity":"","overlay-gradient":""}}},"product_brand":[],"product_cat":[430,40,15],"product_tag":[566,1100,1104,438,189,1101,1099,1103,1102,787],"class_list":{"0":"post-5956","1":"product","2":"type-product","3":"status-publish","4":"has-post-thumbnail","6":"product_cat-men","7":"product_cat-mens-shoes","8":"product_cat-uncategorized","9":"product_tag-calfskin-shoes","10":"product_tag-chunky-loafer","11":"product_tag-classic-modern-loafer","12":"product_tag-eva-sole","13":"product_tag-goat-leather-lining","14":"product_tag-leather-loafer","15":"product_tag-mens-loafer","16":"product_tag-navy-loafer","17":"product_tag-platform-loafer","18":"product_tag-premium-mens-shoes","19":"desktop-align-center","20":"tablet-align-center","21":"mobile-align-center","23":"first","24":"instock","25":"shipping-taxable","26":"purchasable","27":"product-type-variable","28":"has-default-attributes"},"acf":[],"uagb_featured_image_src":{"full":["https:\/\/turkishtrade.co\/wp-content\/uploads\/2026\/01\/2400EJOMN00374-DARK-BLUE-TOV_12-5-USD.png",453,250,false],"thumbnail":["https:\/\/turkishtrade.co\/wp-content\/uploads\/2026\/01\/2400EJOMN00374-DARK-BLUE-TOV_12-5-USD-150x150.png",150,150,true],"medium":["https:\/\/turkishtrade.co\/wp-content\/uploads\/2026\/01\/2400EJOMN00374-DARK-BLUE-TOV_12-5-USD-300x166.png",300,166,true],"medium_large":["https:\/\/turkishtrade.co\/wp-content\/uploads\/2026\/01\/2400EJOMN00374-DARK-BLUE-TOV_12-5-USD.png",453,250,false],"large":["https:\/\/turkishtrade.co\/wp-content\/uploads\/2026\/01\/2400EJOMN00374-DARK-BLUE-TOV_12-5-USD.png",453,250,false],"1536x1536":["https:\/\/turkishtrade.co\/wp-content\/uploads\/2026\/01\/2400EJOMN00374-DARK-BLUE-TOV_12-5-USD.png",453,250,false],"2048x2048":["https:\/\/turkishtrade.co\/wp-content\/uploads\/2026\/01\/2400EJOMN00374-DARK-BLUE-TOV_12-5-USD.png",453,250,false],"trp-custom-language-flag":["https:\/\/turkishtrade.co\/wp-content\/uploads\/2026\/01\/2400EJOMN00374-DARK-BLUE-TOV_12-5-USD-18x10.png",18,10,true],"woocommerce_thumbnail":["https:\/\/turkishtrade.co\/wp-content\/uploads\/2026\/01\/2400EJOMN00374-DARK-BLUE-TOV_12-5-USD-400x250.png",400,250,true],"woocommerce_single":["https:\/\/turkishtrade.co\/wp-content\/uploads\/2026\/01\/2400EJOMN00374-DARK-BLUE-TOV_12-5-USD.png",453,250,false],"woocommerce_gallery_thumbnail":["https:\/\/turkishtrade.co\/wp-content\/uploads\/2026\/01\/2400EJOMN00374-DARK-BLUE-TOV_12-5-USD-100x100.png",100,100,true]},"uagb_author_info":{"display_name":"yaser olabi","author_link":"https:\/\/turkishtrade.co\/es\/author\/"},"uagb_comment_info":0,"uagb_excerpt":"Premium Calfskin Leather Exterior for durability and style Luxurious Goat Leather Interior lining for exceptional comfort and breathability Stylish &amp; Comfortable Chunky EVA Sole offering excellent cushioning and modern appeal A contemporary take on a timeless loafer design Available in an extensive range of sizes: EU 39, 40, 41, 42, 43, 44, 45 Minimum Order&hellip;","_links":{"self":[{"href":"https:\/\/turkishtrade.co\/es\/wp-json\/wp\/v2\/product\/5956","targetHints":{"allow":["GET"]}}],"collection":[{"href":"https:\/\/turkishtrade.co\/es\/wp-json\/wp\/v2\/product"}],"about":[{"href":"https:\/\/turkishtrade.co\/es\/wp-json\/wp\/v2\/types\/product"}],"wp:featuredmedia":[{"embeddable":true,"href":"https:\/\/turkishtrade.co\/es\/wp-json\/wp\/v2\/media\/3977"}],"wp:attachment":[{"href":"https:\/\/turkishtrade.co\/es\/wp-json\/wp\/v2\/media?parent=5956"}],"wp:term":[{"taxonomy":"product_brand","embeddable":true,"href":"https:\/\/turkishtrade.co\/es\/wp-json\/wp\/v2\/product_brand?post=5956"},{"taxonomy":"product_cat","embeddable":true,"href":"https:\/\/turkishtrade.co\/es\/wp-json\/wp\/v2\/product_cat?post=5956"},{"taxonomy":"product_tag","embeddable":true,"href":"https:\/\/turkishtrade.co\/es\/wp-json\/wp\/v2\/product_tag?post=5956"}],"curies":[{"name":"wp","href":"https:\/\/api.w.org\/{rel}","templated":true}]}}