{"id":5952,"date":"2026-01-14T13:48:44","date_gmt":"2026-01-14T13:48:44","guid":{"rendered":"https:\/\/turkishtrade.co\/product\/men-chunky-leather-loafers\/"},"modified":"2026-04-09T19:18:41","modified_gmt":"2026-04-09T19:18:41","slug":"mens-chunky-leather-loafers-2","status":"publish","type":"product","link":"https:\/\/turkishtrade.co\/es\/shop\/mens-chunky-leather-loafers-2\/","title":{"rendered":"Mocasines de hombre en piel de becerro de primera calidad y suela gruesa"},"content":{"rendered":"<p><strong>Mocasines de piel gruesos para hombre<\/strong><\/p>\n<p>Eleve su colecci\u00f3n de calzado con nuestros exquisitos <strong>Mocasines de piel gruesos para hombre<\/strong>, dise\u00f1ados para el hombre moderno que valora tanto el estilo como la esencia. Estos mocasines de primera calidad presentan una est\u00e9tica sofisticada que los convierte en el complemento perfecto para conjuntos informales y semiformales. Elaborados con la m\u00e1xima atenci\u00f3n al detalle, estos mocasines <strong>Mocasines de piel gruesos para hombre<\/strong> establecen un nuevo est\u00e1ndar para el calzado contempor\u00e1neo.<\/p>\n<h3>Comodidad y artesan\u00eda inigualables<\/h3>\n<p>La robusta superficie exterior de estos <strong>Mocasines de piel gruesos para hombre<\/strong> est\u00e1 meticulosamente confeccionado en aut\u00e9ntica piel de becerro, conocida por su excepcional durabilidad y elegante textura, lo que garantiza que resistir\u00e1 el paso del tiempo.<\/p>\n<p>En el interior, tus pies experimentar\u00e1n un confort inigualable gracias al forro de piel de cabra suave y transpirable, que proporciona una sensaci\u00f3n de lujo a cada paso. La distintiva suela gruesa de EVA no s\u00f3lo a\u00f1ade un toque contempor\u00e1neo, sino que tambi\u00e9n ofrece una amortiguaci\u00f3n y un agarre superiores, haciendo que estas <strong>Mocasines de piel gruesos para hombre<\/strong> ideal para llevar todo el d\u00eda.<\/p>\n<h3>La combinaci\u00f3n perfecta de estilo y funcionalidad<\/h3>\n<p>Con una altura de tac\u00f3n cl\u00e1sica de 1-3 cm, estos mocasines logran el equilibrio perfecto entre estilo y practicidad. Cada par es un testimonio de calidad artesanal, dise\u00f1ado para ofrecer un uso duradero y mantener su aspecto refinado. Tanto si se desplaza por las calles de la ciudad como si asiste a un evento informal de negocios, estos <strong>Mocasines de piel gruesos para hombre<\/strong> proporcionan la combinaci\u00f3n definitiva de comodidad, sujeci\u00f3n y un estilo innegable.<\/p>\n<p>Nuestros vers\u00e1tiles mocasines est\u00e1n disponibles en una amplia gama de tallas, de la 39 a la 45, para satisfacer a una gran variedad de clientes. Su dise\u00f1o atemporal, combinado con una suela gruesa contempor\u00e1nea, garantiza que estos mocasines se adapten a todas las necesidades. <strong>Mocasines de piel gruesos para hombre<\/strong> siguen siendo un b\u00e1sico en cualquier armario de moda.<\/p>\n<h3>Oportunidades para la venta al por mayor de calzado de calidad<\/h3>\n<p>Para las empresas que desean enriquecer su oferta de productos, nuestros <strong>Mocasines de piel gruesos para hombre<\/strong> est\u00e1n disponibles para su compra al por mayor. Requerimos un pedido m\u00ednimo de 8 pares, para que pueda abastecerse eficazmente. Somos conscientes de la importancia de una entrega puntual, por lo que nos comprometemos a enviar los pedidos en un plazo de 12 d\u00edas, seguido de un env\u00edo de carga est\u00e1ndar.<\/p>\n<p>Acceda a precios competitivos solicitando nuestra lista de precios detallada. Invierta en estos excepcionales <strong>Mocasines de piel gruesos para hombre<\/strong> hoy mismo y proporcione a sus clientes un calzado que realmente destaque por su calidad y dise\u00f1o.<\/p>","protected":false},"excerpt":{"rendered":"<ul>\n<li><strong>Materiales de primera calidad:<\/strong> Confeccionados con piel de ternero aut\u00e9ntica en el exterior y suave piel de cabra en el interior para ofrecer una calidad superior.<\/li>\n<li><strong>Suela gruesa de EVA:<\/strong> Incorpora una suela de EVA duradera y c\u00f3moda, que ofrece una elegante altura de tac\u00f3n de 1-3 cm.<\/li>\n<li><strong>Amplia gama de tama\u00f1os:<\/strong> Disponible en las tallas 39, 40, 41, 42, 43, 44 y 45 para adaptarse a las diversas necesidades de los clientes.<\/li>\n<li><strong>Disponibilidad al por mayor:<\/strong> Pedido m\u00ednimo de 8 pares; ideal para minoristas y compradores al por mayor.<\/li>\n<li><strong>Entrega eficaz:<\/strong> Los pedidos se env\u00edan en un plazo de 12 d\u00edas + el tiempo de env\u00edo est\u00e1ndar.<\/li>\n<\/ul>","protected":false},"featured_media":3974,"template":"","meta":{"_acf_changed":false,"_uag_custom_page_level_css":"","site-sidebar-layout":"default","site-content-layout":"","ast-site-content-layout":"default","site-content-style":"default","site-sidebar-style":"default","ast-global-header-display":"","ast-banner-title-visibility":"","ast-main-header-display":"","ast-hfb-above-header-display":"","ast-hfb-below-header-display":"","ast-hfb-mobile-header-display":"","site-post-title":"","ast-breadcrumbs-content":"","ast-featured-img":"","footer-sml-layout":"","ast-disable-related-posts":"","theme-transparent-header-meta":"default","adv-header-id-meta":"","stick-header-meta":"","header-above-stick-meta":"","header-main-stick-meta":"","header-below-stick-meta":"","astra-migrate-meta-layouts":"set","ast-page-background-enabled":"default","ast-page-background-meta":{"desktop":{"background-color":"var(--ast-global-color-4)","background-image":"","background-repeat":"repeat","background-position":"center center","background-size":"auto","background-attachment":"scroll","background-type":"","background-media":"","overlay-type":"","overlay-color":"","overlay-opacity":"","overlay-gradient":""},"tablet":{"background-color":"","background-image":"","background-repeat":"repeat","background-position":"center center","background-size":"auto","background-attachment":"scroll","background-type":"","background-media":"","overlay-type":"","overlay-color":"","overlay-opacity":"","overlay-gradient":""},"mobile":{"background-color":"","background-image":"","background-repeat":"repeat","background-position":"center center","background-size":"auto","background-attachment":"scroll","background-type":"","background-media":"","overlay-type":"","overlay-color":"","overlay-opacity":"","overlay-gradient":""}},"ast-content-background-meta":{"desktop":{"background-color":"var(--ast-global-color-5)","background-image":"","background-repeat":"repeat","background-position":"center center","background-size":"auto","background-attachment":"scroll","background-type":"","background-media":"","overlay-type":"","overlay-color":"","overlay-opacity":"","overlay-gradient":""},"tablet":{"background-color":"var(--ast-global-color-5)","background-image":"","background-repeat":"repeat","background-position":"center center","background-size":"auto","background-attachment":"scroll","background-type":"","background-media":"","overlay-type":"","overlay-color":"","overlay-opacity":"","overlay-gradient":""},"mobile":{"background-color":"var(--ast-global-color-5)","background-image":"","background-repeat":"repeat","background-position":"center center","background-size":"auto","background-attachment":"scroll","background-type":"","background-media":"","overlay-type":"","overlay-color":"","overlay-opacity":"","overlay-gradient":""}}},"product_brand":[],"product_cat":[430,40,15],"product_tag":[185,512,304,950,438,189,1096,351,1095,186,362,546,281],"class_list":{"0":"post-5952","1":"product","2":"type-product","3":"status-publish","4":"has-post-thumbnail","6":"product_cat-men","7":"product_cat-mens-shoes","8":"product_cat-uncategorized","9":"product_tag-calf-leather-shoes","10":"product_tag-casual-loafers","11":"product_tag-chunky-sole-loafers","12":"product_tag-comfort-loafers","13":"product_tag-eva-sole","14":"product_tag-goat-leather-lining","15":"product_tag-grey-loafers","16":"product_tag-leather-footwear","17":"product_tag-mens-chunky-leather-loafers","18":"product_tag-mens-loafers","19":"product_tag-premium-footwear","20":"product_tag-stylish-mens-shoes","21":"product_tag-wholesale-shoes","22":"desktop-align-center","23":"tablet-align-center","24":"mobile-align-center","26":"first","27":"instock","28":"shipping-taxable","29":"purchasable","30":"product-type-variable","31":"has-default-attributes"},"acf":[],"uagb_featured_image_src":{"full":["https:\/\/turkishtrade.co\/wp-content\/uploads\/2026\/01\/2400EJOMN00354-BEIGE-DKS_7654-2-USD.png",453,250,false],"thumbnail":["https:\/\/turkishtrade.co\/wp-content\/uploads\/2026\/01\/2400EJOMN00354-BEIGE-DKS_7654-2-USD-150x150.png",150,150,true],"medium":["https:\/\/turkishtrade.co\/wp-content\/uploads\/2026\/01\/2400EJOMN00354-BEIGE-DKS_7654-2-USD-300x166.png",300,166,true],"medium_large":["https:\/\/turkishtrade.co\/wp-content\/uploads\/2026\/01\/2400EJOMN00354-BEIGE-DKS_7654-2-USD.png",453,250,false],"large":["https:\/\/turkishtrade.co\/wp-content\/uploads\/2026\/01\/2400EJOMN00354-BEIGE-DKS_7654-2-USD.png",453,250,false],"1536x1536":["https:\/\/turkishtrade.co\/wp-content\/uploads\/2026\/01\/2400EJOMN00354-BEIGE-DKS_7654-2-USD.png",453,250,false],"2048x2048":["https:\/\/turkishtrade.co\/wp-content\/uploads\/2026\/01\/2400EJOMN00354-BEIGE-DKS_7654-2-USD.png",453,250,false],"trp-custom-language-flag":["https:\/\/turkishtrade.co\/wp-content\/uploads\/2026\/01\/2400EJOMN00354-BEIGE-DKS_7654-2-USD-18x10.png",18,10,true],"woocommerce_thumbnail":["https:\/\/turkishtrade.co\/wp-content\/uploads\/2026\/01\/2400EJOMN00354-BEIGE-DKS_7654-2-USD-400x250.png",400,250,true],"woocommerce_single":["https:\/\/turkishtrade.co\/wp-content\/uploads\/2026\/01\/2400EJOMN00354-BEIGE-DKS_7654-2-USD.png",453,250,false],"woocommerce_gallery_thumbnail":["https:\/\/turkishtrade.co\/wp-content\/uploads\/2026\/01\/2400EJOMN00354-BEIGE-DKS_7654-2-USD-100x100.png",100,100,true]},"uagb_author_info":{"display_name":"yaser olabi","author_link":"https:\/\/turkishtrade.co\/es\/author\/"},"uagb_comment_info":0,"uagb_excerpt":"Premium Materials: Crafted with genuine calf leather outer and soft goat leather inner for superior quality. Chunky EVA Sole: Features a durable and comfortable EVA sole, offering a stylish 1-3 cm heel height. Wide Size Range: Available in sizes 39, 40, 41, 42, 43, 44, 45 to fit diverse customer needs. Wholesale Availability: Minimum order&hellip;","_links":{"self":[{"href":"https:\/\/turkishtrade.co\/es\/wp-json\/wp\/v2\/product\/5952","targetHints":{"allow":["GET"]}}],"collection":[{"href":"https:\/\/turkishtrade.co\/es\/wp-json\/wp\/v2\/product"}],"about":[{"href":"https:\/\/turkishtrade.co\/es\/wp-json\/wp\/v2\/types\/product"}],"wp:featuredmedia":[{"embeddable":true,"href":"https:\/\/turkishtrade.co\/es\/wp-json\/wp\/v2\/media\/3974"}],"wp:attachment":[{"href":"https:\/\/turkishtrade.co\/es\/wp-json\/wp\/v2\/media?parent=5952"}],"wp:term":[{"taxonomy":"product_brand","embeddable":true,"href":"https:\/\/turkishtrade.co\/es\/wp-json\/wp\/v2\/product_brand?post=5952"},{"taxonomy":"product_cat","embeddable":true,"href":"https:\/\/turkishtrade.co\/es\/wp-json\/wp\/v2\/product_cat?post=5952"},{"taxonomy":"product_tag","embeddable":true,"href":"https:\/\/turkishtrade.co\/es\/wp-json\/wp\/v2\/product_tag?post=5952"}],"curies":[{"name":"wp","href":"https:\/\/api.w.org\/{rel}","templated":true}]}}