{"id":5946,"date":"2026-01-14T13:47:36","date_gmt":"2026-01-14T13:47:36","guid":{"rendered":"https:\/\/turkishtrade.co\/product\/mens-black-leather-chunky-derby-shoes\/"},"modified":"2026-04-09T19:18:52","modified_gmt":"2026-04-09T19:18:52","slug":"mens-black-leather-chunky-derby-shoes","status":"publish","type":"product","link":"https:\/\/turkishtrade.co\/es\/shop\/mens-black-leather-chunky-derby-shoes\/","title":{"rendered":"Premium Men's Black Leather Chunky Derby Shoes"},"content":{"rendered":"<p><strong>Zapatos Derby gruesos de piel negra para hombre<\/strong><\/p>\n<p>Disfrute de un confort sofisticado con nuestro <b>Zapatos Derby gruesos de piel negra para hombre<\/b>. Dise\u00f1ados por expertos para el hombre moderno, estos zapatos combinan un estilo atemporal con una robustez contempor\u00e1nea. Tanto si te vistes para un evento informal de negocios como para una salida de fin de semana con estilo, estos vers\u00e1tiles zapatos Derby prometen elevar tu look.<\/p>\n<h3>Calidad y artesan\u00eda inigualables<\/h3>\n<p>Cada par de estos exquisitos <b>Zapatos Derby gruesos de piel negra para hombre<\/b> es un testimonio de artesan\u00eda superior. La superficie exterior est\u00e1 meticulosamente elaborada con piel de ternero de primera calidad, conocida por su textura suave, su brillo natural y su excepcional durabilidad. Esta piel de alta calidad no s\u00f3lo proporciona un tacto lujoso, sino que tambi\u00e9n garantiza la longevidad, permiti\u00e9ndole disfrutar de su calzado durante a\u00f1os.<\/p>\n<p>En el interior, tus pies se acunar\u00e1n en la suavidad del forro de aut\u00e9ntica piel de cabra, que ofrece una transpirabilidad y un confort inigualables desde el primer uso.<\/p>\n<h3>Confort elevado con un toque moderno<\/h3>\n<p>El rasgo definitorio de estos <b>Zapatos Derby gruesos de piel negra para hombre<\/b> es su robusta suela de EVA. Dise\u00f1ada para ofrecer una comodidad ligera y una excelente absorci\u00f3n de impactos, la gruesa plataforma de la suela proporciona una elevaci\u00f3n notable al tiempo que garantiza una zancada estable y c\u00f3moda. El dibujo de tacos de la suela ofrece un agarre fiable, lo que hace que estas zapatillas sean adecuadas para diversos entornos urbanos.<\/p>\n<p>Este innovador dise\u00f1o de suela complementa a la perfecci\u00f3n la cl\u00e1sica silueta Derby, creando un zapato a la vez elegante e incre\u00edblemente pr\u00e1ctico para llevar todo el d\u00eda.<\/p>\n<h3>Estilo vers\u00e1til para cualquier ocasi\u00f3n<\/h3>\n<p>Nuestros zapatos Derby de piel negra son incre\u00edblemente vers\u00e1tiles, lo que los convierte en la piedra angular del armario de cualquier caballero exigente. El elegante acabado en negro permite combinarlos sin esfuerzo con pantalones de sastrer\u00eda para un conjunto elegante e informal, o con vaqueros y chinos para un look m\u00e1s relajado pero elegante. La suela gruesa a\u00f1ade un toque contempor\u00e1neo al Derby tradicional, y atrae a quienes aprecian la moda atrevida sin renunciar a la elegancia.<\/p>\n<p>Estos son los zapatos a los que acudir para a\u00f1adir un toque de sofisticada robustez a tu atuendo.<\/p>\n<h3>Oportunidades al por mayor y entrega fiable<\/h3>\n<p>Para los minoristas y las empresas que desean ofrecer calzado de alta calidad, nuestros <b>Zapatos Derby gruesos de piel negra para hombre<\/b> est\u00e1n disponibles para pedidos al por mayor con una cantidad m\u00ednima de 8 pares. Nos enorgullecemos de ofrecer un servicio eficiente, con un plazo de entrega de aproximadamente 12 d\u00edas m\u00e1s gastos de env\u00edo. As\u00f3ciese con nosotros para proporcionar a sus clientes zapatos de piel de primera calidad, duraderos y con estilo que seguro que le impresionar\u00e1n.<\/p>\n<p>Experimente la mezcla perfecta de tradici\u00f3n y tendencia con estos excepcionales zapatos Derby.<\/p>","protected":false},"excerpt":{"rendered":"<ul>\n<li><b>Material exterior:<\/b> Piel de becerro aut\u00e9ntica para un acabado elegante y durabilidad.<\/li>\n<li><b>Forro interior:<\/b> Suave piel de cabra que garantiza un confort transpirable durante todo el d\u00eda.<\/li>\n<li><b>Suela:<\/b> Suela gruesa de EVA ligera y resistente para una amortiguaci\u00f3n y tracci\u00f3n superiores.<\/li>\n<li><b>Estilo:<\/b> Moderno dise\u00f1o Derby con cordones y perfil elevado.<\/li>\n<li><b>Tallas disponibles:<\/b> EU 39, 40, 41, 42, 43, 44, 45 para adaptarse a una amplia gama de pies.<\/li>\n<li><b>Disponibilidad a granel:<\/b> Cantidad m\u00ednima de pedido de 8 pares; ideal para minoristas y mayoristas.<\/li>\n<\/ul>","protected":false},"featured_media":3971,"template":"","meta":{"_acf_changed":false,"_uag_custom_page_level_css":"","site-sidebar-layout":"default","site-content-layout":"","ast-site-content-layout":"default","site-content-style":"default","site-sidebar-style":"default","ast-global-header-display":"","ast-banner-title-visibility":"","ast-main-header-display":"","ast-hfb-above-header-display":"","ast-hfb-below-header-display":"","ast-hfb-mobile-header-display":"","site-post-title":"","ast-breadcrumbs-content":"","ast-featured-img":"","footer-sml-layout":"","ast-disable-related-posts":"","theme-transparent-header-meta":"default","adv-header-id-meta":"","stick-header-meta":"","header-above-stick-meta":"","header-main-stick-meta":"","header-below-stick-meta":"","astra-migrate-meta-layouts":"set","ast-page-background-enabled":"default","ast-page-background-meta":{"desktop":{"background-color":"var(--ast-global-color-4)","background-image":"","background-repeat":"repeat","background-position":"center center","background-size":"auto","background-attachment":"scroll","background-type":"","background-media":"","overlay-type":"","overlay-color":"","overlay-opacity":"","overlay-gradient":""},"tablet":{"background-color":"","background-image":"","background-repeat":"repeat","background-position":"center center","background-size":"auto","background-attachment":"scroll","background-type":"","background-media":"","overlay-type":"","overlay-color":"","overlay-opacity":"","overlay-gradient":""},"mobile":{"background-color":"","background-image":"","background-repeat":"repeat","background-position":"center center","background-size":"auto","background-attachment":"scroll","background-type":"","background-media":"","overlay-type":"","overlay-color":"","overlay-opacity":"","overlay-gradient":""}},"ast-content-background-meta":{"desktop":{"background-color":"var(--ast-global-color-5)","background-image":"","background-repeat":"repeat","background-position":"center center","background-size":"auto","background-attachment":"scroll","background-type":"","background-media":"","overlay-type":"","overlay-color":"","overlay-opacity":"","overlay-gradient":""},"tablet":{"background-color":"var(--ast-global-color-5)","background-image":"","background-repeat":"repeat","background-position":"center center","background-size":"auto","background-attachment":"scroll","background-type":"","background-media":"","overlay-type":"","overlay-color":"","overlay-opacity":"","overlay-gradient":""},"mobile":{"background-color":"var(--ast-global-color-5)","background-image":"","background-repeat":"repeat","background-position":"center center","background-size":"auto","background-attachment":"scroll","background-type":"","background-media":"","overlay-type":"","overlay-color":"","overlay-opacity":"","overlay-gradient":""}}},"product_brand":[],"product_cat":[430,40,15],"product_tag":[435,202,241,436,439,438,251,437,227,198,440,400,281],"class_list":{"0":"post-5946","1":"product","2":"type-product","3":"status-publish","4":"has-post-thumbnail","6":"product_cat-men","7":"product_cat-mens-shoes","8":"product_cat-uncategorized","9":"product_tag-black-derby","10":"product_tag-calf-leather","11":"product_tag-casual-footwear","12":"product_tag-chunky-sole","13":"product_tag-durable-shoes","14":"product_tag-eva-sole","15":"product_tag-formal-shoes","16":"product_tag-goat-leather","17":"product_tag-leather-shoes","18":"product_tag-mens-fashion","19":"product_tag-modern-derby","20":"product_tag-platform-shoes","21":"product_tag-wholesale-shoes","22":"desktop-align-center","23":"tablet-align-center","24":"mobile-align-center","26":"first","27":"instock","28":"shipping-taxable","29":"purchasable","30":"product-type-variable","31":"has-default-attributes"},"acf":[],"uagb_featured_image_src":{"full":["https:\/\/turkishtrade.co\/wp-content\/uploads\/2026\/01\/2400EJOMN00268-BLACK-TOV_11-5-USD.png",453,250,false],"thumbnail":["https:\/\/turkishtrade.co\/wp-content\/uploads\/2026\/01\/2400EJOMN00268-BLACK-TOV_11-5-USD-150x150.png",150,150,true],"medium":["https:\/\/turkishtrade.co\/wp-content\/uploads\/2026\/01\/2400EJOMN00268-BLACK-TOV_11-5-USD-300x166.png",300,166,true],"medium_large":["https:\/\/turkishtrade.co\/wp-content\/uploads\/2026\/01\/2400EJOMN00268-BLACK-TOV_11-5-USD.png",453,250,false],"large":["https:\/\/turkishtrade.co\/wp-content\/uploads\/2026\/01\/2400EJOMN00268-BLACK-TOV_11-5-USD.png",453,250,false],"1536x1536":["https:\/\/turkishtrade.co\/wp-content\/uploads\/2026\/01\/2400EJOMN00268-BLACK-TOV_11-5-USD.png",453,250,false],"2048x2048":["https:\/\/turkishtrade.co\/wp-content\/uploads\/2026\/01\/2400EJOMN00268-BLACK-TOV_11-5-USD.png",453,250,false],"trp-custom-language-flag":["https:\/\/turkishtrade.co\/wp-content\/uploads\/2026\/01\/2400EJOMN00268-BLACK-TOV_11-5-USD-18x10.png",18,10,true],"woocommerce_thumbnail":["https:\/\/turkishtrade.co\/wp-content\/uploads\/2026\/01\/2400EJOMN00268-BLACK-TOV_11-5-USD-400x250.png",400,250,true],"woocommerce_single":["https:\/\/turkishtrade.co\/wp-content\/uploads\/2026\/01\/2400EJOMN00268-BLACK-TOV_11-5-USD.png",453,250,false],"woocommerce_gallery_thumbnail":["https:\/\/turkishtrade.co\/wp-content\/uploads\/2026\/01\/2400EJOMN00268-BLACK-TOV_11-5-USD-100x100.png",100,100,true]},"uagb_author_info":{"display_name":"yaser olabi","author_link":"https:\/\/turkishtrade.co\/es\/author\/"},"uagb_comment_info":0,"uagb_excerpt":"Outer Material: Genuine Calf Leather for a sleek finish and durability. Inner Lining: Soft Goat Leather ensuring breathable comfort all day long. Sole: Lightweight and resilient EVA chunky sole for superior cushioning and traction. Style: Modern lace-up Derby design with a distinctive, elevated profile. Available Sizes: EU 39, 40, 41, 42, 43, 44, 45 to&hellip;","_links":{"self":[{"href":"https:\/\/turkishtrade.co\/es\/wp-json\/wp\/v2\/product\/5946","targetHints":{"allow":["GET"]}}],"collection":[{"href":"https:\/\/turkishtrade.co\/es\/wp-json\/wp\/v2\/product"}],"about":[{"href":"https:\/\/turkishtrade.co\/es\/wp-json\/wp\/v2\/types\/product"}],"wp:featuredmedia":[{"embeddable":true,"href":"https:\/\/turkishtrade.co\/es\/wp-json\/wp\/v2\/media\/3971"}],"wp:attachment":[{"href":"https:\/\/turkishtrade.co\/es\/wp-json\/wp\/v2\/media?parent=5946"}],"wp:term":[{"taxonomy":"product_brand","embeddable":true,"href":"https:\/\/turkishtrade.co\/es\/wp-json\/wp\/v2\/product_brand?post=5946"},{"taxonomy":"product_cat","embeddable":true,"href":"https:\/\/turkishtrade.co\/es\/wp-json\/wp\/v2\/product_cat?post=5946"},{"taxonomy":"product_tag","embeddable":true,"href":"https:\/\/turkishtrade.co\/es\/wp-json\/wp\/v2\/product_tag?post=5946"}],"curies":[{"name":"wp","href":"https:\/\/api.w.org\/{rel}","templated":true}]}}