{"id":5945,"date":"2026-01-14T13:47:20","date_gmt":"2026-01-14T13:47:20","guid":{"rendered":"https:\/\/turkishtrade.co\/product\/men-black-leather-derby-shoes\/"},"modified":"2026-04-09T19:18:55","modified_gmt":"2026-04-09T19:18:55","slug":"mens-black-leather-derby-shoes-10","status":"publish","type":"product","link":"https:\/\/turkishtrade.co\/es\/shop\/mens-black-leather-derby-shoes-10\/","title":{"rendered":"Zapatos Derby de hombre en piel negra con suela gruesa de EVA"},"content":{"rendered":"<p><strong>Zapatos Derby de cuero negro para hombre<\/strong><\/p>\n<p>Entre en la sofisticaci\u00f3n y el confort sin igual con nuestro exquisito <strong>Zapatos Derby de cuero negro para hombre<\/strong>. Dise\u00f1ados para el hombre moderno que valora tanto el estilo como la sustancia, estos zapatos Derby de primera calidad son un testimonio de artesan\u00eda superior. Cada par de <strong>Zapatos Derby de cuero negro para hombre<\/strong> est\u00e1 meticulosamente fabricada para ofrecer una mezcla de est\u00e9tica cl\u00e1sica y atractivo contempor\u00e1neo, lo que la convierte en un complemento indispensable para cualquier armario exigente.<\/p>\n<h3>Calidad y comodidad inigualables<\/h3>\n<p>Confeccionadas con la mejor piel de becerro aut\u00e9ntica para la superficie exterior, estas <strong>Zapatos Derby de cuero negro para hombre<\/strong> presentan un acabado rico y suave que irradia lujo. La robusta piel de becerro no s\u00f3lo proporciona un aspecto distinguido, sino que tambi\u00e9n garantiza una durabilidad duradera, prometiendo a\u00f1os de uso. En el interior, sus pies estar\u00e1n envueltos en la suntuosa suavidad del forro de aut\u00e9ntica piel de cabra, que ofrece una transpirabilidad excepcional y un confort que dura todo el d\u00eda.<\/p>\n<p>Esta cuidada combinaci\u00f3n de materiales de primera calidad garantiza que nuestros <strong>Zapatos Derby de cuero negro para hombre<\/strong> son un placer de llevar, ya sea en la oficina, en un evento formal o en una salida informal.<\/p>\n<h3>Dise\u00f1o distintivo con suela gruesa de EVA<\/h3>\n<p>Lo que realmente diferencia a estos <strong>Zapatos Derby de cuero negro para hombre<\/strong> aparte es su dise\u00f1o contempor\u00e1neo, con una suela de EVA gruesa robusta y elegante. Esta suela ligera pero incre\u00edblemente duradera proporciona una amortiguaci\u00f3n superior y una tracci\u00f3n excelente, ofreciendo una zancada segura a cada paso. El perfil grueso a\u00f1ade un toque moderno a la cl\u00e1sica silueta Derby, haciendo que estos <strong>Zapatos Derby de cuero negro para hombre<\/strong> vers\u00e1til para conjuntos elegantes e informales o para a\u00f1adir un toque de personalidad a un atuendo m\u00e1s formal.<\/p>\n<p>El dise\u00f1o con cordones garantiza un ajuste seguro y regulable, mejorando la comodidad general y la est\u00e9tica de estos excepcionales <strong>Zapatos Derby de cuero negro para hombre<\/strong>.<\/p>\n<h3>Perfecto para cualquier ocasi\u00f3n y para pedidos al por mayor<\/h3>\n<p>Disponibles en una amplia gama de tallas de la UE de la 39 a la 45, encontrar\u00e1 su talla perfecta entre nuestras <strong>Zapatos Derby de cuero negro para hombre<\/strong> sin esfuerzo. Estos zapatos no son s\u00f3lo una cuesti\u00f3n de estilo individual; tambi\u00e9n son una excelente opci\u00f3n para minoristas o empresas que buscan almacenar calzado de alta calidad. Con un pedido m\u00ednimo de tan solo 8 pares, podr\u00e1 satisfacer f\u00e1cilmente a su clientela con estos codiciados zapatos. <strong>Zapatos Derby de cuero negro para hombre<\/strong>.<\/p>\n<p>Espere un plazo de entrega de aproximadamente 12 d\u00edas m\u00e1s gastos de env\u00edo, lo que garantiza que su pedido llegue puntualmente. Invierta en un par de estos elegantes <strong>Zapatos Derby de cuero negro para hombre<\/strong> y experimente la fusi\u00f3n perfecta de dise\u00f1o cl\u00e1sico, confort moderno y calidad superior.<\/p>","protected":false},"excerpt":{"rendered":"<ul>\n<li>Material exterior de primera calidad: Piel de becerro aut\u00e9ntica<\/li>\n<li>Lujoso forro interior: Suave piel de cabra<\/li>\n<li>Suela duradera y c\u00f3moda: EVA gruesa<\/li>\n<li>Tallas disponibles: EU 39, 40, 41, 42, 43, 44, 45<\/li>\n<li>Cantidad m\u00ednima de pedido: 8 Pares<\/li>\n<li>Entrega estimada: 12 d\u00edas + gastos de env\u00edo<\/li>\n<\/ul>","protected":false},"featured_media":3970,"template":"","meta":{"_acf_changed":false,"_uag_custom_page_level_css":"","site-sidebar-layout":"default","site-content-layout":"","ast-site-content-layout":"default","site-content-style":"default","site-sidebar-style":"default","ast-global-header-display":"","ast-banner-title-visibility":"","ast-main-header-display":"","ast-hfb-above-header-display":"","ast-hfb-below-header-display":"","ast-hfb-mobile-header-display":"","site-post-title":"","ast-breadcrumbs-content":"","ast-featured-img":"","footer-sml-layout":"","ast-disable-related-posts":"","theme-transparent-header-meta":"default","adv-header-id-meta":"","stick-header-meta":"","header-above-stick-meta":"","header-main-stick-meta":"","header-below-stick-meta":"","astra-migrate-meta-layouts":"set","ast-page-background-enabled":"default","ast-page-background-meta":{"desktop":{"background-color":"var(--ast-global-color-4)","background-image":"","background-repeat":"repeat","background-position":"center center","background-size":"auto","background-attachment":"scroll","background-type":"","background-media":"","overlay-type":"","overlay-color":"","overlay-opacity":"","overlay-gradient":""},"tablet":{"background-color":"","background-image":"","background-repeat":"repeat","background-position":"center center","background-size":"auto","background-attachment":"scroll","background-type":"","background-media":"","overlay-type":"","overlay-color":"","overlay-opacity":"","overlay-gradient":""},"mobile":{"background-color":"","background-image":"","background-repeat":"repeat","background-position":"center center","background-size":"auto","background-attachment":"scroll","background-type":"","background-media":"","overlay-type":"","overlay-color":"","overlay-opacity":"","overlay-gradient":""}},"ast-content-background-meta":{"desktop":{"background-color":"var(--ast-global-color-5)","background-image":"","background-repeat":"repeat","background-position":"center center","background-size":"auto","background-attachment":"scroll","background-type":"","background-media":"","overlay-type":"","overlay-color":"","overlay-opacity":"","overlay-gradient":""},"tablet":{"background-color":"var(--ast-global-color-5)","background-image":"","background-repeat":"repeat","background-position":"center center","background-size":"auto","background-attachment":"scroll","background-type":"","background-media":"","overlay-type":"","overlay-color":"","overlay-opacity":"","overlay-gradient":""},"mobile":{"background-color":"var(--ast-global-color-5)","background-image":"","background-repeat":"repeat","background-position":"center center","background-size":"auto","background-attachment":"scroll","background-type":"","background-media":"","overlay-type":"","overlay-color":"","overlay-opacity":"","overlay-gradient":""}}},"product_brand":[],"product_cat":[430,40,15],"product_tag":[196,629,451,449,331,756,438,251,189,310,632],"class_list":{"0":"post-5945","1":"product","2":"type-product","3":"status-publish","4":"has-post-thumbnail","6":"product_cat-men","7":"product_cat-mens-shoes","8":"product_cat-uncategorized","9":"product_tag-black-leather-shoes","10":"product_tag-bulk-order-shoes","11":"product_tag-calfskin-leather","12":"product_tag-casual-shoes","13":"product_tag-chunky-sole-shoes","14":"product_tag-european-sizes","15":"product_tag-eva-sole","16":"product_tag-formal-shoes","17":"product_tag-goat-leather-lining","18":"product_tag-mens-derby-shoes","19":"product_tag-premium-leather-shoes","20":"desktop-align-center","21":"tablet-align-center","22":"mobile-align-center","24":"first","25":"instock","26":"shipping-taxable","27":"purchasable","28":"product-type-variable","29":"has-default-attributes"},"acf":[],"uagb_featured_image_src":{"full":["https:\/\/turkishtrade.co\/wp-content\/uploads\/2026\/01\/2400EJOMN00267BLACK-TOV_11-5-USD.png",453,250,false],"thumbnail":["https:\/\/turkishtrade.co\/wp-content\/uploads\/2026\/01\/2400EJOMN00267BLACK-TOV_11-5-USD-150x150.png",150,150,true],"medium":["https:\/\/turkishtrade.co\/wp-content\/uploads\/2026\/01\/2400EJOMN00267BLACK-TOV_11-5-USD-300x166.png",300,166,true],"medium_large":["https:\/\/turkishtrade.co\/wp-content\/uploads\/2026\/01\/2400EJOMN00267BLACK-TOV_11-5-USD.png",453,250,false],"large":["https:\/\/turkishtrade.co\/wp-content\/uploads\/2026\/01\/2400EJOMN00267BLACK-TOV_11-5-USD.png",453,250,false],"1536x1536":["https:\/\/turkishtrade.co\/wp-content\/uploads\/2026\/01\/2400EJOMN00267BLACK-TOV_11-5-USD.png",453,250,false],"2048x2048":["https:\/\/turkishtrade.co\/wp-content\/uploads\/2026\/01\/2400EJOMN00267BLACK-TOV_11-5-USD.png",453,250,false],"trp-custom-language-flag":["https:\/\/turkishtrade.co\/wp-content\/uploads\/2026\/01\/2400EJOMN00267BLACK-TOV_11-5-USD-18x10.png",18,10,true],"woocommerce_thumbnail":["https:\/\/turkishtrade.co\/wp-content\/uploads\/2026\/01\/2400EJOMN00267BLACK-TOV_11-5-USD-400x250.png",400,250,true],"woocommerce_single":["https:\/\/turkishtrade.co\/wp-content\/uploads\/2026\/01\/2400EJOMN00267BLACK-TOV_11-5-USD.png",453,250,false],"woocommerce_gallery_thumbnail":["https:\/\/turkishtrade.co\/wp-content\/uploads\/2026\/01\/2400EJOMN00267BLACK-TOV_11-5-USD-100x100.png",100,100,true]},"uagb_author_info":{"display_name":"yaser olabi","author_link":"https:\/\/turkishtrade.co\/es\/author\/"},"uagb_comment_info":0,"uagb_excerpt":"Premium Outer Material: Genuine Calfskin Leather Luxurious Inner Lining: Soft Goat Leather Durable &amp; Comfortable Sole: Chunky EVA Available Sizes: EU 39, 40, 41, 42, 43, 44, 45 Minimum Order Quantity: 8 Pairs Estimated Delivery: 12 Days + Shipping","_links":{"self":[{"href":"https:\/\/turkishtrade.co\/es\/wp-json\/wp\/v2\/product\/5945","targetHints":{"allow":["GET"]}}],"collection":[{"href":"https:\/\/turkishtrade.co\/es\/wp-json\/wp\/v2\/product"}],"about":[{"href":"https:\/\/turkishtrade.co\/es\/wp-json\/wp\/v2\/types\/product"}],"wp:featuredmedia":[{"embeddable":true,"href":"https:\/\/turkishtrade.co\/es\/wp-json\/wp\/v2\/media\/3970"}],"wp:attachment":[{"href":"https:\/\/turkishtrade.co\/es\/wp-json\/wp\/v2\/media?parent=5945"}],"wp:term":[{"taxonomy":"product_brand","embeddable":true,"href":"https:\/\/turkishtrade.co\/es\/wp-json\/wp\/v2\/product_brand?post=5945"},{"taxonomy":"product_cat","embeddable":true,"href":"https:\/\/turkishtrade.co\/es\/wp-json\/wp\/v2\/product_cat?post=5945"},{"taxonomy":"product_tag","embeddable":true,"href":"https:\/\/turkishtrade.co\/es\/wp-json\/wp\/v2\/product_tag?post=5945"}],"curies":[{"name":"wp","href":"https:\/\/api.w.org\/{rel}","templated":true}]}}