{"id":5942,"date":"2026-01-14T13:46:58","date_gmt":"2026-01-14T13:46:58","guid":{"rendered":"https:\/\/turkishtrade.co\/product\/men-leather-derby-shoes-2\/"},"modified":"2026-04-09T19:19:01","modified_gmt":"2026-04-09T19:19:01","slug":"mens-leather-derby-shoes-10","status":"publish","type":"product","link":"https:\/\/turkishtrade.co\/es\/shop\/mens-leather-derby-shoes-10\/","title":{"rendered":"Zapatos Derby de hombre en piel de becerro de primera calidad y suela gruesa"},"content":{"rendered":"<p><strong>Zapatos Derby de piel para hombre<\/strong><\/p>\n<p>Sum\u00e9rjase en un estilo y una comodidad incomparables con nuestra colecci\u00f3n premium de <strong>zapatos derby de piel para hombre<\/strong>. Elaborados por expertos para el caballero exigente, estos zapatos combinan un dise\u00f1o cl\u00e1sico con un estilo contempor\u00e1neo, convirti\u00e9ndolos en un complemento esencial para cualquier armario moderno. Cada par de nuestros <strong>zapatos derby de piel para hombre<\/strong> es un testimonio de artesan\u00eda superior, dise\u00f1ado para ofrecer tanto una est\u00e9tica sofisticada como una durabilidad duradera.<\/p>\n<p>Si elige nuestro <strong>zapatos derby de piel para hombre<\/strong>, invertir\u00e1 en calidad duradera.<\/p>\n<p><h3>Calidad y materiales inigualables<\/h3>\n<\/p>\n<p>Nuestro compromiso con la excelencia comienza con la selecci\u00f3n de los mejores materiales. El exterior de estos excepcionales <strong>zapatos derby de piel para hombre<\/strong> est\u00e1 fabricado meticulosamente con aut\u00e9ntica piel de ternero, famosa por su suave textura, resistencia y elegante acabado. Esta piel de primera calidad no solo garantiza un aspecto refinado, sino que tambi\u00e9n promete envejecer maravillosamente, desarrollando una p\u00e1tina \u00fanica con el paso del tiempo.<\/p>\n<p>En el interior, tus pies experimentar\u00e1n un lujoso confort gracias al forro de piel de cabra suave y transpirable, que proporciona un tacto afelpado y ayuda a regular la temperatura, manteniendo tus pies c\u00f3modos durante todo el d\u00eda.<\/p>\n<p>Experimente la diferencia que marcan los materiales de calidad en nuestros <strong>zapatos derby de piel para hombre<\/strong>.<\/p>\n<p><h3>Dise\u00f1o innovador y confort<\/h3>\n<\/p>\n<p>M\u00e1s all\u00e1 de sus exquisitos materiales, estos <strong>zapatos derby de piel para hombre<\/strong> destacan por su distintiva suela gruesa de EVA. Esta innovadora suela da un giro contempor\u00e1neo al tradicional derby, proporcionando una excelente amortiguaci\u00f3n y un notable confort ligero. Su dise\u00f1o robusto, con un elegante tac\u00f3n grueso de 4-9 cm, aporta un toque moderno a la vez que garantiza unas pisadas estables y seguras.<\/p>\n<p>Tanto si se desplaza por las calles de la ciudad como si asiste a una reuni\u00f3n de negocios informal, la combinaci\u00f3n \u00fanica de elegancia y practicidad hace que estas <strong>zapatos derby de piel para hombre<\/strong> la elecci\u00f3n perfecta.<\/p>\n<p><h3>Versatilidad para todas las ocasiones<\/h3>\n<\/p>\n<p>Dise\u00f1ados para ser vers\u00e1tiles, nuestros <strong>zapatos derby de piel para hombre<\/strong> para pasar sin problemas de conjuntos informales elegantes a conjuntos m\u00e1s relajados. Comb\u00ednalos con pantalones de sastrer\u00eda para un look elegante o con vaqueros para un estilo chic de diario. Disponibles en una amplia gama de tallas, de la UE 39 a la 45, garantizamos un ajuste perfecto para cada cliente.<\/p>\n<p>Para minoristas y empresas, ofrecemos atractivas oportunidades de venta al por mayor con un pedido m\u00ednimo de 8 pares. Benef\u00edciese de nuestro eficiente programa de producci\u00f3n y entrega, ya que los pedidos suelen enviarse en un plazo de 12 d\u00edas m\u00e1s el tiempo de tr\u00e1nsito est\u00e1ndar de la carga. Eleve su colecci\u00f3n de calzado con nuestros <strong>zapatos derby de piel para hombre<\/strong>.<\/p>","protected":false},"excerpt":{"rendered":"<ul>\n<li><strong>Materiales de primera calidad:<\/strong> Exterior de aut\u00e9ntica piel de becerro, interior de suave piel de cabra.<\/li>\n<li><strong>Suela duradera:<\/strong> Suela gruesa de EVA, ligera pero robusta, para un confort y una tracci\u00f3n superiores.<\/li>\n<li><strong>Altura del tac\u00f3n:<\/strong> Elegante tac\u00f3n grueso de 4-9 cm para un look moderno y elevado.<\/li>\n<li><strong>Tallas disponibles:<\/strong> EU 39, 40, 41, 42, 43, 44, 45.<\/li>\n<li><strong>Oportunidad de venta al por mayor:<\/strong> Pedido m\u00ednimo de 8 pares; ideal para compras al por mayor.<\/li>\n<li><strong>Producci\u00f3n y entrega:<\/strong> Los pedidos se env\u00edan en un plazo de 12 d\u00edas + el tiempo de carga est\u00e1ndar.<\/li>\n<\/ul>","protected":false},"featured_media":3969,"template":"","meta":{"_acf_changed":false,"_uag_custom_page_level_css":"","site-sidebar-layout":"default","site-content-layout":"","ast-site-content-layout":"default","site-content-style":"default","site-sidebar-style":"default","ast-global-header-display":"","ast-banner-title-visibility":"","ast-main-header-display":"","ast-hfb-above-header-display":"","ast-hfb-below-header-display":"","ast-hfb-mobile-header-display":"","site-post-title":"","ast-breadcrumbs-content":"","ast-featured-img":"","footer-sml-layout":"","ast-disable-related-posts":"","theme-transparent-header-meta":"","adv-header-id-meta":"","stick-header-meta":"","header-above-stick-meta":"","header-main-stick-meta":"","header-below-stick-meta":"","astra-migrate-meta-layouts":"default","ast-page-background-enabled":"default","ast-page-background-meta":{"desktop":{"background-color":"var(--ast-global-color-4)","background-image":"","background-repeat":"repeat","background-position":"center center","background-size":"auto","background-attachment":"scroll","background-type":"","background-media":"","overlay-type":"","overlay-color":"","overlay-opacity":"","overlay-gradient":""},"tablet":{"background-color":"","background-image":"","background-repeat":"repeat","background-position":"center center","background-size":"auto","background-attachment":"scroll","background-type":"","background-media":"","overlay-type":"","overlay-color":"","overlay-opacity":"","overlay-gradient":""},"mobile":{"background-color":"","background-image":"","background-repeat":"repeat","background-position":"center center","background-size":"auto","background-attachment":"scroll","background-type":"","background-media":"","overlay-type":"","overlay-color":"","overlay-opacity":"","overlay-gradient":""}},"ast-content-background-meta":{"desktop":{"background-color":"var(--ast-global-color-5)","background-image":"","background-repeat":"repeat","background-position":"center center","background-size":"auto","background-attachment":"scroll","background-type":"","background-media":"","overlay-type":"","overlay-color":"","overlay-opacity":"","overlay-gradient":""},"tablet":{"background-color":"var(--ast-global-color-5)","background-image":"","background-repeat":"repeat","background-position":"center center","background-size":"auto","background-attachment":"scroll","background-type":"","background-media":"","overlay-type":"","overlay-color":"","overlay-opacity":"","overlay-gradient":""},"mobile":{"background-color":"var(--ast-global-color-5)","background-image":"","background-repeat":"repeat","background-position":"center center","background-size":"auto","background-attachment":"scroll","background-type":"","background-media":"","overlay-type":"","overlay-color":"","overlay-opacity":"","overlay-gradient":""}}},"product_brand":[],"product_cat":[430,40,15],"product_tag":[202,1050,331,978,438,414,437,981,416,198,281],"class_list":{"0":"post-5942","1":"product","2":"type-product","3":"status-publish","4":"has-post-thumbnail","6":"product_cat-men","7":"product_cat-mens-shoes","8":"product_cat-uncategorized","9":"product_tag-calf-leather","10":"product_tag-casual-derby","11":"product_tag-chunky-sole-shoes","12":"product_tag-dress-casual-shoes","13":"product_tag-eva-sole","14":"product_tag-fashion-footwear","15":"product_tag-goat-leather","16":"product_tag-leather-derby","17":"product_tag-luxury-shoes","18":"product_tag-mens-fashion","19":"product_tag-wholesale-shoes","20":"desktop-align-center","21":"tablet-align-center","22":"mobile-align-center","24":"first","25":"instock","26":"shipping-taxable","27":"purchasable","28":"product-type-variable","29":"has-default-attributes"},"acf":[],"uagb_featured_image_src":{"full":["https:\/\/turkishtrade.co\/wp-content\/uploads\/2026\/01\/2400EJOMN00266-DARK-BLUE-DKS_7648-2-USD.png",453,250,false],"thumbnail":["https:\/\/turkishtrade.co\/wp-content\/uploads\/2026\/01\/2400EJOMN00266-DARK-BLUE-DKS_7648-2-USD-150x150.png",150,150,true],"medium":["https:\/\/turkishtrade.co\/wp-content\/uploads\/2026\/01\/2400EJOMN00266-DARK-BLUE-DKS_7648-2-USD-300x166.png",300,166,true],"medium_large":["https:\/\/turkishtrade.co\/wp-content\/uploads\/2026\/01\/2400EJOMN00266-DARK-BLUE-DKS_7648-2-USD.png",453,250,false],"large":["https:\/\/turkishtrade.co\/wp-content\/uploads\/2026\/01\/2400EJOMN00266-DARK-BLUE-DKS_7648-2-USD.png",453,250,false],"1536x1536":["https:\/\/turkishtrade.co\/wp-content\/uploads\/2026\/01\/2400EJOMN00266-DARK-BLUE-DKS_7648-2-USD.png",453,250,false],"2048x2048":["https:\/\/turkishtrade.co\/wp-content\/uploads\/2026\/01\/2400EJOMN00266-DARK-BLUE-DKS_7648-2-USD.png",453,250,false],"trp-custom-language-flag":["https:\/\/turkishtrade.co\/wp-content\/uploads\/2026\/01\/2400EJOMN00266-DARK-BLUE-DKS_7648-2-USD-18x10.png",18,10,true],"woocommerce_thumbnail":["https:\/\/turkishtrade.co\/wp-content\/uploads\/2026\/01\/2400EJOMN00266-DARK-BLUE-DKS_7648-2-USD-400x250.png",400,250,true],"woocommerce_single":["https:\/\/turkishtrade.co\/wp-content\/uploads\/2026\/01\/2400EJOMN00266-DARK-BLUE-DKS_7648-2-USD.png",453,250,false],"woocommerce_gallery_thumbnail":["https:\/\/turkishtrade.co\/wp-content\/uploads\/2026\/01\/2400EJOMN00266-DARK-BLUE-DKS_7648-2-USD-100x100.png",100,100,true]},"uagb_author_info":{"display_name":"yaser olabi","author_link":"https:\/\/turkishtrade.co\/es\/author\/"},"uagb_comment_info":0,"uagb_excerpt":"Premium Materials: Genuine Calf Leather exterior, soft Goat Leather interior. Durable Sole: Lightweight yet robust EVA chunky sole for superior comfort and traction. Heel Height: Stylish 4-9 cm chunky heel for a modern, elevated look. Available Sizes: EU 39, 40, 41, 42, 43, 44, 45. Wholesale Opportunity: Minimum order of 8 pairs; ideal for bulk&hellip;","_links":{"self":[{"href":"https:\/\/turkishtrade.co\/es\/wp-json\/wp\/v2\/product\/5942","targetHints":{"allow":["GET"]}}],"collection":[{"href":"https:\/\/turkishtrade.co\/es\/wp-json\/wp\/v2\/product"}],"about":[{"href":"https:\/\/turkishtrade.co\/es\/wp-json\/wp\/v2\/types\/product"}],"wp:featuredmedia":[{"embeddable":true,"href":"https:\/\/turkishtrade.co\/es\/wp-json\/wp\/v2\/media\/3969"}],"wp:attachment":[{"href":"https:\/\/turkishtrade.co\/es\/wp-json\/wp\/v2\/media?parent=5942"}],"wp:term":[{"taxonomy":"product_brand","embeddable":true,"href":"https:\/\/turkishtrade.co\/es\/wp-json\/wp\/v2\/product_brand?post=5942"},{"taxonomy":"product_cat","embeddable":true,"href":"https:\/\/turkishtrade.co\/es\/wp-json\/wp\/v2\/product_cat?post=5942"},{"taxonomy":"product_tag","embeddable":true,"href":"https:\/\/turkishtrade.co\/es\/wp-json\/wp\/v2\/product_tag?post=5942"}],"curies":[{"name":"wp","href":"https:\/\/api.w.org\/{rel}","templated":true}]}}