{"id":5928,"date":"2026-01-14T13:45:23","date_gmt":"2026-01-14T13:45:23","guid":{"rendered":"https:\/\/turkishtrade.co\/product\/men-s-leather-derby-shoes-5\/"},"modified":"2026-04-09T19:19:34","modified_gmt":"2026-04-09T19:19:34","slug":"mens-leather-derby-shoes-11","status":"publish","type":"product","link":"https:\/\/turkishtrade.co\/es\/shop\/mens-leather-derby-shoes-11\/","title":{"rendered":"Zapatos Derby de piel bicolor premium para hombre"},"content":{"rendered":"<p><strong>Zapatos Derby de piel para hombre<\/strong><\/p>\n<p>Eleve su colecci\u00f3n de calzado con nuestros exquisitos <b>Zapatos Derby de piel para hombre<\/b>, dise\u00f1ados para el caballero exigente que valora tanto el estilo como la esencia. Estos zapatos de primera calidad son un testimonio de artesan\u00eda superior y dise\u00f1o atemporal, lo que los convierte en un complemento indispensable para cualquier armario. Nuestro <b>Zapatos Derby de piel para hombre<\/b> combinan la elegancia tradicional con el confort contempor\u00e1neo, garantizando que cause una impresi\u00f3n duradera all\u00e1 donde vaya.<\/p>\n<p><h3>Calidad y artesan\u00eda inigualables<\/h3>\n<\/p>\n<p>Cada par de estos extraordinarios <b>Zapatos Derby de piel para hombre<\/b> est\u00e1 meticulosamente elaborado con los mejores materiales. El exterior cuenta con una lujosa piel de becerro, que ofrece una hermosa textura y una durabilidad excepcional, complementada con una puntera pulida que a\u00f1ade un toque de refinada sofisticaci\u00f3n. En el interior, sus pies se ver\u00e1n envueltos en el suave abrazo del forro de aut\u00e9ntica piel de cabra, famosa por su transpirabilidad y comodidad suprema, lo que hace que estos <b>Zapatos Derby de piel para hombre<\/b> un placer para llevar durante todo el d\u00eda.<\/p>\n<p>La robusta suela de EVA proporciona una excelente amortiguaci\u00f3n y sujeci\u00f3n, junto con un tac\u00f3n cl\u00e1sico de 1-3 cm para una sutil elevaci\u00f3n y estabilidad.<\/p>\n<p><h3>Dise\u00f1o sofisticado para cualquier ocasi\u00f3n<\/h3>\n<\/p>\n<p>El distintivo dise\u00f1o bicolor de estos <b>Zapatos Derby de piel para hombre<\/b>, El contraste de texturas y acabados los distingue. Este estilo vers\u00e1til los hace perfectos para una amplia gama de ocasiones, desde reuniones formales de negocios hasta eventos informales elegantes y reuniones nocturnas. Ya sea con trajes de sastrer\u00eda, pantalones elegantes o incluso vaqueros de primera calidad, estos <b>Zapatos Derby de piel para hombre<\/b> realzan sin esfuerzo su aspecto general, proyectando una imagen de confianza y gusto impecable.<\/p>\n<p>Disponibles en una amplia gama de tallas, de la 39 a la 45, encontrar la talla perfecta es muy sencillo.<\/p>\n<p><h3>Excelencia mayorista y entrega fiable<\/h3>\n<\/p>\n<p>Para los minoristas y las empresas que buscan calzado de alta calidad, estos <b>Zapatos Derby de piel para hombre<\/b> est\u00e1n disponibles para su compra al por mayor con un pedido m\u00ednimo de 8 pares. Estamos comprometidos a proporcionar un servicio excepcional, con un plazo de entrega de s\u00f3lo 12 d\u00edas m\u00e1s gastos de env\u00edo, asegurando que su inventario se repone de manera eficiente. Invierta en estos excepcionales <b>Zapatos Derby de piel para hombre<\/b> y ofrezca a sus clientes un producto que combina lujo, comodidad y estilo duradero, consolidando su reputaci\u00f3n de calzado de calidad.<\/p>","protected":false},"excerpt":{"rendered":"<ul>\n<li>El exterior est\u00e1 confeccionado en lujosa piel de becerro con un distintivo acabado bicolor.<\/li>\n<li>Presenta un forro interior de piel de cabra suave y transpirable para un confort superior.<\/li>\n<li>Equipadas con una suela de EVA duradera y c\u00f3moda para llevarlas todo el d\u00eda.<\/li>\n<li>Altura de tac\u00f3n cl\u00e1sica que oscila entre 1 y 3 cm para una elevaci\u00f3n y sujeci\u00f3n sutiles.<\/li>\n<li>Disponible en una amplia gama de tallas: 39, 40, 41, 42, 43, 44, 45.<\/li>\n<li>Ideal para pedidos al por mayor; la cantidad m\u00ednima de pedido es a partir de 8 pares.<\/li>\n<li>Entrega fiable en 12 d\u00edas m\u00e1s el tiempo de env\u00edo.<\/li>\n<\/ul>","protected":false},"featured_media":3960,"template":"","meta":{"_acf_changed":false,"_uag_custom_page_level_css":"","site-sidebar-layout":"default","site-content-layout":"","ast-site-content-layout":"default","site-content-style":"default","site-sidebar-style":"default","ast-global-header-display":"","ast-banner-title-visibility":"","ast-main-header-display":"","ast-hfb-above-header-display":"","ast-hfb-below-header-display":"","ast-hfb-mobile-header-display":"","site-post-title":"","ast-breadcrumbs-content":"","ast-featured-img":"","footer-sml-layout":"","ast-disable-related-posts":"","theme-transparent-header-meta":"","adv-header-id-meta":"","stick-header-meta":"","header-above-stick-meta":"","header-main-stick-meta":"","header-below-stick-meta":"","astra-migrate-meta-layouts":"default","ast-page-background-enabled":"default","ast-page-background-meta":{"desktop":{"background-color":"var(--ast-global-color-4)","background-image":"","background-repeat":"repeat","background-position":"center center","background-size":"auto","background-attachment":"scroll","background-type":"","background-media":"","overlay-type":"","overlay-color":"","overlay-opacity":"","overlay-gradient":""},"tablet":{"background-color":"","background-image":"","background-repeat":"repeat","background-position":"center center","background-size":"auto","background-attachment":"scroll","background-type":"","background-media":"","overlay-type":"","overlay-color":"","overlay-opacity":"","overlay-gradient":""},"mobile":{"background-color":"","background-image":"","background-repeat":"repeat","background-position":"center center","background-size":"auto","background-attachment":"scroll","background-type":"","background-media":"","overlay-type":"","overlay-color":"","overlay-opacity":"","overlay-gradient":""}},"ast-content-background-meta":{"desktop":{"background-color":"var(--ast-global-color-5)","background-image":"","background-repeat":"repeat","background-position":"center center","background-size":"auto","background-attachment":"scroll","background-type":"","background-media":"","overlay-type":"","overlay-color":"","overlay-opacity":"","overlay-gradient":""},"tablet":{"background-color":"var(--ast-global-color-5)","background-image":"","background-repeat":"repeat","background-position":"center center","background-size":"auto","background-attachment":"scroll","background-type":"","background-media":"","overlay-type":"","overlay-color":"","overlay-opacity":"","overlay-gradient":""},"mobile":{"background-color":"var(--ast-global-color-5)","background-image":"","background-repeat":"repeat","background-position":"center center","background-size":"auto","background-attachment":"scroll","background-type":"","background-media":"","overlay-type":"","overlay-color":"","overlay-opacity":"","overlay-gradient":""}}},"product_brand":[],"product_cat":[48,47,49,430,40],"product_tag":[218,405,582,212,284,438,251,437,227,362,210,281],"class_list":{"0":"post-5928","1":"product","2":"type-product","3":"status-publish","4":"has-post-thumbnail","6":"product_cat-casual","7":"product_cat-classic","8":"product_cat-loafer","9":"product_cat-men","10":"product_cat-mens-shoes","11":"product_tag-brown-shoes","12":"product_tag-business-shoes","13":"product_tag-calfskin","14":"product_tag-derby-shoes","15":"product_tag-dress-shoes","16":"product_tag-eva-sole","17":"product_tag-formal-shoes","18":"product_tag-goat-leather","19":"product_tag-leather-shoes","20":"product_tag-premium-footwear","21":"product_tag-smart-casual","22":"product_tag-wholesale-shoes","23":"desktop-align-center","24":"tablet-align-center","25":"mobile-align-center","27":"first","28":"instock","29":"shipping-taxable","30":"purchasable","31":"product-type-variable","32":"has-default-attributes"},"acf":[],"uagb_featured_image_src":{"full":["https:\/\/turkishtrade.co\/wp-content\/uploads\/2026\/01\/2400EJOMN00483-DARK-BROWN-X_431-1-usd-1.png",453,250,false],"thumbnail":["https:\/\/turkishtrade.co\/wp-content\/uploads\/2026\/01\/2400EJOMN00483-DARK-BROWN-X_431-1-usd-1-150x150.png",150,150,true],"medium":["https:\/\/turkishtrade.co\/wp-content\/uploads\/2026\/01\/2400EJOMN00483-DARK-BROWN-X_431-1-usd-1-300x166.png",300,166,true],"medium_large":["https:\/\/turkishtrade.co\/wp-content\/uploads\/2026\/01\/2400EJOMN00483-DARK-BROWN-X_431-1-usd-1.png",453,250,false],"large":["https:\/\/turkishtrade.co\/wp-content\/uploads\/2026\/01\/2400EJOMN00483-DARK-BROWN-X_431-1-usd-1.png",453,250,false],"1536x1536":["https:\/\/turkishtrade.co\/wp-content\/uploads\/2026\/01\/2400EJOMN00483-DARK-BROWN-X_431-1-usd-1.png",453,250,false],"2048x2048":["https:\/\/turkishtrade.co\/wp-content\/uploads\/2026\/01\/2400EJOMN00483-DARK-BROWN-X_431-1-usd-1.png",453,250,false],"trp-custom-language-flag":["https:\/\/turkishtrade.co\/wp-content\/uploads\/2026\/01\/2400EJOMN00483-DARK-BROWN-X_431-1-usd-1-18x10.png",18,10,true],"woocommerce_thumbnail":["https:\/\/turkishtrade.co\/wp-content\/uploads\/2026\/01\/2400EJOMN00483-DARK-BROWN-X_431-1-usd-1-400x250.png",400,250,true],"woocommerce_single":["https:\/\/turkishtrade.co\/wp-content\/uploads\/2026\/01\/2400EJOMN00483-DARK-BROWN-X_431-1-usd-1.png",453,250,false],"woocommerce_gallery_thumbnail":["https:\/\/turkishtrade.co\/wp-content\/uploads\/2026\/01\/2400EJOMN00483-DARK-BROWN-X_431-1-usd-1-100x100.png",100,100,true]},"uagb_author_info":{"display_name":"yaser olabi","author_link":"https:\/\/turkishtrade.co\/es\/author\/"},"uagb_comment_info":0,"uagb_excerpt":"Crafted from luxurious calfskin leather exterior with a distinctive two-tone finish. Features a soft and breathable goat leather interior lining for superior comfort. Equipped with a durable and comfortable EVA sole for all-day wear. Classic heel height ranging from 1-3 cm for subtle elevation and support. Available in a comprehensive size range: 39, 40, 41,&hellip;","_links":{"self":[{"href":"https:\/\/turkishtrade.co\/es\/wp-json\/wp\/v2\/product\/5928","targetHints":{"allow":["GET"]}}],"collection":[{"href":"https:\/\/turkishtrade.co\/es\/wp-json\/wp\/v2\/product"}],"about":[{"href":"https:\/\/turkishtrade.co\/es\/wp-json\/wp\/v2\/types\/product"}],"wp:featuredmedia":[{"embeddable":true,"href":"https:\/\/turkishtrade.co\/es\/wp-json\/wp\/v2\/media\/3960"}],"wp:attachment":[{"href":"https:\/\/turkishtrade.co\/es\/wp-json\/wp\/v2\/media?parent=5928"}],"wp:term":[{"taxonomy":"product_brand","embeddable":true,"href":"https:\/\/turkishtrade.co\/es\/wp-json\/wp\/v2\/product_brand?post=5928"},{"taxonomy":"product_cat","embeddable":true,"href":"https:\/\/turkishtrade.co\/es\/wp-json\/wp\/v2\/product_cat?post=5928"},{"taxonomy":"product_tag","embeddable":true,"href":"https:\/\/turkishtrade.co\/es\/wp-json\/wp\/v2\/product_tag?post=5928"}],"curies":[{"name":"wp","href":"https:\/\/api.w.org\/{rel}","templated":true}]}}