{"id":5923,"date":"2026-01-14T13:44:37","date_gmt":"2026-01-14T13:44:37","guid":{"rendered":"https:\/\/turkishtrade.co\/product\/mens-brown-leather-derby-shoes-8\/"},"modified":"2026-04-09T19:19:42","modified_gmt":"2026-04-09T19:19:42","slug":"mens-brown-leather-derby-shoes-8","status":"publish","type":"product","link":"https:\/\/turkishtrade.co\/es\/shop\/mens-brown-leather-derby-shoes-8\/","title":{"rendered":"Zapatos Derby con puntera de punta de piel marr\u00f3n de primera calidad para hombre"},"content":{"rendered":"<p><strong>Zapatos Derby de piel marr\u00f3n para hombre<\/strong><\/p>\n<p>Descubra la mezcla definitiva de estilo cl\u00e1sico y confort moderno con nuestro exquisito <strong>Zapatos Derby de piel marr\u00f3n para hombre<\/strong>. Meticulosamente elaboradas a mano a la perfecci\u00f3n, estas <strong>zapatos Derby de piel marr\u00f3n para hombre<\/strong> est\u00e1n dise\u00f1ados para el caballero exigente que valora tanto la elegancia como la comodidad en el d\u00eda a d\u00eda. Estos zapatos son el complemento perfecto para cualquier look, ya sea informal de negocios o sofisticado de fin de semana.<\/p>\n<p><h3>Artesan\u00eda sin igual y materiales de primera calidad<\/h3>\n<\/p>\n<p>Cada par de estos exquisitos <strong>Zapatos Derby de piel marr\u00f3n para hombre<\/strong> cuenta con un exterior fabricado con la mejor piel de ternero. Esta elecci\u00f3n de material no s\u00f3lo proporciona un aspecto rico y lujoso con su profundo tono marr\u00f3n, sino que tambi\u00e9n garantiza una durabilidad excepcional y una hermosa p\u00e1tina que se desarrolla de forma \u00fanica con el tiempo. La cuidadosa selecci\u00f3n de la piel de becerro pone de manifiesto nuestro inquebrantable compromiso con la calidad.<\/p>\n<p>Al entrar, experimentar\u00e1 la suavidad suprema del forro de piel de cabra, que garantiza una transpirabilidad inigualable y un ajuste incre\u00edblemente c\u00f3modo que se amolda suavemente a su pie con cada uso. Las meticulosas costuras y los distinguidos detalles de la puntera muestran el arte tradicional que se ha empleado en la creaci\u00f3n de estos zapatos atemporales. <strong>zapatos Derby de piel marr\u00f3n para hombre<\/strong>.<\/p>\n<p><h3>Confort innovador con suela de EVA<\/h3>\n<\/p>\n<p>Lo que realmente diferencia a estos <strong>Zapatos Derby de piel marr\u00f3n para hombre<\/strong> es el innovador dise\u00f1o de su suela. A la vez que mantiene una est\u00e9tica sofisticada, la ligera suela de EVA proporciona una amortiguaci\u00f3n superior y una flexibilidad notable. Esta moderna tecnolog\u00eda de suela garantiza comodidad durante todo el d\u00eda, reduciendo significativamente la fatiga del pie, ya sea al circular por las bulliciosas calles de la ciudad o al permanecer de pie durante largas reuniones.<\/p>\n<p>La sutil altura del tac\u00f3n, de 1 a 3 cm, aumenta a\u00fan m\u00e1s la comodidad sin comprometer el elegante perfil del zapato, lo que los convierte en unos zapatos casuales de piel marr\u00f3n ideales para llevar durante horas y horas.<\/p>\n<p><h3>Estilo vers\u00e1til para cualquier ocasi\u00f3n<\/h3>\n<\/p>\n<p>Estos incre\u00edblemente vers\u00e1tiles <strong>Zapatos Derby de piel marr\u00f3n para hombre<\/strong> son un verdadero b\u00e1sico de armario. Su cl\u00e1sica puntera redondeada y su intenso color marr\u00f3n los hacen adecuados para una amplia gama de conjuntos, desde pantalones perfectamente entallados y elegantes americanas hasta elegantes vaqueros y chinos. Eleve su atuendo profesional o a\u00f1ada un toque de refinada sofisticaci\u00f3n a su conjunto informal con facilidad.<\/p>\n<p>Disponibles en una amplia gama de tallas, de la UE 39 a la 45, encontrar el ajuste perfecto es sencillo y c\u00f3modo. Experimenta la diferencia que marcan los materiales de primera calidad y la artesan\u00eda experta cuando eliges estas excepcionales <strong>zapatos Derby de piel marr\u00f3n para hombre<\/strong>.<\/p>\n<p><h3>Oportunidades de venta al por mayor<\/h3>\n<\/p>\n<p>Para minoristas, boutiques y empresas que desean ofrecer calzado de alta calidad, ofrecemos precios competitivos al por mayor. Nuestros <strong>Zapatos Derby de piel marr\u00f3n para hombre<\/strong> est\u00e1n disponibles para un pedido m\u00ednimo de 8 pares, con un plazo de entrega eficaz de 12 d\u00edas m\u00e1s gastos de env\u00edo. As\u00f3ciese con nosotros para ofrecer a sus clientes un calzado elegante, duradero y c\u00f3modo que destaque siempre en el mercado.<\/p>\n<p>Invierta en una colecci\u00f3n que combina tradici\u00f3n, innovaci\u00f3n y un estilo innegable: elija nuestra exquisita <strong>zapatos Derby de piel marr\u00f3n para hombre<\/strong> hoy.<\/p>","protected":false},"excerpt":{"rendered":"<ul>\n<li>Hecho a mano con exterior de piel de becerro de primera calidad para una elegancia duradera.<\/li>\n<li>El lujoso forro interior de piel de cabra garantiza un confort y una transpirabilidad superiores.<\/li>\n<li>Suela de EVA ligera y flexible que proporciona amortiguaci\u00f3n y sujeci\u00f3n durante todo el d\u00eda.<\/li>\n<li>El cl\u00e1sico dise\u00f1o Cap Toe Derby es adecuado tanto para vestir informal como para ocasiones elegantes.<\/li>\n<li>Disponible en una amplia gama de tallas de la UE: 39, 40, 41, 42, 43, 44, 45.<\/li>\n<li>Cantidad m\u00ednima de pedido: 8 pares.<\/li>\n<li>Plazo de entrega: 12 d\u00edas + gastos de env\u00edo.<\/li>\n<\/ul>","protected":false},"featured_media":3958,"template":"","meta":{"_acf_changed":false,"_uag_custom_page_level_css":"","site-sidebar-layout":"default","site-content-layout":"","ast-site-content-layout":"default","site-content-style":"default","site-sidebar-style":"default","ast-global-header-display":"","ast-banner-title-visibility":"","ast-main-header-display":"","ast-hfb-above-header-display":"","ast-hfb-below-header-display":"","ast-hfb-mobile-header-display":"","site-post-title":"","ast-breadcrumbs-content":"","ast-featured-img":"","footer-sml-layout":"","ast-disable-related-posts":"","theme-transparent-header-meta":"","adv-header-id-meta":"","stick-header-meta":"","header-above-stick-meta":"","header-main-stick-meta":"","header-below-stick-meta":"","astra-migrate-meta-layouts":"default","ast-page-background-enabled":"default","ast-page-background-meta":{"desktop":{"background-color":"var(--ast-global-color-4)","background-image":"","background-repeat":"repeat","background-position":"center center","background-size":"auto","background-attachment":"scroll","background-type":"","background-media":"","overlay-type":"","overlay-color":"","overlay-opacity":"","overlay-gradient":""},"tablet":{"background-color":"","background-image":"","background-repeat":"repeat","background-position":"center center","background-size":"auto","background-attachment":"scroll","background-type":"","background-media":"","overlay-type":"","overlay-color":"","overlay-opacity":"","overlay-gradient":""},"mobile":{"background-color":"","background-image":"","background-repeat":"repeat","background-position":"center center","background-size":"auto","background-attachment":"scroll","background-type":"","background-media":"","overlay-type":"","overlay-color":"","overlay-opacity":"","overlay-gradient":""}},"ast-content-background-meta":{"desktop":{"background-color":"var(--ast-global-color-5)","background-image":"","background-repeat":"repeat","background-position":"center center","background-size":"auto","background-attachment":"scroll","background-type":"","background-media":"","overlay-type":"","overlay-color":"","overlay-opacity":"","overlay-gradient":""},"tablet":{"background-color":"var(--ast-global-color-5)","background-image":"","background-repeat":"repeat","background-position":"center center","background-size":"auto","background-attachment":"scroll","background-type":"","background-media":"","overlay-type":"","overlay-color":"","overlay-opacity":"","overlay-gradient":""},"mobile":{"background-color":"var(--ast-global-color-5)","background-image":"","background-repeat":"repeat","background-position":"center center","background-size":"auto","background-attachment":"scroll","background-type":"","background-media":"","overlay-type":"","overlay-color":"","overlay-opacity":"","overlay-gradient":""}}},"product_brand":[],"product_cat":[48,47,49,430,40],"product_tag":[613,200,202,458,213,290,438,437,450,416,324,286,406,210,281],"class_list":{"0":"post-5923","1":"product","2":"type-product","3":"status-publish","4":"has-post-thumbnail","6":"product_cat-casual","7":"product_cat-classic","8":"product_cat-loafer","9":"product_cat-men","10":"product_cat-mens-shoes","11":"product_tag-brown-derby-shoes","12":"product_tag-business-casual","13":"product_tag-calf-leather","14":"product_tag-cap-toe-shoes","15":"product_tag-casual-dress-shoes","16":"product_tag-comfortable-mens-shoes","17":"product_tag-eva-sole","18":"product_tag-goat-leather","19":"product_tag-handcrafted-shoes","20":"product_tag-luxury-shoes","21":"product_tag-mens-dress-shoes","22":"product_tag-mens-leather-shoes","23":"product_tag-premium-shoes","24":"product_tag-smart-casual","25":"product_tag-wholesale-shoes","26":"desktop-align-center","27":"tablet-align-center","28":"mobile-align-center","30":"first","31":"instock","32":"shipping-taxable","33":"purchasable","34":"product-type-variable","35":"has-default-attributes"},"acf":[],"uagb_featured_image_src":{"full":["https:\/\/turkishtrade.co\/wp-content\/uploads\/2026\/01\/2400EJOMN00477-BROWN-X_7750-4-USD.png",453,250,false],"thumbnail":["https:\/\/turkishtrade.co\/wp-content\/uploads\/2026\/01\/2400EJOMN00477-BROWN-X_7750-4-USD-150x150.png",150,150,true],"medium":["https:\/\/turkishtrade.co\/wp-content\/uploads\/2026\/01\/2400EJOMN00477-BROWN-X_7750-4-USD-300x166.png",300,166,true],"medium_large":["https:\/\/turkishtrade.co\/wp-content\/uploads\/2026\/01\/2400EJOMN00477-BROWN-X_7750-4-USD.png",453,250,false],"large":["https:\/\/turkishtrade.co\/wp-content\/uploads\/2026\/01\/2400EJOMN00477-BROWN-X_7750-4-USD.png",453,250,false],"1536x1536":["https:\/\/turkishtrade.co\/wp-content\/uploads\/2026\/01\/2400EJOMN00477-BROWN-X_7750-4-USD.png",453,250,false],"2048x2048":["https:\/\/turkishtrade.co\/wp-content\/uploads\/2026\/01\/2400EJOMN00477-BROWN-X_7750-4-USD.png",453,250,false],"trp-custom-language-flag":["https:\/\/turkishtrade.co\/wp-content\/uploads\/2026\/01\/2400EJOMN00477-BROWN-X_7750-4-USD-18x10.png",18,10,true],"woocommerce_thumbnail":["https:\/\/turkishtrade.co\/wp-content\/uploads\/2026\/01\/2400EJOMN00477-BROWN-X_7750-4-USD-400x250.png",400,250,true],"woocommerce_single":["https:\/\/turkishtrade.co\/wp-content\/uploads\/2026\/01\/2400EJOMN00477-BROWN-X_7750-4-USD.png",453,250,false],"woocommerce_gallery_thumbnail":["https:\/\/turkishtrade.co\/wp-content\/uploads\/2026\/01\/2400EJOMN00477-BROWN-X_7750-4-USD-100x100.png",100,100,true]},"uagb_author_info":{"display_name":"yaser olabi","author_link":"https:\/\/turkishtrade.co\/es\/author\/"},"uagb_comment_info":0,"uagb_excerpt":"Handcrafted with premium Calf Leather exterior for lasting elegance. Luxurious Goat Leather interior lining ensures superior comfort and breathability. Lightweight and flexible EVA sole provides all-day cushioning and support. Classic Cap Toe Derby design suitable for both dress-casual and smart occasions. Available in a comprehensive range of EU sizes: 39, 40, 41, 42, 43, 44,&hellip;","_links":{"self":[{"href":"https:\/\/turkishtrade.co\/es\/wp-json\/wp\/v2\/product\/5923","targetHints":{"allow":["GET"]}}],"collection":[{"href":"https:\/\/turkishtrade.co\/es\/wp-json\/wp\/v2\/product"}],"about":[{"href":"https:\/\/turkishtrade.co\/es\/wp-json\/wp\/v2\/types\/product"}],"wp:featuredmedia":[{"embeddable":true,"href":"https:\/\/turkishtrade.co\/es\/wp-json\/wp\/v2\/media\/3958"}],"wp:attachment":[{"href":"https:\/\/turkishtrade.co\/es\/wp-json\/wp\/v2\/media?parent=5923"}],"wp:term":[{"taxonomy":"product_brand","embeddable":true,"href":"https:\/\/turkishtrade.co\/es\/wp-json\/wp\/v2\/product_brand?post=5923"},{"taxonomy":"product_cat","embeddable":true,"href":"https:\/\/turkishtrade.co\/es\/wp-json\/wp\/v2\/product_cat?post=5923"},{"taxonomy":"product_tag","embeddable":true,"href":"https:\/\/turkishtrade.co\/es\/wp-json\/wp\/v2\/product_tag?post=5923"}],"curies":[{"name":"wp","href":"https:\/\/api.w.org\/{rel}","templated":true}]}}