{"id":5917,"date":"2026-01-14T13:43:40","date_gmt":"2026-01-14T13:43:40","guid":{"rendered":"https:\/\/turkishtrade.co\/product\/mens-leather-brogue-loafers\/"},"modified":"2026-04-09T19:19:57","modified_gmt":"2026-04-09T19:19:57","slug":"mens-leather-brogue-loafers","status":"publish","type":"product","link":"https:\/\/turkishtrade.co\/es\/shop\/mens-leather-brogue-loafers\/","title":{"rendered":"Mocasines brogue de piel para hombre de primera calidad"},"content":{"rendered":"<p><strong>Mocasines brogue de piel para hombre<\/strong><\/p>\n<p>Ad\u00e9ntrese en la sofisticaci\u00f3n atemporal con nuestros mocasines brogue de piel para hombre meticulosamente elaborados. Dise\u00f1ados para el caballero moderno que valora tanto el estilo como la comodidad, estos mocasines combinan a la perfecci\u00f3n la elegancia cl\u00e1sica con el dise\u00f1o contempor\u00e1neo. Perfectos para un sinf\u00edn de ocasiones, desde importantes reuniones de negocios hasta elegantes encuentros informales, estos <strong>Mocasines brogue de piel para hombre<\/strong> son un complemento indispensable para cualquier armario exigente.<\/p>\n<p>Experimente la mezcla de tradici\u00f3n y modernidad con nuestro excepcional <strong>Mocasines brogue de piel para hombre<\/strong>.<\/p>\n<p><h3>Calidad y artesan\u00eda inigualables<\/h3>\n<\/p>\n<p>Cada par de nuestros <strong>Mocasines brogue de piel para hombre<\/strong> es un testimonio de artesan\u00eda superior. El exterior est\u00e1 confeccionado en piel de ternero flexible de primera calidad, famosa por su tacto lujoso, su durabilidad y su capacidad para desarrollar una hermosa p\u00e1tina con el paso del tiempo. En el interior, tus pies se acunar\u00e1n con la exquisita suavidad de la aut\u00e9ntica piel de cabra, que garantiza una experiencia transpirable e incre\u00edblemente c\u00f3moda a cada paso.<\/p>\n<p>El distintivo detalle de brogue, sello distintivo del calzado cl\u00e1sico, a\u00f1ade un toque de car\u00e1cter refinado, haciendo que estos <strong>Mocasines brogue de piel para hombre<\/strong> destacar de verdad.<\/p>\n<p><h3>Comodidad durante todo el d\u00eda y estilo duradero<\/h3>\n<\/p>\n<p>La comodidad es primordial, y estas <strong>Mocasines brogue de piel para hombre<\/strong> proporcionan. Con una suela de EVA ligera pero robusta, proporcionan una amortiguaci\u00f3n y una sujeci\u00f3n excelentes, por lo que son ideales para llevarlas todo el d\u00eda sin fatiga. La cl\u00e1sica altura de tac\u00f3n de mocas\u00edn de 1-3 cm garantiza una zancada estable y ergon\u00f3mica.<\/p>\n<p>Este cuidado dise\u00f1o significa que no tienes que sacrificar la comodidad por el estilo. Tanto si te desplazas por las calles de la ciudad como si asistes a un evento formal, puedes confiar en estas <strong>Mocasines brogue de piel para hombre<\/strong> para que te veas elegante y te sientas bien.<\/p>\n<p><h3>Perfecto para pedidos al por mayor y minoristas<\/h3>\n<\/p>\n<p>Para las empresas y los minoristas que buscan calzado de alta calidad, nuestro <strong>Mocasines brogue de piel para hombre<\/strong> est\u00e1n disponibles para la compra al por mayor con una cantidad m\u00ednima de pedido de s\u00f3lo 8 pares. Nos enorgullecemos de una producci\u00f3n eficiente y un plazo de entrega fiable de aproximadamente 12 d\u00edas, m\u00e1s gastos de env\u00edo. Ofrezca a sus clientes un calzado de primera calidad que combina la elegancia tradicional con la comodidad y el atractivo modernos.<\/p>\n<p>Disponibles en una amplia gama de tallas, de la UE 39 a la 45, estas elegantes <strong>Mocasines brogue de piel para hombre<\/strong> atienden a una amplia base de clientes, garantizando su satisfacci\u00f3n y la repetici\u00f3n del negocio. Estos exquisitos <strong>Mocasines brogue de piel para hombre<\/strong> representan una excelente inversi\u00f3n para su inventario.<\/p>","protected":false},"excerpt":{"rendered":"<ul>\n<li>Exterior de piel de becerro de primera calidad e interior de suave piel de cabra.<\/li>\n<li>Suela de EVA ligera y c\u00f3moda para llevarla todo el d\u00eda.<\/li>\n<li>Mocas\u00edn cl\u00e1sico casual Altura del tac\u00f3n: 1-3 cm.<\/li>\n<li>Disponible en una amplia gama de tallas: EU 39, 40, 41, 42, 43, 44, 45.<\/li>\n<li>Cantidad m\u00ednima de pedido: 8 pares.<\/li>\n<li>Tiempo de producci\u00f3n y entrega: Aproximadamente 12 d\u00edas + gastos de env\u00edo.<\/li>\n<\/ul>","protected":false},"featured_media":3955,"template":"","meta":{"_acf_changed":false,"_uag_custom_page_level_css":"","site-sidebar-layout":"default","site-content-layout":"","ast-site-content-layout":"default","site-content-style":"default","site-sidebar-style":"default","ast-global-header-display":"","ast-banner-title-visibility":"","ast-main-header-display":"","ast-hfb-above-header-display":"","ast-hfb-below-header-display":"","ast-hfb-mobile-header-display":"","site-post-title":"","ast-breadcrumbs-content":"","ast-featured-img":"","footer-sml-layout":"","ast-disable-related-posts":"","theme-transparent-header-meta":"","adv-header-id-meta":"","stick-header-meta":"","header-above-stick-meta":"","header-main-stick-meta":"","header-below-stick-meta":"","astra-migrate-meta-layouts":"default","ast-page-background-enabled":"default","ast-page-background-meta":{"desktop":{"background-color":"var(--ast-global-color-4)","background-image":"","background-repeat":"repeat","background-position":"center center","background-size":"auto","background-attachment":"scroll","background-type":"","background-media":"","overlay-type":"","overlay-color":"","overlay-opacity":"","overlay-gradient":""},"tablet":{"background-color":"","background-image":"","background-repeat":"repeat","background-position":"center center","background-size":"auto","background-attachment":"scroll","background-type":"","background-media":"","overlay-type":"","overlay-color":"","overlay-opacity":"","overlay-gradient":""},"mobile":{"background-color":"","background-image":"","background-repeat":"repeat","background-position":"center center","background-size":"auto","background-attachment":"scroll","background-type":"","background-media":"","overlay-type":"","overlay-color":"","overlay-opacity":"","overlay-gradient":""}},"ast-content-background-meta":{"desktop":{"background-color":"var(--ast-global-color-5)","background-image":"","background-repeat":"repeat","background-position":"center center","background-size":"auto","background-attachment":"scroll","background-type":"","background-media":"","overlay-type":"","overlay-color":"","overlay-opacity":"","overlay-gradient":""},"tablet":{"background-color":"var(--ast-global-color-5)","background-image":"","background-repeat":"repeat","background-position":"center center","background-size":"auto","background-attachment":"scroll","background-type":"","background-media":"","overlay-type":"","overlay-color":"","overlay-opacity":"","overlay-gradient":""},"mobile":{"background-color":"var(--ast-global-color-5)","background-image":"","background-repeat":"repeat","background-position":"center center","background-size":"auto","background-attachment":"scroll","background-type":"","background-media":"","overlay-type":"","overlay-color":"","overlay-opacity":"","overlay-gradient":""}}},"product_brand":[],"product_cat":[48,47,49,430,40],"product_tag":[654,674,513,185,512,457,737,438,251,189,219,215,186,456],"class_list":{"0":"post-5917","1":"product","2":"type-product","3":"status-publish","4":"has-post-thumbnail","6":"product_cat-casual","7":"product_cat-classic","8":"product_cat-loafer","9":"product_cat-men","10":"product_cat-mens-shoes","11":"product_tag-brogue-shoes","12":"product_tag-bulk-shoes","13":"product_tag-business-casual-shoes","14":"product_tag-calf-leather-shoes","15":"product_tag-casual-loafers","16":"product_tag-classic-loafers","17":"product_tag-dress-loafers","18":"product_tag-eva-sole","19":"product_tag-formal-shoes","20":"product_tag-goat-leather-lining","21":"product_tag-handmade-shoes","22":"product_tag-leather-loafers","23":"product_tag-mens-loafers","24":"product_tag-wholesale-loafers","25":"desktop-align-center","26":"tablet-align-center","27":"mobile-align-center","29":"first","30":"instock","31":"shipping-taxable","32":"purchasable","33":"product-type-variable","34":"has-default-attributes"},"acf":[],"uagb_featured_image_src":{"full":["https:\/\/turkishtrade.co\/wp-content\/uploads\/2026\/01\/2400EJOMN00468-DARK-BROWN-X_1350.png",453,250,false],"thumbnail":["https:\/\/turkishtrade.co\/wp-content\/uploads\/2026\/01\/2400EJOMN00468-DARK-BROWN-X_1350-150x150.png",150,150,true],"medium":["https:\/\/turkishtrade.co\/wp-content\/uploads\/2026\/01\/2400EJOMN00468-DARK-BROWN-X_1350-300x166.png",300,166,true],"medium_large":["https:\/\/turkishtrade.co\/wp-content\/uploads\/2026\/01\/2400EJOMN00468-DARK-BROWN-X_1350.png",453,250,false],"large":["https:\/\/turkishtrade.co\/wp-content\/uploads\/2026\/01\/2400EJOMN00468-DARK-BROWN-X_1350.png",453,250,false],"1536x1536":["https:\/\/turkishtrade.co\/wp-content\/uploads\/2026\/01\/2400EJOMN00468-DARK-BROWN-X_1350.png",453,250,false],"2048x2048":["https:\/\/turkishtrade.co\/wp-content\/uploads\/2026\/01\/2400EJOMN00468-DARK-BROWN-X_1350.png",453,250,false],"trp-custom-language-flag":["https:\/\/turkishtrade.co\/wp-content\/uploads\/2026\/01\/2400EJOMN00468-DARK-BROWN-X_1350-18x10.png",18,10,true],"woocommerce_thumbnail":["https:\/\/turkishtrade.co\/wp-content\/uploads\/2026\/01\/2400EJOMN00468-DARK-BROWN-X_1350-400x250.png",400,250,true],"woocommerce_single":["https:\/\/turkishtrade.co\/wp-content\/uploads\/2026\/01\/2400EJOMN00468-DARK-BROWN-X_1350.png",453,250,false],"woocommerce_gallery_thumbnail":["https:\/\/turkishtrade.co\/wp-content\/uploads\/2026\/01\/2400EJOMN00468-DARK-BROWN-X_1350-100x100.png",100,100,true]},"uagb_author_info":{"display_name":"yaser olabi","author_link":"https:\/\/turkishtrade.co\/es\/author\/"},"uagb_comment_info":0,"uagb_excerpt":"Crafted from premium Calf Leather exterior and soft Goat Leather interior. Lightweight and comfortable EVA sole for all-day wear. Classic loafer casual heel height: 1-3 cm. Available in a wide range of sizes: EU 39, 40, 41, 42, 43, 44, 45. Minimum order quantity: 8 pairs. Production and delivery time: Approximately 12 days + shipping.","_links":{"self":[{"href":"https:\/\/turkishtrade.co\/es\/wp-json\/wp\/v2\/product\/5917","targetHints":{"allow":["GET"]}}],"collection":[{"href":"https:\/\/turkishtrade.co\/es\/wp-json\/wp\/v2\/product"}],"about":[{"href":"https:\/\/turkishtrade.co\/es\/wp-json\/wp\/v2\/types\/product"}],"wp:featuredmedia":[{"embeddable":true,"href":"https:\/\/turkishtrade.co\/es\/wp-json\/wp\/v2\/media\/3955"}],"wp:attachment":[{"href":"https:\/\/turkishtrade.co\/es\/wp-json\/wp\/v2\/media?parent=5917"}],"wp:term":[{"taxonomy":"product_brand","embeddable":true,"href":"https:\/\/turkishtrade.co\/es\/wp-json\/wp\/v2\/product_brand?post=5917"},{"taxonomy":"product_cat","embeddable":true,"href":"https:\/\/turkishtrade.co\/es\/wp-json\/wp\/v2\/product_cat?post=5917"},{"taxonomy":"product_tag","embeddable":true,"href":"https:\/\/turkishtrade.co\/es\/wp-json\/wp\/v2\/product_tag?post=5917"}],"curies":[{"name":"wp","href":"https:\/\/api.w.org\/{rel}","templated":true}]}}