{"id":5913,"date":"2026-01-14T13:42:48","date_gmt":"2026-01-14T13:42:48","guid":{"rendered":"https:\/\/turkishtrade.co\/product\/men-s-brown-monk-loafers\/"},"modified":"2026-04-09T19:20:04","modified_gmt":"2026-04-09T19:20:04","slug":"mens-brown-monk-loafers","status":"publish","type":"product","link":"https:\/\/turkishtrade.co\/es\/shop\/mens-brown-monk-loafers\/","title":{"rendered":"Mocasines monje marrones de primera calidad para hombre con suela de EVA"},"content":{"rendered":"<p><strong>Mocasines monje marrones para hombre<\/strong><\/p>\n<p>Eleve su colecci\u00f3n de calzado con nuestros exquisitos <strong>mocasines monje marrones de hombre<\/strong>, una mezcla perfecta de estilo cl\u00e1sico y comodidad moderna. Meticulosamente elaborados con los mejores materiales, estos mocasines est\u00e1n dise\u00f1ados para el caballero exigente que valora tanto la est\u00e9tica como la durabilidad. El exterior de piel de ternero aut\u00e9ntica ofrece un brillo sofisticado, mientras que el empeine de ante marr\u00f3n en contraste a\u00f1ade un toque de textura y profundidad \u00fanicos.<\/p>\n<p>No son s\u00f3lo zapatos; son una declaraci\u00f3n de gusto refinado.<\/p>\n<p><h3>Artesan\u00eda sin igual y materiales de primera calidad<\/h3>\n<\/p>\n<p>Nuestra <strong>mocasines monje marrones de hombre<\/strong> cuentan con una construcci\u00f3n superior que garantiza un uso y un confort duraderos. El exterior est\u00e1 confeccionado en lujosa piel de ternero, conocida por su resistencia y suave acabado, que proporciona un aspecto distinguido que s\u00f3lo mejora con el paso del tiempo. En el interior, sus pies disfrutar\u00e1n de la comodidad del forro de suave piel de cabra, que garantiza la transpirabilidad y una sensaci\u00f3n de calidad a cada paso.<\/p>\n<p>Las emblem\u00e1ticas correas dobles, con elegantes hebillas, a\u00f1aden un atractivo atemporal que las convierte en una pieza \u00fanica. <strong>mocasines monje marrones de hombre<\/strong> un complemento vers\u00e1til para cualquier armario.<\/p>\n<p><h3>Dise\u00f1ado para ofrecer comodidad y durabilidad<\/h3>\n<\/p>\n<p>La comodidad es primordial, y estas <strong>mocasines monje marrones de hombre<\/strong> con su innovadora suela de EVA. Este material ligero pero incre\u00edblemente duradero proporciona una excelente absorci\u00f3n de impactos y un agarre superior, lo que las hace ideales para llevarlas durante todo el d\u00eda, tanto si te mueves por las calles de la ciudad como si asistes a importantes reuniones de negocios. Con una c\u00f3moda altura de tac\u00f3n de entre 1 y 3 cm, ofrecen una sutil elevaci\u00f3n sin comprometer la estabilidad.<\/p>\n<p>Disponibles en una amplia gama de tallas europeas, de la 39 a la 45, para que encuentre su talla perfecta. <strong>mocasines monje marrones de hombre<\/strong> es sin esfuerzo.<\/p>\n<p><h3>La elecci\u00f3n perfecta para los compradores al por mayor<\/h3>\n<\/p>\n<p>Para las empresas que buscan calzado de alta calidad y con estilo, nuestros <strong>mocasines monje marrones de hombre<\/strong> son una elecci\u00f3n inigualable. Ofrecemos estos zapatos de primera calidad al por mayor con una cantidad m\u00ednima de pedido de 8 pares, lo que garantiza un precio competitivo para las compras al por mayor. Con un plazo de entrega estimado de 12 d\u00edas m\u00e1s gastos de env\u00edo, puede almacenar de manera eficiente su inventario con un producto que resuena con la calidad y la sofisticaci\u00f3n.<\/p>\n<p>Proporcione a sus clientes lo mejor en moda de calzado eligiendo nuestro distinguido <strong>mocasines monje marrones de hombre<\/strong>.<\/p>\n<p><h3>Versatilidad y estilo<\/h3>\n<\/p>\n<p>Estos vers\u00e1tiles <strong>mocasines monje marrones de hombre<\/strong> para pasar sin problemas de la elegancia informal a las ocasiones semiformales. Comb\u00ednalos con unos pantalones de sastrer\u00eda para un look de oficina elegante o con unos pantalones chinos para un conjunto sofisticado de fin de semana. Su tono marr\u00f3n intenso y su dise\u00f1o inconfundible los convierten en una pieza destacada que te garantiza que siempre saldr\u00e1s a la calle con confianza y estilo. Invierte en un par de zapatos que reflejen una calidad excepcional y un dise\u00f1o atemporal.<\/p>","protected":false},"excerpt":{"rendered":"<ul>\n<li>Exterior de piel de ternero de primera calidad e interior de suave piel de cabra<\/li>\n<li>Elegante dise\u00f1o de doble correa monje con detalles en ante marr\u00f3n<\/li>\n<li>Incorpora una suela de EVA c\u00f3moda y duradera para mejorar el agarre y la comodidad.<\/li>\n<li>Disponible en tallas europeas 39, 40, 41, 42, 43, 44, 45<\/li>\n<li><strong>Disponibilidad al por mayor:<\/strong> Se requiere un pedido m\u00ednimo de 8 pares.<\/li>\n<\/ul>","protected":false},"featured_media":3952,"template":"","meta":{"_acf_changed":false,"_uag_custom_page_level_css":"","site-sidebar-layout":"default","site-content-layout":"","ast-site-content-layout":"default","site-content-style":"default","site-sidebar-style":"default","ast-global-header-display":"","ast-banner-title-visibility":"","ast-main-header-display":"","ast-hfb-above-header-display":"","ast-hfb-below-header-display":"","ast-hfb-mobile-header-display":"","site-post-title":"","ast-breadcrumbs-content":"","ast-featured-img":"","footer-sml-layout":"","ast-disable-related-posts":"","theme-transparent-header-meta":"","adv-header-id-meta":"","stick-header-meta":"","header-above-stick-meta":"","header-main-stick-meta":"","header-below-stick-meta":"","astra-migrate-meta-layouts":"default","ast-page-background-enabled":"default","ast-page-background-meta":{"desktop":{"background-color":"var(--ast-global-color-4)","background-image":"","background-repeat":"repeat","background-position":"center center","background-size":"auto","background-attachment":"scroll","background-type":"","background-media":"","overlay-type":"","overlay-color":"","overlay-opacity":"","overlay-gradient":""},"tablet":{"background-color":"","background-image":"","background-repeat":"repeat","background-position":"center center","background-size":"auto","background-attachment":"scroll","background-type":"","background-media":"","overlay-type":"","overlay-color":"","overlay-opacity":"","overlay-gradient":""},"mobile":{"background-color":"","background-image":"","background-repeat":"repeat","background-position":"center center","background-size":"auto","background-attachment":"scroll","background-type":"","background-media":"","overlay-type":"","overlay-color":"","overlay-opacity":"","overlay-gradient":""}},"ast-content-background-meta":{"desktop":{"background-color":"var(--ast-global-color-5)","background-image":"","background-repeat":"repeat","background-position":"center center","background-size":"auto","background-attachment":"scroll","background-type":"","background-media":"","overlay-type":"","overlay-color":"","overlay-opacity":"","overlay-gradient":""},"tablet":{"background-color":"var(--ast-global-color-5)","background-image":"","background-repeat":"repeat","background-position":"center center","background-size":"auto","background-attachment":"scroll","background-type":"","background-media":"","overlay-type":"","overlay-color":"","overlay-opacity":"","overlay-gradient":""},"mobile":{"background-color":"var(--ast-global-color-5)","background-image":"","background-repeat":"repeat","background-position":"center center","background-size":"auto","background-attachment":"scroll","background-type":"","background-media":"","overlay-type":"","overlay-color":"","overlay-opacity":"","overlay-gradient":""}}},"product_brand":[],"product_cat":[48,47,49,430,40],"product_tag":[292,202,512,1087,756,438,437,186,261,210,149,281],"class_list":{"0":"post-5913","1":"product","2":"type-product","3":"status-publish","4":"has-post-thumbnail","6":"product_cat-casual","7":"product_cat-classic","8":"product_cat-loafer","9":"product_cat-men","10":"product_cat-mens-shoes","11":"product_tag-brown-leather-shoes","12":"product_tag-calf-leather","13":"product_tag-casual-loafers","14":"product_tag-dual-buckle-shoes","15":"product_tag-european-sizes","16":"product_tag-eva-sole","17":"product_tag-goat-leather","18":"product_tag-mens-loafers","19":"product_tag-monk-strap-shoes","20":"product_tag-smart-casual","21":"product_tag-suede-loafers","22":"product_tag-wholesale-shoes","23":"desktop-align-center","24":"tablet-align-center","25":"mobile-align-center","27":"first","28":"instock","29":"shipping-taxable","30":"purchasable","31":"product-type-variable","32":"has-default-attributes"},"acf":[],"uagb_featured_image_src":{"full":["https:\/\/turkishtrade.co\/wp-content\/uploads\/2026\/01\/2400EJOMN00464-CAMEL-R_570-4-USD.png",453,250,false],"thumbnail":["https:\/\/turkishtrade.co\/wp-content\/uploads\/2026\/01\/2400EJOMN00464-CAMEL-R_570-4-USD-150x150.png",150,150,true],"medium":["https:\/\/turkishtrade.co\/wp-content\/uploads\/2026\/01\/2400EJOMN00464-CAMEL-R_570-4-USD-300x166.png",300,166,true],"medium_large":["https:\/\/turkishtrade.co\/wp-content\/uploads\/2026\/01\/2400EJOMN00464-CAMEL-R_570-4-USD.png",453,250,false],"large":["https:\/\/turkishtrade.co\/wp-content\/uploads\/2026\/01\/2400EJOMN00464-CAMEL-R_570-4-USD.png",453,250,false],"1536x1536":["https:\/\/turkishtrade.co\/wp-content\/uploads\/2026\/01\/2400EJOMN00464-CAMEL-R_570-4-USD.png",453,250,false],"2048x2048":["https:\/\/turkishtrade.co\/wp-content\/uploads\/2026\/01\/2400EJOMN00464-CAMEL-R_570-4-USD.png",453,250,false],"trp-custom-language-flag":["https:\/\/turkishtrade.co\/wp-content\/uploads\/2026\/01\/2400EJOMN00464-CAMEL-R_570-4-USD-18x10.png",18,10,true],"woocommerce_thumbnail":["https:\/\/turkishtrade.co\/wp-content\/uploads\/2026\/01\/2400EJOMN00464-CAMEL-R_570-4-USD-400x250.png",400,250,true],"woocommerce_single":["https:\/\/turkishtrade.co\/wp-content\/uploads\/2026\/01\/2400EJOMN00464-CAMEL-R_570-4-USD.png",453,250,false],"woocommerce_gallery_thumbnail":["https:\/\/turkishtrade.co\/wp-content\/uploads\/2026\/01\/2400EJOMN00464-CAMEL-R_570-4-USD-100x100.png",100,100,true]},"uagb_author_info":{"display_name":"yaser olabi","author_link":"https:\/\/turkishtrade.co\/es\/author\/"},"uagb_comment_info":0,"uagb_excerpt":"Crafted from premium calf leather exterior and soft goat leather interior Stylish dual monk strap design with elegant brown suede accents Features a comfortable and durable EVA sole for enhanced grip and wearability Available in European sizes 39, 40, 41, 42, 43, 44, 45 Wholesale Availability: Minimum order of 8 pairs required.","_links":{"self":[{"href":"https:\/\/turkishtrade.co\/es\/wp-json\/wp\/v2\/product\/5913","targetHints":{"allow":["GET"]}}],"collection":[{"href":"https:\/\/turkishtrade.co\/es\/wp-json\/wp\/v2\/product"}],"about":[{"href":"https:\/\/turkishtrade.co\/es\/wp-json\/wp\/v2\/types\/product"}],"wp:featuredmedia":[{"embeddable":true,"href":"https:\/\/turkishtrade.co\/es\/wp-json\/wp\/v2\/media\/3952"}],"wp:attachment":[{"href":"https:\/\/turkishtrade.co\/es\/wp-json\/wp\/v2\/media?parent=5913"}],"wp:term":[{"taxonomy":"product_brand","embeddable":true,"href":"https:\/\/turkishtrade.co\/es\/wp-json\/wp\/v2\/product_brand?post=5913"},{"taxonomy":"product_cat","embeddable":true,"href":"https:\/\/turkishtrade.co\/es\/wp-json\/wp\/v2\/product_cat?post=5913"},{"taxonomy":"product_tag","embeddable":true,"href":"https:\/\/turkishtrade.co\/es\/wp-json\/wp\/v2\/product_tag?post=5913"}],"curies":[{"name":"wp","href":"https:\/\/api.w.org\/{rel}","templated":true}]}}