{"id":5908,"date":"2026-01-14T13:41:54","date_gmt":"2026-01-14T13:41:54","guid":{"rendered":"https:\/\/turkishtrade.co\/product\/mens-chunky-leather-loafers\/"},"modified":"2026-04-09T19:20:11","modified_gmt":"2026-04-09T19:20:11","slug":"mens-chunky-leather-loafers","status":"publish","type":"product","link":"https:\/\/turkishtrade.co\/es\/shop\/mens-chunky-leather-loafers\/","title":{"rendered":"Mocasines de hombre de piel con suela gruesa y detalle de cadena dorada"},"content":{"rendered":"<p><strong>Mocasines de piel gruesos para hombre<\/strong><\/p>\n<p>Sum\u00e9rjase en un estilo y un confort incomparables con nuestro exquisito <strong>Mocasines de piel gruesos para hombre<\/strong>. Dise\u00f1ados para el caballero moderno que valora tanto la est\u00e9tica como la durabilidad, estos mocasines son un testimonio de artesan\u00eda superior y dise\u00f1o contempor\u00e1neo. Elaborados con piel de ternero de primera calidad en el exterior, ofrecen un acabado elegante y sofisticado que es a la vez flexible y resistente, prometiendo longevidad y una sensaci\u00f3n de lujo.<\/p>\n<p>La lujosa experiencia contin\u00faa en el interior con un suave forro de piel de cabra, que garantiza una transpirabilidad inigualable y un confort excepcional a cada paso que das. Estos materiales en conjunto definen la calidad superior de nuestros <strong>mocasines de cuero grueso para hombre<\/strong>.<\/p>\n<p>La distintiva suela gruesa de EVA proporciona no s\u00f3lo un perfil moderno y sustancial, sino tambi\u00e9n una notable absorci\u00f3n de impactos y apoyo, haciendo que estas <strong>mocasines de cuero grueso para hombre<\/strong> ideal para llevar todo el d\u00eda. Tanto si se desplaza por las calles de la ciudad como si acude a una reuni\u00f3n de negocios informal, apreciar\u00e1 la estabilidad y la comodidad que ofrece esta robusta suela. Para a\u00f1adir un toque de elegancia atemporal y estilo contempor\u00e1neo, un llamativo detalle de cadena dorada adorna la pala, elevando el dise\u00f1o general y garantizando que estas zapatillas sean perfectas para el d\u00eda a d\u00eda. <strong>mocasines de cuero grueso para hombre<\/strong> destacar entre la multitud.<\/p>\n<p>Este adorno \u00fanico los hace realmente excepcionales.<\/p>\n<p><h3>Estilo y confort inigualables<\/h3>\n<\/p>\n<p>Combinando a la perfecci\u00f3n la est\u00e9tica cl\u00e1sica de los mocasines con un perfil moderno y sustancial, estos vers\u00e1tiles <strong>mocasines de cuero grueso para hombre<\/strong> para pasar sin esfuerzo de conjuntos elegantes e informales a atuendos m\u00e1s relajados para el fin de semana. Comb\u00ednalas con pantalones de sastrer\u00eda para un look refinado o con vaqueros oscuros para un aire informal. La rica textura de la piel de becerro, combinada con los intrincados detalles y la resistente suela de EVA, hacen que estas <strong>mocasines de cuero grueso para hombre<\/strong> un b\u00e1sico para cualquier armario exigente.<\/p>\n<p>Experimente la sinergia perfecta de materiales de lujo, dise\u00f1o experto y comodidad duradera. Invierta en un par de <strong>mocasines de cuero grueso para hombre<\/strong> que reflejan su gusto sofisticado y su exigente estilo de vida. Disponibles en una amplia gama de tallas UE de la 39 a la 45 para garantizar el ajuste perfecto, estos <strong>mocasines de cuero grueso para hombre<\/strong> son algo m\u00e1s que zapatos: son una declaraci\u00f3n de estilo refinado y calidad sin concesiones.<\/p>\n<p>Descubra hoy lo \u00faltimo en calzado para hombre.<\/p>","protected":false},"excerpt":{"rendered":"<ul>\n<li>Exterior de piel de becerro de primera calidad<\/li>\n<li>Interior en suave piel de cabra<\/li>\n<li>Suela gruesa de EVA que mejora la comodidad (altura del tac\u00f3n aprox. 1-3 cm)<\/li>\n<li>Elegante detalle de cadena dorada<\/li>\n<li>Disponible en tallas UE 39-45<\/li>\n<li>Pedido M\u00ednimo: 8 Pares (Disponibilidad al por mayor)<\/li>\n<li>Plazo de entrega: 12 d\u00edas + gastos de env\u00edo<\/li>\n<\/ul>","protected":false},"featured_media":3950,"template":"","meta":{"_acf_changed":false,"_uag_custom_page_level_css":"","site-sidebar-layout":"default","site-content-layout":"","ast-site-content-layout":"default","site-content-style":"default","site-sidebar-style":"default","ast-global-header-display":"","ast-banner-title-visibility":"","ast-main-header-display":"","ast-hfb-above-header-display":"","ast-hfb-below-header-display":"","ast-hfb-mobile-header-display":"","site-post-title":"","ast-breadcrumbs-content":"","ast-featured-img":"","footer-sml-layout":"","ast-disable-related-posts":"","theme-transparent-header-meta":"","adv-header-id-meta":"","stick-header-meta":"","header-above-stick-meta":"","header-main-stick-meta":"","header-below-stick-meta":"","astra-migrate-meta-layouts":"default","ast-page-background-enabled":"default","ast-page-background-meta":{"desktop":{"background-color":"var(--ast-global-color-4)","background-image":"","background-repeat":"repeat","background-position":"center center","background-size":"auto","background-attachment":"scroll","background-type":"","background-media":"","overlay-type":"","overlay-color":"","overlay-opacity":"","overlay-gradient":""},"tablet":{"background-color":"","background-image":"","background-repeat":"repeat","background-position":"center center","background-size":"auto","background-attachment":"scroll","background-type":"","background-media":"","overlay-type":"","overlay-color":"","overlay-opacity":"","overlay-gradient":""},"mobile":{"background-color":"","background-image":"","background-repeat":"repeat","background-position":"center center","background-size":"auto","background-attachment":"scroll","background-type":"","background-media":"","overlay-type":"","overlay-color":"","overlay-opacity":"","overlay-gradient":""}},"ast-content-background-meta":{"desktop":{"background-color":"var(--ast-global-color-5)","background-image":"","background-repeat":"repeat","background-position":"center center","background-size":"auto","background-attachment":"scroll","background-type":"","background-media":"","overlay-type":"","overlay-color":"","overlay-opacity":"","overlay-gradient":""},"tablet":{"background-color":"var(--ast-global-color-5)","background-image":"","background-repeat":"repeat","background-position":"center center","background-size":"auto","background-attachment":"scroll","background-type":"","background-media":"","overlay-type":"","overlay-color":"","overlay-opacity":"","overlay-gradient":""},"mobile":{"background-color":"var(--ast-global-color-5)","background-image":"","background-repeat":"repeat","background-position":"center center","background-size":"auto","background-attachment":"scroll","background-type":"","background-media":"","overlay-type":"","overlay-color":"","overlay-opacity":"","overlay-gradient":""}}},"product_brand":[],"product_cat":[48,47,49,430,40],"product_tag":[202,512,409,284,438,352,221,437,1086,215,186,374,546,456],"class_list":{"0":"post-5908","1":"product","2":"type-product","3":"status-publish","4":"has-post-thumbnail","6":"product_cat-casual","7":"product_cat-classic","8":"product_cat-loafer","9":"product_cat-men","10":"product_cat-mens-shoes","11":"product_tag-calf-leather","12":"product_tag-casual-loafers","13":"product_tag-chunky-loafers","14":"product_tag-dress-shoes","15":"product_tag-eva-sole","16":"product_tag-formal-loafers","17":"product_tag-genuine-leather","18":"product_tag-goat-leather","19":"product_tag-gold-chain-shoes","20":"product_tag-leather-loafers","21":"product_tag-mens-loafers","22":"product_tag-premium-loafers","23":"product_tag-stylish-mens-shoes","24":"product_tag-wholesale-loafers","25":"desktop-align-center","26":"tablet-align-center","27":"mobile-align-center","29":"first","30":"instock","31":"shipping-taxable","32":"purchasable","33":"product-type-variable","34":"has-default-attributes"},"acf":[],"uagb_featured_image_src":{"full":["https:\/\/turkishtrade.co\/wp-content\/uploads\/2026\/01\/2400EJOMN00457-BURGUNDEY-DKS_7654-fusped-2-USD.png",453,250,false],"thumbnail":["https:\/\/turkishtrade.co\/wp-content\/uploads\/2026\/01\/2400EJOMN00457-BURGUNDEY-DKS_7654-fusped-2-USD-150x150.png",150,150,true],"medium":["https:\/\/turkishtrade.co\/wp-content\/uploads\/2026\/01\/2400EJOMN00457-BURGUNDEY-DKS_7654-fusped-2-USD-300x166.png",300,166,true],"medium_large":["https:\/\/turkishtrade.co\/wp-content\/uploads\/2026\/01\/2400EJOMN00457-BURGUNDEY-DKS_7654-fusped-2-USD.png",453,250,false],"large":["https:\/\/turkishtrade.co\/wp-content\/uploads\/2026\/01\/2400EJOMN00457-BURGUNDEY-DKS_7654-fusped-2-USD.png",453,250,false],"1536x1536":["https:\/\/turkishtrade.co\/wp-content\/uploads\/2026\/01\/2400EJOMN00457-BURGUNDEY-DKS_7654-fusped-2-USD.png",453,250,false],"2048x2048":["https:\/\/turkishtrade.co\/wp-content\/uploads\/2026\/01\/2400EJOMN00457-BURGUNDEY-DKS_7654-fusped-2-USD.png",453,250,false],"trp-custom-language-flag":["https:\/\/turkishtrade.co\/wp-content\/uploads\/2026\/01\/2400EJOMN00457-BURGUNDEY-DKS_7654-fusped-2-USD-18x10.png",18,10,true],"woocommerce_thumbnail":["https:\/\/turkishtrade.co\/wp-content\/uploads\/2026\/01\/2400EJOMN00457-BURGUNDEY-DKS_7654-fusped-2-USD-400x250.png",400,250,true],"woocommerce_single":["https:\/\/turkishtrade.co\/wp-content\/uploads\/2026\/01\/2400EJOMN00457-BURGUNDEY-DKS_7654-fusped-2-USD.png",453,250,false],"woocommerce_gallery_thumbnail":["https:\/\/turkishtrade.co\/wp-content\/uploads\/2026\/01\/2400EJOMN00457-BURGUNDEY-DKS_7654-fusped-2-USD-100x100.png",100,100,true]},"uagb_author_info":{"display_name":"yaser olabi","author_link":"https:\/\/turkishtrade.co\/es\/author\/"},"uagb_comment_info":0,"uagb_excerpt":"Premium Calf Leather Exterior Soft Goat Leather Interior Comfort-Enhancing EVA Chunky Sole (Approx. 1-3cm heel height) Stylish Gold-Tone Chain Detail Available in EU Sizes 39-45 Minimum Order: 8 Pairs (Wholesale Availability) Delivery Time: 12 Days + Shipping","_links":{"self":[{"href":"https:\/\/turkishtrade.co\/es\/wp-json\/wp\/v2\/product\/5908","targetHints":{"allow":["GET"]}}],"collection":[{"href":"https:\/\/turkishtrade.co\/es\/wp-json\/wp\/v2\/product"}],"about":[{"href":"https:\/\/turkishtrade.co\/es\/wp-json\/wp\/v2\/types\/product"}],"wp:featuredmedia":[{"embeddable":true,"href":"https:\/\/turkishtrade.co\/es\/wp-json\/wp\/v2\/media\/3950"}],"wp:attachment":[{"href":"https:\/\/turkishtrade.co\/es\/wp-json\/wp\/v2\/media?parent=5908"}],"wp:term":[{"taxonomy":"product_brand","embeddable":true,"href":"https:\/\/turkishtrade.co\/es\/wp-json\/wp\/v2\/product_brand?post=5908"},{"taxonomy":"product_cat","embeddable":true,"href":"https:\/\/turkishtrade.co\/es\/wp-json\/wp\/v2\/product_cat?post=5908"},{"taxonomy":"product_tag","embeddable":true,"href":"https:\/\/turkishtrade.co\/es\/wp-json\/wp\/v2\/product_tag?post=5908"}],"curies":[{"name":"wp","href":"https:\/\/api.w.org\/{rel}","templated":true}]}}