{"id":5905,"date":"2026-01-14T13:41:13","date_gmt":"2026-01-14T13:41:13","guid":{"rendered":"https:\/\/turkishtrade.co\/product\/mens-casual-leather-loafers-2\/"},"modified":"2026-04-09T19:20:24","modified_gmt":"2026-04-09T19:20:24","slug":"mens-casual-leather-loafers-2","status":"publish","type":"product","link":"https:\/\/turkishtrade.co\/es\/shop\/mens-casual-leather-loafers-2\/","title":{"rendered":"Mocasines casuales de piel burdeos de primera calidad para hombre con suela de EVA"},"content":{"rendered":"<p><strong>Mocasines de cuero para hombre<\/strong><\/p>\n<p>Eleve su estilo cotidiano con nuestros exquisitos <strong>Mocasines de cuero para hombre<\/strong>, Meticulosamente elaborados para el hombre moderno que valora tanto la sofisticaci\u00f3n como la comodidad. Estos mocasines no son s\u00f3lo zapatos; son una declaraci\u00f3n de elegancia atemporal y calidad superior, dise\u00f1ados para pasar sin problemas de entornos informales de negocios a excursiones relajadas de fin de semana. Descubra la combinaci\u00f3n perfecta de artesan\u00eda tradicional y dise\u00f1o contempor\u00e1neo.<\/p>\n<h3>Confort incomparable y materiales de primera calidad<\/h3>\n<p>Experimenta el lujo a cada paso gracias a los materiales de primera calidad utilizados en estas extraordinarias <strong>Mocasines de cuero para hombre<\/strong>. El exterior est\u00e1 confeccionado en flexible piel de becerro, famosa por su durabilidad, suave acabado y capacidad para desarrollar una hermosa p\u00e1tina con el paso del tiempo. La rica tonalidad burdeos, expertamente acabada con un sutil envejecido, a\u00f1ade una profundidad de car\u00e1cter que le distinguir\u00e1.<\/p>\n<p>En el interior, tus pies se acunar\u00e1n en el suave abrazo del forro de piel de cabra aut\u00e9ntica, que garantiza una transpirabilidad excepcional y evita las molestias, incluso tras un uso prolongado. Esta cuidada combinaci\u00f3n de materiales garantiza un tacto lujoso y un rendimiento duradero.<\/p>\n<h3>Dise\u00f1o ligero y agarre superior<\/h3>\n<p>Nuestro compromiso con su comodidad se extiende al innovador dise\u00f1o de la suela. Estos <strong>Mocasines de cuero para hombre<\/strong> cuentan con una suela de EVA robusta pero incre\u00edblemente ligera. Este avanzado material proporciona una excelente amortiguaci\u00f3n y flexibilidad, absorbiendo el impacto a cada paso y haci\u00e9ndolas ideales para llevarlas todo el d\u00eda.<\/p>\n<p>El distintivo dise\u00f1o acanalado de la suela no s\u00f3lo a\u00f1ade un toque de estilo contempor\u00e1neo, sino que tambi\u00e9n ofrece una tracci\u00f3n superior, garantizando estabilidad y confianza en diversas superficies. Con una altura de tac\u00f3n cl\u00e1sica de 1-3 cm, estos mocasines mantienen un perfil refinado a la vez que ofrecen una sutil elevaci\u00f3n.<\/p>\n<h3>Estilo vers\u00e1til para cualquier ocasi\u00f3n<\/h3>\n<p>La silueta cl\u00e1sica de estos zapatos los convierte en un complemento incre\u00edblemente vers\u00e1til para cualquier armario. Comb\u00ednalos con unos pantalones de sastrer\u00eda y una americana para un look business casual, o con unos chinos y un polo para un conjunto de fin de semana relajado pero elegante.<\/p>\n<p>Ya sea para asistir a una reuni\u00f3n, disfrutar de un brunch o explorar la ciudad, estos mocasines ofrecen el equilibrio perfecto entre sofisticaci\u00f3n y comodidad. Disponibles en las tallas 39 a 45, encontrar el ajuste perfecto es muy sencillo.<\/p>\n<h3>Ideal para pedidos al por mayor y minoristas<\/h3>\n<p>Para los minoristas, las boutiques y las empresas que desean ofrecer calzado de alta calidad, nuestro <strong>Mocasines de cuero para hombre<\/strong> est\u00e1n disponibles para su compra al por mayor con un pedido m\u00ednimo de 8 pares. Nos enorgullecemos de nuestra eficiente producci\u00f3n, con un plazo de entrega de s\u00f3lo 12 d\u00edas m\u00e1s gastos de env\u00edo, lo que le garantiza un aprovisionamiento r\u00e1pido y fiable. Ofrezca a sus clientes calzado de primera calidad que combina estilo cl\u00e1sico, comodidad suprema y durabilidad excepcional.<\/p>","protected":false},"excerpt":{"rendered":"<ul>\n<li>Experimenta un confort supremo con un exterior de piel de becerro de primera calidad en un intenso tono burdeos.<\/li>\n<li>Disfruta del suave tacto del forro de aut\u00e9ntica piel de cabra para una transpirabilidad excepcional.<\/li>\n<li>Incorpora una suela de EVA ligera y flexible que garantiza comodidad durante todo el d\u00eda y un agarre superior.<\/li>\n<li>Dise\u00f1o cl\u00e1sico de mocas\u00edn con un c\u00f3modo tac\u00f3n de 1-3 cm de altura para un uso vers\u00e1til.<\/li>\n<li>Disponible en una amplia gama de tallas: 39, 40, 41, 42, 43, 44, 45.<\/li>\n<li>Cantidad m\u00ednima de pedido: 8 pares - ideal para minoristas y compras al por mayor.<\/li>\n<li>Plazo de producci\u00f3n fiable: 12 d\u00edas + gastos de env\u00edo.<\/li>\n<\/ul>","protected":false},"featured_media":3947,"template":"","meta":{"_acf_changed":false,"_uag_custom_page_level_css":"","site-sidebar-layout":"default","site-content-layout":"","ast-site-content-layout":"default","site-content-style":"default","site-sidebar-style":"default","ast-global-header-display":"","ast-banner-title-visibility":"","ast-main-header-display":"","ast-hfb-above-header-display":"","ast-hfb-below-header-display":"","ast-hfb-mobile-header-display":"","site-post-title":"","ast-breadcrumbs-content":"","ast-featured-img":"","footer-sml-layout":"","ast-disable-related-posts":"","theme-transparent-header-meta":"default","adv-header-id-meta":"","stick-header-meta":"","header-above-stick-meta":"","header-main-stick-meta":"","header-below-stick-meta":"","astra-migrate-meta-layouts":"set","ast-page-background-enabled":"default","ast-page-background-meta":{"desktop":{"background-color":"var(--ast-global-color-4)","background-image":"","background-repeat":"repeat","background-position":"center center","background-size":"auto","background-attachment":"scroll","background-type":"","background-media":"","overlay-type":"","overlay-color":"","overlay-opacity":"","overlay-gradient":""},"tablet":{"background-color":"","background-image":"","background-repeat":"repeat","background-position":"center center","background-size":"auto","background-attachment":"scroll","background-type":"","background-media":"","overlay-type":"","overlay-color":"","overlay-opacity":"","overlay-gradient":""},"mobile":{"background-color":"","background-image":"","background-repeat":"repeat","background-position":"center center","background-size":"auto","background-attachment":"scroll","background-type":"","background-media":"","overlay-type":"","overlay-color":"","overlay-opacity":"","overlay-gradient":""}},"ast-content-background-meta":{"desktop":{"background-color":"var(--ast-global-color-5)","background-image":"","background-repeat":"repeat","background-position":"center center","background-size":"auto","background-attachment":"scroll","background-type":"","background-media":"","overlay-type":"","overlay-color":"","overlay-opacity":"","overlay-gradient":""},"tablet":{"background-color":"var(--ast-global-color-5)","background-image":"","background-repeat":"repeat","background-position":"center center","background-size":"auto","background-attachment":"scroll","background-type":"","background-media":"","overlay-type":"","overlay-color":"","overlay-opacity":"","overlay-gradient":""},"mobile":{"background-color":"var(--ast-global-color-5)","background-image":"","background-repeat":"repeat","background-position":"center center","background-size":"auto","background-attachment":"scroll","background-type":"","background-media":"","overlay-type":"","overlay-color":"","overlay-opacity":"","overlay-gradient":""}}},"product_brand":[],"product_cat":[48,47,49,430,40],"product_tag":[859,513,555,457,220,438,189,215,1085,1053,186,279,374,184,546,456],"class_list":{"0":"post-5905","1":"product","2":"type-product","3":"status-publish","4":"has-post-thumbnail","6":"product_cat-casual","7":"product_cat-classic","8":"product_cat-loafer","9":"product_cat-men","10":"product_cat-mens-shoes","11":"product_tag-burgundy-loafers","12":"product_tag-business-casual-shoes","13":"product_tag-calfskin-loafers","14":"product_tag-classic-loafers","15":"product_tag-comfortable-loafers","16":"product_tag-eva-sole","17":"product_tag-goat-leather-lining","18":"product_tag-leather-loafers","19":"product_tag-mens-casual-leather-loafers","20":"product_tag-mens-dress-casual-shoes","21":"product_tag-mens-loafers","22":"product_tag-penny-loafers","23":"product_tag-premium-loafers","24":"product_tag-slip-on-shoes","25":"product_tag-stylish-mens-shoes","26":"product_tag-wholesale-loafers","27":"desktop-align-center","28":"tablet-align-center","29":"mobile-align-center","31":"first","32":"instock","33":"shipping-taxable","34":"purchasable","35":"product-type-variable","36":"has-default-attributes"},"acf":[],"uagb_featured_image_src":{"full":["https:\/\/turkishtrade.co\/wp-content\/uploads\/2026\/01\/2400EJOMN00455-BURGUNDEY-X_7821-4-USD.png",453,250,false],"thumbnail":["https:\/\/turkishtrade.co\/wp-content\/uploads\/2026\/01\/2400EJOMN00455-BURGUNDEY-X_7821-4-USD-150x150.png",150,150,true],"medium":["https:\/\/turkishtrade.co\/wp-content\/uploads\/2026\/01\/2400EJOMN00455-BURGUNDEY-X_7821-4-USD-300x166.png",300,166,true],"medium_large":["https:\/\/turkishtrade.co\/wp-content\/uploads\/2026\/01\/2400EJOMN00455-BURGUNDEY-X_7821-4-USD.png",453,250,false],"large":["https:\/\/turkishtrade.co\/wp-content\/uploads\/2026\/01\/2400EJOMN00455-BURGUNDEY-X_7821-4-USD.png",453,250,false],"1536x1536":["https:\/\/turkishtrade.co\/wp-content\/uploads\/2026\/01\/2400EJOMN00455-BURGUNDEY-X_7821-4-USD.png",453,250,false],"2048x2048":["https:\/\/turkishtrade.co\/wp-content\/uploads\/2026\/01\/2400EJOMN00455-BURGUNDEY-X_7821-4-USD.png",453,250,false],"trp-custom-language-flag":["https:\/\/turkishtrade.co\/wp-content\/uploads\/2026\/01\/2400EJOMN00455-BURGUNDEY-X_7821-4-USD-18x10.png",18,10,true],"woocommerce_thumbnail":["https:\/\/turkishtrade.co\/wp-content\/uploads\/2026\/01\/2400EJOMN00455-BURGUNDEY-X_7821-4-USD-400x250.png",400,250,true],"woocommerce_single":["https:\/\/turkishtrade.co\/wp-content\/uploads\/2026\/01\/2400EJOMN00455-BURGUNDEY-X_7821-4-USD.png",453,250,false],"woocommerce_gallery_thumbnail":["https:\/\/turkishtrade.co\/wp-content\/uploads\/2026\/01\/2400EJOMN00455-BURGUNDEY-X_7821-4-USD-100x100.png",100,100,true]},"uagb_author_info":{"display_name":"yaser olabi","author_link":"https:\/\/turkishtrade.co\/es\/author\/"},"uagb_comment_info":0,"uagb_excerpt":"Experience supreme comfort with a premium calfskin leather exterior in a rich burgundy hue. Indulge in the soft feel of genuine goat leather lining for exceptional breathability. Features a lightweight and flexible EVA sole, ensuring all-day comfort and superior grip. Classic loafer design with a comfortable 1-3 cm heel height for versatile wear. Available in&hellip;","_links":{"self":[{"href":"https:\/\/turkishtrade.co\/es\/wp-json\/wp\/v2\/product\/5905","targetHints":{"allow":["GET"]}}],"collection":[{"href":"https:\/\/turkishtrade.co\/es\/wp-json\/wp\/v2\/product"}],"about":[{"href":"https:\/\/turkishtrade.co\/es\/wp-json\/wp\/v2\/types\/product"}],"wp:featuredmedia":[{"embeddable":true,"href":"https:\/\/turkishtrade.co\/es\/wp-json\/wp\/v2\/media\/3947"}],"wp:attachment":[{"href":"https:\/\/turkishtrade.co\/es\/wp-json\/wp\/v2\/media?parent=5905"}],"wp:term":[{"taxonomy":"product_brand","embeddable":true,"href":"https:\/\/turkishtrade.co\/es\/wp-json\/wp\/v2\/product_brand?post=5905"},{"taxonomy":"product_cat","embeddable":true,"href":"https:\/\/turkishtrade.co\/es\/wp-json\/wp\/v2\/product_cat?post=5905"},{"taxonomy":"product_tag","embeddable":true,"href":"https:\/\/turkishtrade.co\/es\/wp-json\/wp\/v2\/product_tag?post=5905"}],"curies":[{"name":"wp","href":"https:\/\/api.w.org\/{rel}","templated":true}]}}