{"id":5902,"date":"2026-01-14T13:40:36","date_gmt":"2026-01-14T13:40:36","guid":{"rendered":"https:\/\/turkishtrade.co\/product\/mens-calf-leather-loafers-5\/"},"modified":"2026-04-09T19:20:30","modified_gmt":"2026-04-09T19:20:30","slug":"mens-calf-leather-loafers-5","status":"publish","type":"product","link":"https:\/\/turkishtrade.co\/es\/shop\/mens-calf-leather-loafers-5\/","title":{"rendered":"Mocasines de hombre en piel de becerro de primera calidad con suela de EVA"},"content":{"rendered":"<p><strong>Mocasines de hombre de piel de becerro<\/strong><\/p>\n<p>Descubra la combinaci\u00f3n perfecta de elegancia atemporal y confort moderno con nuestro exquisito <strong>Mocasines de hombre de piel de becerro<\/strong>. Fabricados para el caballero exigente, estos zapatos ofrecen un estilo y una durabilidad incomparables, lo que los convierte en un complemento esencial para cualquier armario sofisticado. Tanto si te desplazas por paisajes urbanos como si disfrutas de un fin de semana relajado, estos <strong>mocasines de piel de becerro<\/strong> prometen elevar tu look con sus materiales de primera calidad y su meticulosa artesan\u00eda, garantizando que siempre salgas a la calle con confianza y clase.<\/p>\n<p>Nuestra colecci\u00f3n de <strong>mocasines de hombre de piel de becerro<\/strong> representa realmente la cima del dise\u00f1o de calzado.<\/p>\n<h3>Comodidad inigualable y artesan\u00eda de primera calidad<\/h3>\n<p>Cada par de nuestros <strong>Mocasines de hombre de piel de becerro<\/strong> es un testimonio de calidad superior y cuidado artesanal. El exterior est\u00e1 confeccionado en piel de ternero de gran calidad y flexibilidad, famosa por su excepcional durabilidad, su lujosa textura y su capacidad para envejecer maravillosamente. Este material robusto y refinado garantiza <strong>mocasines informales para hombre<\/strong> no s\u00f3lo tienen un aspecto magn\u00edfico, sino que resisten el paso del tiempo.<\/p>\n<p>En el interior, sus pies se acunar\u00e1n en el lujoso abrazo de un suave forro de piel de cabra, que ofrece un confort transpirable y un ajuste suave y sin fricci\u00f3n que realmente los distingue. <strong>mocasines de piel de primera calidad<\/strong> aparte.<\/p>\n<p>Esta cuidada combinaci\u00f3n de materiales proporciona una experiencia exquisita a cada paso, consolidando su lugar como lo \u00faltimo en tecnolog\u00eda. <strong>mocasines informales para hombre<\/strong> para el uso diario. No encontrar\u00e1 nada mejor <strong>mocasines de hombre de piel de becerro<\/strong> para el lujo cotidiano.<\/p>\n<h3>El estilo sofisticado se une a la practicidad cotidiana<\/h3>\n<p>A su extraordinaria comodidad se suma la suela de EVA dise\u00f1ada por expertos. Ligera e incre\u00edblemente flexible, la suela de EVA proporciona una excelente amortiguaci\u00f3n y absorci\u00f3n de impactos, garantizando comodidad durante todo el d\u00eda sin comprometer el estilo. Con una altura de tac\u00f3n de mocas\u00edn cl\u00e1sico (aproximadamente 1-3 cm), estos <strong>mocasines de hombre de piel de becerro<\/strong> ofrecen un soporte estable para un uso prolongado.<\/p>\n<p>La suela, robusta pero elegante, mejora el agarre y a\u00f1ade un toque contempor\u00e1neo a la silueta tradicional del mocas\u00edn. Estos vers\u00e1tiles <strong>mocasines de hombre de piel de becerro<\/strong> de la oficina a las reuniones nocturnas, combinando sin esfuerzo con chinos, vaqueros o pantalones elegantes. Son la elecci\u00f3n perfecta para los hombres que buscan un zapato que combine el atractivo formal con la sensaci\u00f3n relajada de un slip-on informal.<\/p>\n<p>Cuando elija estos <strong>mocasines de piel de becerro<\/strong>, ...est\u00e1 eligiendo un estilo y un confort duraderos. Son realmente excepcionales <strong>mocasines de piel para hombre<\/strong> para cualquier ocasi\u00f3n.<\/p>\n<h3>Dise\u00f1ado para gustos exigentes y pedidos al por mayor<\/h3>\n<p>Disponibles en una amplia gama de tallas europeas, de la 39 a la 45, encontrar su talla perfecta es muy sencillo. Comprendemos las necesidades de los minoristas y las empresas que buscan calzado de alta calidad, por lo que estos <strong>mocasines premium para hombre<\/strong> est\u00e1n disponibles para su compra con un pedido m\u00ednimo de 8 pares. Esta disponibilidad a granel, unida a un plazo de producci\u00f3n y entrega de aproximadamente 12 d\u00edas m\u00e1s gastos de env\u00edo, los convierte en una excelente opci\u00f3n para ampliar su inventario con un producto que resuena con calidad y estilo sofisticado.<\/p>\n<p>Eleve su colecci\u00f3n de calzado u ofrezca a sus clientes lo mejor en <strong>zapatos casual de piel para hombre<\/strong> con estos mocasines excepcionales. Para opciones de calzado a granel de alta calidad, c\u00f3modos y con estilo, estos <strong>mocasines de hombre de piel de becerro<\/strong> son incomparables.<\/p>","protected":false},"excerpt":{"rendered":"<ul>\n<li>Parte superior de piel de ternero de primera calidad para un estilo y una textura duraderos<\/li>\n<li>Lujoso forro interior de piel de cabra para un m\u00e1ximo confort transpirable<\/li>\n<li>Suela de EVA ligera y acolchada que proporciona mayor sujeci\u00f3n y agarre<\/li>\n<li>Dise\u00f1o cl\u00e1sico de mocas\u00edn con una silueta moderna y robusta<\/li>\n<li>Disponible en las tallas europeas 39-45 para un ajuste perfecto<\/li>\n<li>Ideal para pedidos al por mayor: M\u00ednimo 8 pares por compra, perfecto para minoristas y revendedores.<\/li>\n<li>Plazo de entrega aproximado: 12 d\u00edas + gastos de env\u00edo<\/li>\n<\/ul>","protected":false},"featured_media":3945,"template":"","meta":{"_acf_changed":false,"_uag_custom_page_level_css":"","site-sidebar-layout":"default","site-content-layout":"","ast-site-content-layout":"default","site-content-style":"default","site-sidebar-style":"default","ast-global-header-display":"","ast-banner-title-visibility":"","ast-main-header-display":"","ast-hfb-above-header-display":"","ast-hfb-below-header-display":"","ast-hfb-mobile-header-display":"","site-post-title":"","ast-breadcrumbs-content":"","ast-featured-img":"","footer-sml-layout":"","ast-disable-related-posts":"","theme-transparent-header-meta":"default","adv-header-id-meta":"","stick-header-meta":"","header-above-stick-meta":"","header-main-stick-meta":"","header-below-stick-meta":"","astra-migrate-meta-layouts":"set","ast-page-background-enabled":"default","ast-page-background-meta":{"desktop":{"background-color":"var(--ast-global-color-4)","background-image":"","background-repeat":"repeat","background-position":"center center","background-size":"auto","background-attachment":"scroll","background-type":"","background-media":"","overlay-type":"","overlay-color":"","overlay-opacity":"","overlay-gradient":""},"tablet":{"background-color":"","background-image":"","background-repeat":"repeat","background-position":"center center","background-size":"auto","background-attachment":"scroll","background-type":"","background-media":"","overlay-type":"","overlay-color":"","overlay-opacity":"","overlay-gradient":""},"mobile":{"background-color":"","background-image":"","background-repeat":"repeat","background-position":"center center","background-size":"auto","background-attachment":"scroll","background-type":"","background-media":"","overlay-type":"","overlay-color":"","overlay-opacity":"","overlay-gradient":""}},"ast-content-background-meta":{"desktop":{"background-color":"var(--ast-global-color-5)","background-image":"","background-repeat":"repeat","background-position":"center center","background-size":"auto","background-attachment":"scroll","background-type":"","background-media":"","overlay-type":"","overlay-color":"","overlay-opacity":"","overlay-gradient":""},"tablet":{"background-color":"var(--ast-global-color-5)","background-image":"","background-repeat":"repeat","background-position":"center center","background-size":"auto","background-attachment":"scroll","background-type":"","background-media":"","overlay-type":"","overlay-color":"","overlay-opacity":"","overlay-gradient":""},"mobile":{"background-color":"var(--ast-global-color-5)","background-image":"","background-repeat":"repeat","background-position":"center center","background-size":"auto","background-attachment":"scroll","background-type":"","background-media":"","overlay-type":"","overlay-color":"","overlay-opacity":"","overlay-gradient":""}}},"product_brand":[],"product_cat":[48,47,49,430,40],"product_tag":[629,185,449,220,725,438,189,215,1084,186,250,184,670],"class_list":{"0":"post-5902","1":"product","2":"type-product","3":"status-publish","4":"has-post-thumbnail","6":"product_cat-casual","7":"product_cat-classic","8":"product_cat-loafer","9":"product_cat-men","10":"product_cat-mens-shoes","11":"product_tag-bulk-order-shoes","12":"product_tag-calf-leather-shoes","13":"product_tag-casual-shoes","14":"product_tag-comfortable-loafers","15":"product_tag-dark-brown-loafers","16":"product_tag-eva-sole","17":"product_tag-goat-leather-lining","18":"product_tag-leather-loafers","19":"product_tag-mens-casual-leather-shoes","20":"product_tag-mens-loafers","21":"product_tag-premium-leather","22":"product_tag-slip-on-shoes","23":"product_tag-stylish-loafers","24":"desktop-align-center","25":"tablet-align-center","26":"mobile-align-center","28":"first","29":"instock","30":"sale","31":"shipping-taxable","32":"purchasable","33":"product-type-variable","34":"has-default-attributes"},"acf":[],"uagb_featured_image_src":{"full":["https:\/\/turkishtrade.co\/wp-content\/uploads\/2026\/01\/2400EJOMN00450-BRWON-DKS_873-4-USD.png",453,250,false],"thumbnail":["https:\/\/turkishtrade.co\/wp-content\/uploads\/2026\/01\/2400EJOMN00450-BRWON-DKS_873-4-USD-150x150.png",150,150,true],"medium":["https:\/\/turkishtrade.co\/wp-content\/uploads\/2026\/01\/2400EJOMN00450-BRWON-DKS_873-4-USD-300x166.png",300,166,true],"medium_large":["https:\/\/turkishtrade.co\/wp-content\/uploads\/2026\/01\/2400EJOMN00450-BRWON-DKS_873-4-USD.png",453,250,false],"large":["https:\/\/turkishtrade.co\/wp-content\/uploads\/2026\/01\/2400EJOMN00450-BRWON-DKS_873-4-USD.png",453,250,false],"1536x1536":["https:\/\/turkishtrade.co\/wp-content\/uploads\/2026\/01\/2400EJOMN00450-BRWON-DKS_873-4-USD.png",453,250,false],"2048x2048":["https:\/\/turkishtrade.co\/wp-content\/uploads\/2026\/01\/2400EJOMN00450-BRWON-DKS_873-4-USD.png",453,250,false],"trp-custom-language-flag":["https:\/\/turkishtrade.co\/wp-content\/uploads\/2026\/01\/2400EJOMN00450-BRWON-DKS_873-4-USD-18x10.png",18,10,true],"woocommerce_thumbnail":["https:\/\/turkishtrade.co\/wp-content\/uploads\/2026\/01\/2400EJOMN00450-BRWON-DKS_873-4-USD-400x250.png",400,250,true],"woocommerce_single":["https:\/\/turkishtrade.co\/wp-content\/uploads\/2026\/01\/2400EJOMN00450-BRWON-DKS_873-4-USD.png",453,250,false],"woocommerce_gallery_thumbnail":["https:\/\/turkishtrade.co\/wp-content\/uploads\/2026\/01\/2400EJOMN00450-BRWON-DKS_873-4-USD-100x100.png",100,100,true]},"uagb_author_info":{"display_name":"yaser olabi","author_link":"https:\/\/turkishtrade.co\/es\/author\/"},"uagb_comment_info":0,"uagb_excerpt":"Premium calf leather upper for lasting style and texture Luxurious goat leather interior lining for ultimate breathable comfort Lightweight and cushioned EVA sole provides superior support and grip Classic slip-on loafer design with a modern, robust silhouette Available in European sizes 39-45 for a perfect fit Ideal for bulk orders: Minimum 8 pairs per purchase,&hellip;","_links":{"self":[{"href":"https:\/\/turkishtrade.co\/es\/wp-json\/wp\/v2\/product\/5902","targetHints":{"allow":["GET"]}}],"collection":[{"href":"https:\/\/turkishtrade.co\/es\/wp-json\/wp\/v2\/product"}],"about":[{"href":"https:\/\/turkishtrade.co\/es\/wp-json\/wp\/v2\/types\/product"}],"wp:featuredmedia":[{"embeddable":true,"href":"https:\/\/turkishtrade.co\/es\/wp-json\/wp\/v2\/media\/3945"}],"wp:attachment":[{"href":"https:\/\/turkishtrade.co\/es\/wp-json\/wp\/v2\/media?parent=5902"}],"wp:term":[{"taxonomy":"product_brand","embeddable":true,"href":"https:\/\/turkishtrade.co\/es\/wp-json\/wp\/v2\/product_brand?post=5902"},{"taxonomy":"product_cat","embeddable":true,"href":"https:\/\/turkishtrade.co\/es\/wp-json\/wp\/v2\/product_cat?post=5902"},{"taxonomy":"product_tag","embeddable":true,"href":"https:\/\/turkishtrade.co\/es\/wp-json\/wp\/v2\/product_tag?post=5902"}],"curies":[{"name":"wp","href":"https:\/\/api.w.org\/{rel}","templated":true}]}}