{"id":5897,"date":"2026-01-14T13:39:59","date_gmt":"2026-01-14T13:39:59","guid":{"rendered":"https:\/\/turkishtrade.co\/product\/mens-navy-suede-loafers\/"},"modified":"2026-04-09T19:20:37","modified_gmt":"2026-04-09T19:20:37","slug":"mens-navy-suede-loafers","status":"publish","type":"product","link":"https:\/\/turkishtrade.co\/es\/shop\/mens-navy-suede-loafers\/","title":{"rendered":"Mocasines cl\u00e1sicos de ante azul marino para hombre"},"content":{"rendered":"<p><strong>Mocasines de ante azul marino para hombre<\/strong><\/p>\n<p>Ad\u00e9ntrese en la elegancia atemporal y el confort incomparable de nuestro Classic <strong>Mocasines de ante azul marino para hombre<\/strong>. Dise\u00f1ados para el hombre moderno que valora tanto el estilo como la esencia, estos mocasines informales son un complemento indispensable para cualquier armario exigente. El tono azul marino intenso aporta un toque sofisticado que hace que estos mocasines sean el complemento perfecto. <b>mocasines de ante azul marino para hombre<\/b> Suficientemente vers\u00e1til para varias ocasiones, desde una salida relajada de fin de semana hasta un entorno de oficina informal y elegante.<\/p>\n<p>Elaborados con meticulosa atenci\u00f3n al detalle, la superficie exterior de estos exquisitos zapatos est\u00e1 hecha de ante de becerro de primera calidad. Este lujoso material no s\u00f3lo ofrece una textura suave y aterciopelada, sino que tambi\u00e9n garantiza durabilidad y una est\u00e9tica sofisticada que envejecer\u00e1 maravillosamente. En el interior, sus pies disfrutar\u00e1n del m\u00e1ximo confort gracias al forro de aut\u00e9ntica piel de cabra, conocida por su excepcional suavidad y transpirabilidad.<\/p>\n<p>Esta combinaci\u00f3n de materiales de alta calidad garantiza una c\u00f3moda experiencia de uso durante todo el d\u00eda, lo que distingue a estos <strong>mocasines de ante azul marino para hombre<\/strong> del resto.<\/p>\n<p><h3>Comodidad inigualable y estilo cl\u00e1sico<\/h3>\n<\/p>\n<p>La base de estos zapatos informales cl\u00e1sicos es una avanzada suela de EVA. Ligera pero con un apoyo incre\u00edble, la suela de EVA proporciona una excelente amortiguaci\u00f3n y flexibilidad, absorbiendo el impacto a cada paso. Esta innovadora tecnolog\u00eda de suela hace que nuestros <b>mocasines de ante azul marino para hombre<\/b> ideal para un uso prolongado, garantizando su comodidad tanto si se desplaza por las calles de la ciudad como si disfruta de un paseo tranquilo.<\/p>\n<p>La cl\u00e1sica silueta de mocas\u00edn, combinada con un sutil tac\u00f3n de 1 a 3 cm, contribuye a su atractivo atemporal y a su f\u00e1cil uso.<\/p>\n<p>Nuestra colecci\u00f3n de <strong>mocasines de ante azul marino para hombre<\/strong> est\u00e1 disponible en una amplia gama de tallas, de la UE 39 a la 45, lo que garantiza un ajuste perfecto para una gran variedad de pies. Tanto si desea renovar su colecci\u00f3n personal de zapatos como si quiere abastecer su negocio minorista, estos mocasines de primera calidad son una excelente elecci\u00f3n. Con una cantidad m\u00ednima de pedido de s\u00f3lo 8 pares, nos dirigimos tanto a entusiastas individuales como a socios mayoristas, ofreciendo precios competitivos disponibles bajo petici\u00f3n.<\/p>\n<p>Experimente la mezcla perfecta de artesan\u00eda tradicional y dise\u00f1o contempor\u00e1neo. Estos <b>mocasines de ante azul marino para hombre<\/b> son algo m\u00e1s que zapatos: son una declaraci\u00f3n de gusto refinado y un compromiso con la calidad. Eleve su estilo diario e invierta en un par que le ofrezca un atractivo duradero y una comodidad excepcional. El plazo de entrega suele ser de 12 d\u00edas m\u00e1s gastos de env\u00edo, lo que garantiza que tu pedido llegue a tiempo.<\/p>","protected":false},"excerpt":{"rendered":"<ul>\n<li><strong>Material exterior:<\/strong> Piel de becerro de primera calidad<\/li>\n<li><strong>Material interior:<\/strong> Piel de cabra suave<\/li>\n<li><strong>Suela:<\/strong> EVA ligera para un confort superior<\/li>\n<li><strong>Altura del tac\u00f3n:<\/strong> Mocas\u00edn cl\u00e1sico (1-3 cm)<\/li>\n<li><strong>Tallas disponibles:<\/strong> UE 39, 40, 41, 42, 43, 44, 45<\/li>\n<li><strong>Pedido m\u00ednimo:<\/strong> 8 pares (Disponibilidad a granel)<\/li>\n<li><strong>Plazo de entrega:<\/strong> 12 d\u00edas + gastos de env\u00edo<\/li>\n<\/ul>","protected":false},"featured_media":3943,"template":"","meta":{"_acf_changed":false,"_uag_custom_page_level_css":"","site-sidebar-layout":"default","site-content-layout":"","ast-site-content-layout":"default","site-content-style":"default","site-sidebar-style":"default","ast-global-header-display":"","ast-banner-title-visibility":"","ast-main-header-display":"","ast-hfb-above-header-display":"","ast-hfb-below-header-display":"","ast-hfb-mobile-header-display":"","site-post-title":"","ast-breadcrumbs-content":"","ast-featured-img":"","footer-sml-layout":"","ast-disable-related-posts":"","theme-transparent-header-meta":"","adv-header-id-meta":"","stick-header-meta":"","header-above-stick-meta":"","header-main-stick-meta":"","header-below-stick-meta":"","astra-migrate-meta-layouts":"default","ast-page-background-enabled":"default","ast-page-background-meta":{"desktop":{"background-color":"var(--ast-global-color-4)","background-image":"","background-repeat":"repeat","background-position":"center center","background-size":"auto","background-attachment":"scroll","background-type":"","background-media":"","overlay-type":"","overlay-color":"","overlay-opacity":"","overlay-gradient":""},"tablet":{"background-color":"","background-image":"","background-repeat":"repeat","background-position":"center center","background-size":"auto","background-attachment":"scroll","background-type":"","background-media":"","overlay-type":"","overlay-color":"","overlay-opacity":"","overlay-gradient":""},"mobile":{"background-color":"","background-image":"","background-repeat":"repeat","background-position":"center center","background-size":"auto","background-attachment":"scroll","background-type":"","background-media":"","overlay-type":"","overlay-color":"","overlay-opacity":"","overlay-gradient":""}},"ast-content-background-meta":{"desktop":{"background-color":"var(--ast-global-color-5)","background-image":"","background-repeat":"repeat","background-position":"center center","background-size":"auto","background-attachment":"scroll","background-type":"","background-media":"","overlay-type":"","overlay-color":"","overlay-opacity":"","overlay-gradient":""},"tablet":{"background-color":"var(--ast-global-color-5)","background-image":"","background-repeat":"repeat","background-position":"center center","background-size":"auto","background-attachment":"scroll","background-type":"","background-media":"","overlay-type":"","overlay-color":"","overlay-opacity":"","overlay-gradient":""},"mobile":{"background-color":"var(--ast-global-color-5)","background-image":"","background-repeat":"repeat","background-position":"center center","background-size":"auto","background-attachment":"scroll","background-type":"","background-media":"","overlay-type":"","overlay-color":"","overlay-opacity":"","overlay-gradient":""}}},"product_brand":[],"product_cat":[48,47,49,430,40],"product_tag":[566,449,457,438,556,186,557,406,184,210,149,456],"class_list":{"0":"post-5897","1":"product","2":"type-product","3":"status-publish","4":"has-post-thumbnail","6":"product_cat-casual","7":"product_cat-classic","8":"product_cat-loafer","9":"product_cat-men","10":"product_cat-mens-shoes","11":"product_tag-calfskin-shoes","12":"product_tag-casual-shoes","13":"product_tag-classic-loafers","14":"product_tag-eva-sole","15":"product_tag-goatskin-lining","16":"product_tag-mens-loafers","17":"product_tag-navy-loafers","18":"product_tag-premium-shoes","19":"product_tag-slip-on-shoes","20":"product_tag-smart-casual","21":"product_tag-suede-loafers","22":"product_tag-wholesale-loafers","23":"desktop-align-center","24":"tablet-align-center","25":"mobile-align-center","27":"first","28":"instock","29":"shipping-taxable","30":"purchasable","31":"product-type-variable","32":"has-default-attributes"},"acf":[],"uagb_featured_image_src":{"full":["https:\/\/turkishtrade.co\/wp-content\/uploads\/2026\/01\/2400EJOMN00447-DARK-BLUE-DKS_439-4-USD.png",453,250,false],"thumbnail":["https:\/\/turkishtrade.co\/wp-content\/uploads\/2026\/01\/2400EJOMN00447-DARK-BLUE-DKS_439-4-USD.png",150,83,false],"medium":["https:\/\/turkishtrade.co\/wp-content\/uploads\/2026\/01\/2400EJOMN00447-DARK-BLUE-DKS_439-4-USD.png",300,166,false],"medium_large":["https:\/\/turkishtrade.co\/wp-content\/uploads\/2026\/01\/2400EJOMN00447-DARK-BLUE-DKS_439-4-USD.png",453,250,false],"large":["https:\/\/turkishtrade.co\/wp-content\/uploads\/2026\/01\/2400EJOMN00447-DARK-BLUE-DKS_439-4-USD.png",453,250,false],"1536x1536":["https:\/\/turkishtrade.co\/wp-content\/uploads\/2026\/01\/2400EJOMN00447-DARK-BLUE-DKS_439-4-USD.png",453,250,false],"2048x2048":["https:\/\/turkishtrade.co\/wp-content\/uploads\/2026\/01\/2400EJOMN00447-DARK-BLUE-DKS_439-4-USD.png",453,250,false],"trp-custom-language-flag":["https:\/\/turkishtrade.co\/wp-content\/uploads\/2026\/01\/2400EJOMN00447-DARK-BLUE-DKS_439-4-USD.png",18,10,false],"woocommerce_thumbnail":["https:\/\/turkishtrade.co\/wp-content\/uploads\/2026\/01\/2400EJOMN00447-DARK-BLUE-DKS_439-4-USD-400x250.png",400,250,true],"woocommerce_single":["https:\/\/turkishtrade.co\/wp-content\/uploads\/2026\/01\/2400EJOMN00447-DARK-BLUE-DKS_439-4-USD.png",453,250,false],"woocommerce_gallery_thumbnail":["https:\/\/turkishtrade.co\/wp-content\/uploads\/2026\/01\/2400EJOMN00447-DARK-BLUE-DKS_439-4-USD-100x100.png",100,100,true]},"uagb_author_info":{"display_name":"yaser olabi","author_link":"https:\/\/turkishtrade.co\/es\/author\/"},"uagb_comment_info":0,"uagb_excerpt":"Outer Material: Premium Calfskin Suede Inner Material: Soft Goatskin Leather Sole: Lightweight EVA for superior comfort Heel Height: Classic Loafer (1-3 cm) Available Sizes: EU 39, 40, 41, 42, 43, 44, 45 Minimum Order: 8 pairs (Bulk availability) Delivery Time: 12 days + shipping","_links":{"self":[{"href":"https:\/\/turkishtrade.co\/es\/wp-json\/wp\/v2\/product\/5897","targetHints":{"allow":["GET"]}}],"collection":[{"href":"https:\/\/turkishtrade.co\/es\/wp-json\/wp\/v2\/product"}],"about":[{"href":"https:\/\/turkishtrade.co\/es\/wp-json\/wp\/v2\/types\/product"}],"wp:featuredmedia":[{"embeddable":true,"href":"https:\/\/turkishtrade.co\/es\/wp-json\/wp\/v2\/media\/3943"}],"wp:attachment":[{"href":"https:\/\/turkishtrade.co\/es\/wp-json\/wp\/v2\/media?parent=5897"}],"wp:term":[{"taxonomy":"product_brand","embeddable":true,"href":"https:\/\/turkishtrade.co\/es\/wp-json\/wp\/v2\/product_brand?post=5897"},{"taxonomy":"product_cat","embeddable":true,"href":"https:\/\/turkishtrade.co\/es\/wp-json\/wp\/v2\/product_cat?post=5897"},{"taxonomy":"product_tag","embeddable":true,"href":"https:\/\/turkishtrade.co\/es\/wp-json\/wp\/v2\/product_tag?post=5897"}],"curies":[{"name":"wp","href":"https:\/\/api.w.org\/{rel}","templated":true}]}}