{"id":5896,"date":"2026-01-14T13:39:36","date_gmt":"2026-01-14T13:39:36","guid":{"rendered":"https:\/\/turkishtrade.co\/product\/mens-leather-casual-loafers-5\/"},"modified":"2026-04-09T19:20:41","modified_gmt":"2026-04-09T19:20:41","slug":"mens-leather-casual-loafers-5","status":"publish","type":"product","link":"https:\/\/turkishtrade.co\/es\/shop\/mens-leather-casual-loafers-5\/","title":{"rendered":"Mocasines casuales para hombre en piel de becerro de primera calidad con suela de EVA"},"content":{"rendered":"<p><strong>Mocasines de piel para hombre<\/strong><\/p>\n<p>Presentamos nuestra exquisita colecci\u00f3n de <strong>Mocasines de piel para hombre<\/strong>, dise\u00f1adas para el caballero exigente que valora tanto el estilo como la comodidad. Estos zapatos slip-on de primera calidad combinan a la perfecci\u00f3n la elegancia cl\u00e1sica con el atractivo casual moderno, lo que los convierte en un complemento vers\u00e1til para cualquier armario. Fabricados con meticulosa atenci\u00f3n al detalle, cada par encarna lo mejor del arte del calzado, perfecto para minoristas y empresas que buscan zapatos de hombre al por mayor de alta calidad.<\/p>\n<p>El exterior de estos excepcionales <strong>Mocasines de piel para hombre<\/strong> est\u00e1 confeccionado en piel de ternero de alta calidad, conocida por su durabilidad, textura flexible y tacto lujoso. El tono burdeos intenso, acentuado con sutiles perforaciones tipo brogue alrededor de la pala, ofrece una est\u00e9tica sofisticada que permite pasar sin esfuerzo de la oficina al ocio de fin de semana. Esta exquisita superficie exterior no s\u00f3lo luce espl\u00e9ndida, sino que garantiza un uso duradero y un aspecto refinado.<\/p>\n<h3>Comodidad y artesan\u00eda inigualables<\/h3>\n<p>La comodidad es primordial en nuestra filosof\u00eda de dise\u00f1o. El interior est\u00e1 forrado con piel de cabra incre\u00edblemente suave, que proporciona un entorno liso, transpirable y c\u00f3modo para tus pies durante todo el d\u00eda. Esta cuidada elecci\u00f3n de material garantiza un ajuste ce\u00f1ido pero suave, evitando molestias incluso tras largos periodos de uso.<\/p>\n<p>Como complemento de la parte superior de cuero de primera calidad, la suela est\u00e1 fabricada con EVA ligera, que ofrece una amortiguaci\u00f3n y flexibilidad superiores. Este innovador material de la suela proporciona una excelente absorci\u00f3n de impactos, haciendo que cada paso sea un placer, mientras que su robusta construcci\u00f3n promete durabilidad a largo plazo.<\/p>\n<p>Nuestra <strong>Mocasines de piel para hombre<\/strong> presentan una altura de tac\u00f3n modesta, t\u00edpica de los mocasines cl\u00e1sicos (aproximadamente 1-3 cm), que proporciona la elevaci\u00f3n justa sin comprometer la estabilidad ni la comodidad. El dise\u00f1o sin cordones garantiza la comodidad y facilidad de uso, haciendo de estos zapatos una opci\u00f3n ideal para personas ocupadas. Disponibles en una amplia gama de tallas, de la UE 39 a la 45, estos mocasines satisfacen las necesidades de una amplia clientela.<\/p>\n<p>Entendemos las necesidades de nuestros socios mayoristas, y estos mocasines de primera calidad est\u00e1n disponibles con una cantidad m\u00ednima de pedido de s\u00f3lo 8 pares, con un plazo de entrega estimado de 12 d\u00edas m\u00e1s gastos de env\u00edo, lo que garantiza una cadena de suministro puntual y eficaz para su negocio.<\/p>\n<p>Invierta en un calzado que dice mucho sobre calidad y estilo. Estos mocasines casuales de piel para hombre no son solo zapatos; son una declaraci\u00f3n de confort sofisticado y elegancia duradera, elaborados para superar las expectativas y satisfacer a los clientes m\u00e1s exigentes.<\/p>","protected":false},"excerpt":{"rendered":"<ul>\n<li><strong>Material superior:<\/strong> Piel de becerro de primera calidad<\/li>\n<li><strong>Material del forro:<\/strong> Lujosa piel de cabra<\/li>\n<li><strong>Suela:<\/strong> EVA ligera y c\u00f3moda<\/li>\n<li><strong>Altura del tac\u00f3n:<\/strong> Bajo (aprox. 1-3 cm), estilo mocas\u00edn cl\u00e1sico<\/li>\n<li><strong>Estilo:<\/strong> Elegante mocas\u00edn informal sin cordones con detalle de brogue<\/li>\n<li><strong>Tallas disponibles:<\/strong> UE 39, 40, 41, 42, 43, 44, 45<\/li>\n<li><strong>Cantidad m\u00ednima de pedido:<\/strong> 8 Pares<\/li>\n<li><strong>Tiempo estimado de entrega:<\/strong> 12 d\u00edas + gastos de env\u00edo<\/li>\n<\/ul>","protected":false},"featured_media":3942,"template":"","meta":{"_acf_changed":false,"_uag_custom_page_level_css":"","site-sidebar-layout":"default","site-content-layout":"","ast-site-content-layout":"default","site-content-style":"default","site-sidebar-style":"default","ast-global-header-display":"","ast-banner-title-visibility":"","ast-main-header-display":"","ast-hfb-above-header-display":"","ast-hfb-below-header-display":"","ast-hfb-mobile-header-display":"","site-post-title":"","ast-breadcrumbs-content":"","ast-featured-img":"","footer-sml-layout":"","ast-disable-related-posts":"","theme-transparent-header-meta":"default","adv-header-id-meta":"","stick-header-meta":"","header-above-stick-meta":"","header-main-stick-meta":"","header-below-stick-meta":"","astra-migrate-meta-layouts":"set","ast-page-background-enabled":"default","ast-page-background-meta":{"desktop":{"background-color":"var(--ast-global-color-4)","background-image":"","background-repeat":"repeat","background-position":"center center","background-size":"auto","background-attachment":"scroll","background-type":"","background-media":"","overlay-type":"","overlay-color":"","overlay-opacity":"","overlay-gradient":""},"tablet":{"background-color":"","background-image":"","background-repeat":"repeat","background-position":"center center","background-size":"auto","background-attachment":"scroll","background-type":"","background-media":"","overlay-type":"","overlay-color":"","overlay-opacity":"","overlay-gradient":""},"mobile":{"background-color":"","background-image":"","background-repeat":"repeat","background-position":"center center","background-size":"auto","background-attachment":"scroll","background-type":"","background-media":"","overlay-type":"","overlay-color":"","overlay-opacity":"","overlay-gradient":""}},"ast-content-background-meta":{"desktop":{"background-color":"var(--ast-global-color-5)","background-image":"","background-repeat":"repeat","background-position":"center center","background-size":"auto","background-attachment":"scroll","background-type":"","background-media":"","overlay-type":"","overlay-color":"","overlay-opacity":"","overlay-gradient":""},"tablet":{"background-color":"var(--ast-global-color-5)","background-image":"","background-repeat":"repeat","background-position":"center center","background-size":"auto","background-attachment":"scroll","background-type":"","background-media":"","overlay-type":"","overlay-color":"","overlay-opacity":"","overlay-gradient":""},"mobile":{"background-color":"var(--ast-global-color-5)","background-image":"","background-repeat":"repeat","background-position":"center center","background-size":"auto","background-attachment":"scroll","background-type":"","background-media":"","overlay-type":"","overlay-color":"","overlay-opacity":"","overlay-gradient":""}}},"product_brand":[],"product_cat":[48,47,49,430,40],"product_tag":[970,202,449,457,220,982,438,437,227,186,1083,406,988,254],"class_list":{"0":"post-5896","1":"product","2":"type-product","3":"status-publish","4":"has-post-thumbnail","6":"product_cat-casual","7":"product_cat-classic","8":"product_cat-loafer","9":"product_cat-men","10":"product_cat-mens-shoes","11":"product_tag-burgundy-shoes","12":"product_tag-calf-leather","13":"product_tag-casual-shoes","14":"product_tag-classic-loafers","15":"product_tag-comfortable-loafers","16":"product_tag-durable-footwear","17":"product_tag-eva-sole","18":"product_tag-goat-leather","19":"product_tag-leather-shoes","20":"product_tag-mens-loafers","21":"product_tag-mens-slip-on","22":"product_tag-premium-shoes","23":"product_tag-slip-on","24":"product_tag-wholesale-footwear","25":"desktop-align-center","26":"tablet-align-center","27":"mobile-align-center","29":"first","30":"instock","31":"sale","32":"shipping-taxable","33":"purchasable","34":"product-type-variable","35":"has-default-attributes"},"acf":[],"uagb_featured_image_src":{"full":["https:\/\/turkishtrade.co\/wp-content\/uploads\/2026\/01\/2400EJOMN00438-BURGUNDEY-X_625-6-USD.png",453,250,false],"thumbnail":["https:\/\/turkishtrade.co\/wp-content\/uploads\/2026\/01\/2400EJOMN00438-BURGUNDEY-X_625-6-USD-150x150.png",150,150,true],"medium":["https:\/\/turkishtrade.co\/wp-content\/uploads\/2026\/01\/2400EJOMN00438-BURGUNDEY-X_625-6-USD-300x166.png",300,166,true],"medium_large":["https:\/\/turkishtrade.co\/wp-content\/uploads\/2026\/01\/2400EJOMN00438-BURGUNDEY-X_625-6-USD.png",453,250,false],"large":["https:\/\/turkishtrade.co\/wp-content\/uploads\/2026\/01\/2400EJOMN00438-BURGUNDEY-X_625-6-USD.png",453,250,false],"1536x1536":["https:\/\/turkishtrade.co\/wp-content\/uploads\/2026\/01\/2400EJOMN00438-BURGUNDEY-X_625-6-USD.png",453,250,false],"2048x2048":["https:\/\/turkishtrade.co\/wp-content\/uploads\/2026\/01\/2400EJOMN00438-BURGUNDEY-X_625-6-USD.png",453,250,false],"trp-custom-language-flag":["https:\/\/turkishtrade.co\/wp-content\/uploads\/2026\/01\/2400EJOMN00438-BURGUNDEY-X_625-6-USD-18x10.png",18,10,true],"woocommerce_thumbnail":["https:\/\/turkishtrade.co\/wp-content\/uploads\/2026\/01\/2400EJOMN00438-BURGUNDEY-X_625-6-USD-400x250.png",400,250,true],"woocommerce_single":["https:\/\/turkishtrade.co\/wp-content\/uploads\/2026\/01\/2400EJOMN00438-BURGUNDEY-X_625-6-USD.png",453,250,false],"woocommerce_gallery_thumbnail":["https:\/\/turkishtrade.co\/wp-content\/uploads\/2026\/01\/2400EJOMN00438-BURGUNDEY-X_625-6-USD-100x100.png",100,100,true]},"uagb_author_info":{"display_name":"yaser olabi","author_link":"https:\/\/turkishtrade.co\/es\/author\/"},"uagb_comment_info":0,"uagb_excerpt":"Upper Material: Premium Calf Leather Lining Material: Luxurious Goat Leather Sole: Lightweight and Comfortable EVA Heel Height: Low (approx. 1-3cm), Classic Loafer Style Style: Elegant Slip-On Casual Loafer with Brogue Detailing Available Sizes: EU 39, 40, 41, 42, 43, 44, 45 Minimum Order Quantity: 8 Pairs Estimated Delivery Time: 12 Days + Shipping","_links":{"self":[{"href":"https:\/\/turkishtrade.co\/es\/wp-json\/wp\/v2\/product\/5896","targetHints":{"allow":["GET"]}}],"collection":[{"href":"https:\/\/turkishtrade.co\/es\/wp-json\/wp\/v2\/product"}],"about":[{"href":"https:\/\/turkishtrade.co\/es\/wp-json\/wp\/v2\/types\/product"}],"wp:featuredmedia":[{"embeddable":true,"href":"https:\/\/turkishtrade.co\/es\/wp-json\/wp\/v2\/media\/3942"}],"wp:attachment":[{"href":"https:\/\/turkishtrade.co\/es\/wp-json\/wp\/v2\/media?parent=5896"}],"wp:term":[{"taxonomy":"product_brand","embeddable":true,"href":"https:\/\/turkishtrade.co\/es\/wp-json\/wp\/v2\/product_brand?post=5896"},{"taxonomy":"product_cat","embeddable":true,"href":"https:\/\/turkishtrade.co\/es\/wp-json\/wp\/v2\/product_cat?post=5896"},{"taxonomy":"product_tag","embeddable":true,"href":"https:\/\/turkishtrade.co\/es\/wp-json\/wp\/v2\/product_tag?post=5896"}],"curies":[{"name":"wp","href":"https:\/\/api.w.org\/{rel}","templated":true}]}}