{"id":5894,"date":"2026-01-14T13:39:19","date_gmt":"2026-01-14T13:39:19","guid":{"rendered":"https:\/\/turkishtrade.co\/product\/mens-blue-leather-derby-shoes-3\/"},"modified":"2026-04-09T19:20:44","modified_gmt":"2026-04-09T19:20:44","slug":"mens-blue-leather-derby-shoes-3","status":"publish","type":"product","link":"https:\/\/turkishtrade.co\/es\/shop\/mens-blue-leather-derby-shoes-3\/","title":{"rendered":"Zapatos Derby de hombre en piel de becerro azul con suela de EVA"},"content":{"rendered":"<p><strong>Zapatos Derby de piel azul para hombre<\/strong><\/p>\n<p>Eleve su colecci\u00f3n de calzado con nuestros <b>Zapatos Derby de piel azul para hombre<\/b>. Elaborados por expertos para el caballero moderno, estos vers\u00e1tiles zapatos combinan la sofisticaci\u00f3n cl\u00e1sica con la comodidad contempor\u00e1nea. El llamativo tono azul, combinado con la refinada silueta derby, garantiza que causar\u00e1s una impresi\u00f3n duradera ya sea en una reuni\u00f3n de negocios, una salida informal o un evento especial.<\/p>\n<p>Estos <b>Zapatos Derby de piel azul para hombre<\/b> son m\u00e1s que una simple declaraci\u00f3n de moda: son un testimonio de artesan\u00eda superior y materiales de calidad, lo que los convierte en un complemento indispensable para cualquier armario.<\/p>\n<p>El exterior de estos excepcionales <b>Zapatos Derby de piel azul para hombre<\/b> est\u00e1 fabricado meticulosamente con aut\u00e9ntica piel de becerro, famosa por su suave textura, durabilidad y elegante acabado. Esta piel de becerro de alta calidad no solo tiene un aspecto lujoso, sino que tambi\u00e9n se amolda perfectamente al pie con el paso del tiempo, ofreciendo un ajuste personalizado que mejora con el paso del tiempo. El forro interior de piel de cabra, suntuosamente suave, complementa el robusto exterior.<\/p>\n<p>Esta cuidada elecci\u00f3n de material proporciona una transpirabilidad y comodidad inigualables, garantizando que tus pies permanezcan frescos y secos durante todo el d\u00eda. Apreciar\u00e1s la diferencia que marcan los materiales de calidad a cada paso que des. <b>Zapatos Derby de piel azul para hombre<\/b>.<\/p>\n<p><h3>Confort inigualable y dise\u00f1o atemporal<\/h3>\n<\/p>\n<p>La comodidad es primordial, y nuestro <b>Zapatos Derby de piel azul para hombre<\/b> ofrecen una experiencia excepcional al caminar. Incorporan una suela de EVA ligera y muy acolchada, meticulosamente dise\u00f1ada para absorber los impactos y proporcionar un excelente soporte del arco plantar. Esta innovadora tecnolog\u00eda de suela garantiza el m\u00e1ximo confort, lo que las convierte en la opci\u00f3n ideal para pasar largos d\u00edas de pie.<\/p>\n<p>Con una sutil pero elegante altura de tac\u00f3n de 1-3 cm, estos cl\u00e1sicos zapatos derby ofrecen el equilibrio perfecto entre elevaci\u00f3n y estabilidad. Disponibles en una amplia gama de tallas, de la 39 a la 45, encontrar su par perfecto de <b>Zapatos Derby de piel azul para hombre<\/b> es sin esfuerzo.<\/p>\n<p><h3>Perfecto para pedidos al por mayor y minoristas exigentes<\/h3>\n<\/p>\n<p>Perfectas para el comprador exigente que busca tanto estilo como sustancia, estas <b>Zapatos Derby de piel azul para hombre<\/b> est\u00e1n dise\u00f1ados para durar a\u00f1os. Su atractivo atemporal permite combinarlos sin esfuerzo con conjuntos elegantes e informales, pantalones de sastrer\u00eda o incluso vaqueros sofisticados. Experimente la mezcla de tradici\u00f3n e innovaci\u00f3n que distingue a nuestro calzado.<\/p>\n<p>Para las empresas y los minoristas, estos <b>Zapatos Derby de piel azul para hombre<\/b> est\u00e1n disponibles para la compra al por mayor, con una cantidad m\u00ednima de pedido de 8 pares. Nos enorgullecemos de la puntualidad en la entrega, con pedidos enviados en un plazo de 12 d\u00edas m\u00e1s gastos de env\u00edo, lo que garantiza que reciba su inventario de alta calidad de forma eficaz. Invierta en un calzado que resista la prueba del tiempo, el estilo y la comodidad: elija nuestro exquisito <b>Zapatos Derby de piel azul para hombre<\/b> hoy.<\/p>","protected":false},"excerpt":{"rendered":"<ul>\n<li>Exquisito exterior de piel de becerro<\/li>\n<li>Forro interior de suave piel de cabra<\/li>\n<li>Suela de EVA ligera y acolchada para mayor comodidad durante todo el d\u00eda<\/li>\n<li>Estilo Derby cl\u00e1sico con tac\u00f3n de 1-3 cm de altura<\/li>\n<li>Disponible en las tallas 39-45<\/li>\n<li>Pedido M\u00ednimo: 8 Pares (Descuentos por volumen disponibles)<\/li>\n<li>Plazo de entrega: 12 d\u00edas + gastos de env\u00edo<\/li>\n<\/ul>","protected":false},"featured_media":3941,"template":"","meta":{"_acf_changed":false,"_uag_custom_page_level_css":"","site-sidebar-layout":"default","site-content-layout":"","ast-site-content-layout":"default","site-content-style":"default","site-sidebar-style":"default","ast-global-header-display":"","ast-banner-title-visibility":"","ast-main-header-display":"","ast-hfb-above-header-display":"","ast-hfb-below-header-display":"","ast-hfb-mobile-header-display":"","site-post-title":"","ast-breadcrumbs-content":"","ast-featured-img":"","footer-sml-layout":"","ast-disable-related-posts":"","theme-transparent-header-meta":"","adv-header-id-meta":"","stick-header-meta":"","header-above-stick-meta":"","header-main-stick-meta":"","header-below-stick-meta":"","astra-migrate-meta-layouts":"default","ast-page-background-enabled":"default","ast-page-background-meta":{"desktop":{"background-color":"var(--ast-global-color-4)","background-image":"","background-repeat":"repeat","background-position":"center center","background-size":"auto","background-attachment":"scroll","background-type":"","background-media":"","overlay-type":"","overlay-color":"","overlay-opacity":"","overlay-gradient":""},"tablet":{"background-color":"","background-image":"","background-repeat":"repeat","background-position":"center center","background-size":"auto","background-attachment":"scroll","background-type":"","background-media":"","overlay-type":"","overlay-color":"","overlay-opacity":"","overlay-gradient":""},"mobile":{"background-color":"","background-image":"","background-repeat":"repeat","background-position":"center center","background-size":"auto","background-attachment":"scroll","background-type":"","background-media":"","overlay-type":"","overlay-color":"","overlay-opacity":"","overlay-gradient":""}},"ast-content-background-meta":{"desktop":{"background-color":"var(--ast-global-color-5)","background-image":"","background-repeat":"repeat","background-position":"center center","background-size":"auto","background-attachment":"scroll","background-type":"","background-media":"","overlay-type":"","overlay-color":"","overlay-opacity":"","overlay-gradient":""},"tablet":{"background-color":"var(--ast-global-color-5)","background-image":"","background-repeat":"repeat","background-position":"center center","background-size":"auto","background-attachment":"scroll","background-type":"","background-media":"","overlay-type":"","overlay-color":"","overlay-opacity":"","overlay-gradient":""},"mobile":{"background-color":"var(--ast-global-color-5)","background-image":"","background-repeat":"repeat","background-position":"center center","background-size":"auto","background-attachment":"scroll","background-type":"","background-media":"","overlay-type":"","overlay-color":"","overlay-opacity":"","overlay-gradient":""}}},"product_brand":[],"product_cat":[48,47,49,430,40],"product_tag":[646,513,566,449,222,480,438,487,251,556,981,198,680,281],"class_list":{"0":"post-5894","1":"product","2":"type-product","3":"status-publish","4":"has-post-thumbnail","6":"product_cat-casual","7":"product_cat-classic","8":"product_cat-loafer","9":"product_cat-men","10":"product_cat-mens-shoes","11":"product_tag-blue-shoes","12":"product_tag-business-casual-shoes","13":"product_tag-calfskin-shoes","14":"product_tag-casual-shoes","15":"product_tag-comfortable-shoes","16":"product_tag-elegant-shoes","17":"product_tag-eva-sole","18":"product_tag-footwear","19":"product_tag-formal-shoes","20":"product_tag-goatskin-lining","21":"product_tag-leather-derby","22":"product_tag-mens-fashion","23":"product_tag-stylish-shoes","24":"product_tag-wholesale-shoes","25":"desktop-align-center","26":"tablet-align-center","27":"mobile-align-center","29":"first","30":"instock","31":"shipping-taxable","32":"purchasable","33":"product-type-variable","34":"has-default-attributes"},"acf":[],"uagb_featured_image_src":{"full":["https:\/\/turkishtrade.co\/wp-content\/uploads\/2026\/01\/2400EJOMN00436-DARK-BLUE-X_434_1-150-USD-4-USD.png",453,250,false],"thumbnail":["https:\/\/turkishtrade.co\/wp-content\/uploads\/2026\/01\/2400EJOMN00436-DARK-BLUE-X_434_1-150-USD-4-USD-150x150.png",150,150,true],"medium":["https:\/\/turkishtrade.co\/wp-content\/uploads\/2026\/01\/2400EJOMN00436-DARK-BLUE-X_434_1-150-USD-4-USD-300x166.png",300,166,true],"medium_large":["https:\/\/turkishtrade.co\/wp-content\/uploads\/2026\/01\/2400EJOMN00436-DARK-BLUE-X_434_1-150-USD-4-USD.png",453,250,false],"large":["https:\/\/turkishtrade.co\/wp-content\/uploads\/2026\/01\/2400EJOMN00436-DARK-BLUE-X_434_1-150-USD-4-USD.png",453,250,false],"1536x1536":["https:\/\/turkishtrade.co\/wp-content\/uploads\/2026\/01\/2400EJOMN00436-DARK-BLUE-X_434_1-150-USD-4-USD.png",453,250,false],"2048x2048":["https:\/\/turkishtrade.co\/wp-content\/uploads\/2026\/01\/2400EJOMN00436-DARK-BLUE-X_434_1-150-USD-4-USD.png",453,250,false],"trp-custom-language-flag":["https:\/\/turkishtrade.co\/wp-content\/uploads\/2026\/01\/2400EJOMN00436-DARK-BLUE-X_434_1-150-USD-4-USD-18x10.png",18,10,true],"woocommerce_thumbnail":["https:\/\/turkishtrade.co\/wp-content\/uploads\/2026\/01\/2400EJOMN00436-DARK-BLUE-X_434_1-150-USD-4-USD-400x250.png",400,250,true],"woocommerce_single":["https:\/\/turkishtrade.co\/wp-content\/uploads\/2026\/01\/2400EJOMN00436-DARK-BLUE-X_434_1-150-USD-4-USD.png",453,250,false],"woocommerce_gallery_thumbnail":["https:\/\/turkishtrade.co\/wp-content\/uploads\/2026\/01\/2400EJOMN00436-DARK-BLUE-X_434_1-150-USD-4-USD-100x100.png",100,100,true]},"uagb_author_info":{"display_name":"yaser olabi","author_link":"https:\/\/turkishtrade.co\/es\/author\/"},"uagb_comment_info":0,"uagb_excerpt":"Exquisite Calfskin Leather Exterior Soft Goatskin Leather Interior Lining Lightweight &amp; Cushioned EVA Sole for All-Day Comfort Classic Derby Style with a 1-3 cm Heel Height Available in Sizes 39-45 Minimum Order: 8 Pairs (Bulk Discounts Available) Delivery Time: 12 Days + Shipping","_links":{"self":[{"href":"https:\/\/turkishtrade.co\/es\/wp-json\/wp\/v2\/product\/5894","targetHints":{"allow":["GET"]}}],"collection":[{"href":"https:\/\/turkishtrade.co\/es\/wp-json\/wp\/v2\/product"}],"about":[{"href":"https:\/\/turkishtrade.co\/es\/wp-json\/wp\/v2\/types\/product"}],"wp:featuredmedia":[{"embeddable":true,"href":"https:\/\/turkishtrade.co\/es\/wp-json\/wp\/v2\/media\/3941"}],"wp:attachment":[{"href":"https:\/\/turkishtrade.co\/es\/wp-json\/wp\/v2\/media?parent=5894"}],"wp:term":[{"taxonomy":"product_brand","embeddable":true,"href":"https:\/\/turkishtrade.co\/es\/wp-json\/wp\/v2\/product_brand?post=5894"},{"taxonomy":"product_cat","embeddable":true,"href":"https:\/\/turkishtrade.co\/es\/wp-json\/wp\/v2\/product_cat?post=5894"},{"taxonomy":"product_tag","embeddable":true,"href":"https:\/\/turkishtrade.co\/es\/wp-json\/wp\/v2\/product_tag?post=5894"}],"curies":[{"name":"wp","href":"https:\/\/api.w.org\/{rel}","templated":true}]}}