{"id":5889,"date":"2026-01-14T13:38:07","date_gmt":"2026-01-14T13:38:07","guid":{"rendered":"https:\/\/turkishtrade.co\/product\/mens-grey-suede-loafers\/"},"modified":"2026-04-09T19:20:54","modified_gmt":"2026-04-09T19:20:54","slug":"mens-grey-suede-loafers","status":"publish","type":"product","link":"https:\/\/turkishtrade.co\/es\/shop\/mens-grey-suede-loafers\/","title":{"rendered":"Mocasines cl\u00e1sicos de hombre de ante gris con suela de EVA"},"content":{"rendered":"<p><strong>Mocasines de hombre de ante gris<\/strong><\/p>\n<p>Eleve su colecci\u00f3n de calzado con nuestros exquisitos <strong>Mocasines de hombre de ante gris<\/strong>, Una mezcla perfecta de elegancia cl\u00e1sica y comodidad moderna. Estos vers\u00e1tiles mocasines est\u00e1n meticulosamente elaborados para aportar un toque sofisticado a cualquier conjunto informal o semiformal. Dise\u00f1ados para personas exigentes que valoran tanto el estilo como la calidad, nuestros <strong>mocasines de hombre de ante gris<\/strong> son un complemento esencial para cualquier armario.<\/p>\n<h3>Comodidad y artesan\u00eda inigualables<\/h3>\n<p>Experimenta una comodidad inigualable a cada paso, gracias a los materiales de primera calidad utilizados en estas <strong>mocasines de ante gris<\/strong>. La superficie exterior est\u00e1 fabricada en piel de ternero de alta calidad, expertamente acabada para lograr una textura de ante suave y lujosa que es a la vez duradera y visualmente atractiva. En el interior, sus pies ser\u00e1n acunados por un forro de piel de cabra suntuosamente suave, asegurando la transpirabilidad y un ajuste excepcionalmente c\u00f3modo durante todo el d\u00eda.<\/p>\n<p>La estudiada combinaci\u00f3n de estas pieles naturales proporciona un zapato que se amolda a tu pie, ofreciendo un ajuste personalizado a lo largo del tiempo.<\/p>\n<h3>Dise\u00f1o ligero con suela de EVA<\/h3>\n<p>Nuestro cl\u00e1sico <strong>mocasines de hombre<\/strong> est\u00e1n construidas sobre una suela de EVA ligera pero robusta. Este avanzado material proporciona una excelente amortiguaci\u00f3n y flexibilidad, absorbiendo los impactos y reduciendo la fatiga, lo que las convierte en el calzado ideal. <strong>mocasines de ante<\/strong> para un uso prolongado. Tanto si te mueves por las calles de la ciudad como si disfrutas de un fin de semana relajado, la suela de EVA garantiza una zancada c\u00f3moda y estable.<\/p>\n<p>La altura del tac\u00f3n, baja y cl\u00e1sica, complementa la silueta tradicional del mocas\u00edn, aumentando su atractivo atemporal sin comprometer los est\u00e1ndares modernos de comodidad.<\/p>\n<h3>Estilo vers\u00e1til para cualquier ocasi\u00f3n<\/h3>\n<p>La discreta elegancia de estos <strong>mocasines de ante gris<\/strong> los hace incre\u00edblemente vers\u00e1tiles. Comb\u00ednalos con pantalones de sastrer\u00eda para un look casual elegante, con chinos para un atuendo relajado pero refinado, o incluso con pantalones cortos para un estilo veraniego sofisticado. El sutil tono gris ofrece una sofisticada alternativa a los tradicionales marrones y negros, aportando un toque contempor\u00e1neo a tu est\u00e9tica general.<\/p>\n<p>Estos mocasines cl\u00e1sicos est\u00e1n dise\u00f1ados para trascender las tendencias estacionales, ofreciendo una pieza atemporal que seguir\u00e1 siendo un b\u00e1sico en tu colecci\u00f3n durante a\u00f1os.<\/p>\n<h3>Oportunidad al por mayor: Eleve su inventario<\/h3>\n<p>Para las empresas que desean almacenar calzado de primera calidad, nuestro <strong>mocasines de hombre de ante gris<\/strong> ofrecen una excelente oportunidad. Facilitamos los pedidos al por mayor con una cantidad m\u00ednima de 8 pares, lo que garantiza que pueda ofrecer a sus clientes productos de alta calidad y muy demandados. Con un plazo de entrega de aproximadamente 12 d\u00edas m\u00e1s gastos de env\u00edo, podr\u00e1 gestionar eficazmente su inventario y satisfacer las expectativas de sus clientes.<\/p>\n<p>Invierta en nuestra exquisita colecci\u00f3n de mocasines de ante y proporcione a su clientela un calzado que encarna el lujo, la comodidad y un estilo perdurable.<\/p>","protected":false},"excerpt":{"rendered":"<ul>\n<li>Parte superior de ante de becerro de primera calidad<\/li>\n<li>Lujoso forro de piel de cabra para un confort supremo<\/li>\n<li>Suela de EVA ligera y duradera para llevarla todo el d\u00eda<\/li>\n<li>Dise\u00f1o cl\u00e1sico e intemporal de mocas\u00edn sin cordones<\/li>\n<li>Disponible en tallas: 39, 40, 41, 42, 43, 44, 45<\/li>\n<li><strong>Disponibilidad a granel:<\/strong> Pedido m\u00ednimo de 8 pares (Entrega: 12 d\u00edas + gastos de env\u00edo)<\/li>\n<\/ul>","protected":false},"featured_media":3937,"template":"","meta":{"_acf_changed":false,"_uag_custom_page_level_css":"","site-sidebar-layout":"default","site-content-layout":"","ast-site-content-layout":"default","site-content-style":"default","site-sidebar-style":"default","ast-global-header-display":"","ast-banner-title-visibility":"","ast-main-header-display":"","ast-hfb-above-header-display":"","ast-hfb-below-header-display":"","ast-hfb-mobile-header-display":"","site-post-title":"","ast-breadcrumbs-content":"","ast-featured-img":"","footer-sml-layout":"","ast-disable-related-posts":"","theme-transparent-header-meta":"default","adv-header-id-meta":"","stick-header-meta":"","header-above-stick-meta":"","header-main-stick-meta":"","header-below-stick-meta":"","astra-migrate-meta-layouts":"set","ast-page-background-enabled":"default","ast-page-background-meta":{"desktop":{"background-color":"var(--ast-global-color-4)","background-image":"","background-repeat":"repeat","background-position":"center center","background-size":"auto","background-attachment":"scroll","background-type":"","background-media":"","overlay-type":"","overlay-color":"","overlay-opacity":"","overlay-gradient":""},"tablet":{"background-color":"","background-image":"","background-repeat":"repeat","background-position":"center center","background-size":"auto","background-attachment":"scroll","background-type":"","background-media":"","overlay-type":"","overlay-color":"","overlay-opacity":"","overlay-gradient":""},"mobile":{"background-color":"","background-image":"","background-repeat":"repeat","background-position":"center center","background-size":"auto","background-attachment":"scroll","background-type":"","background-media":"","overlay-type":"","overlay-color":"","overlay-opacity":"","overlay-gradient":""}},"ast-content-background-meta":{"desktop":{"background-color":"var(--ast-global-color-5)","background-image":"","background-repeat":"repeat","background-position":"center center","background-size":"auto","background-attachment":"scroll","background-type":"","background-media":"","overlay-type":"","overlay-color":"","overlay-opacity":"","overlay-gradient":""},"tablet":{"background-color":"var(--ast-global-color-5)","background-image":"","background-repeat":"repeat","background-position":"center center","background-size":"auto","background-attachment":"scroll","background-type":"","background-media":"","overlay-type":"","overlay-color":"","overlay-opacity":"","overlay-gradient":""},"mobile":{"background-color":"var(--ast-global-color-5)","background-image":"","background-repeat":"repeat","background-position":"center center","background-size":"auto","background-attachment":"scroll","background-type":"","background-media":"","overlay-type":"","overlay-color":"","overlay-opacity":"","overlay-gradient":""}}},"product_brand":[],"product_cat":[48,47,49,430,40],"product_tag":[566,449,457,220,438,189,1082,198,1081,186,279,184,149,254],"class_list":{"0":"post-5889","1":"product","2":"type-product","3":"status-publish","4":"has-post-thumbnail","6":"product_cat-casual","7":"product_cat-classic","8":"product_cat-loafer","9":"product_cat-men","10":"product_cat-mens-shoes","11":"product_tag-calfskin-shoes","12":"product_tag-casual-shoes","13":"product_tag-classic-loafers","14":"product_tag-comfortable-loafers","15":"product_tag-eva-sole","16":"product_tag-goat-leather-lining","17":"product_tag-grey-shoes","18":"product_tag-mens-fashion","19":"product_tag-mens-grey-suede-loafers","20":"product_tag-mens-loafers","21":"product_tag-penny-loafers","22":"product_tag-slip-on-shoes","23":"product_tag-suede-loafers","24":"product_tag-wholesale-footwear","25":"desktop-align-center","26":"tablet-align-center","27":"mobile-align-center","29":"first","30":"instock","31":"shipping-taxable","32":"purchasable","33":"product-type-variable","34":"has-default-attributes"},"acf":[],"uagb_featured_image_src":{"full":["https:\/\/turkishtrade.co\/wp-content\/uploads\/2026\/01\/2400EJOMN00430-BEIGE-MET-DKS_419-4-USD.png",453,250,false],"thumbnail":["https:\/\/turkishtrade.co\/wp-content\/uploads\/2026\/01\/2400EJOMN00430-BEIGE-MET-DKS_419-4-USD.png",150,83,false],"medium":["https:\/\/turkishtrade.co\/wp-content\/uploads\/2026\/01\/2400EJOMN00430-BEIGE-MET-DKS_419-4-USD.png",300,166,false],"medium_large":["https:\/\/turkishtrade.co\/wp-content\/uploads\/2026\/01\/2400EJOMN00430-BEIGE-MET-DKS_419-4-USD.png",453,250,false],"large":["https:\/\/turkishtrade.co\/wp-content\/uploads\/2026\/01\/2400EJOMN00430-BEIGE-MET-DKS_419-4-USD.png",453,250,false],"1536x1536":["https:\/\/turkishtrade.co\/wp-content\/uploads\/2026\/01\/2400EJOMN00430-BEIGE-MET-DKS_419-4-USD.png",453,250,false],"2048x2048":["https:\/\/turkishtrade.co\/wp-content\/uploads\/2026\/01\/2400EJOMN00430-BEIGE-MET-DKS_419-4-USD.png",453,250,false],"trp-custom-language-flag":["https:\/\/turkishtrade.co\/wp-content\/uploads\/2026\/01\/2400EJOMN00430-BEIGE-MET-DKS_419-4-USD.png",18,10,false],"woocommerce_thumbnail":["https:\/\/turkishtrade.co\/wp-content\/uploads\/2026\/01\/2400EJOMN00430-BEIGE-MET-DKS_419-4-USD-400x250.png",400,250,true],"woocommerce_single":["https:\/\/turkishtrade.co\/wp-content\/uploads\/2026\/01\/2400EJOMN00430-BEIGE-MET-DKS_419-4-USD.png",453,250,false],"woocommerce_gallery_thumbnail":["https:\/\/turkishtrade.co\/wp-content\/uploads\/2026\/01\/2400EJOMN00430-BEIGE-MET-DKS_419-4-USD-100x100.png",100,100,true]},"uagb_author_info":{"display_name":"yaser olabi","author_link":"https:\/\/turkishtrade.co\/es\/author\/"},"uagb_comment_info":0,"uagb_excerpt":"Premium Calfskin Suede Upper Luxurious Goat Leather Lining for supreme comfort Lightweight &amp; Durable EVA Sole for all-day wear Timeless Classic Slip-On Loafer Design Available in Sizes: 39, 40, 41, 42, 43, 44, 45 Bulk Availability: Minimum Order Quantity of 8 Pairs (Delivery: 12 days + shipping)","_links":{"self":[{"href":"https:\/\/turkishtrade.co\/es\/wp-json\/wp\/v2\/product\/5889","targetHints":{"allow":["GET"]}}],"collection":[{"href":"https:\/\/turkishtrade.co\/es\/wp-json\/wp\/v2\/product"}],"about":[{"href":"https:\/\/turkishtrade.co\/es\/wp-json\/wp\/v2\/types\/product"}],"wp:featuredmedia":[{"embeddable":true,"href":"https:\/\/turkishtrade.co\/es\/wp-json\/wp\/v2\/media\/3937"}],"wp:attachment":[{"href":"https:\/\/turkishtrade.co\/es\/wp-json\/wp\/v2\/media?parent=5889"}],"wp:term":[{"taxonomy":"product_brand","embeddable":true,"href":"https:\/\/turkishtrade.co\/es\/wp-json\/wp\/v2\/product_brand?post=5889"},{"taxonomy":"product_cat","embeddable":true,"href":"https:\/\/turkishtrade.co\/es\/wp-json\/wp\/v2\/product_cat?post=5889"},{"taxonomy":"product_tag","embeddable":true,"href":"https:\/\/turkishtrade.co\/es\/wp-json\/wp\/v2\/product_tag?post=5889"}],"curies":[{"name":"wp","href":"https:\/\/api.w.org\/{rel}","templated":true}]}}