{"id":5878,"date":"2026-01-14T13:36:07","date_gmt":"2026-01-14T13:36:07","guid":{"rendered":"https:\/\/turkishtrade.co\/product\/mens-casual-leather-derby-shoes-3\/"},"modified":"2026-04-09T19:21:18","modified_gmt":"2026-04-09T19:21:18","slug":"mens-casual-leather-derby-shoes-3","status":"publish","type":"product","link":"https:\/\/turkishtrade.co\/es\/shop\/mens-casual-leather-derby-shoes-3\/","title":{"rendered":"Zapatos derby de piel de primera calidad para hombre"},"content":{"rendered":"<p><strong>Zapatos derby de piel para hombre<\/strong><\/p>\n<p>Descubra el ep\u00edtome del confort sofisticado con nuestro <b>Zapatos derby de piel de primera calidad para hombre<\/b>. Elaborados por expertos para el caballero exigente, estos zapatos combinan la elegancia atemporal con la robustez moderna, convirti\u00e9ndolos en un complemento indispensable para cualquier armario. Nuestro compromiso con la calidad empieza con los mejores materiales: el exterior est\u00e1 confeccionado en lujosa piel de ternero, conocida por su textura flexible y su resistencia duradera, lo que garantiza que estos zapatos no solo tengan un aspecto excepcional, sino que tambi\u00e9n resistan el paso del tiempo.<\/p>\n<p>Entra y tus pies se ver\u00e1n envueltos en la suavidad incomparable del forro de aut\u00e9ntica piel de cabra. Este interior de primera calidad proporciona transpirabilidad y un confort excepcional, adapt\u00e1ndose a la forma \u00fanica de tu pie con el paso del tiempo para un ajuste verdaderamente personalizado. Debajo de todo, la robusta suela de EVA ofrece una amortiguaci\u00f3n superior y una flexibilidad ligera, garantizando la comodidad durante todo el d\u00eda, tanto si te mueves por las calles de la ciudad como si asistes a un evento informal de negocios.<\/p>\n<p>El sutil tac\u00f3n de 1 a 3 cm complementa el dise\u00f1o de la suela gruesa, proporcionando una base estable pero elegante.<\/p>\n<p><h3>Estilo y versatilidad inigualables<\/h3>\n<\/p>\n<p>Estos <b>Zapatos derby de piel para hombre<\/b> est\u00e1n dise\u00f1adas para impresionar. Con la cl\u00e1sica cordonera abierta, una elegante puntera de ca\u00f1a y elegantes perforaciones estilo brogue, desprenden una est\u00e9tica refinada pero accesible. Disponibles en un vers\u00e1til color negro y un sofisticado azul marino, combinan a la perfecci\u00f3n con chinos, vaqueros oscuros o pantalones de sastrer\u00eda.<\/p>\n<p>La textura \u00fanica de la parte superior de piel de becerro a\u00f1ade profundidad y car\u00e1cter, diferenciando estos zapatos de lo ordinario. Un zapato tan c\u00f3modo como elegante, perfecto para causar una impresi\u00f3n duradera en cualquier entorno.<\/p>\n<p><h3>Oportunidad de venta al por mayor para las empresas<\/h3>\n<\/p>\n<p>Para empresas y minoristas, nuestro <b>Zapatos derby de piel para hombre<\/b> est\u00e1n disponibles para pedidos al por mayor con una cantidad m\u00ednima de 8 pares. Esto le permite almacenar calzado de primera calidad que atrae a una amplia gama de clientes que buscan tanto estilo como sustancia. Con un plazo de entrega de tan solo 12 d\u00edas m\u00e1s gastos de env\u00edo, podr\u00e1 ampliar r\u00e1pidamente su inventario con productos de alta calidad y gran demanda.<\/p>\n<p>Ofrecemos una gama completa de tallas, de la 39 a la 45, para garantizar un ajuste perfecto a cada cliente. Invierta en una artesan\u00eda excepcional y proporcione a su clientela un calzado que realmente marque la diferencia. Eleve su colecci\u00f3n de calzado con estos duraderos, elegantes e incre\u00edblemente c\u00f3modos zapatos Derby hoy mismo.<\/p>","protected":false},"excerpt":{"rendered":"<ul>\n<li><b>Materiales superiores:<\/b> Exterior de aut\u00e9ntica piel de becerro e interior de suave piel de cabra.<\/li>\n<li><b>Suela c\u00f3moda:<\/b> Suela de EVA duradera y ligera para llevarla todo el d\u00eda.<\/li>\n<li><b>Altura del tac\u00f3n:<\/b> Sutil tac\u00f3n de 1-3 cm para una elegancia cl\u00e1sica.<\/li>\n<li><b>Tallas disponibles:<\/b> Gama completa de 39 a 45.<\/li>\n<li><b>Disponibilidad a granel:<\/b> Pedido m\u00ednimo de 8 pares.<\/li>\n<li><b>Entrega:<\/b> Plazo de entrega de 12 d\u00edas + gastos de env\u00edo.<\/li>\n<\/ul>","protected":false},"featured_media":3931,"template":"","meta":{"_acf_changed":false,"_uag_custom_page_level_css":"","site-sidebar-layout":"default","site-content-layout":"","ast-site-content-layout":"default","site-content-style":"default","site-sidebar-style":"default","ast-global-header-display":"","ast-banner-title-visibility":"","ast-main-header-display":"","ast-hfb-above-header-display":"","ast-hfb-below-header-display":"","ast-hfb-mobile-header-display":"","site-post-title":"","ast-breadcrumbs-content":"","ast-featured-img":"","footer-sml-layout":"","ast-disable-related-posts":"","theme-transparent-header-meta":"","adv-header-id-meta":"","stick-header-meta":"","header-above-stick-meta":"","header-main-stick-meta":"","header-below-stick-meta":"","astra-migrate-meta-layouts":"default","ast-page-background-enabled":"default","ast-page-background-meta":{"desktop":{"background-color":"var(--ast-global-color-4)","background-image":"","background-repeat":"repeat","background-position":"center center","background-size":"auto","background-attachment":"scroll","background-type":"","background-media":"","overlay-type":"","overlay-color":"","overlay-opacity":"","overlay-gradient":""},"tablet":{"background-color":"","background-image":"","background-repeat":"repeat","background-position":"center center","background-size":"auto","background-attachment":"scroll","background-type":"","background-media":"","overlay-type":"","overlay-color":"","overlay-opacity":"","overlay-gradient":""},"mobile":{"background-color":"","background-image":"","background-repeat":"repeat","background-position":"center center","background-size":"auto","background-attachment":"scroll","background-type":"","background-media":"","overlay-type":"","overlay-color":"","overlay-opacity":"","overlay-gradient":""}},"ast-content-background-meta":{"desktop":{"background-color":"var(--ast-global-color-5)","background-image":"","background-repeat":"repeat","background-position":"center center","background-size":"auto","background-attachment":"scroll","background-type":"","background-media":"","overlay-type":"","overlay-color":"","overlay-opacity":"","overlay-gradient":""},"tablet":{"background-color":"var(--ast-global-color-5)","background-image":"","background-repeat":"repeat","background-position":"center center","background-size":"auto","background-attachment":"scroll","background-type":"","background-media":"","overlay-type":"","overlay-color":"","overlay-opacity":"","overlay-gradient":""},"mobile":{"background-color":"var(--ast-global-color-5)","background-image":"","background-repeat":"repeat","background-position":"center center","background-size":"auto","background-attachment":"scroll","background-type":"","background-media":"","overlay-type":"","overlay-color":"","overlay-opacity":"","overlay-gradient":""}}},"product_brand":[],"product_cat":[48,47,49,430,40],"product_tag":[196,643,582,449,436,212,438,960,437,227,397,362,281],"class_list":{"0":"post-5878","1":"product","2":"type-product","3":"status-publish","4":"has-post-thumbnail","6":"product_cat-casual","7":"product_cat-classic","8":"product_cat-loafer","9":"product_cat-men","10":"product_cat-mens-shoes","11":"product_tag-black-leather-shoes","12":"product_tag-brogue-detailing","13":"product_tag-calfskin","14":"product_tag-casual-shoes","15":"product_tag-chunky-sole","16":"product_tag-derby-shoes","17":"product_tag-eva-sole","18":"product_tag-formal-casual","19":"product_tag-goat-leather","20":"product_tag-leather-shoes","21":"product_tag-navy-leather-shoes","22":"product_tag-premium-footwear","23":"product_tag-wholesale-shoes","24":"desktop-align-center","25":"tablet-align-center","26":"mobile-align-center","28":"first","29":"instock","30":"shipping-taxable","31":"purchasable","32":"product-type-variable","33":"has-default-attributes"},"acf":[],"uagb_featured_image_src":{"full":["https:\/\/turkishtrade.co\/wp-content\/uploads\/2026\/01\/2400EJOMN00368-DARK-BLUE-X_6323-5-USD.png",453,250,false],"thumbnail":["https:\/\/turkishtrade.co\/wp-content\/uploads\/2026\/01\/2400EJOMN00368-DARK-BLUE-X_6323-5-USD-150x150.png",150,150,true],"medium":["https:\/\/turkishtrade.co\/wp-content\/uploads\/2026\/01\/2400EJOMN00368-DARK-BLUE-X_6323-5-USD-300x166.png",300,166,true],"medium_large":["https:\/\/turkishtrade.co\/wp-content\/uploads\/2026\/01\/2400EJOMN00368-DARK-BLUE-X_6323-5-USD.png",453,250,false],"large":["https:\/\/turkishtrade.co\/wp-content\/uploads\/2026\/01\/2400EJOMN00368-DARK-BLUE-X_6323-5-USD.png",453,250,false],"1536x1536":["https:\/\/turkishtrade.co\/wp-content\/uploads\/2026\/01\/2400EJOMN00368-DARK-BLUE-X_6323-5-USD.png",453,250,false],"2048x2048":["https:\/\/turkishtrade.co\/wp-content\/uploads\/2026\/01\/2400EJOMN00368-DARK-BLUE-X_6323-5-USD.png",453,250,false],"trp-custom-language-flag":["https:\/\/turkishtrade.co\/wp-content\/uploads\/2026\/01\/2400EJOMN00368-DARK-BLUE-X_6323-5-USD-18x10.png",18,10,true],"woocommerce_thumbnail":["https:\/\/turkishtrade.co\/wp-content\/uploads\/2026\/01\/2400EJOMN00368-DARK-BLUE-X_6323-5-USD-400x250.png",400,250,true],"woocommerce_single":["https:\/\/turkishtrade.co\/wp-content\/uploads\/2026\/01\/2400EJOMN00368-DARK-BLUE-X_6323-5-USD.png",453,250,false],"woocommerce_gallery_thumbnail":["https:\/\/turkishtrade.co\/wp-content\/uploads\/2026\/01\/2400EJOMN00368-DARK-BLUE-X_6323-5-USD-100x100.png",100,100,true]},"uagb_author_info":{"display_name":"yaser olabi","author_link":"https:\/\/turkishtrade.co\/es\/author\/"},"uagb_comment_info":0,"uagb_excerpt":"Superior Materials: Genuine calfskin leather exterior and soft goat leather interior. Comfortable Sole: Durable and lightweight EVA sole for all-day wear. Heel Height: Subtle 1-3cm heel for classic elegance. Available Sizes: Full range from 39 to 45. Bulk Availability: Minimum order of 8 pairs. Delivery: Lead time of 12 days + shipping.","_links":{"self":[{"href":"https:\/\/turkishtrade.co\/es\/wp-json\/wp\/v2\/product\/5878","targetHints":{"allow":["GET"]}}],"collection":[{"href":"https:\/\/turkishtrade.co\/es\/wp-json\/wp\/v2\/product"}],"about":[{"href":"https:\/\/turkishtrade.co\/es\/wp-json\/wp\/v2\/types\/product"}],"wp:featuredmedia":[{"embeddable":true,"href":"https:\/\/turkishtrade.co\/es\/wp-json\/wp\/v2\/media\/3931"}],"wp:attachment":[{"href":"https:\/\/turkishtrade.co\/es\/wp-json\/wp\/v2\/media?parent=5878"}],"wp:term":[{"taxonomy":"product_brand","embeddable":true,"href":"https:\/\/turkishtrade.co\/es\/wp-json\/wp\/v2\/product_brand?post=5878"},{"taxonomy":"product_cat","embeddable":true,"href":"https:\/\/turkishtrade.co\/es\/wp-json\/wp\/v2\/product_cat?post=5878"},{"taxonomy":"product_tag","embeddable":true,"href":"https:\/\/turkishtrade.co\/es\/wp-json\/wp\/v2\/product_tag?post=5878"}],"curies":[{"name":"wp","href":"https:\/\/api.w.org\/{rel}","templated":true}]}}