{"id":5875,"date":"2026-01-14T13:35:51","date_gmt":"2026-01-14T13:35:51","guid":{"rendered":"https:\/\/turkishtrade.co\/product\/mens-leather-casual-derby-shoes-4\/"},"modified":"2026-04-09T19:21:26","modified_gmt":"2026-04-09T19:21:26","slug":"mens-leather-casual-derby-shoes-4","status":"publish","type":"product","link":"https:\/\/turkishtrade.co\/es\/shop\/mens-leather-casual-derby-shoes-4\/","title":{"rendered":"Zapatos derby casuales de piel de becerro de primera calidad para hombre"},"content":{"rendered":"<p><strong>Zapatos derby de piel para hombre<\/strong><\/p>\n<p>Eleve su estilo cotidiano con nuestros exquisitos <strong>Zapatos derby de piel para hombre<\/strong>. Dise\u00f1ados para el hombre moderno que valora tanto la sofisticaci\u00f3n como la comodidad, estos zapatos combinan a la perfecci\u00f3n la est\u00e9tica cl\u00e1sica con la funcionalidad contempor\u00e1nea. Tanto si vas a la oficina, a una reuni\u00f3n informal o a una salida nocturna, estos zapatos derby de primera calidad son tu compa\u00f1ero ideal, ya que te garantizan un aspecto pulido y una sensaci\u00f3n de bienestar.<\/p>\n<p>Su dise\u00f1o vers\u00e1til los convierte en un b\u00e1sico para cualquier armario exigente, salvando las distancias entre la ropa formal y la relajada con gracia y sin esfuerzo.<\/p>\n<p><h3>Calidad y artesan\u00eda inigualables<\/h3>\n<\/p>\n<p>Cada par de estos excepcionales <strong>Zapatos derby de piel para hombre<\/strong> es un testimonio de artesan\u00eda superior y atenci\u00f3n al detalle. La superficie exterior est\u00e1 meticulosamente fabricada en aut\u00e9ntica piel de ternero de alta calidad, famosa por su textura flexible, su excepcional durabilidad y su aspecto lujoso. Este material de primera calidad no s\u00f3lo proporciona un aspecto distinguido, sino que tambi\u00e9n se amolda a sus pies con el tiempo, ofreciendo un ajuste personalizado que s\u00f3lo mejora con la edad.<\/p>\n<p>Como complemento al robusto exterior, el forro interior est\u00e1 confeccionado en piel de cabra incre\u00edblemente suave y transpirable, que garantiza un confort inigualable sobre la piel. Esta cuidada combinaci\u00f3n de materiales garantiza una experiencia de lujo a cada paso, convirtiendo estos zapatos en una aut\u00e9ntica inversi\u00f3n en tu colecci\u00f3n de calzado.<\/p>\n<p><h3>Confort revolucionario con suela de EVA<\/h3>\n<\/p>\n<p>La comodidad es primordial, y nuestro <strong>Zapatos derby de piel para hombre<\/strong> cumplen esta promesa con su dise\u00f1o innovador. Con una suela de EVA ligera pero incre\u00edblemente duradera, estas zapatillas proporcionan una amortiguaci\u00f3n y una sujeci\u00f3n excepcionales durante todo el d\u00eda. La avanzada suela de EVA absorbe eficazmente los impactos, reduce significativamente la fatiga del pie y ofrece una excelente tracci\u00f3n en diversas superficies, por lo que son perfectas para un uso prolongado.<\/p>\n<p>A diferencia de las suelas tradicionales m\u00e1s pesadas, la suela de EVA contribuye significativamente a la ligereza general del zapato, permiti\u00e9ndole moverse con facilidad y confianza de la ma\u00f1ana a la noche. Este innovador dise\u00f1o garantiza que tu b\u00fasqueda de estilo nunca se haga a expensas de la comodidad, ofreciendo una armoniosa mezcla de ambas.<\/p>\n<p><h3>Estilo vers\u00e1til para cualquier ocasi\u00f3n<\/h3>\n<\/p>\n<p>El dise\u00f1o atemporal de estos zapatos derby los hace incre\u00edblemente vers\u00e1tiles y adaptables a innumerables conjuntos. La cl\u00e1sica parte delantera con cordones y el refinado detalle de la puntera ofrecen un atractivo elegante e informal que puede pasar sin esfuerzo de entornos formales de negocios a eventos relajados de fin de semana. Disponibles en tonos sofisticados como el negro cl\u00e1sico y el marr\u00f3n intenso (como se ve en las im\u00e1genes del producto), estos zapatos est\u00e1n dise\u00f1ados para complementar una amplia gama de atuendos, desde pantalones y trajes a medida hasta elegantes chinos y vaqueros de primera calidad.<\/p>\n<p>Nuestra <strong>Zapatos derby de piel para hombre<\/strong> son un complemento esencial para cualquier armario exigente, ya que ofrecen una combinaci\u00f3n de elegancia duradera y funcionalidad pr\u00e1ctica que resistir\u00e1 el paso del tiempo.<\/p>\n<p><h3>Dimensionamiento y disponibilidad a granel<\/h3>\n<\/p>\n<p>Disponemos de una amplia gama de tallas, con estos exquisitos zapatos disponibles en las tallas europeas 39 a 45. Para minoristas, boutiques y empresas que deseen tener en stock calzado de alta calidad y de gran demanda, estos zapatos derby de primera calidad est\u00e1n disponibles para su compra al por mayor con un pedido m\u00ednimo de 8 pares. Nos enorgullecemos de ofrecer un servicio eficaz y una entrega r\u00e1pida, ya que los pedidos suelen realizarse en un plazo de 12 d\u00edas, m\u00e1s el tiempo de env\u00edo est\u00e1ndar.<\/p>\n<p>Invierta en calzado que destaque por su calidad, comodidad y estilo duradero, y ofrezca a sus clientes un producto que apreciar\u00e1n de verdad.<\/p>","protected":false},"excerpt":{"rendered":"<ul>\n<li>Fabricado a mano con un lujoso exterior de piel de becerro para un estilo sofisticado<\/li>\n<li>Incorpora un forro interior de piel de cabra suave y transpirable para mayor comodidad<\/li>\n<li>Equipada con una suela de EVA ligera y duradera, perfecta para llevarla todo el d\u00eda.<\/li>\n<li>Dise\u00f1o cl\u00e1sico con cordones y puntera moderna, ideal para ocasiones elegantes e informales.<\/li>\n<li>Disponible en una amplia gama de tallas, de la 39 a la 45.<\/li>\n<li><strong>Cantidad m\u00ednima de pedido: 8 pares<\/strong> - Excelente para mayoristas y minoristas<\/li>\n<li>Entrega fiable en 12 d\u00edas, m\u00e1s el tiempo de env\u00edo<\/li>\n<\/ul>","protected":false},"featured_media":3929,"template":"","meta":{"_acf_changed":false,"_uag_custom_page_level_css":"","site-sidebar-layout":"default","site-content-layout":"","ast-site-content-layout":"default","site-content-style":"default","site-sidebar-style":"default","ast-global-header-display":"","ast-banner-title-visibility":"","ast-main-header-display":"","ast-hfb-above-header-display":"","ast-hfb-below-header-display":"","ast-hfb-mobile-header-display":"","site-post-title":"","ast-breadcrumbs-content":"","ast-featured-img":"","footer-sml-layout":"","ast-disable-related-posts":"","theme-transparent-header-meta":"","adv-header-id-meta":"","stick-header-meta":"","header-above-stick-meta":"","header-main-stick-meta":"","header-below-stick-meta":"","astra-migrate-meta-layouts":"default","ast-page-background-enabled":"default","ast-page-background-meta":{"desktop":{"background-color":"var(--ast-global-color-4)","background-image":"","background-repeat":"repeat","background-position":"center center","background-size":"auto","background-attachment":"scroll","background-type":"","background-media":"","overlay-type":"","overlay-color":"","overlay-opacity":"","overlay-gradient":""},"tablet":{"background-color":"","background-image":"","background-repeat":"repeat","background-position":"center center","background-size":"auto","background-attachment":"scroll","background-type":"","background-media":"","overlay-type":"","overlay-color":"","overlay-opacity":"","overlay-gradient":""},"mobile":{"background-color":"","background-image":"","background-repeat":"repeat","background-position":"center center","background-size":"auto","background-attachment":"scroll","background-type":"","background-media":"","overlay-type":"","overlay-color":"","overlay-opacity":"","overlay-gradient":""}},"ast-content-background-meta":{"desktop":{"background-color":"var(--ast-global-color-5)","background-image":"","background-repeat":"repeat","background-position":"center center","background-size":"auto","background-attachment":"scroll","background-type":"","background-media":"","overlay-type":"","overlay-color":"","overlay-opacity":"","overlay-gradient":""},"tablet":{"background-color":"var(--ast-global-color-5)","background-image":"","background-repeat":"repeat","background-position":"center center","background-size":"auto","background-attachment":"scroll","background-type":"","background-media":"","overlay-type":"","overlay-color":"","overlay-opacity":"","overlay-gradient":""},"mobile":{"background-color":"var(--ast-global-color-5)","background-image":"","background-repeat":"repeat","background-position":"center center","background-size":"auto","background-attachment":"scroll","background-type":"","background-media":"","overlay-type":"","overlay-color":"","overlay-opacity":"","overlay-gradient":""}}},"product_brand":[],"product_cat":[48,47,49,430,40],"product_tag":[407,613,200,202,458,1062,222,438,189,450,227,210,281],"class_list":{"0":"post-5875","1":"product","2":"type-product","3":"status-publish","4":"has-post-thumbnail","6":"product_cat-casual","7":"product_cat-classic","8":"product_cat-loafer","9":"product_cat-men","10":"product_cat-mens-shoes","11":"product_tag-black-derby-shoes","12":"product_tag-brown-derby-shoes","13":"product_tag-business-casual","14":"product_tag-calf-leather","15":"product_tag-cap-toe-shoes","16":"product_tag-casual-derby-shoes","17":"product_tag-comfortable-shoes","18":"product_tag-eva-sole","19":"product_tag-goat-leather-lining","20":"product_tag-handcrafted-shoes","21":"product_tag-leather-shoes","22":"product_tag-smart-casual","23":"product_tag-wholesale-shoes","24":"desktop-align-center","25":"tablet-align-center","26":"mobile-align-center","28":"first","29":"instock","30":"shipping-taxable","31":"purchasable","32":"product-type-variable","33":"has-default-attributes"},"acf":[],"uagb_featured_image_src":{"full":["https:\/\/turkishtrade.co\/wp-content\/uploads\/2026\/01\/2400EJOMN00367-BROWN-X_12577_1-5-USD.png",453,250,false],"thumbnail":["https:\/\/turkishtrade.co\/wp-content\/uploads\/2026\/01\/2400EJOMN00367-BROWN-X_12577_1-5-USD-150x150.png",150,150,true],"medium":["https:\/\/turkishtrade.co\/wp-content\/uploads\/2026\/01\/2400EJOMN00367-BROWN-X_12577_1-5-USD-300x166.png",300,166,true],"medium_large":["https:\/\/turkishtrade.co\/wp-content\/uploads\/2026\/01\/2400EJOMN00367-BROWN-X_12577_1-5-USD.png",453,250,false],"large":["https:\/\/turkishtrade.co\/wp-content\/uploads\/2026\/01\/2400EJOMN00367-BROWN-X_12577_1-5-USD.png",453,250,false],"1536x1536":["https:\/\/turkishtrade.co\/wp-content\/uploads\/2026\/01\/2400EJOMN00367-BROWN-X_12577_1-5-USD.png",453,250,false],"2048x2048":["https:\/\/turkishtrade.co\/wp-content\/uploads\/2026\/01\/2400EJOMN00367-BROWN-X_12577_1-5-USD.png",453,250,false],"trp-custom-language-flag":["https:\/\/turkishtrade.co\/wp-content\/uploads\/2026\/01\/2400EJOMN00367-BROWN-X_12577_1-5-USD-18x10.png",18,10,true],"woocommerce_thumbnail":["https:\/\/turkishtrade.co\/wp-content\/uploads\/2026\/01\/2400EJOMN00367-BROWN-X_12577_1-5-USD-400x250.png",400,250,true],"woocommerce_single":["https:\/\/turkishtrade.co\/wp-content\/uploads\/2026\/01\/2400EJOMN00367-BROWN-X_12577_1-5-USD.png",453,250,false],"woocommerce_gallery_thumbnail":["https:\/\/turkishtrade.co\/wp-content\/uploads\/2026\/01\/2400EJOMN00367-BROWN-X_12577_1-5-USD-100x100.png",100,100,true]},"uagb_author_info":{"display_name":"yaser olabi","author_link":"https:\/\/turkishtrade.co\/es\/author\/"},"uagb_comment_info":0,"uagb_excerpt":"Handcrafted with a luxurious Calf Leather exterior for sophisticated style Features a soft and breathable Goat Leather interior lining for ultimate comfort Equipped with a lightweight and durable EVA sole, perfect for all-day wear Classic lace-up design with a modern cap-toe, ideal for smart-casual occasions Available in a comprehensive range of sizes from 39 to&hellip;","_links":{"self":[{"href":"https:\/\/turkishtrade.co\/es\/wp-json\/wp\/v2\/product\/5875","targetHints":{"allow":["GET"]}}],"collection":[{"href":"https:\/\/turkishtrade.co\/es\/wp-json\/wp\/v2\/product"}],"about":[{"href":"https:\/\/turkishtrade.co\/es\/wp-json\/wp\/v2\/types\/product"}],"wp:featuredmedia":[{"embeddable":true,"href":"https:\/\/turkishtrade.co\/es\/wp-json\/wp\/v2\/media\/3929"}],"wp:attachment":[{"href":"https:\/\/turkishtrade.co\/es\/wp-json\/wp\/v2\/media?parent=5875"}],"wp:term":[{"taxonomy":"product_brand","embeddable":true,"href":"https:\/\/turkishtrade.co\/es\/wp-json\/wp\/v2\/product_brand?post=5875"},{"taxonomy":"product_cat","embeddable":true,"href":"https:\/\/turkishtrade.co\/es\/wp-json\/wp\/v2\/product_cat?post=5875"},{"taxonomy":"product_tag","embeddable":true,"href":"https:\/\/turkishtrade.co\/es\/wp-json\/wp\/v2\/product_tag?post=5875"}],"curies":[{"name":"wp","href":"https:\/\/api.w.org\/{rel}","templated":true}]}}