{"id":5860,"date":"2026-01-14T13:25:35","date_gmt":"2026-01-14T13:25:35","guid":{"rendered":"https:\/\/turkishtrade.co\/product\/mens-brown-leather-derby-shoes-6\/"},"modified":"2026-04-09T19:21:57","modified_gmt":"2026-04-09T19:21:57","slug":"mens-brown-leather-derby-shoes-6","status":"publish","type":"product","link":"https:\/\/turkishtrade.co\/es\/shop\/mens-brown-leather-derby-shoes-6\/","title":{"rendered":"Elegantes zapatos Derby de hombre en piel de becerro marr\u00f3n"},"content":{"rendered":"<p><strong>Zapatos Derby de piel marr\u00f3n para hombre<\/strong><\/p>\n<p>Descubra la combinaci\u00f3n perfecta de estilo cl\u00e1sico y confort moderno con nuestro exquisito <b>Zapatos Derby de piel marr\u00f3n para hombre<\/b>. Meticulosamente elaborados para el caballero exigente, estos zapatos son un complemento esencial para cualquier armario sofisticado. Nuestro <b>Zapatos Derby de piel marr\u00f3n para hombre<\/b> est\u00e1n dise\u00f1ados para ofrecer un estilo incomparable y una durabilidad duradera, por lo que son ideales para una amplia gama de ocasiones, desde el estilo informal de negocios hasta la elegancia de fin de semana.<\/p>\n<p><h3>Calidad y artesan\u00eda inigualables<\/h3>\n<\/p>\n<p>Cada par de estas <b>Zapatos Derby de piel marr\u00f3n para hombre<\/b> cuenta con un exterior meticulosamente confeccionado en aut\u00e9ntica piel de ternero. Esta elecci\u00f3n de material garantiza un aspecto lujoso, un tacto suave y una resistencia excepcional al desgaste diario. El tono marr\u00f3n intenso de estos <b>Zapatos Derby de piel marr\u00f3n para hombre<\/b> ofrece una est\u00e9tica vers\u00e1til que combina sin esfuerzo con diversos atuendos, realzando su estilo personal con su atractivo atemporal.<\/p>\n<p>Entendemos la importancia de la comodidad interior, por eso el interior est\u00e1 forrado con piel de cabra flexible, que proporciona una experiencia suave, transpirable y c\u00f3moda durante todo el d\u00eda. Esta cuidada selecci\u00f3n de materiales garantiza que estos no son solo unos zapatos, sino una inversi\u00f3n en calzado de calidad.<\/p>\n<p><h3>Comodidad superior con tecnolog\u00eda de suela EVA<\/h3>\n<\/p>\n<p>La comodidad es primordial, y nuestro <b>Zapatos Derby de piel marr\u00f3n para hombre<\/b> entregar. La innovadora suela de EVA ofrece una ligereza y flexibilidad extraordinarias, amortiguando cada paso sin comprometer la sujeci\u00f3n. A diferencia de las suelas pesadas tradicionales, la suela de EVA proporciona una excelente amortiguaci\u00f3n, haciendo que estas <b>Zapatos Derby de piel marr\u00f3n para hombre<\/b> perfecto para un uso prolongado.<\/p>\n<p>La sutil altura del tac\u00f3n, que oscila entre 1 y 3 cm, combinada con la importante plataforma, ofrece un perfil refinado al tiempo que garantiza estabilidad y comodidad. Experimenta la diferencia de un calzado dise\u00f1ado para tu bienestar, que te permite moverte con confianza y facilidad de la ma\u00f1ana a la noche.<\/p>\n<p><h3>Ventaja Mayorista: Su fuente de calzado de primera calidad<\/h3>\n<\/p>\n<p>Para los minoristas y las empresas que desean tener en stock calzado de alta calidad y de gran demanda, nuestros <b>Zapatos Derby de piel marr\u00f3n para hombre<\/b> est\u00e1n disponibles para la compra al por mayor. Con un pedido m\u00ednimo de s\u00f3lo 8 pares, podr\u00e1 satisfacer f\u00e1cilmente las preferencias de su clientela. Ofrecemos precios competitivos, detallados en nuestra completa lista de precios, que garantizan un excelente valor para su inversi\u00f3n.<\/p>\n<p>Desde la sofisticada talla 39 a la 45, estos elegantes derbies marrones est\u00e1n listos para completar cualquier colecci\u00f3n. Espera un plazo de entrega fiable de aproximadamente 12 d\u00edas m\u00e1s gastos de env\u00edo, para garantizar que tu pedido llegue a tiempo. Eleve su inventario con estos cl\u00e1sicos pero contempor\u00e1neos <b>Zapatos Derby de piel marr\u00f3n para hombre<\/b>, un favorito garantizado entre sus clientes.<\/p>","protected":false},"excerpt":{"rendered":"<ul>\n<li>Exterior de piel de ternero de primera calidad e interior de suave piel de cabra.<\/li>\n<li>Incorpora una suela de EVA ligera y duradera para ofrecer comodidad durante todo el d\u00eda.<\/li>\n<li>Disponible en una amplia gama de tallas, de la 39 a la 45.<\/li>\n<li>Cl\u00e1sico dise\u00f1o derby marr\u00f3n con una moderna suela gruesa para mejorar el estilo y la comodidad.<\/li>\n<li>Cantidad m\u00ednima de pedido: 8 pares, perfecto para minoristas y compradores al por mayor.<\/li>\n<li>Entrega estimada: 12 d\u00edas m\u00e1s gastos de env\u00edo.<\/li>\n<li>Dise\u00f1o vers\u00e1til adecuado para ocasiones elegantes informales y semiformales.<\/li>\n<\/ul>","protected":false},"featured_media":3918,"template":"","meta":{"_acf_changed":false,"_uag_custom_page_level_css":"","site-sidebar-layout":"default","site-content-layout":"","ast-site-content-layout":"default","site-content-style":"default","site-sidebar-style":"default","ast-global-header-display":"","ast-banner-title-visibility":"","ast-main-header-display":"","ast-hfb-above-header-display":"","ast-hfb-below-header-display":"","ast-hfb-mobile-header-display":"","site-post-title":"","ast-breadcrumbs-content":"","ast-featured-img":"","footer-sml-layout":"","ast-disable-related-posts":"","theme-transparent-header-meta":"","adv-header-id-meta":"","stick-header-meta":"","header-above-stick-meta":"","header-main-stick-meta":"","header-below-stick-meta":"","astra-migrate-meta-layouts":"default","ast-page-background-enabled":"default","ast-page-background-meta":{"desktop":{"background-color":"var(--ast-global-color-4)","background-image":"","background-repeat":"repeat","background-position":"center center","background-size":"auto","background-attachment":"scroll","background-type":"","background-media":"","overlay-type":"","overlay-color":"","overlay-opacity":"","overlay-gradient":""},"tablet":{"background-color":"","background-image":"","background-repeat":"repeat","background-position":"center center","background-size":"auto","background-attachment":"scroll","background-type":"","background-media":"","overlay-type":"","overlay-color":"","overlay-opacity":"","overlay-gradient":""},"mobile":{"background-color":"","background-image":"","background-repeat":"repeat","background-position":"center center","background-size":"auto","background-attachment":"scroll","background-type":"","background-media":"","overlay-type":"","overlay-color":"","overlay-opacity":"","overlay-gradient":""}},"ast-content-background-meta":{"desktop":{"background-color":"var(--ast-global-color-5)","background-image":"","background-repeat":"repeat","background-position":"center center","background-size":"auto","background-attachment":"scroll","background-type":"","background-media":"","overlay-type":"","overlay-color":"","overlay-opacity":"","overlay-gradient":""},"tablet":{"background-color":"var(--ast-global-color-5)","background-image":"","background-repeat":"repeat","background-position":"center center","background-size":"auto","background-attachment":"scroll","background-type":"","background-media":"","overlay-type":"","overlay-color":"","overlay-opacity":"","overlay-gradient":""},"mobile":{"background-color":"var(--ast-global-color-5)","background-image":"","background-repeat":"repeat","background-position":"center center","background-size":"auto","background-attachment":"scroll","background-type":"","background-media":"","overlay-type":"","overlay-color":"","overlay-opacity":"","overlay-gradient":""}}},"product_brand":[],"product_cat":[48,47,49,430,40],"product_tag":[1070,185,340,287,189,351,872,787,840,280,1071,262],"class_list":{"0":"post-5860","1":"product","2":"type-product","3":"status-publish","4":"has-post-thumbnail","6":"product_cat-casual","7":"product_cat-classic","8":"product_cat-loafer","9":"product_cat-men","10":"product_cat-mens-shoes","11":"product_tag-brown-derbies","12":"product_tag-calf-leather-shoes","13":"product_tag-comfortable-mens-footwear","14":"product_tag-eva-sole-shoes","15":"product_tag-goat-leather-lining","16":"product_tag-leather-footwear","17":"product_tag-mens-brown-leather-derby-shoes","18":"product_tag-premium-mens-shoes","19":"product_tag-sizes-39-45","20":"product_tag-smart-casual-shoes","21":"product_tag-stylish-mens-derbies","22":"product_tag-wholesale-mens-shoes","23":"desktop-align-center","24":"tablet-align-center","25":"mobile-align-center","27":"first","28":"instock","29":"shipping-taxable","30":"purchasable","31":"product-type-variable","32":"has-default-attributes"},"acf":[],"uagb_featured_image_src":{"full":["https:\/\/turkishtrade.co\/wp-content\/uploads\/2026\/01\/2400EJOMN00359-DARK-BROWN-Z_7630-5-USD.png",453,250,false],"thumbnail":["https:\/\/turkishtrade.co\/wp-content\/uploads\/2026\/01\/2400EJOMN00359-DARK-BROWN-Z_7630-5-USD-150x150.png",150,150,true],"medium":["https:\/\/turkishtrade.co\/wp-content\/uploads\/2026\/01\/2400EJOMN00359-DARK-BROWN-Z_7630-5-USD-300x166.png",300,166,true],"medium_large":["https:\/\/turkishtrade.co\/wp-content\/uploads\/2026\/01\/2400EJOMN00359-DARK-BROWN-Z_7630-5-USD.png",453,250,false],"large":["https:\/\/turkishtrade.co\/wp-content\/uploads\/2026\/01\/2400EJOMN00359-DARK-BROWN-Z_7630-5-USD.png",453,250,false],"1536x1536":["https:\/\/turkishtrade.co\/wp-content\/uploads\/2026\/01\/2400EJOMN00359-DARK-BROWN-Z_7630-5-USD.png",453,250,false],"2048x2048":["https:\/\/turkishtrade.co\/wp-content\/uploads\/2026\/01\/2400EJOMN00359-DARK-BROWN-Z_7630-5-USD.png",453,250,false],"trp-custom-language-flag":["https:\/\/turkishtrade.co\/wp-content\/uploads\/2026\/01\/2400EJOMN00359-DARK-BROWN-Z_7630-5-USD-18x10.png",18,10,true],"woocommerce_thumbnail":["https:\/\/turkishtrade.co\/wp-content\/uploads\/2026\/01\/2400EJOMN00359-DARK-BROWN-Z_7630-5-USD-400x250.png",400,250,true],"woocommerce_single":["https:\/\/turkishtrade.co\/wp-content\/uploads\/2026\/01\/2400EJOMN00359-DARK-BROWN-Z_7630-5-USD.png",453,250,false],"woocommerce_gallery_thumbnail":["https:\/\/turkishtrade.co\/wp-content\/uploads\/2026\/01\/2400EJOMN00359-DARK-BROWN-Z_7630-5-USD-100x100.png",100,100,true]},"uagb_author_info":{"display_name":"yaser olabi","author_link":"https:\/\/turkishtrade.co\/es\/author\/"},"uagb_comment_info":0,"uagb_excerpt":"Crafted from premium calf leather exterior and soft goat leather interior. Features a lightweight and durable EVA sole for all-day comfort. Available in a comprehensive range of sizes from 39 to 45. Classic brown derby design with a modern, thick sole for enhanced style and comfort. Minimum order quantity: 8 pairs, perfect for retailers and&hellip;","_links":{"self":[{"href":"https:\/\/turkishtrade.co\/es\/wp-json\/wp\/v2\/product\/5860","targetHints":{"allow":["GET"]}}],"collection":[{"href":"https:\/\/turkishtrade.co\/es\/wp-json\/wp\/v2\/product"}],"about":[{"href":"https:\/\/turkishtrade.co\/es\/wp-json\/wp\/v2\/types\/product"}],"wp:featuredmedia":[{"embeddable":true,"href":"https:\/\/turkishtrade.co\/es\/wp-json\/wp\/v2\/media\/3918"}],"wp:attachment":[{"href":"https:\/\/turkishtrade.co\/es\/wp-json\/wp\/v2\/media?parent=5860"}],"wp:term":[{"taxonomy":"product_brand","embeddable":true,"href":"https:\/\/turkishtrade.co\/es\/wp-json\/wp\/v2\/product_brand?post=5860"},{"taxonomy":"product_cat","embeddable":true,"href":"https:\/\/turkishtrade.co\/es\/wp-json\/wp\/v2\/product_cat?post=5860"},{"taxonomy":"product_tag","embeddable":true,"href":"https:\/\/turkishtrade.co\/es\/wp-json\/wp\/v2\/product_tag?post=5860"}],"curies":[{"name":"wp","href":"https:\/\/api.w.org\/{rel}","templated":true}]}}