{"id":5848,"date":"2026-01-14T13:24:08","date_gmt":"2026-01-14T13:24:08","guid":{"rendered":"https:\/\/turkishtrade.co\/product\/men-s-leather-derby-shoes-4\/"},"modified":"2026-04-09T19:22:16","modified_gmt":"2026-04-09T19:22:16","slug":"mens-leather-derby-shoes-12","status":"publish","type":"product","link":"https:\/\/turkishtrade.co\/es\/shop\/mens-leather-derby-shoes-12\/","title":{"rendered":"Zapatos derby de plataforma de piel azul marino para hombre de primera calidad"},"content":{"rendered":"<p><strong>Zapatos Derby de piel para hombre<\/strong><\/p>\n<p>Descubra la combinaci\u00f3n perfecta de estilo cl\u00e1sico y confort moderno con nuestra gama Premium. <strong>zapatos Derby de piel para hombre<\/strong>. Dise\u00f1ados para las personas exigentes que valoran tanto la elegancia como el uso diario, estos exquisitos zapatos son un testimonio de artesan\u00eda superior y materiales de lujo. Tanto si te diriges a un brunch informal como a un evento de oficina elegante e informal, estos... <strong>zapatos Derby de piel para hombre<\/strong> realzar\u00e1n tu look sin esfuerzo, para que salgas a la calle con confianza.<\/p>\n<p><h3>Calidad y confort incomparables<\/h3>\n<\/p>\n<p>Fabricados con un compromiso de calidad sin concesiones, el exterior de estos impresionantes <strong>zapatos Derby de piel para hombre<\/strong> incorpora aut\u00e9ntica piel de becerro. Esta piel de primera calidad no s\u00f3lo proporciona una est\u00e9tica sofisticada, sino que tambi\u00e9n ofrece una durabilidad excepcional y un bello acabado que mejora con el paso del tiempo. El cuidado dise\u00f1o se extiende al interior, donde un forro de piel de cabra suave y flexible acuna tus pies, proporcionando transpirabilidad y un nivel de confort inigualable durante todo el d\u00eda.<\/p>\n<p>Di adi\u00f3s a la incomodidad y hola a un par de zapatos que te encantar\u00e1 llevar.<\/p>\n<p><h3>Dise\u00f1o moderno y atractivo cl\u00e1sico<\/h3>\n<\/p>\n<p>No son unos zapatos cualquiera, son toda una declaraci\u00f3n de intenciones. El cl\u00e1sico estilo Derby con cordones se reinventa con un toque contempor\u00e1neo, con una suela de EVA ligera pero robusta. Esta innovadora suela no s\u00f3lo a\u00f1ade un toque de modernidad, sino que tambi\u00e9n proporciona una excelente amortiguaci\u00f3n y flexibilidad, haciendo que cada paso sea un placer.<\/p>\n<p>El sutil dise\u00f1o de plataforma, combinado con una c\u00f3moda altura de tac\u00f3n de 1 a 3 cm, ofrece una postura segura sin sacrificar la elegancia informal de estas <strong>zapatos Derby de piel para hombre<\/strong> son conocidos. Las costuras detalladas en la puntera a\u00f1aden un car\u00e1cter distintivo, estableciendo estos <strong>zapatos Derby de piel para hombre<\/strong> del resto. El tono azul marino intenso garantiza versatilidad y complementa una amplia gama de atuendos, por lo que son ideales para cualquier ocasi\u00f3n.<\/p>\n<p><h3>Ajuste perfecto para todo caballero<\/h3>\n<\/p>\n<p>Somos conscientes de la importancia de un ajuste perfecto. Por eso nuestros <strong>zapatos Derby de piel para hombre<\/strong> est\u00e1n disponibles en una amplia gama de tallas, de la 39 a la 45, que se adaptan a distintos tama\u00f1os de pie. Cada par est\u00e1 meticulosamente fabricado para ofrecer un ajuste ce\u00f1ido pero c\u00f3modo, permitiendo un movimiento natural y reduciendo la fatiga del pie.<\/p>\n<p>No son s\u00f3lo zapatos; son una inversi\u00f3n en tu comodidad y estilo, por lo que son esenciales. <strong>zapatos Derby de piel para hombre<\/strong> para cualquier armario moderno.<\/p>\n<p><h3>Pedidos al por mayor y entregas fiables<\/h3>\n<\/p>\n<p>Para los minoristas y las empresas, estas excepcionales <strong>zapatos Derby de piel para hombre<\/strong> est\u00e1n disponibles para su compra al por mayor con un pedido m\u00ednimo de 8 pares. Garantizamos un proceso \u00e1gil con un plazo de entrega de s\u00f3lo 12 d\u00edas, m\u00e1s gastos de env\u00edo, para que pueda abastecerse de este popular estilo de forma eficaz. Equipe a su clientela con los mejores <strong>zapatos Derby de piel para hombre<\/strong> del mercado, combinando tradici\u00f3n y dise\u00f1o contempor\u00e1neo.<\/p>","protected":false},"excerpt":{"rendered":"<ul>\n<li><strong>Materiales de primera calidad:<\/strong> Confeccionadas con una parte superior de aut\u00e9ntica piel de ternero y un suave forro de piel de cabra para ofrecer el m\u00e1ximo confort y durabilidad.<\/li>\n<li><strong>Dise\u00f1o c\u00f3modo y moderno:<\/strong> Incorpora una ligera suela de plataforma de EVA para una amortiguaci\u00f3n superior y un tac\u00f3n cl\u00e1sico de 1-3 cm de altura, que combina estilo y practicidad.<\/li>\n<li><strong>Estilo distintivo:<\/strong> Elegante dise\u00f1o Derby con cordones en un sofisticado tono azul marino, acentuado con exclusivas costuras decorativas en la puntera, perfecto para un estilo vers\u00e1til.<\/li>\n<li><strong>Amplia gama de tama\u00f1os:<\/strong> Disponible en las tallas 39, 40, 41, 42, 43, 44 y 45 para garantizar un ajuste perfecto y c\u00f3modo para cada caballero.<\/li>\n<li><strong>Disponibilidad al por mayor:<\/strong> Pedido m\u00ednimo de 8 pares con un plazo de entrega de 12 d\u00edas m\u00e1s gastos de env\u00edo para compras al por mayor.<\/li>\n<\/ul>","protected":false},"featured_media":3912,"template":"","meta":{"_acf_changed":false,"_uag_custom_page_level_css":"","site-sidebar-layout":"default","site-content-layout":"","ast-site-content-layout":"default","site-content-style":"default","site-sidebar-style":"default","ast-global-header-display":"","ast-banner-title-visibility":"","ast-main-header-display":"","ast-hfb-above-header-display":"","ast-hfb-below-header-display":"","ast-hfb-mobile-header-display":"","site-post-title":"","ast-breadcrumbs-content":"","ast-featured-img":"","footer-sml-layout":"","ast-disable-related-posts":"","theme-transparent-header-meta":"","adv-header-id-meta":"","stick-header-meta":"","header-above-stick-meta":"","header-main-stick-meta":"","header-below-stick-meta":"","astra-migrate-meta-layouts":"default","ast-page-background-enabled":"default","ast-page-background-meta":{"desktop":{"background-color":"var(--ast-global-color-4)","background-image":"","background-repeat":"repeat","background-position":"center center","background-size":"auto","background-attachment":"scroll","background-type":"","background-media":"","overlay-type":"","overlay-color":"","overlay-opacity":"","overlay-gradient":""},"tablet":{"background-color":"","background-image":"","background-repeat":"repeat","background-position":"center center","background-size":"auto","background-attachment":"scroll","background-type":"","background-media":"","overlay-type":"","overlay-color":"","overlay-opacity":"","overlay-gradient":""},"mobile":{"background-color":"","background-image":"","background-repeat":"repeat","background-position":"center center","background-size":"auto","background-attachment":"scroll","background-type":"","background-media":"","overlay-type":"","overlay-color":"","overlay-opacity":"","overlay-gradient":""}},"ast-content-background-meta":{"desktop":{"background-color":"var(--ast-global-color-5)","background-image":"","background-repeat":"repeat","background-position":"center center","background-size":"auto","background-attachment":"scroll","background-type":"","background-media":"","overlay-type":"","overlay-color":"","overlay-opacity":"","overlay-gradient":""},"tablet":{"background-color":"var(--ast-global-color-5)","background-image":"","background-repeat":"repeat","background-position":"center center","background-size":"auto","background-attachment":"scroll","background-type":"","background-media":"","overlay-type":"","overlay-color":"","overlay-opacity":"","overlay-gradient":""},"mobile":{"background-color":"var(--ast-global-color-5)","background-image":"","background-repeat":"repeat","background-position":"center center","background-size":"auto","background-attachment":"scroll","background-type":"","background-media":"","overlay-type":"","overlay-color":"","overlay-opacity":"","overlay-gradient":""}}},"product_brand":[],"product_cat":[48,47,49,430,40],"product_tag":[202,449,222,212,438,959,437,227,198,479,400,680,281],"class_list":{"0":"post-5848","1":"product","2":"type-product","3":"status-publish","4":"has-post-thumbnail","6":"product_cat-casual","7":"product_cat-classic","8":"product_cat-loafer","9":"product_cat-men","10":"product_cat-mens-shoes","11":"product_tag-calf-leather","12":"product_tag-casual-shoes","13":"product_tag-comfortable-shoes","14":"product_tag-derby-shoes","15":"product_tag-eva-sole","16":"product_tag-formal-casual-shoes","17":"product_tag-goat-leather","18":"product_tag-leather-shoes","19":"product_tag-mens-fashion","20":"product_tag-navy-shoes","21":"product_tag-platform-shoes","22":"product_tag-stylish-shoes","23":"product_tag-wholesale-shoes","24":"desktop-align-center","25":"tablet-align-center","26":"mobile-align-center","28":"first","29":"instock","30":"shipping-taxable","31":"purchasable","32":"product-type-variable","33":"has-default-attributes"},"acf":[],"uagb_featured_image_src":{"full":["https:\/\/turkishtrade.co\/wp-content\/uploads\/2026\/01\/2400EJOMN00348-BLACK-ZL_201-4-USD.png",453,250,false],"thumbnail":["https:\/\/turkishtrade.co\/wp-content\/uploads\/2026\/01\/2400EJOMN00348-BLACK-ZL_201-4-USD-150x150.png",150,150,true],"medium":["https:\/\/turkishtrade.co\/wp-content\/uploads\/2026\/01\/2400EJOMN00348-BLACK-ZL_201-4-USD-300x166.png",300,166,true],"medium_large":["https:\/\/turkishtrade.co\/wp-content\/uploads\/2026\/01\/2400EJOMN00348-BLACK-ZL_201-4-USD.png",453,250,false],"large":["https:\/\/turkishtrade.co\/wp-content\/uploads\/2026\/01\/2400EJOMN00348-BLACK-ZL_201-4-USD.png",453,250,false],"1536x1536":["https:\/\/turkishtrade.co\/wp-content\/uploads\/2026\/01\/2400EJOMN00348-BLACK-ZL_201-4-USD.png",453,250,false],"2048x2048":["https:\/\/turkishtrade.co\/wp-content\/uploads\/2026\/01\/2400EJOMN00348-BLACK-ZL_201-4-USD.png",453,250,false],"trp-custom-language-flag":["https:\/\/turkishtrade.co\/wp-content\/uploads\/2026\/01\/2400EJOMN00348-BLACK-ZL_201-4-USD-18x10.png",18,10,true],"woocommerce_thumbnail":["https:\/\/turkishtrade.co\/wp-content\/uploads\/2026\/01\/2400EJOMN00348-BLACK-ZL_201-4-USD-400x250.png",400,250,true],"woocommerce_single":["https:\/\/turkishtrade.co\/wp-content\/uploads\/2026\/01\/2400EJOMN00348-BLACK-ZL_201-4-USD.png",453,250,false],"woocommerce_gallery_thumbnail":["https:\/\/turkishtrade.co\/wp-content\/uploads\/2026\/01\/2400EJOMN00348-BLACK-ZL_201-4-USD-100x100.png",100,100,true]},"uagb_author_info":{"display_name":"yaser olabi","author_link":"https:\/\/turkishtrade.co\/es\/author\/"},"uagb_comment_info":0,"uagb_excerpt":"Premium Materials: Crafted with a genuine calf leather upper and soft goat leather lining for ultimate comfort and durability. Comfortable &amp; Modern Design: Features a lightweight EVA platform sole for superior cushioning and a classic 1-3 cm heel height, blending style with practicality. Distinctive Style: Elegant lace-up Derby design in a sophisticated navy hue, accented&hellip;","_links":{"self":[{"href":"https:\/\/turkishtrade.co\/es\/wp-json\/wp\/v2\/product\/5848","targetHints":{"allow":["GET"]}}],"collection":[{"href":"https:\/\/turkishtrade.co\/es\/wp-json\/wp\/v2\/product"}],"about":[{"href":"https:\/\/turkishtrade.co\/es\/wp-json\/wp\/v2\/types\/product"}],"wp:featuredmedia":[{"embeddable":true,"href":"https:\/\/turkishtrade.co\/es\/wp-json\/wp\/v2\/media\/3912"}],"wp:attachment":[{"href":"https:\/\/turkishtrade.co\/es\/wp-json\/wp\/v2\/media?parent=5848"}],"wp:term":[{"taxonomy":"product_brand","embeddable":true,"href":"https:\/\/turkishtrade.co\/es\/wp-json\/wp\/v2\/product_brand?post=5848"},{"taxonomy":"product_cat","embeddable":true,"href":"https:\/\/turkishtrade.co\/es\/wp-json\/wp\/v2\/product_cat?post=5848"},{"taxonomy":"product_tag","embeddable":true,"href":"https:\/\/turkishtrade.co\/es\/wp-json\/wp\/v2\/product_tag?post=5848"}],"curies":[{"name":"wp","href":"https:\/\/api.w.org\/{rel}","templated":true}]}}