{"id":5839,"date":"2026-01-14T13:23:08","date_gmt":"2026-01-14T13:23:08","guid":{"rendered":"https:\/\/turkishtrade.co\/product\/mens-brown-leather-derby-shoes-5\/"},"modified":"2026-04-09T19:22:32","modified_gmt":"2026-04-09T19:22:32","slug":"mens-brown-leather-derby-shoes-5","status":"publish","type":"product","link":"https:\/\/turkishtrade.co\/es\/shop\/mens-brown-leather-derby-shoes-5\/","title":{"rendered":"Zapatos Derby de hombre en piel de becerro marr\u00f3n de primera calidad con suela de EVA"},"content":{"rendered":"<p><strong>Zapatos Derby de piel marr\u00f3n para hombre<\/strong><\/p>\n<p>Presentamos nuestra excepcional colecci\u00f3n de <strong>zapatos derby de cuero marr\u00f3n para hombre<\/strong>, Estos zapatos de alta calidad, meticulosamente elaborados para el caballero exigente que valora tanto el estilo como la comodidad. Estos zapatos <strong>zapatos derby de cuero marr\u00f3n<\/strong> est\u00e1n dise\u00f1ados para elevar su atuendo diario, pasando sin problemas de la ropa de oficina a la sofisticaci\u00f3n del fin de semana. Cada par es un testimonio de artesan\u00eda superior, utilizando s\u00f3lo los mejores materiales para garantizar una calidad duradera y una experiencia de uso sin igual.<\/p>\n<p>El tono marr\u00f3n intenso de estas <strong>zapatos derby de cuero marr\u00f3n para hombre<\/strong> ofrece una versatilidad incre\u00edble, lo que las convierte en una pieza fundamental para cualquier armario moderno. Descubra por qu\u00e9 estos <strong>zapatos derby de cuero marr\u00f3n para hombre<\/strong> son la elecci\u00f3n definitiva para los hombres sofisticados.<\/p>\n<p><h3>Estilo sofisticado y comodidad inigualable<\/h3>\n<\/p>\n<p>Experimente el lujoso tacto de la aut\u00e9ntica piel de becerro en el exterior, elegida por su durabilidad, elegancia natural y capacidad para desarrollar una hermosa p\u00e1tina con el paso del tiempo. El empeine sutilmente texturizado a\u00f1ade un car\u00e1cter distintivo, estableciendo estos <strong>zapatos derby de cuero marr\u00f3n para hombre<\/strong> de un calzado corriente. Como complemento al robusto exterior, el interior est\u00e1 forrado con flexible piel de cabra, famosa por su incre\u00edble suavidad y transpirabilidad.<\/p>\n<p>Esta cuidada combinaci\u00f3n de pieles de primera calidad garantiza el m\u00e1ximo confort, reduciendo la fricci\u00f3n y permitiendo que tus pies respiren durante todo el d\u00eda, tanto si te mueves por las calles de la ciudad como si asistes a una reuni\u00f3n importante. No son solo unos zapatos; son una inversi\u00f3n en comodidad y estilo duraderos, que encarnan la esencia del calzado de piel marr\u00f3n de calidad.<\/p>\n<p>Debajo, una suela de EVA ligera pero incre\u00edblemente resistente proporciona una amortiguaci\u00f3n avanzada y una excelente absorci\u00f3n de impactos. A diferencia de las suelas tradicionales m\u00e1s pesadas, el innovador material EVA ofrece una zancada moderna y c\u00f3moda sin comprometer la sujeci\u00f3n ni el agarre. Este innovador dise\u00f1o de suela garantiza que nuestras <strong>zapatos derby de cuero marr\u00f3n para hombre<\/strong> no s\u00f3lo son elegantes, sino tambi\u00e9n pr\u00e1cticas para un uso prolongado, ya que ofrecen una mezcla perfecta de est\u00e9tica cl\u00e1sica y tecnolog\u00eda de confort contempor\u00e1nea.<\/p>\n<p>La sutil altura del tac\u00f3n de 1 a 3 cm garantiza un ajuste estable y ergon\u00f3mico, mejorando la comodidad general de estas elegantes <strong>zapatos derby de cuero marr\u00f3n<\/strong>.<\/p>\n<p>Estos vers\u00e1tiles <strong>zapatos derby de cuero marr\u00f3n para hombre<\/strong> son la elecci\u00f3n perfecta para una gran variedad de ocasiones. Comb\u00ednalos con unos pantalones de sastrer\u00eda y una americana para un look business casual elegante, o con unos chinos y un elegante jersey de punto para un conjunto relajado pero refinado. Su dise\u00f1o atemporal garantiza que sigan siendo un b\u00e1sico temporada tras temporada, ofreciendo infinitas posibilidades de estilo.<\/p>\n<p>Nos enorgullecemos de la atenci\u00f3n al detalle en cada puntada y acabado, ofreciendo un producto que supera las expectativas tanto en est\u00e9tica como en rendimiento, lo que los convierte en el producto ideal. <strong>zapatos derby de cuero marr\u00f3n para hombre<\/strong> para cualquier persona preocupada por la moda.<\/p>\n<p>Disponibles en las tallas 39 a 45, estas <strong>zapatos derby de cuero marr\u00f3n para hombre<\/strong> se adaptan a una amplia gama de preferencias. Para nuestros clientes comerciales, ofrecemos opciones de compra al por mayor con un pedido m\u00ednimo de 8 pares, lo que garantiza que su inventario est\u00e9 bien surtido de calzado de alta calidad. Con un plazo de entrega de tan s\u00f3lo 12 d\u00edas m\u00e1s gastos de env\u00edo, podr\u00e1 proporcionar r\u00e1pidamente a sus clientes estos exquisitos <strong>zapatos derby de cuero marr\u00f3n para hombre<\/strong>.<\/p>\n<p>Invierta en calidad, comodidad y estilo sofisticado con nuestros incomparables zapatos derby de piel marr\u00f3n para hombre.<\/p>","protected":false},"excerpt":{"rendered":"<ul>\n<li>Fabricado a mano en piel de becerro de primera calidad para un estilo sofisticado.<\/li>\n<li>El lujoso forro interior de piel de cabra garantiza el m\u00e1ximo confort y transpirabilidad.<\/li>\n<li>Suela de EVA ligera y duradera que proporciona una amortiguaci\u00f3n y sujeci\u00f3n excepcionales.<\/li>\n<li>Altura de tac\u00f3n cl\u00e1sica de 1-3 cm para un ajuste c\u00f3modo y ergon\u00f3mico.<\/li>\n<li>Disponible en una amplia gama de tallas: 39, 40, 41, 42, 43, 44, 45.<\/li>\n<li>Cantidad m\u00ednima de pedido: 8 pares.<\/li>\n<li>Plazo de entrega: 12 d\u00edas m\u00e1s gastos de env\u00edo.<\/li>\n<\/ul>","protected":false},"featured_media":3909,"template":"","meta":{"_acf_changed":false,"_uag_custom_page_level_css":"","site-sidebar-layout":"default","site-content-layout":"","ast-site-content-layout":"default","site-content-style":"default","site-sidebar-style":"default","ast-global-header-display":"","ast-banner-title-visibility":"","ast-main-header-display":"","ast-hfb-above-header-display":"","ast-hfb-below-header-display":"","ast-hfb-mobile-header-display":"","site-post-title":"","ast-breadcrumbs-content":"","ast-featured-img":"","footer-sml-layout":"","ast-disable-related-posts":"","theme-transparent-header-meta":"","adv-header-id-meta":"","stick-header-meta":"","header-above-stick-meta":"","header-main-stick-meta":"","header-below-stick-meta":"","astra-migrate-meta-layouts":"default","ast-page-background-enabled":"default","ast-page-background-meta":{"desktop":{"background-color":"var(--ast-global-color-4)","background-image":"","background-repeat":"repeat","background-position":"center center","background-size":"auto","background-attachment":"scroll","background-type":"","background-media":"","overlay-type":"","overlay-color":"","overlay-opacity":"","overlay-gradient":""},"tablet":{"background-color":"","background-image":"","background-repeat":"repeat","background-position":"center center","background-size":"auto","background-attachment":"scroll","background-type":"","background-media":"","overlay-type":"","overlay-color":"","overlay-opacity":"","overlay-gradient":""},"mobile":{"background-color":"","background-image":"","background-repeat":"repeat","background-position":"center center","background-size":"auto","background-attachment":"scroll","background-type":"","background-media":"","overlay-type":"","overlay-color":"","overlay-opacity":"","overlay-gradient":""}},"ast-content-background-meta":{"desktop":{"background-color":"var(--ast-global-color-5)","background-image":"","background-repeat":"repeat","background-position":"center center","background-size":"auto","background-attachment":"scroll","background-type":"","background-media":"","overlay-type":"","overlay-color":"","overlay-opacity":"","overlay-gradient":""},"tablet":{"background-color":"var(--ast-global-color-5)","background-image":"","background-repeat":"repeat","background-position":"center center","background-size":"auto","background-attachment":"scroll","background-type":"","background-media":"","overlay-type":"","overlay-color":"","overlay-opacity":"","overlay-gradient":""},"mobile":{"background-color":"var(--ast-global-color-5)","background-image":"","background-repeat":"repeat","background-position":"center center","background-size":"auto","background-attachment":"scroll","background-type":"","background-media":"","overlay-type":"","overlay-color":"","overlay-opacity":"","overlay-gradient":""}}},"product_brand":[],"product_cat":[48,47,49,430,40],"product_tag":[486,200,202,449,222,212,284,438,487,251,437,198,250],"class_list":{"0":"post-5839","1":"product","2":"type-product","3":"status-publish","4":"has-post-thumbnail","6":"product_cat-casual","7":"product_cat-classic","8":"product_cat-loafer","9":"product_cat-men","10":"product_cat-mens-shoes","11":"product_tag-brown-leather","12":"product_tag-business-casual","13":"product_tag-calf-leather","14":"product_tag-casual-shoes","15":"product_tag-comfortable-shoes","16":"product_tag-derby-shoes","17":"product_tag-dress-shoes","18":"product_tag-eva-sole","19":"product_tag-footwear","20":"product_tag-formal-shoes","21":"product_tag-goat-leather","22":"product_tag-mens-fashion","23":"product_tag-premium-leather","24":"desktop-align-center","25":"tablet-align-center","26":"mobile-align-center","28":"first","29":"instock","30":"shipping-taxable","31":"purchasable","32":"product-type-variable","33":"has-default-attributes"},"acf":[],"uagb_featured_image_src":{"full":["https:\/\/turkishtrade.co\/wp-content\/uploads\/2026\/01\/2400EJOMN00343DARK-BLUE-X_624-4-USD.png",453,250,false],"thumbnail":["https:\/\/turkishtrade.co\/wp-content\/uploads\/2026\/01\/2400EJOMN00343DARK-BLUE-X_624-4-USD-150x150.png",150,150,true],"medium":["https:\/\/turkishtrade.co\/wp-content\/uploads\/2026\/01\/2400EJOMN00343DARK-BLUE-X_624-4-USD-300x166.png",300,166,true],"medium_large":["https:\/\/turkishtrade.co\/wp-content\/uploads\/2026\/01\/2400EJOMN00343DARK-BLUE-X_624-4-USD.png",453,250,false],"large":["https:\/\/turkishtrade.co\/wp-content\/uploads\/2026\/01\/2400EJOMN00343DARK-BLUE-X_624-4-USD.png",453,250,false],"1536x1536":["https:\/\/turkishtrade.co\/wp-content\/uploads\/2026\/01\/2400EJOMN00343DARK-BLUE-X_624-4-USD.png",453,250,false],"2048x2048":["https:\/\/turkishtrade.co\/wp-content\/uploads\/2026\/01\/2400EJOMN00343DARK-BLUE-X_624-4-USD.png",453,250,false],"trp-custom-language-flag":["https:\/\/turkishtrade.co\/wp-content\/uploads\/2026\/01\/2400EJOMN00343DARK-BLUE-X_624-4-USD-18x10.png",18,10,true],"woocommerce_thumbnail":["https:\/\/turkishtrade.co\/wp-content\/uploads\/2026\/01\/2400EJOMN00343DARK-BLUE-X_624-4-USD-400x250.png",400,250,true],"woocommerce_single":["https:\/\/turkishtrade.co\/wp-content\/uploads\/2026\/01\/2400EJOMN00343DARK-BLUE-X_624-4-USD.png",453,250,false],"woocommerce_gallery_thumbnail":["https:\/\/turkishtrade.co\/wp-content\/uploads\/2026\/01\/2400EJOMN00343DARK-BLUE-X_624-4-USD-100x100.png",100,100,true]},"uagb_author_info":{"display_name":"yaser olabi","author_link":"https:\/\/turkishtrade.co\/es\/author\/"},"uagb_comment_info":0,"uagb_excerpt":"Handcrafted from premium Calf Leather outer for sophisticated style. Luxurious Goat Leather inner lining ensures ultimate comfort and breathability. Lightweight and durable EVA Sole provides exceptional cushioning and support. Classic 1-3 cm heel height for a comfortable, ergonomic fit. Available in a wide range of sizes: 39, 40, 41, 42, 43, 44, 45. Minimum order&hellip;","_links":{"self":[{"href":"https:\/\/turkishtrade.co\/es\/wp-json\/wp\/v2\/product\/5839","targetHints":{"allow":["GET"]}}],"collection":[{"href":"https:\/\/turkishtrade.co\/es\/wp-json\/wp\/v2\/product"}],"about":[{"href":"https:\/\/turkishtrade.co\/es\/wp-json\/wp\/v2\/types\/product"}],"wp:featuredmedia":[{"embeddable":true,"href":"https:\/\/turkishtrade.co\/es\/wp-json\/wp\/v2\/media\/3909"}],"wp:attachment":[{"href":"https:\/\/turkishtrade.co\/es\/wp-json\/wp\/v2\/media?parent=5839"}],"wp:term":[{"taxonomy":"product_brand","embeddable":true,"href":"https:\/\/turkishtrade.co\/es\/wp-json\/wp\/v2\/product_brand?post=5839"},{"taxonomy":"product_cat","embeddable":true,"href":"https:\/\/turkishtrade.co\/es\/wp-json\/wp\/v2\/product_cat?post=5839"},{"taxonomy":"product_tag","embeddable":true,"href":"https:\/\/turkishtrade.co\/es\/wp-json\/wp\/v2\/product_tag?post=5839"}],"curies":[{"name":"wp","href":"https:\/\/api.w.org\/{rel}","templated":true}]}}