{"id":5833,"date":"2026-01-14T13:22:19","date_gmt":"2026-01-14T13:22:19","guid":{"rendered":"https:\/\/turkishtrade.co\/product\/men-patina-leather-derby-shoes\/"},"modified":"2026-04-09T19:22:44","modified_gmt":"2026-04-09T19:22:44","slug":"mens-patina-leather-derby-shoes","status":"publish","type":"product","link":"https:\/\/turkishtrade.co\/es\/shop\/mens-patina-leather-derby-shoes\/","title":{"rendered":"Zapatos Derby de hombre hechos a mano en piel patinada con suela de EVA"},"content":{"rendered":"<p><strong>Zapatos Derby de hombre en piel patinada<\/strong><\/p>\n<p>Sum\u00e9rjase en un estilo y un confort incomparables con nuestro exquisito <strong>Zapatos Derby de hombre en piel patinada<\/strong>. Dise\u00f1adas para el caballero exigente, estas lujosas <strong>zapatos Derby de piel patinada<\/strong> combinan la artesan\u00eda tradicional con la est\u00e9tica moderna. Cada par es un testimonio de calidad, con un acabado \u00fanico de p\u00e1tina aplicada a mano que garantiza que no haya dos pares exactamente iguales.<\/p>\n<p>No son s\u00f3lo zapatos; son una declaraci\u00f3n de sofisticada elegancia casual, perfectos para elevar cualquier conjunto. Adopte el aspecto distinguido de nuestros <strong>zapatos Derby de hombre en piel patinada<\/strong>.<\/p>\n<p><h3>Artesan\u00eda inigualable y materiales de primera calidad<\/h3>\n<\/p>\n<p>Nuestra colecci\u00f3n de <strong>zapatos Derby de hombre en piel patinada<\/strong> est\u00e1 fabricado meticulosamente con los mejores materiales para ofrecer lujo y durabilidad. El exterior est\u00e1 confeccionado en piel de ternero de primera calidad, famosa por su textura suave, su resistencia y su capacidad para absorber perfectamente nuestro acabado de p\u00e1tina artesanal. Este meticuloso proceso crea una profundidad rica y multitonal que confiere a estos impresionantes bolsos un aspecto \u00fanico. <strong>zapatos Derby de piel patinada<\/strong> aparte.<\/p>\n<p>Como complemento a su robusto exterior, el interior est\u00e1 forrado en suave y flexible piel de cabra, que proporciona una comodidad y transpirabilidad excepcionales durante todo el d\u00eda. Experimenta la diferencia que marca la piel aut\u00e9ntica de alta calidad a cada paso con estas excepcionales <strong>Zapatos derby para hombre<\/strong>.<\/p>\n<p><h3>Dise\u00f1ado para ofrecer comodidad y versatilidad<\/h3>\n<\/p>\n<p>La comodidad es primordial en nuestra filosof\u00eda de dise\u00f1o. Estos <strong>zapatos Derby de hombre en piel patinada<\/strong> cuentan con una suela de EVA ligera pero incre\u00edblemente duradera. Esta avanzada tecnolog\u00eda de suela proporciona una amortiguaci\u00f3n y flexibilidad superiores, por lo que son ideales para pasar largos d\u00edas de pie, ya sea recorriendo las calles de la ciudad o asistiendo a reuniones de negocios informales.<\/p>\n<p>La cl\u00e1sica silueta Derby, conocida por su sistema de cordones abiertos, ofrece un atractivo atemporal que combina sin esfuerzo con una amplia gama de atuendos, desde pantalones entallados hasta elegantes vaqueros. El llamativo acabado patinado a\u00f1ade un toque de individualidad, haciendo que estos vers\u00e1tiles <strong>zapatos Derby de hombre en piel patinada<\/strong> una elecci\u00f3n inteligente para cualquier ocasi\u00f3n.<\/p>\n<p><h3>Oportunidad de venta al por mayor para minoristas<\/h3>\n<\/p>\n<p>Para los minoristas que buscan ofrecer a sus clientes calzado de primera calidad, nuestro <strong>Zapatos Derby de hombre en piel patinada<\/strong> est\u00e1n disponibles para su compra al por mayor. Con un pedido m\u00ednimo de s\u00f3lo 8 pares, podr\u00e1 almacenar f\u00e1cilmente estos codiciados art\u00edculos. Garantizamos un plazo de entrega r\u00e1pido de aproximadamente 12 d\u00edas m\u00e1s gastos de env\u00edo, lo que le permitir\u00e1 renovar su inventario r\u00e1pidamente.<\/p>\n<p>Las tallas van de la UE 39 a la 45, lo que permite satisfacer a una amplia clientela. Ofrezca a su clientela la mezcla de lujo, comodidad y estilo distintivo que s\u00f3lo nuestros productos artesanales pueden ofrecer. <strong>zapatos Derby de hombre en piel patinada<\/strong> puede proporcionar.<\/p>","protected":false},"excerpt":{"rendered":"<ul>\n<li><strong>Pedido m\u00ednimo:<\/strong> Disponible para venta al por mayor, pedido m\u00ednimo de 8 pares.<\/li>\n<li><strong>Artesan\u00eda:<\/strong> Elaborado artesanalmente por expertos con un efecto de p\u00e1tina \u00fanico acabado a mano.<\/li>\n<li><strong>Materiales de primera calidad:<\/strong> Lujoso empeine de piel de becerro y suave forro de piel de cabra.<\/li>\n<li><strong>Comodidad y durabilidad:<\/strong> Suela de EVA ligera y flexible para una mayor comodidad durante todo el d\u00eda.<\/li>\n<li><strong>Estilo:<\/strong> Vers\u00e1tiles zapatos Derby para hombre, perfectos para vestir elegante e informal.<\/li>\n<li><strong>Tallas:<\/strong> Se ofrece en una amplia gama de UE 39 a 45.<\/li>\n<\/ul>","protected":false},"featured_media":3905,"template":"","meta":{"_acf_changed":false,"_uag_custom_page_level_css":"","site-sidebar-layout":"default","site-content-layout":"","ast-site-content-layout":"default","site-content-style":"default","site-sidebar-style":"default","ast-global-header-display":"","ast-banner-title-visibility":"","ast-main-header-display":"","ast-hfb-above-header-display":"","ast-hfb-below-header-display":"","ast-hfb-mobile-header-display":"","site-post-title":"","ast-breadcrumbs-content":"","ast-featured-img":"","footer-sml-layout":"","ast-disable-related-posts":"","theme-transparent-header-meta":"","adv-header-id-meta":"","stick-header-meta":"","header-above-stick-meta":"","header-main-stick-meta":"","header-below-stick-meta":"","astra-migrate-meta-layouts":"default","ast-page-background-enabled":"default","ast-page-background-meta":{"desktop":{"background-color":"var(--ast-global-color-4)","background-image":"","background-repeat":"repeat","background-position":"center center","background-size":"auto","background-attachment":"scroll","background-type":"","background-media":"","overlay-type":"","overlay-color":"","overlay-opacity":"","overlay-gradient":""},"tablet":{"background-color":"","background-image":"","background-repeat":"repeat","background-position":"center center","background-size":"auto","background-attachment":"scroll","background-type":"","background-media":"","overlay-type":"","overlay-color":"","overlay-opacity":"","overlay-gradient":""},"mobile":{"background-color":"","background-image":"","background-repeat":"repeat","background-position":"center center","background-size":"auto","background-attachment":"scroll","background-type":"","background-media":"","overlay-type":"","overlay-color":"","overlay-opacity":"","overlay-gradient":""}},"ast-content-background-meta":{"desktop":{"background-color":"var(--ast-global-color-5)","background-image":"","background-repeat":"repeat","background-position":"center center","background-size":"auto","background-attachment":"scroll","background-type":"","background-media":"","overlay-type":"","overlay-color":"","overlay-opacity":"","overlay-gradient":""},"tablet":{"background-color":"var(--ast-global-color-5)","background-image":"","background-repeat":"repeat","background-position":"center center","background-size":"auto","background-attachment":"scroll","background-type":"","background-media":"","overlay-type":"","overlay-color":"","overlay-opacity":"","overlay-gradient":""},"mobile":{"background-color":"var(--ast-global-color-5)","background-image":"","background-repeat":"repeat","background-position":"center center","background-size":"auto","background-attachment":"scroll","background-type":"","background-media":"","overlay-type":"","overlay-color":"","overlay-opacity":"","overlay-gradient":""}}},"product_brand":[],"product_cat":[48,47,49,430,40],"product_tag":[322,292,185,248,756,438,189,450,310,1064,280,281],"class_list":{"0":"post-5833","1":"product","2":"type-product","3":"status-publish","4":"has-post-thumbnail","6":"product_cat-casual","7":"product_cat-classic","8":"product_cat-loafer","9":"product_cat-men","10":"product_cat-mens-shoes","11":"product_tag-blue-leather-shoes","12":"product_tag-brown-leather-shoes","13":"product_tag-calf-leather-shoes","14":"product_tag-casual-leather-shoes","15":"product_tag-european-sizes","16":"product_tag-eva-sole","17":"product_tag-goat-leather-lining","18":"product_tag-handcrafted-shoes","19":"product_tag-mens-derby-shoes","20":"product_tag-patina-leather-shoes","21":"product_tag-smart-casual-shoes","22":"product_tag-wholesale-shoes","23":"desktop-align-center","24":"tablet-align-center","25":"mobile-align-center","27":"first","28":"instock","29":"shipping-taxable","30":"purchasable","31":"product-type-variable","32":"has-default-attributes"},"acf":[],"uagb_featured_image_src":{"full":["https:\/\/turkishtrade.co\/wp-content\/uploads\/2026\/01\/2400EJOMN00309-DARK-BLUE-X_7751-4-USD.png",453,250,false],"thumbnail":["https:\/\/turkishtrade.co\/wp-content\/uploads\/2026\/01\/2400EJOMN00309-DARK-BLUE-X_7751-4-USD-150x150.png",150,150,true],"medium":["https:\/\/turkishtrade.co\/wp-content\/uploads\/2026\/01\/2400EJOMN00309-DARK-BLUE-X_7751-4-USD-300x166.png",300,166,true],"medium_large":["https:\/\/turkishtrade.co\/wp-content\/uploads\/2026\/01\/2400EJOMN00309-DARK-BLUE-X_7751-4-USD.png",453,250,false],"large":["https:\/\/turkishtrade.co\/wp-content\/uploads\/2026\/01\/2400EJOMN00309-DARK-BLUE-X_7751-4-USD.png",453,250,false],"1536x1536":["https:\/\/turkishtrade.co\/wp-content\/uploads\/2026\/01\/2400EJOMN00309-DARK-BLUE-X_7751-4-USD.png",453,250,false],"2048x2048":["https:\/\/turkishtrade.co\/wp-content\/uploads\/2026\/01\/2400EJOMN00309-DARK-BLUE-X_7751-4-USD.png",453,250,false],"trp-custom-language-flag":["https:\/\/turkishtrade.co\/wp-content\/uploads\/2026\/01\/2400EJOMN00309-DARK-BLUE-X_7751-4-USD-18x10.png",18,10,true],"woocommerce_thumbnail":["https:\/\/turkishtrade.co\/wp-content\/uploads\/2026\/01\/2400EJOMN00309-DARK-BLUE-X_7751-4-USD-400x250.png",400,250,true],"woocommerce_single":["https:\/\/turkishtrade.co\/wp-content\/uploads\/2026\/01\/2400EJOMN00309-DARK-BLUE-X_7751-4-USD.png",453,250,false],"woocommerce_gallery_thumbnail":["https:\/\/turkishtrade.co\/wp-content\/uploads\/2026\/01\/2400EJOMN00309-DARK-BLUE-X_7751-4-USD-100x100.png",100,100,true]},"uagb_author_info":{"display_name":"yaser olabi","author_link":"https:\/\/turkishtrade.co\/es\/author\/"},"uagb_comment_info":0,"uagb_excerpt":"Minimum Order: Available for wholesale, minimum order of 8 pairs. Craftsmanship: Expertly handcrafted with a unique hand-finished patina effect. Premium Materials: Luxurious calf leather upper and soft goat leather lining. Comfort &amp; Durability: Lightweight and flexible EVA sole for all-day comfort. Style: Versatile men's Derby shoes, perfect for smart-casual and business casual wear. Sizes: Offered&hellip;","_links":{"self":[{"href":"https:\/\/turkishtrade.co\/es\/wp-json\/wp\/v2\/product\/5833","targetHints":{"allow":["GET"]}}],"collection":[{"href":"https:\/\/turkishtrade.co\/es\/wp-json\/wp\/v2\/product"}],"about":[{"href":"https:\/\/turkishtrade.co\/es\/wp-json\/wp\/v2\/types\/product"}],"wp:featuredmedia":[{"embeddable":true,"href":"https:\/\/turkishtrade.co\/es\/wp-json\/wp\/v2\/media\/3905"}],"wp:attachment":[{"href":"https:\/\/turkishtrade.co\/es\/wp-json\/wp\/v2\/media?parent=5833"}],"wp:term":[{"taxonomy":"product_brand","embeddable":true,"href":"https:\/\/turkishtrade.co\/es\/wp-json\/wp\/v2\/product_brand?post=5833"},{"taxonomy":"product_cat","embeddable":true,"href":"https:\/\/turkishtrade.co\/es\/wp-json\/wp\/v2\/product_cat?post=5833"},{"taxonomy":"product_tag","embeddable":true,"href":"https:\/\/turkishtrade.co\/es\/wp-json\/wp\/v2\/product_tag?post=5833"}],"curies":[{"name":"wp","href":"https:\/\/api.w.org\/{rel}","templated":true}]}}