{"id":5829,"date":"2026-01-14T13:21:38","date_gmt":"2026-01-14T13:21:38","guid":{"rendered":"https:\/\/turkishtrade.co\/product\/mens-navy-perforated-shoes\/"},"modified":"2026-04-09T19:22:48","modified_gmt":"2026-04-09T19:22:48","slug":"mens-navy-perforated-shoes","status":"publish","type":"product","link":"https:\/\/turkishtrade.co\/es\/shop\/mens-navy-perforated-shoes\/","title":{"rendered":"Zapatos Derby Casual de Hombre en Piel Perforada Azul Marino"},"content":{"rendered":"<p><strong>Zapatos perforados azul marino para hombre<\/strong><\/p>\n<p>Eleve su colecci\u00f3n de calzado con nuestros exquisitos <strong>Zapatos perforados azul marino para hombre<\/strong>, dise\u00f1ados para el caballero moderno que valora tanto el estilo como la comodidad. Estos sofisticados zapatos derby son un testimonio de artesan\u00eda superior, que combina la est\u00e9tica cl\u00e1sica con detalles contempor\u00e1neos. Confeccionados en piel de ternero de primera calidad en el exterior, el intenso tono azul marino complementa el intrincado dise\u00f1o perforado, que ofrece transpirabilidad y un atractivo visual distintivo que los convierte en el modelo perfecto para cualquier ocasi\u00f3n. <strong>Zapatos perforados azul marino para hombre<\/strong> fuera de lo com\u00fan.<\/p>\n<p><h3>Comodidad y calidad inigualables<\/h3>\n<\/p>\n<p>Experimenta un confort inigualable a cada paso, gracias a la lujosa piel de cabra que forra el interior. Conocida por su excepcional suavidad y transpirabilidad, la piel de cabra garantiza que tus pies se mantengan c\u00f3modos y frescos durante todo el d\u00eda, haciendo que estas <strong>Zapatos perforados azul marino para hombre<\/strong> perfectas para un uso prolongado. La suela de EVA, ligera pero duradera, proporciona una excelente amortiguaci\u00f3n y sujeci\u00f3n, junto con una altura de tac\u00f3n cl\u00e1sica de 1-3 cm para una sutil elevaci\u00f3n sin comprometer la estabilidad.<\/p>\n<p>Esta meticulosa combinaci\u00f3n de materiales de alta calidad garantiza un zapato que no s\u00f3lo tiene un aspecto excepcional, sino que tambi\u00e9n tiene un tacto incre\u00edble, ofreciendo una comodidad y un estilo duraderos.<\/p>\n<p><h3>Estilo vers\u00e1til para cualquier ocasi\u00f3n<\/h3>\n<\/p>\n<p>Nuestra <strong>Zapatos perforados azul marino para hombre<\/strong> son incre\u00edblemente vers\u00e1tiles y se adaptan a la perfecci\u00f3n tanto a la oficina como a las salidas relajadas de fin de semana. Comb\u00ednalos con un pantal\u00f3n de sastrer\u00eda para un look business-casual elegante, o con unos chinos o unos vaqueros de primera calidad para un conjunto chic sin esfuerzo. La atemporal silueta derby, combinada con el moderno dise\u00f1o perforado, garantiza que estos zapatos sean un b\u00e1sico en el armario de cualquier hombre preocupado por la moda.<\/p>\n<p>Ofrecemos una amplia gama de tallas, desde la 39 hasta la 45, para que cada cliente exigente pueda encontrar la talla perfecta de estos elegantes productos. <strong>Zapatos perforados azul marino para hombre<\/strong>.<\/p>\n<p><h3>Oportunidad de venta al por mayor para las empresas<\/h3>\n<\/p>\n<p>Para los minoristas y las empresas que buscan ofrecer calzado de alta calidad y de gran demanda, estos <strong>Zapatos perforados azul marino para hombre<\/strong> est\u00e1n disponibles para su compra al por mayor. Con una c\u00f3moda cantidad m\u00ednima de pedido de s\u00f3lo 8 pares, podr\u00e1 abastecerse f\u00e1cilmente de este popular estilo y satisfacer la demanda de los clientes. Garantizamos un proceso r\u00e1pido y eficaz, con un plazo de entrega de 12 d\u00edas m\u00e1s el tiempo de env\u00edo est\u00e1ndar.<\/p>\n<p>A\u00f1ada estos <strong>Zapatos perforados azul marino para hombre<\/strong> a su inventario y proporcione a sus clientes una mezcla de lujo, comodidad y estilo duradero que apreciar\u00e1n de verdad.<\/p>","protected":false},"excerpt":{"rendered":"<ul>\n<li>Elegante exterior de piel de becerro azul marino con elegante dise\u00f1o perforado<\/li>\n<li>Interior de piel de cabra suave y transpirable para una mayor comodidad durante todo el d\u00eda<\/li>\n<li>Suela ligera de EVA que ofrece durabilidad y un tac\u00f3n cl\u00e1sico de 1-3 cm de altura<\/li>\n<li>Calzado vers\u00e1til, ideal para ropa informal y elegante-casual<\/li>\n<li>Disponible en una amplia gama de tallas: 39, 40, 41, 42, 43, 44, 45<\/li>\n<li><strong>Detalles del pedido al por mayor: Pedido m\u00ednimo de 8 pares. Entrega normalmente en 12 d\u00edas + gastos de env\u00edo.<\/strong><\/li>\n<\/ul>","protected":false},"featured_media":3902,"template":"","meta":{"_acf_changed":false,"_uag_custom_page_level_css":"","site-sidebar-layout":"default","site-content-layout":"","ast-site-content-layout":"default","site-content-style":"default","site-sidebar-style":"default","ast-global-header-display":"","ast-banner-title-visibility":"","ast-main-header-display":"","ast-hfb-above-header-display":"","ast-hfb-below-header-display":"","ast-hfb-mobile-header-display":"","site-post-title":"","ast-breadcrumbs-content":"","ast-featured-img":"","footer-sml-layout":"","ast-disable-related-posts":"","theme-transparent-header-meta":"","adv-header-id-meta":"","stick-header-meta":"","header-above-stick-meta":"","header-main-stick-meta":"","header-below-stick-meta":"","astra-migrate-meta-layouts":"default","ast-page-background-enabled":"default","ast-page-background-meta":{"desktop":{"background-color":"var(--ast-global-color-4)","background-image":"","background-repeat":"repeat","background-position":"center center","background-size":"auto","background-attachment":"scroll","background-type":"","background-media":"","overlay-type":"","overlay-color":"","overlay-opacity":"","overlay-gradient":""},"tablet":{"background-color":"","background-image":"","background-repeat":"repeat","background-position":"center center","background-size":"auto","background-attachment":"scroll","background-type":"","background-media":"","overlay-type":"","overlay-color":"","overlay-opacity":"","overlay-gradient":""},"mobile":{"background-color":"","background-image":"","background-repeat":"repeat","background-position":"center center","background-size":"auto","background-attachment":"scroll","background-type":"","background-media":"","overlay-type":"","overlay-color":"","overlay-opacity":"","overlay-gradient":""}},"ast-content-background-meta":{"desktop":{"background-color":"var(--ast-global-color-5)","background-image":"","background-repeat":"repeat","background-position":"center center","background-size":"auto","background-attachment":"scroll","background-type":"","background-media":"","overlay-type":"","overlay-color":"","overlay-opacity":"","overlay-gradient":""},"tablet":{"background-color":"var(--ast-global-color-5)","background-image":"","background-repeat":"repeat","background-position":"center center","background-size":"auto","background-attachment":"scroll","background-type":"","background-media":"","overlay-type":"","overlay-color":"","overlay-opacity":"","overlay-gradient":""},"mobile":{"background-color":"var(--ast-global-color-5)","background-image":"","background-repeat":"repeat","background-position":"center center","background-size":"auto","background-attachment":"scroll","background-type":"","background-media":"","overlay-type":"","overlay-color":"","overlay-opacity":"","overlay-gradient":""}}},"product_brand":[],"product_cat":[48,47,49,430,40],"product_tag":[646,566,1062,272,438,556,1060,397,1061,380,1063,281],"class_list":{"0":"post-5829","1":"product","2":"type-product","3":"status-publish","4":"has-post-thumbnail","6":"product_cat-casual","7":"product_cat-classic","8":"product_cat-loafer","9":"product_cat-men","10":"product_cat-mens-shoes","11":"product_tag-blue-shoes","12":"product_tag-calfskin-shoes","13":"product_tag-casual-derby-shoes","14":"product_tag-comfort-shoes","15":"product_tag-eva-sole","16":"product_tag-goatskin-lining","17":"product_tag-mens-navy-perforated-shoes","18":"product_tag-navy-leather-shoes","19":"product_tag-perforated-derby","20":"product_tag-smart-casual-footwear","21":"product_tag-turkish-trade-shoes","22":"product_tag-wholesale-shoes","23":"desktop-align-center","24":"tablet-align-center","25":"mobile-align-center","27":"first","28":"instock","29":"shipping-taxable","30":"purchasable","31":"product-type-variable","32":"has-default-attributes"},"acf":[],"uagb_featured_image_src":{"full":["https:\/\/turkishtrade.co\/wp-content\/uploads\/2026\/01\/2400EJOMN00307-DARK-BLUE-X_7805-3USD.png",453,250,false],"thumbnail":["https:\/\/turkishtrade.co\/wp-content\/uploads\/2026\/01\/2400EJOMN00307-DARK-BLUE-X_7805-3USD-150x150.png",150,150,true],"medium":["https:\/\/turkishtrade.co\/wp-content\/uploads\/2026\/01\/2400EJOMN00307-DARK-BLUE-X_7805-3USD-300x166.png",300,166,true],"medium_large":["https:\/\/turkishtrade.co\/wp-content\/uploads\/2026\/01\/2400EJOMN00307-DARK-BLUE-X_7805-3USD.png",453,250,false],"large":["https:\/\/turkishtrade.co\/wp-content\/uploads\/2026\/01\/2400EJOMN00307-DARK-BLUE-X_7805-3USD.png",453,250,false],"1536x1536":["https:\/\/turkishtrade.co\/wp-content\/uploads\/2026\/01\/2400EJOMN00307-DARK-BLUE-X_7805-3USD.png",453,250,false],"2048x2048":["https:\/\/turkishtrade.co\/wp-content\/uploads\/2026\/01\/2400EJOMN00307-DARK-BLUE-X_7805-3USD.png",453,250,false],"trp-custom-language-flag":["https:\/\/turkishtrade.co\/wp-content\/uploads\/2026\/01\/2400EJOMN00307-DARK-BLUE-X_7805-3USD-18x10.png",18,10,true],"woocommerce_thumbnail":["https:\/\/turkishtrade.co\/wp-content\/uploads\/2026\/01\/2400EJOMN00307-DARK-BLUE-X_7805-3USD-400x250.png",400,250,true],"woocommerce_single":["https:\/\/turkishtrade.co\/wp-content\/uploads\/2026\/01\/2400EJOMN00307-DARK-BLUE-X_7805-3USD.png",453,250,false],"woocommerce_gallery_thumbnail":["https:\/\/turkishtrade.co\/wp-content\/uploads\/2026\/01\/2400EJOMN00307-DARK-BLUE-X_7805-3USD-100x100.png",100,100,true]},"uagb_author_info":{"display_name":"yaser olabi","author_link":"https:\/\/turkishtrade.co\/es\/author\/"},"uagb_comment_info":0,"uagb_excerpt":"Stylish navy calfskin leather exterior with elegant perforated design Soft and breathable goatskin leather interior for all-day comfort Lightweight EVA sole offering durability and a classic 1-3 cm heel height Versatile footwear, ideal for casual and smart-casual wear Available in a wide range of sizes: 39, 40, 41, 42, 43, 44, 45 Wholesale Order Details:&hellip;","_links":{"self":[{"href":"https:\/\/turkishtrade.co\/es\/wp-json\/wp\/v2\/product\/5829","targetHints":{"allow":["GET"]}}],"collection":[{"href":"https:\/\/turkishtrade.co\/es\/wp-json\/wp\/v2\/product"}],"about":[{"href":"https:\/\/turkishtrade.co\/es\/wp-json\/wp\/v2\/types\/product"}],"wp:featuredmedia":[{"embeddable":true,"href":"https:\/\/turkishtrade.co\/es\/wp-json\/wp\/v2\/media\/3902"}],"wp:attachment":[{"href":"https:\/\/turkishtrade.co\/es\/wp-json\/wp\/v2\/media?parent=5829"}],"wp:term":[{"taxonomy":"product_brand","embeddable":true,"href":"https:\/\/turkishtrade.co\/es\/wp-json\/wp\/v2\/product_brand?post=5829"},{"taxonomy":"product_cat","embeddable":true,"href":"https:\/\/turkishtrade.co\/es\/wp-json\/wp\/v2\/product_cat?post=5829"},{"taxonomy":"product_tag","embeddable":true,"href":"https:\/\/turkishtrade.co\/es\/wp-json\/wp\/v2\/product_tag?post=5829"}],"curies":[{"name":"wp","href":"https:\/\/api.w.org\/{rel}","templated":true}]}}