{"id":5826,"date":"2026-01-14T13:21:18","date_gmt":"2026-01-14T13:21:18","guid":{"rendered":"https:\/\/turkishtrade.co\/product\/men-s-calf-leather-derby-shoes-3\/"},"modified":"2026-04-09T19:22:54","modified_gmt":"2026-04-09T19:22:54","slug":"mens-calf-leather-derby-shoes-5","status":"publish","type":"product","link":"https:\/\/turkishtrade.co\/es\/shop\/mens-calf-leather-derby-shoes-5\/","title":{"rendered":"Zapatos Derby de hombre en piel de becerro de primera calidad con suela de EVA"},"content":{"rendered":"<p><strong>Zapatos Derby de piel de becerro para hombre<\/strong><\/p>\n<p>Sum\u00e9rjase en un sofisticado confort con nuestros zapatos Derby de piel de becerro para hombre de primera calidad, meticulosamente dise\u00f1ados para el caballero moderno. Estos excepcionales zapatos combinan el estilo cl\u00e1sico con la comodidad contempor\u00e1nea, lo que los convierte en imprescindibles para cualquier armario exigente. Elaborados con la mejor piel de ternero en la superficie exterior y forrados con una piel de cabra incre\u00edblemente suave en el interior, estos zapatos derby no s\u00f3lo prometen un tacto lujoso, sino tambi\u00e9n una comodidad transpirable durante todo el d\u00eda.<\/p>\n<p><h3>Artesan\u00eda inigualable y materiales de primera calidad<\/h3>\n<\/p>\n<p>Cada par de nuestros <b>Zapatos Derby de piel de becerro para hombre<\/b> es un testimonio de artesan\u00eda superior. El exterior es de piel de ternero de alta calidad, conocida por su textura suave, durabilidad y capacidad para desarrollar una hermosa p\u00e1tina con el tiempo. El intenso tono marr\u00f3n, que var\u00eda sutilmente para crear profundidad, hace que estos zapatos destaquen.<\/p>\n<p>En el interior, el forro de aut\u00e9ntica piel de cabra proporciona un entorno afelpado y c\u00f3modo para tus pies, eliminando la humedad y adapt\u00e1ndose a la forma de tu pie para una sensaci\u00f3n personalizada. Esta exquisita combinaci\u00f3n de materiales garantiza tanto la longevidad como una comodidad inigualable, estableciendo un nuevo est\u00e1ndar para el calzado de vestir informal.<\/p>\n<p><h3>Experimenta una comodidad inigualable con la suela de EVA<\/h3>\n<\/p>\n<p>A diferencia de los pesados zapatos de vestir tradicionales, nuestros <b>Zapatos Derby de piel de becerro para hombre<\/b> est\u00e1n pensadas para llevarlas todo el d\u00eda sin renunciar al estilo. Incorporan una suela ligera y muy flexible de EVA (etilvinilacetato). Este innovador material ofrece una excelente amortiguaci\u00f3n y absorci\u00f3n de impactos, reduciendo la fatiga y proporcionando una pisada el\u00e1stica.<\/p>\n<p>La sutil altura del tac\u00f3n, que oscila entre 1 y 3 cm, contribuye a una zancada equilibrada y c\u00f3moda, lo que hace que estos zapatos sean ideales para largos periodos de pie o caminando. Tanto si se desplaza por las calles de la ciudad como si asiste a un largo evento, estos zapatos ofrecen una comodidad excepcional sin sacrificar un \u00e1pice de elegancia.<\/p>\n<p><h3>Estilo vers\u00e1til para cualquier ocasi\u00f3n<\/h3>\n<\/p>\n<p>La atemporal silueta derby de estos zapatos, complementada con sutiles elementos de dise\u00f1o y sofisticados cordones, los hace incre\u00edblemente vers\u00e1tiles. Pasan sin problemas de un look de oficina elegante e informal a salidas de fin de semana o reuniones semiformales. Comb\u00ednalos con chinos y una americana para un look informal refinado, o con pantalones de sastrer\u00eda para un conjunto m\u00e1s refinado.<\/p>\n<p>El rico color marr\u00f3n ofrece versatilidad, complementando f\u00e1cilmente una amplia gama de colores de ropa y estilos, realmente haciendo estos <b>Zapatos Derby de piel de becerro para hombre<\/b> un complemento indispensable para su colecci\u00f3n. Disponible en las tallas europeas 39 a 45, lo que garantiza un ajuste perfecto para una amplia clientela.<\/p>\n<p><h3>Oportunidad y entrega al por mayor<\/h3>\n<\/p>\n<p>Para minoristas y empresas que buscan mejorar su colecci\u00f3n de calzado, estos zapatos derby de primera calidad est\u00e1n disponibles para su compra al por mayor. Requerimos un pedido m\u00ednimo de 8 pares, lo que garantiza que pueda abastecerse de este popular estilo. Con un plazo de entrega de aproximadamente 12 d\u00edas m\u00e1s gastos de env\u00edo, puede integrar r\u00e1pidamente estos zapatos de gran demanda en su inventario.<\/p>\n<p>P\u00f3ngase en contacto con nosotros para obtener precios detallados y para hablar de c\u00f3mo estos elegantes y c\u00f3modos zapatos de caballero pueden elevar su oferta de productos.<\/p>","protected":false},"excerpt":{"rendered":"<ul>\n<li><b>Materiales de primera calidad:<\/b> Confeccionadas con una parte superior de aut\u00e9ntica piel de ternero y un suave forro de piel de cabra para ofrecer el m\u00e1ximo confort y durabilidad.<\/li>\n<li><b>Confort ligero:<\/b> Incorpora una suela de EVA flexible y acolchada que garantiza la comodidad durante todo el d\u00eda con un sutil tac\u00f3n de 1-3 cm.<\/li>\n<li><b>Estilo vers\u00e1til:<\/b> Cl\u00e1sico dise\u00f1o derby adecuado tanto para ocasiones elegantes informales como semiformales, que realza cualquier atuendo.<\/li>\n<li><b>Tallas disponibles:<\/b> Tallas europeas 39, 40, 41, 42, 43, 44, 45 para adaptarse a una amplia gama de clientes.<\/li>\n<li><b>Oportunidad de venta al por mayor:<\/b> Pedido m\u00ednimo de 8 pares con precios competitivos disponibles previa solicitud.<\/li>\n<\/ul>","protected":false},"featured_media":3900,"template":"","meta":{"_acf_changed":false,"_uag_custom_page_level_css":"","site-sidebar-layout":"default","site-content-layout":"","ast-site-content-layout":"default","site-content-style":"default","site-sidebar-style":"default","ast-global-header-display":"","ast-banner-title-visibility":"","ast-main-header-display":"","ast-hfb-above-header-display":"","ast-hfb-below-header-display":"","ast-hfb-mobile-header-display":"","site-post-title":"","ast-breadcrumbs-content":"","ast-featured-img":"","footer-sml-layout":"","ast-disable-related-posts":"","theme-transparent-header-meta":"","adv-header-id-meta":"","stick-header-meta":"","header-above-stick-meta":"","header-main-stick-meta":"","header-below-stick-meta":"","astra-migrate-meta-layouts":"default","ast-page-background-enabled":"default","ast-page-background-meta":{"desktop":{"background-color":"var(--ast-global-color-4)","background-image":"","background-repeat":"repeat","background-position":"center center","background-size":"auto","background-attachment":"scroll","background-type":"","background-media":"","overlay-type":"","overlay-color":"","overlay-opacity":"","overlay-gradient":""},"tablet":{"background-color":"","background-image":"","background-repeat":"repeat","background-position":"center center","background-size":"auto","background-attachment":"scroll","background-type":"","background-media":"","overlay-type":"","overlay-color":"","overlay-opacity":"","overlay-gradient":""},"mobile":{"background-color":"","background-image":"","background-repeat":"repeat","background-position":"center center","background-size":"auto","background-attachment":"scroll","background-type":"","background-media":"","overlay-type":"","overlay-color":"","overlay-opacity":"","overlay-gradient":""}},"ast-content-background-meta":{"desktop":{"background-color":"var(--ast-global-color-5)","background-image":"","background-repeat":"repeat","background-position":"center center","background-size":"auto","background-attachment":"scroll","background-type":"","background-media":"","overlay-type":"","overlay-color":"","overlay-opacity":"","overlay-gradient":""},"tablet":{"background-color":"var(--ast-global-color-5)","background-image":"","background-repeat":"repeat","background-position":"center center","background-size":"auto","background-attachment":"scroll","background-type":"","background-media":"","overlay-type":"","overlay-color":"","overlay-opacity":"","overlay-gradient":""},"mobile":{"background-color":"var(--ast-global-color-5)","background-image":"","background-repeat":"repeat","background-position":"center center","background-size":"auto","background-attachment":"scroll","background-type":"","background-media":"","overlay-type":"","overlay-color":"","overlay-opacity":"","overlay-gradient":""}}},"product_brand":[],"product_cat":[48,47,49,430,40],"product_tag":[292,185,290,212,287,959,189,981,351,324,362,280,262],"class_list":{"0":"post-5826","1":"product","2":"type-product","3":"status-publish","4":"has-post-thumbnail","6":"product_cat-casual","7":"product_cat-classic","8":"product_cat-loafer","9":"product_cat-men","10":"product_cat-mens-shoes","11":"product_tag-brown-leather-shoes","12":"product_tag-calf-leather-shoes","13":"product_tag-comfortable-mens-shoes","14":"product_tag-derby-shoes","15":"product_tag-eva-sole-shoes","16":"product_tag-formal-casual-shoes","17":"product_tag-goat-leather-lining","18":"product_tag-leather-derby","19":"product_tag-leather-footwear","20":"product_tag-mens-dress-shoes","21":"product_tag-premium-footwear","22":"product_tag-smart-casual-shoes","23":"product_tag-wholesale-mens-shoes","24":"desktop-align-center","25":"tablet-align-center","26":"mobile-align-center","28":"first","29":"instock","30":"shipping-taxable","31":"purchasable","32":"product-type-variable","33":"has-default-attributes"},"acf":[],"uagb_featured_image_src":{"full":["https:\/\/turkishtrade.co\/wp-content\/uploads\/2026\/01\/2400EJOMN00302-DARK-BROWN-X_7751-4-USD.png",453,250,false],"thumbnail":["https:\/\/turkishtrade.co\/wp-content\/uploads\/2026\/01\/2400EJOMN00302-DARK-BROWN-X_7751-4-USD-150x150.png",150,150,true],"medium":["https:\/\/turkishtrade.co\/wp-content\/uploads\/2026\/01\/2400EJOMN00302-DARK-BROWN-X_7751-4-USD-300x166.png",300,166,true],"medium_large":["https:\/\/turkishtrade.co\/wp-content\/uploads\/2026\/01\/2400EJOMN00302-DARK-BROWN-X_7751-4-USD.png",453,250,false],"large":["https:\/\/turkishtrade.co\/wp-content\/uploads\/2026\/01\/2400EJOMN00302-DARK-BROWN-X_7751-4-USD.png",453,250,false],"1536x1536":["https:\/\/turkishtrade.co\/wp-content\/uploads\/2026\/01\/2400EJOMN00302-DARK-BROWN-X_7751-4-USD.png",453,250,false],"2048x2048":["https:\/\/turkishtrade.co\/wp-content\/uploads\/2026\/01\/2400EJOMN00302-DARK-BROWN-X_7751-4-USD.png",453,250,false],"trp-custom-language-flag":["https:\/\/turkishtrade.co\/wp-content\/uploads\/2026\/01\/2400EJOMN00302-DARK-BROWN-X_7751-4-USD-18x10.png",18,10,true],"woocommerce_thumbnail":["https:\/\/turkishtrade.co\/wp-content\/uploads\/2026\/01\/2400EJOMN00302-DARK-BROWN-X_7751-4-USD-400x250.png",400,250,true],"woocommerce_single":["https:\/\/turkishtrade.co\/wp-content\/uploads\/2026\/01\/2400EJOMN00302-DARK-BROWN-X_7751-4-USD.png",453,250,false],"woocommerce_gallery_thumbnail":["https:\/\/turkishtrade.co\/wp-content\/uploads\/2026\/01\/2400EJOMN00302-DARK-BROWN-X_7751-4-USD-100x100.png",100,100,true]},"uagb_author_info":{"display_name":"yaser olabi","author_link":"https:\/\/turkishtrade.co\/es\/author\/"},"uagb_comment_info":0,"uagb_excerpt":"Premium Materials: Crafted with genuine calf leather upper and soft goat leather lining for ultimate comfort and durability. Lightweight Comfort: Features a flexible and cushioned EVA sole, ensuring all-day wearability with a subtle 1-3 cm heel. Versatile Style: Classic derby design suitable for both smart casual and semi-formal occasions, enhancing any outfit. Available Sizes: European&hellip;","_links":{"self":[{"href":"https:\/\/turkishtrade.co\/es\/wp-json\/wp\/v2\/product\/5826","targetHints":{"allow":["GET"]}}],"collection":[{"href":"https:\/\/turkishtrade.co\/es\/wp-json\/wp\/v2\/product"}],"about":[{"href":"https:\/\/turkishtrade.co\/es\/wp-json\/wp\/v2\/types\/product"}],"wp:featuredmedia":[{"embeddable":true,"href":"https:\/\/turkishtrade.co\/es\/wp-json\/wp\/v2\/media\/3900"}],"wp:attachment":[{"href":"https:\/\/turkishtrade.co\/es\/wp-json\/wp\/v2\/media?parent=5826"}],"wp:term":[{"taxonomy":"product_brand","embeddable":true,"href":"https:\/\/turkishtrade.co\/es\/wp-json\/wp\/v2\/product_brand?post=5826"},{"taxonomy":"product_cat","embeddable":true,"href":"https:\/\/turkishtrade.co\/es\/wp-json\/wp\/v2\/product_cat?post=5826"},{"taxonomy":"product_tag","embeddable":true,"href":"https:\/\/turkishtrade.co\/es\/wp-json\/wp\/v2\/product_tag?post=5826"}],"curies":[{"name":"wp","href":"https:\/\/api.w.org\/{rel}","templated":true}]}}