{"id":5818,"date":"2026-01-14T13:19:48","date_gmt":"2026-01-14T13:19:48","guid":{"rendered":"https:\/\/turkishtrade.co\/product\/men-s-leather-derby-shoes\/"},"modified":"2026-04-09T19:23:07","modified_gmt":"2026-04-09T19:23:07","slug":"mens-leather-derby-shoes-13","status":"publish","type":"product","link":"https:\/\/turkishtrade.co\/es\/shop\/mens-leather-derby-shoes-13\/","title":{"rendered":"Zapatos Derby cl\u00e1sicos de piel de becerro negra con suela de EVA"},"content":{"rendered":"<p><strong>Zapatos Derby de piel para hombre<\/strong><\/p>\n<p>Entre en una elegancia atemporal y un confort inigualable con nuestro <b>Zapatos Derby de piel para hombre<\/b>. Confeccionadas por expertos para el caballero exigente, estas <b>zapatos derby de piel para hombre<\/b> combinan el estilo cl\u00e1sico con la funcionalidad moderna. Ya sea en un ajetreado d\u00eda de trabajo o disfrutando de un relajado fin de semana, nuestros <b>zapatos derby de piel para hombre<\/b> est\u00e1n dise\u00f1ados para proporcionar un confort superior y un atractivo sofisticado.<\/p>\n<p><h3>Artesan\u00eda sin igual y materiales de primera calidad<\/h3>\n<\/p>\n<p>Cada par de estos exquisitos <b>zapatos derby de piel para hombre<\/b> es un testimonio de artesan\u00eda de calidad. La superficie exterior est\u00e1 meticulosamente fabricada en piel de ternero de gran calidad y durabilidad, conocida por su textura suave y su resistencia duradera. Esta piel de becerro de primera calidad garantiza que su <b>zapatos derby de piel para hombre<\/b> no s\u00f3lo tienen un aspecto magn\u00edfico, sino que tambi\u00e9n soportan los rigores del uso diario, desarrollando una p\u00e1tina \u00fanica con el paso del tiempo.<\/p>\n<p>En el interior, tus pies estar\u00e1n envueltos en la lujosa suavidad del forro de aut\u00e9ntica piel de cabra, que ofrece una transpirabilidad y un confort excepcionales desde el momento en que te los calzas. Esta cuidada combinaci\u00f3n de materiales garantiza una experiencia c\u00f3moda y sin irritaciones, haciendo que estas <b>zapatos derby de piel para hombre<\/b> un placer llevarlo todo el d\u00eda.<\/p>\n<p><h3>Dise\u00f1ado para ofrecer comodidad y estilo durante todo el d\u00eda<\/h3>\n<\/p>\n<p>La comodidad es primordial en nuestra filosof\u00eda de dise\u00f1o. Estos <b>zapatos derby de piel para hombre<\/b> cuentan con una suela de EVA ligera pero robusta, que proporciona una excelente amortiguaci\u00f3n y absorci\u00f3n de impactos a cada paso. La altura del tac\u00f3n de 1-3 cm complementa a la perfecci\u00f3n la est\u00e9tica informal del mocas\u00edn cl\u00e1sico, ofreciendo una sutil elevaci\u00f3n sin comprometer la estabilidad.<\/p>\n<p>El dise\u00f1o ergon\u00f3mico favorece el movimiento natural del pie, haciendo que estas <b>zapatos derby de piel para hombre<\/b> ideales para largos periodos de pie o caminando. Su vers\u00e1til acabado en negro garantiza que combinen a la perfecci\u00f3n con todo tipo de atuendos, desde elegantes conjuntos informales de negocios hasta conjuntos m\u00e1s relajados para el fin de semana.<\/p>\n<p><h3>Oportunidades al por mayor y dimensionamiento<\/h3>\n<\/p>\n<p>Comprendemos las necesidades de nuestros socios comerciales. Estos elegantes <b>zapatos derby de piel para hombre<\/b> est\u00e1n disponibles para su compra al por mayor con un pedido m\u00ednimo de 8 pares. Ofrecemos una amplia gama de tallas, de la UE 39 a la 45, para que pueda atender a una amplia clientela.<\/p>\n<p>Nuestro eficaz proceso de entrega significa que su pedido se enviar\u00e1 en un plazo de 12 d\u00edas m\u00e1s el tiempo de env\u00edo, lo que permite reponer las existencias a tiempo. Invierta en estos <b>zapatos derby de piel para hombre<\/b> y ofrezca a sus clientes un producto que ejemplifica estilo, comodidad y durabilidad. Experimente la diferencia que marca la verdadera artesan\u00eda con un calzado dise\u00f1ado para impresionar y perdurar.<\/p>","protected":false},"excerpt":{"rendered":"<ul>\n<li>Parte superior de piel de becerro de primera calidad para una mayor durabilidad y estilo.<\/li>\n<li>El suave forro de piel de cabra garantiza un confort transpirable durante todo el d\u00eda.<\/li>\n<li>La suela ligera de EVA proporciona una excelente amortiguaci\u00f3n y absorci\u00f3n de impactos.<\/li>\n<li>Estilo Derby cl\u00e1sico con un c\u00f3modo tac\u00f3n de 1-3 cm de altura.<\/li>\n<li>Disponible en una amplia gama de tallas UE: 39, 40, 41, 42, 43, 44, 45.<\/li>\n<li>Oportunidad de venta al por mayor: Pedido m\u00ednimo de 8 pares.<\/li>\n<\/ul>","protected":false},"featured_media":3895,"template":"","meta":{"_acf_changed":false,"_uag_custom_page_level_css":"","site-sidebar-layout":"default","site-content-layout":"","ast-site-content-layout":"default","site-content-style":"default","site-sidebar-style":"default","ast-global-header-display":"","ast-banner-title-visibility":"","ast-main-header-display":"","ast-hfb-above-header-display":"","ast-hfb-below-header-display":"","ast-hfb-mobile-header-display":"","site-post-title":"","ast-breadcrumbs-content":"","ast-featured-img":"","footer-sml-layout":"","ast-disable-related-posts":"","theme-transparent-header-meta":"","adv-header-id-meta":"","stick-header-meta":"","header-above-stick-meta":"","header-main-stick-meta":"","header-below-stick-meta":"","astra-migrate-meta-layouts":"default","ast-page-background-enabled":"default","ast-page-background-meta":{"desktop":{"background-color":"var(--ast-global-color-4)","background-image":"","background-repeat":"repeat","background-position":"center center","background-size":"auto","background-attachment":"scroll","background-type":"","background-media":"","overlay-type":"","overlay-color":"","overlay-opacity":"","overlay-gradient":""},"tablet":{"background-color":"","background-image":"","background-repeat":"repeat","background-position":"center center","background-size":"auto","background-attachment":"scroll","background-type":"","background-media":"","overlay-type":"","overlay-color":"","overlay-opacity":"","overlay-gradient":""},"mobile":{"background-color":"","background-image":"","background-repeat":"repeat","background-position":"center center","background-size":"auto","background-attachment":"scroll","background-type":"","background-media":"","overlay-type":"","overlay-color":"","overlay-opacity":"","overlay-gradient":""}},"ast-content-background-meta":{"desktop":{"background-color":"var(--ast-global-color-5)","background-image":"","background-repeat":"repeat","background-position":"center center","background-size":"auto","background-attachment":"scroll","background-type":"","background-media":"","overlay-type":"","overlay-color":"","overlay-opacity":"","overlay-gradient":""},"tablet":{"background-color":"var(--ast-global-color-5)","background-image":"","background-repeat":"repeat","background-position":"center center","background-size":"auto","background-attachment":"scroll","background-type":"","background-media":"","overlay-type":"","overlay-color":"","overlay-opacity":"","overlay-gradient":""},"mobile":{"background-color":"var(--ast-global-color-5)","background-image":"","background-repeat":"repeat","background-position":"center center","background-size":"auto","background-attachment":"scroll","background-type":"","background-media":"","overlay-type":"","overlay-color":"","overlay-opacity":"","overlay-gradient":""}}},"product_brand":[],"product_cat":[48,47,49,430,40],"product_tag":[605,200,202,449,551,222,212,438,437,227,198,632,281],"class_list":{"0":"post-5818","1":"product","2":"type-product","3":"status-publish","4":"has-post-thumbnail","6":"product_cat-casual","7":"product_cat-classic","8":"product_cat-loafer","9":"product_cat-men","10":"product_cat-mens-shoes","11":"product_tag-black-shoes","12":"product_tag-business-casual","13":"product_tag-calf-leather","14":"product_tag-casual-shoes","15":"product_tag-classic-style","16":"product_tag-comfortable-shoes","17":"product_tag-derby-shoes","18":"product_tag-eva-sole","19":"product_tag-goat-leather","20":"product_tag-leather-shoes","21":"product_tag-mens-fashion","22":"product_tag-premium-leather-shoes","23":"product_tag-wholesale-shoes","24":"desktop-align-center","25":"tablet-align-center","26":"mobile-align-center","28":"first","29":"instock","30":"shipping-taxable","31":"purchasable","32":"product-type-variable","33":"has-default-attributes"},"acf":[],"uagb_featured_image_src":{"full":["https:\/\/turkishtrade.co\/wp-content\/uploads\/2026\/01\/2400EJOMN00296-BLACK-X_082_14-USD.png",453,250,false],"thumbnail":["https:\/\/turkishtrade.co\/wp-content\/uploads\/2026\/01\/2400EJOMN00296-BLACK-X_082_14-USD.png",150,83,false],"medium":["https:\/\/turkishtrade.co\/wp-content\/uploads\/2026\/01\/2400EJOMN00296-BLACK-X_082_14-USD.png",300,166,false],"medium_large":["https:\/\/turkishtrade.co\/wp-content\/uploads\/2026\/01\/2400EJOMN00296-BLACK-X_082_14-USD.png",453,250,false],"large":["https:\/\/turkishtrade.co\/wp-content\/uploads\/2026\/01\/2400EJOMN00296-BLACK-X_082_14-USD.png",453,250,false],"1536x1536":["https:\/\/turkishtrade.co\/wp-content\/uploads\/2026\/01\/2400EJOMN00296-BLACK-X_082_14-USD.png",453,250,false],"2048x2048":["https:\/\/turkishtrade.co\/wp-content\/uploads\/2026\/01\/2400EJOMN00296-BLACK-X_082_14-USD.png",453,250,false],"trp-custom-language-flag":["https:\/\/turkishtrade.co\/wp-content\/uploads\/2026\/01\/2400EJOMN00296-BLACK-X_082_14-USD.png",18,10,false],"woocommerce_thumbnail":["https:\/\/turkishtrade.co\/wp-content\/uploads\/2026\/01\/2400EJOMN00296-BLACK-X_082_14-USD-400x250.png",400,250,true],"woocommerce_single":["https:\/\/turkishtrade.co\/wp-content\/uploads\/2026\/01\/2400EJOMN00296-BLACK-X_082_14-USD.png",453,250,false],"woocommerce_gallery_thumbnail":["https:\/\/turkishtrade.co\/wp-content\/uploads\/2026\/01\/2400EJOMN00296-BLACK-X_082_14-USD-100x100.png",100,100,true]},"uagb_author_info":{"display_name":"yaser olabi","author_link":"https:\/\/turkishtrade.co\/es\/author\/"},"uagb_comment_info":0,"uagb_excerpt":"Premium Calf Leather Upper for superior durability and style. Soft Goat Leather Lining ensures breathable, all-day comfort. Lightweight EVA Sole provides excellent cushioning and shock absorption. Classic Derby style with a comfortable 1-3 cm heel height. Available in a wide range of EU Sizes: 39, 40, 41, 42, 43, 44, 45. Wholesale Opportunity: Minimum Order&hellip;","_links":{"self":[{"href":"https:\/\/turkishtrade.co\/es\/wp-json\/wp\/v2\/product\/5818","targetHints":{"allow":["GET"]}}],"collection":[{"href":"https:\/\/turkishtrade.co\/es\/wp-json\/wp\/v2\/product"}],"about":[{"href":"https:\/\/turkishtrade.co\/es\/wp-json\/wp\/v2\/types\/product"}],"wp:featuredmedia":[{"embeddable":true,"href":"https:\/\/turkishtrade.co\/es\/wp-json\/wp\/v2\/media\/3895"}],"wp:attachment":[{"href":"https:\/\/turkishtrade.co\/es\/wp-json\/wp\/v2\/media?parent=5818"}],"wp:term":[{"taxonomy":"product_brand","embeddable":true,"href":"https:\/\/turkishtrade.co\/es\/wp-json\/wp\/v2\/product_brand?post=5818"},{"taxonomy":"product_cat","embeddable":true,"href":"https:\/\/turkishtrade.co\/es\/wp-json\/wp\/v2\/product_cat?post=5818"},{"taxonomy":"product_tag","embeddable":true,"href":"https:\/\/turkishtrade.co\/es\/wp-json\/wp\/v2\/product_tag?post=5818"}],"curies":[{"name":"wp","href":"https:\/\/api.w.org\/{rel}","templated":true}]}}