{"id":5815,"date":"2026-01-14T13:19:24","date_gmt":"2026-01-14T13:19:24","guid":{"rendered":"https:\/\/turkishtrade.co\/product\/mens-leather-casual-shoes-2\/"},"modified":"2026-04-09T19:23:13","modified_gmt":"2026-04-09T19:23:13","slug":"mens-leather-casual-shoes-2","status":"publish","type":"product","link":"https:\/\/turkishtrade.co\/es\/shop\/mens-leather-casual-shoes-2\/","title":{"rendered":"Zapatos derby casuales de piel de primera calidad para hombre con suela de EVA"},"content":{"rendered":"<p><strong>Zapatos casual de piel para hombre<\/strong><\/p>\n<p>Ad\u00e9ntrese en un estilo y un confort incomparables con nuestra exquisita colecci\u00f3n de <strong>zapatos casual de cuero para hombre<\/strong>. Dise\u00f1ados para el caballero moderno que valora tanto la est\u00e9tica como la practicidad, estos zapatos son un complemento por excelencia para cualquier armario exigente. Nuestro <strong>zapatos casual de cuero para hombre<\/strong> no son s\u00f3lo calzado; son una declaraci\u00f3n de calidad y gusto sofisticado, perfectos para una amplia gama de ocasiones, desde reuniones informales de negocios hasta salidas de fin de semana.<\/p>\n<p><h3>Artesan\u00eda inigualable y materiales de primera calidad<\/h3>\n<\/p>\n<p>Cada par de estos excepcionales <strong>zapatos casual de cuero para hombre<\/strong> es un testimonio de artesan\u00eda superior. La superficie exterior est\u00e1 fabricada meticulosamente con aut\u00e9ntica piel de becerro de alta calidad, conocida por su textura flexible, su brillo natural y su notable durabilidad. Esta piel de becerro de primera calidad garantiza que su <strong>zapatos casual de cuero para hombre<\/strong> no s\u00f3lo tendr\u00e1 un aspecto impresionante, sino que resistir\u00e1 los rigores del uso diario, desarrollando una p\u00e1tina \u00fanica con el paso del tiempo.<\/p>\n<p>En el interior, tus pies se acunar\u00e1n en un lujoso forro de piel de cabra, que ofrece transpirabilidad y un tacto afelpado que reduce la fricci\u00f3n y mejora el confort general. Esta cuidada combinaci\u00f3n de materiales garantiza una experiencia de uso duradera y agradable.<\/p>\n<p><h3>Experimente la comodidad durante todo el d\u00eda con la tecnolog\u00eda de suela EVA<\/h3>\n<\/p>\n<p>La comodidad es primordial en nuestra filosof\u00eda de dise\u00f1o, y estas <strong>zapatos casual de cuero para hombre<\/strong> lo ofrecen con creces. La robusta pero incre\u00edblemente ligera suela de EVA (etilvinilacetato) proporciona una amortiguaci\u00f3n y absorci\u00f3n de impactos excepcionales. Este innovador material de la suela garantiza que cada paso sea suave y tenga apoyo, lo que las convierte en las zapatillas ideales para el d\u00eda a d\u00eda. <strong>zapatos casual de cuero para hombre<\/strong> para esos largos d\u00edas de pie.<\/p>\n<p>A diferencia de las suelas pesadas tradicionales, la suela de EVA ofrece flexibilidad y reduce la fatiga del pie, permiti\u00e9ndole moverse con facilidad y confianza durante todo el d\u00eda. Tanto si te mueves por las calles de la ciudad como si pasas horas en un evento, estas zapatillas te ofrecen la comodidad que te mereces.<\/p>\n<p><h3>Estilo vers\u00e1til para cualquier ocasi\u00f3n<\/h3>\n<\/p>\n<p>Nuestra <strong>zapatos casual de cuero para hombre<\/strong> logran el equilibrio perfecto entre la elegancia cl\u00e1sica y el atractivo casual contempor\u00e1neo. Su refinado dise\u00f1o las hace incre\u00edblemente vers\u00e1tiles y combinan a la perfecci\u00f3n con todo tipo de atuendos. Comb\u00ednalos con unos pantalones de sastrer\u00eda y un blazer para un conjunto elegante e informal, o con unos chinos y una camisa elegante para un look relajado pero elegante.<\/p>\n<p>Su est\u00e9tica atemporal garantiza <strong>zapatos casual de cuero para hombre<\/strong> seguir\u00e1 siendo un b\u00e1sico en su colecci\u00f3n durante a\u00f1os. Disponibles en una amplia gama de tallas, de la 39 a la 45, encontrar tu talla perfecta es muy sencillo.<\/p>\n<p><h3>Oportunidades para los mayoristas y garant\u00eda de calidad<\/h3>\n<\/p>\n<p>Para los minoristas y las empresas que desean ofrecer calzado de primera calidad, nuestro <strong>zapatos casual de cuero para hombre<\/strong> est\u00e1n disponibles para su compra al por mayor. Con un pedido m\u00ednimo de 8 pares, puede abastecerse f\u00e1cilmente de estos art\u00edculos de gran demanda. Nos enorgullecemos de la puntualidad en la entrega, con un plazo estimado de 12 d\u00edas m\u00e1s gastos de env\u00edo.<\/p>\n<p>Invierta en nuestra prima <strong>zapatos casual de cuero para hombre<\/strong> y proporcione a sus clientes un calzado que combina lujo, comodidad y estilo duradero. Nuestro compromiso con la calidad garantiza la satisfacci\u00f3n con cada pedido.<\/p>","protected":false},"excerpt":{"rendered":"<ul>\n<li><strong>Materiales de primera calidad:<\/strong> Confeccionadas con piel de becerro aut\u00e9ntica en el exterior y suave piel de cabra en el interior para ofrecer el m\u00e1ximo confort y durabilidad.<\/li>\n<li><strong>Dise\u00f1o orientado al confort:<\/strong> Incorpora una suela de EVA ligera pero robusta, que proporciona una amortiguaci\u00f3n y una sujeci\u00f3n superiores para llevarlas todo el d\u00eda.<\/li>\n<li><strong>Estilo vers\u00e1til:<\/strong> Perfecta para ocasiones elegantes e informales, ofrece una mezcla de elegancia cl\u00e1sica y comodidad moderna.<\/li>\n<li><strong>Amplia gama de tama\u00f1os:<\/strong> Disponible en las tallas 39-45 para garantizar un ajuste perfecto.<\/li>\n<li><strong>Oportunidad de venta al por mayor:<\/strong> Pedido m\u00ednimo de 8 pares disponibles, con un plazo de entrega de 12 d\u00edas m\u00e1s gastos de env\u00edo.<\/li>\n<\/ul>","protected":false},"featured_media":3894,"template":"","meta":{"_acf_changed":false,"_uag_custom_page_level_css":"","site-sidebar-layout":"default","site-content-layout":"","ast-site-content-layout":"default","site-content-style":"default","site-sidebar-style":"default","ast-global-header-display":"","ast-banner-title-visibility":"","ast-main-header-display":"","ast-hfb-above-header-display":"","ast-hfb-below-header-display":"","ast-hfb-mobile-header-display":"","site-post-title":"","ast-breadcrumbs-content":"","ast-featured-img":"","footer-sml-layout":"","ast-disable-related-posts":"","theme-transparent-header-meta":"","adv-header-id-meta":"","stick-header-meta":"","header-above-stick-meta":"","header-main-stick-meta":"","header-below-stick-meta":"","astra-migrate-meta-layouts":"default","ast-page-background-enabled":"default","ast-page-background-meta":{"desktop":{"background-color":"var(--ast-global-color-4)","background-image":"","background-repeat":"repeat","background-position":"center center","background-size":"auto","background-attachment":"scroll","background-type":"","background-media":"","overlay-type":"","overlay-color":"","overlay-opacity":"","overlay-gradient":""},"tablet":{"background-color":"","background-image":"","background-repeat":"repeat","background-position":"center center","background-size":"auto","background-attachment":"scroll","background-type":"","background-media":"","overlay-type":"","overlay-color":"","overlay-opacity":"","overlay-gradient":""},"mobile":{"background-color":"","background-image":"","background-repeat":"repeat","background-position":"center center","background-size":"auto","background-attachment":"scroll","background-type":"","background-media":"","overlay-type":"","overlay-color":"","overlay-opacity":"","overlay-gradient":""}},"ast-content-background-meta":{"desktop":{"background-color":"var(--ast-global-color-5)","background-image":"","background-repeat":"repeat","background-position":"center center","background-size":"auto","background-attachment":"scroll","background-type":"","background-media":"","overlay-type":"","overlay-color":"","overlay-opacity":"","overlay-gradient":""},"tablet":{"background-color":"var(--ast-global-color-5)","background-image":"","background-repeat":"repeat","background-position":"center center","background-size":"auto","background-attachment":"scroll","background-type":"","background-media":"","overlay-type":"","overlay-color":"","overlay-opacity":"","overlay-gradient":""},"mobile":{"background-color":"var(--ast-global-color-5)","background-image":"","background-repeat":"repeat","background-position":"center center","background-size":"auto","background-attachment":"scroll","background-type":"","background-media":"","overlay-type":"","overlay-color":"","overlay-opacity":"","overlay-gradient":""}}},"product_brand":[],"product_cat":[48,47,49,430,40],"product_tag":[566,222,212,439,438,556,227,198,1033,280,281],"class_list":{"0":"post-5815","1":"product","2":"type-product","3":"status-publish","4":"has-post-thumbnail","6":"product_cat-casual","7":"product_cat-classic","8":"product_cat-loafer","9":"product_cat-men","10":"product_cat-mens-shoes","11":"product_tag-calfskin-shoes","12":"product_tag-comfortable-shoes","13":"product_tag-derby-shoes","14":"product_tag-durable-shoes","15":"product_tag-eva-sole","16":"product_tag-goatskin-lining","17":"product_tag-leather-shoes","18":"product_tag-mens-fashion","19":"product_tag-mens-leather-casual-shoes","20":"product_tag-smart-casual-shoes","21":"product_tag-wholesale-shoes","22":"desktop-align-center","23":"tablet-align-center","24":"mobile-align-center","26":"first","27":"instock","28":"shipping-taxable","29":"purchasable","30":"product-type-variable","31":"has-default-attributes"},"acf":[],"uagb_featured_image_src":{"full":["https:\/\/turkishtrade.co\/wp-content\/uploads\/2026\/01\/2400EJOMN00295-DARK-BROWN-C_026-1-usd.png",453,250,false],"thumbnail":["https:\/\/turkishtrade.co\/wp-content\/uploads\/2026\/01\/2400EJOMN00295-DARK-BROWN-C_026-1-usd-150x150.png",150,150,true],"medium":["https:\/\/turkishtrade.co\/wp-content\/uploads\/2026\/01\/2400EJOMN00295-DARK-BROWN-C_026-1-usd-300x166.png",300,166,true],"medium_large":["https:\/\/turkishtrade.co\/wp-content\/uploads\/2026\/01\/2400EJOMN00295-DARK-BROWN-C_026-1-usd.png",453,250,false],"large":["https:\/\/turkishtrade.co\/wp-content\/uploads\/2026\/01\/2400EJOMN00295-DARK-BROWN-C_026-1-usd.png",453,250,false],"1536x1536":["https:\/\/turkishtrade.co\/wp-content\/uploads\/2026\/01\/2400EJOMN00295-DARK-BROWN-C_026-1-usd.png",453,250,false],"2048x2048":["https:\/\/turkishtrade.co\/wp-content\/uploads\/2026\/01\/2400EJOMN00295-DARK-BROWN-C_026-1-usd.png",453,250,false],"trp-custom-language-flag":["https:\/\/turkishtrade.co\/wp-content\/uploads\/2026\/01\/2400EJOMN00295-DARK-BROWN-C_026-1-usd-18x10.png",18,10,true],"woocommerce_thumbnail":["https:\/\/turkishtrade.co\/wp-content\/uploads\/2026\/01\/2400EJOMN00295-DARK-BROWN-C_026-1-usd-400x250.png",400,250,true],"woocommerce_single":["https:\/\/turkishtrade.co\/wp-content\/uploads\/2026\/01\/2400EJOMN00295-DARK-BROWN-C_026-1-usd.png",453,250,false],"woocommerce_gallery_thumbnail":["https:\/\/turkishtrade.co\/wp-content\/uploads\/2026\/01\/2400EJOMN00295-DARK-BROWN-C_026-1-usd-100x100.png",100,100,true]},"uagb_author_info":{"display_name":"yaser olabi","author_link":"https:\/\/turkishtrade.co\/es\/author\/"},"uagb_comment_info":0,"uagb_excerpt":"Premium Materials: Crafted with genuine calfskin leather outer and soft goatskin leather lining for ultimate comfort and durability. Comfort-Driven Design: Features a lightweight yet robust EVA sole, providing superior cushioning and support for all-day wear. Versatile Style: Perfect for smart-casual occasions, offering a blend of classic elegance and modern comfort. Wide Size Range: Available in&hellip;","_links":{"self":[{"href":"https:\/\/turkishtrade.co\/es\/wp-json\/wp\/v2\/product\/5815","targetHints":{"allow":["GET"]}}],"collection":[{"href":"https:\/\/turkishtrade.co\/es\/wp-json\/wp\/v2\/product"}],"about":[{"href":"https:\/\/turkishtrade.co\/es\/wp-json\/wp\/v2\/types\/product"}],"wp:featuredmedia":[{"embeddable":true,"href":"https:\/\/turkishtrade.co\/es\/wp-json\/wp\/v2\/media\/3894"}],"wp:attachment":[{"href":"https:\/\/turkishtrade.co\/es\/wp-json\/wp\/v2\/media?parent=5815"}],"wp:term":[{"taxonomy":"product_brand","embeddable":true,"href":"https:\/\/turkishtrade.co\/es\/wp-json\/wp\/v2\/product_brand?post=5815"},{"taxonomy":"product_cat","embeddable":true,"href":"https:\/\/turkishtrade.co\/es\/wp-json\/wp\/v2\/product_cat?post=5815"},{"taxonomy":"product_tag","embeddable":true,"href":"https:\/\/turkishtrade.co\/es\/wp-json\/wp\/v2\/product_tag?post=5815"}],"curies":[{"name":"wp","href":"https:\/\/api.w.org\/{rel}","templated":true}]}}