{"id":5810,"date":"2026-01-14T13:18:31","date_gmt":"2026-01-14T13:18:31","guid":{"rendered":"https:\/\/turkishtrade.co\/product\/men-s-suede-casual-loafers\/"},"modified":"2026-04-09T19:23:20","modified_gmt":"2026-04-09T19:23:20","slug":"mens-suede-casual-loafers-7","status":"publish","type":"product","link":"https:\/\/turkishtrade.co\/es\/shop\/mens-suede-casual-loafers-7\/","title":{"rendered":"Mocasines casuales de ante de primera calidad para hombre"},"content":{"rendered":"<p><strong>Mocasines casuales de ante para hombre<\/strong><\/p>\n<p>Eleve su colecci\u00f3n de calzado de diario con nuestro exquisito <b>Mocasines casuales de ante para hombre<\/b>. Dise\u00f1ados para el caballero moderno que valora tanto el estilo como la comodidad sin igual, estos mocasines son un testimonio de artesan\u00eda superior. Cada par de estos <b>Mocasines casuales de ante para hombre<\/b> est\u00e1 meticulosamente confeccionado en piel de ternero de primera calidad para la superficie exterior, ofreciendo un tacto suave y lujoso y una est\u00e9tica sofisticada.<\/p>\n<p>La rica textura del ante a\u00f1ade un toque de refinada elegancia a cualquier conjunto informal, haciendo de estos <b>Mocasines casuales de ante para hombre<\/b> un complemento indispensable en tu armario.<\/p>\n<p><h3>Comodidad inigualable y materiales de primera calidad<\/h3>\n<\/p>\n<p>En el interior, tus pies disfrutar\u00e1n del m\u00e1ximo confort gracias al suave forro de piel de cabra. Este material natural garantiza la transpirabilidad y un tacto afelpado, evitando la incomodidad incluso durante un uso prolongado. La base de estas excepcionales <b>Mocasines casuales de ante para hombre<\/b> es una suela de EVA robusta pero incre\u00edblemente ligera.<\/p>\n<p>Dise\u00f1ada para ofrecer la m\u00e1xima flexibilidad y absorci\u00f3n de impactos, la suela de EVA proporciona un agarre excelente y garantiza la amortiguaci\u00f3n de cada paso, ofreciendo comodidad durante todo el d\u00eda. Con una altura de tac\u00f3n cl\u00e1sica de 1-3 cm, estos mocasines logran el equilibrio perfecto entre comodidad informal y sutil elevaci\u00f3n.<\/p>\n<p><h3>Estilo vers\u00e1til para cualquier ocasi\u00f3n<\/h3>\n<\/p>\n<p>Nuestra <b>Mocasines casuales de ante para hombre<\/b> son lo suficientemente vers\u00e1tiles para una gran variedad de ocasiones, desde salidas relajadas de fin de semana hasta entornos de oficina informales y elegantes. Su dise\u00f1o atemporal garantiza que combinen a la perfecci\u00f3n con chinos, vaqueros o incluso pantalones cortos, lo que los convierte en una elecci\u00f3n imprescindible para un estilo sencillo. Le ofrecemos estos <b>Mocasines casuales de ante para hombre<\/b> en una amplia gama de tallas, de la UE 39 a la 45, que garantizan un ajuste perfecto para cada cliente.<\/p>\n<p><h3>Ventajas de los pedidos al por mayor y a granel<\/h3>\n<\/p>\n<p>Para las empresas y los minoristas, estos <b>Mocasines casuales de ante para hombre<\/b> est\u00e1n disponibles para la compra al por mayor con un pedido m\u00ednimo de 8 pares. Benef\u00edciese de nuestro proceso simplificado y de una entrega fiable, ya que los pedidos suelen enviarse en un plazo de 12 d\u00edas m\u00e1s el tiempo de tr\u00e1nsito. Proporcione a sus clientes la combinaci\u00f3n definitiva de estilo y comodidad a\u00f1adiendo estos magn\u00edficos <b>Mocasines casuales de ante para hombre<\/b> a su inventario.<\/p>\n<p>Elija calidad, elija estilo, elija nuestro <b>Mocasines casuales de ante para hombre<\/b>.<\/p>","protected":false},"excerpt":{"rendered":"<ul>\n<li>Experimente la m\u00e1xima comodidad y un estilo refinado con nuestro <b>Mocasines casuales de ante para hombre<\/b>.<\/li>\n<li>Confeccionados con un lujoso exterior de piel de ternero y un suave interior de piel de cabra para una mayor transpirabilidad.<\/li>\n<li>Incorpora una suela de EVA ligera y flexible que ofrece una amortiguaci\u00f3n y sujeci\u00f3n superiores con un tac\u00f3n cl\u00e1sico de 1-3 cm.<\/li>\n<li>Disponible en una amplia gama de tallas: EU 39, 40, 41, 42, 43, 44, 45.<\/li>\n<li>Ideal para pedidos al por mayor y a granel: Pedido m\u00ednimo de 8 pares.<\/li>\n<li>Entrega r\u00e1pida: Se env\u00eda en 12 d\u00edas + tiempo de tr\u00e1nsito.<\/li>\n<\/ul>","protected":false},"featured_media":3890,"template":"","meta":{"_acf_changed":false,"_uag_custom_page_level_css":"","site-sidebar-layout":"default","site-content-layout":"","ast-site-content-layout":"default","site-content-style":"default","site-sidebar-style":"default","ast-global-header-display":"","ast-banner-title-visibility":"","ast-main-header-display":"","ast-hfb-above-header-display":"","ast-hfb-below-header-display":"","ast-hfb-mobile-header-display":"","site-post-title":"","ast-breadcrumbs-content":"","ast-featured-img":"","footer-sml-layout":"","ast-disable-related-posts":"","theme-transparent-header-meta":"","adv-header-id-meta":"","stick-header-meta":"","header-above-stick-meta":"","header-main-stick-meta":"","header-below-stick-meta":"","astra-migrate-meta-layouts":"default","ast-page-background-enabled":"default","ast-page-background-meta":{"desktop":{"background-color":"var(--ast-global-color-4)","background-image":"","background-repeat":"repeat","background-position":"center center","background-size":"auto","background-attachment":"scroll","background-type":"","background-media":"","overlay-type":"","overlay-color":"","overlay-opacity":"","overlay-gradient":""},"tablet":{"background-color":"","background-image":"","background-repeat":"repeat","background-position":"center center","background-size":"auto","background-attachment":"scroll","background-type":"","background-media":"","overlay-type":"","overlay-color":"","overlay-opacity":"","overlay-gradient":""},"mobile":{"background-color":"","background-image":"","background-repeat":"repeat","background-position":"center center","background-size":"auto","background-attachment":"scroll","background-type":"","background-media":"","overlay-type":"","overlay-color":"","overlay-opacity":"","overlay-gradient":""}},"ast-content-background-meta":{"desktop":{"background-color":"var(--ast-global-color-5)","background-image":"","background-repeat":"repeat","background-position":"center center","background-size":"auto","background-attachment":"scroll","background-type":"","background-media":"","overlay-type":"","overlay-color":"","overlay-opacity":"","overlay-gradient":""},"tablet":{"background-color":"var(--ast-global-color-5)","background-image":"","background-repeat":"repeat","background-position":"center center","background-size":"auto","background-attachment":"scroll","background-type":"","background-media":"","overlay-type":"","overlay-color":"","overlay-opacity":"","overlay-gradient":""},"mobile":{"background-color":"var(--ast-global-color-5)","background-image":"","background-repeat":"repeat","background-position":"center center","background-size":"auto","background-attachment":"scroll","background-type":"","background-media":"","overlay-type":"","overlay-color":"","overlay-opacity":"","overlay-gradient":""}}},"product_brand":[],"product_cat":[48,47,49,430,40],"product_tag":[674,202,512,457,272,220,438,437,845,215,198,921,280,254],"class_list":{"0":"post-5810","1":"product","2":"type-product","3":"status-publish","4":"has-post-thumbnail","6":"product_cat-casual","7":"product_cat-classic","8":"product_cat-loafer","9":"product_cat-men","10":"product_cat-mens-shoes","11":"product_tag-bulk-shoes","12":"product_tag-calf-leather","13":"product_tag-casual-loafers","14":"product_tag-classic-loafers","15":"product_tag-comfort-shoes","16":"product_tag-comfortable-loafers","17":"product_tag-eva-sole","18":"product_tag-goat-leather","19":"product_tag-handmade-loafers","20":"product_tag-leather-loafers","21":"product_tag-mens-fashion","22":"product_tag-mens-suede-loafers","23":"product_tag-smart-casual-shoes","24":"product_tag-wholesale-footwear","25":"desktop-align-center","26":"tablet-align-center","27":"mobile-align-center","29":"first","30":"instock","31":"shipping-taxable","32":"purchasable","33":"product-type-variable","34":"has-default-attributes"},"acf":[],"uagb_featured_image_src":{"full":["https:\/\/turkishtrade.co\/wp-content\/uploads\/2026\/01\/2400EJOMN00292-BEIGE-DKS_439-4-USD.png",453,250,false],"thumbnail":["https:\/\/turkishtrade.co\/wp-content\/uploads\/2026\/01\/2400EJOMN00292-BEIGE-DKS_439-4-USD-150x150.png",150,150,true],"medium":["https:\/\/turkishtrade.co\/wp-content\/uploads\/2026\/01\/2400EJOMN00292-BEIGE-DKS_439-4-USD-300x166.png",300,166,true],"medium_large":["https:\/\/turkishtrade.co\/wp-content\/uploads\/2026\/01\/2400EJOMN00292-BEIGE-DKS_439-4-USD.png",453,250,false],"large":["https:\/\/turkishtrade.co\/wp-content\/uploads\/2026\/01\/2400EJOMN00292-BEIGE-DKS_439-4-USD.png",453,250,false],"1536x1536":["https:\/\/turkishtrade.co\/wp-content\/uploads\/2026\/01\/2400EJOMN00292-BEIGE-DKS_439-4-USD.png",453,250,false],"2048x2048":["https:\/\/turkishtrade.co\/wp-content\/uploads\/2026\/01\/2400EJOMN00292-BEIGE-DKS_439-4-USD.png",453,250,false],"trp-custom-language-flag":["https:\/\/turkishtrade.co\/wp-content\/uploads\/2026\/01\/2400EJOMN00292-BEIGE-DKS_439-4-USD-18x10.png",18,10,true],"woocommerce_thumbnail":["https:\/\/turkishtrade.co\/wp-content\/uploads\/2026\/01\/2400EJOMN00292-BEIGE-DKS_439-4-USD-400x250.png",400,250,true],"woocommerce_single":["https:\/\/turkishtrade.co\/wp-content\/uploads\/2026\/01\/2400EJOMN00292-BEIGE-DKS_439-4-USD.png",453,250,false],"woocommerce_gallery_thumbnail":["https:\/\/turkishtrade.co\/wp-content\/uploads\/2026\/01\/2400EJOMN00292-BEIGE-DKS_439-4-USD-100x100.png",100,100,true]},"uagb_author_info":{"display_name":"yaser olabi","author_link":"https:\/\/turkishtrade.co\/es\/author\/"},"uagb_comment_info":0,"uagb_excerpt":"Experience ultimate comfort and refined style with our Men's Suede Casual Loafers. Crafted with a luxurious calf leather exterior and a soft goat leather interior for breathable wear. Features a lightweight and flexible EVA sole, offering superior cushioning and support with a classic 1-3cm heel. Available in a wide range of sizes: EU 39, 40,&hellip;","_links":{"self":[{"href":"https:\/\/turkishtrade.co\/es\/wp-json\/wp\/v2\/product\/5810","targetHints":{"allow":["GET"]}}],"collection":[{"href":"https:\/\/turkishtrade.co\/es\/wp-json\/wp\/v2\/product"}],"about":[{"href":"https:\/\/turkishtrade.co\/es\/wp-json\/wp\/v2\/types\/product"}],"wp:featuredmedia":[{"embeddable":true,"href":"https:\/\/turkishtrade.co\/es\/wp-json\/wp\/v2\/media\/3890"}],"wp:attachment":[{"href":"https:\/\/turkishtrade.co\/es\/wp-json\/wp\/v2\/media?parent=5810"}],"wp:term":[{"taxonomy":"product_brand","embeddable":true,"href":"https:\/\/turkishtrade.co\/es\/wp-json\/wp\/v2\/product_brand?post=5810"},{"taxonomy":"product_cat","embeddable":true,"href":"https:\/\/turkishtrade.co\/es\/wp-json\/wp\/v2\/product_cat?post=5810"},{"taxonomy":"product_tag","embeddable":true,"href":"https:\/\/turkishtrade.co\/es\/wp-json\/wp\/v2\/product_tag?post=5810"}],"curies":[{"name":"wp","href":"https:\/\/api.w.org\/{rel}","templated":true}]}}