{"id":5807,"date":"2026-01-14T13:18:06","date_gmt":"2026-01-14T13:18:06","guid":{"rendered":"https:\/\/turkishtrade.co\/product\/mens-crocodile-embossed-loafers-3\/"},"modified":"2026-04-09T19:23:25","modified_gmt":"2026-04-09T19:23:25","slug":"mens-crocodile-embossed-loafers-3","status":"publish","type":"product","link":"https:\/\/turkishtrade.co\/es\/shop\/mens-crocodile-embossed-loafers-3\/","title":{"rendered":"Mocasines de lujo para hombre en piel de becerro con estampado de cocodrilo"},"content":{"rendered":"<p><strong>Mocasines de hombre en relieve de cocodrilo<\/strong><\/p>\n<p>Ad\u00e9ntrese en una sofisticaci\u00f3n sin igual con nuestro exquisito <strong>Mocasines de hombre en relieve de cocodrilo<\/strong>. Estos lujosos zapatos est\u00e1n dise\u00f1ados para el caballero exigente que aprecia tanto el estilo como la comodidad. Elaborados meticulosamente con los mejores materiales, estos mocasines ofrecen un atractivo atemporal que combina a la perfecci\u00f3n tanto con conjuntos informales como semiformales, lo que los convierte en un complemento esencial de cualquier colecci\u00f3n de calzado de alta gama. No son s\u00f3lo zapatos; son una declaraci\u00f3n de gusto refinado.<\/p>\n<p>El exterior de estas <strong>Mocasines de hombre en relieve de cocodrilo<\/strong> est\u00e1 confeccionado en aut\u00e9ntica piel de ternero, tratada y repujada con maestr\u00eda para imitar la textura distintiva de la piel de cocodrilo. Este intrincado detalle no solo proporciona un acabado visualmente impactante, sino que tambi\u00e9n garantiza la durabilidad y el car\u00e1cter \u00fanico de cada par de zapatos. <strong>Mocasines de hombre en relieve de cocodrilo<\/strong>. Nos enorgullecemos de la meticulosa artesan\u00eda de cada uno de nuestros dise\u00f1os.<\/p>\n<p>Como complemento a su robusto exterior, el interior est\u00e1 forrado con flexible piel de cabra, que ofrece un entorno incre\u00edblemente suave y transpirable para tus pies durante todo el d\u00eda. Esta combinaci\u00f3n de pieles de alta calidad garantiza un confort duradero y una sensaci\u00f3n de lujo a cada paso que des con nuestros <strong>Mocasines de hombre en relieve de cocodrilo<\/strong>.<\/p>\n<p><h3>Disfrute de una comodidad y un estilo inigualables<\/h3>\n<\/p>\n<p>Experimenta una sujeci\u00f3n excepcional y una flexibilidad ligera gracias a la avanzada suela de EVA. Este moderno material proporciona una excelente amortiguaci\u00f3n y garantiza una zancada c\u00f3moda, haciendo que estas <strong>Mocasines de hombre en relieve de cocodrilo<\/strong> perfectos para un uso prolongado. Con una altura de tac\u00f3n cl\u00e1sica que oscila entre 1 y 3 cm, estos zapatos logran el equilibrio perfecto entre elegancia tradicional y comodidad contempor\u00e1nea.<\/p>\n<p>Tanto si se desplaza por las calles de la ciudad como si asiste a un evento especial, apreciar\u00e1 la estabilidad y facilidad que proporcionan estas suelas, que las hacen realmente vers\u00e1tiles. <strong>Mocasines de hombre en relieve de cocodrilo<\/strong>.<\/p>\n<p>Nuestra colecci\u00f3n de <strong>Mocasines de hombre en relieve de cocodrilo<\/strong> son algo m\u00e1s que calzado: son una declaraci\u00f3n de gusto refinado y calidad impecable. Disponibles en un amplio abanico de tallas, desde la 39 hasta la 45, y con unos acabados impresionantes que incluyen un azul profundo y elegante y un marr\u00f3n c\u00e1lido y sofisticado, hay un par perfecto para complementar cualquier armario.<\/p>\n<p>Disfrute de la versatilidad de estos lujosos mocasines, que permiten pasar sin esfuerzo de un entorno informal de negocios a una reuni\u00f3n social nocturna, causando siempre una impresi\u00f3n duradera con estos finos mocasines. <strong>Mocasines de hombre en relieve de cocodrilo<\/strong>.<\/p>\n<p><h3>Pedidos a granel y control de calidad<\/h3>\n<\/p>\n<p>Para minoristas y empresas, ofrecemos precios competitivos por volumen con un pedido m\u00ednimo de s\u00f3lo 8 pares. Con un plazo de entrega est\u00e1ndar de 12 d\u00edas m\u00e1s gastos de env\u00edo, podr\u00e1 abastecerse r\u00e1pidamente de estos art\u00edculos de lujo tan demandados. Para obtener informaci\u00f3n detallada sobre precios, consulte nuestra lista de precios o p\u00f3ngase en contacto directamente con nuestro equipo de ventas. Invierta en la mejor artesan\u00eda y eleve su colecci\u00f3n con estos distintivos <strong>Mocasines de hombre en relieve de cocodrilo<\/strong>.<\/p>","protected":false},"excerpt":{"rendered":"<ul>\n<li>Exterior de piel de becerro de primera calidad (textura de cocodrilo en relieve)<\/li>\n<li>Forro interior de piel de cabra suave y transpirable<\/li>\n<li>Suela de EVA duradera y ligera para mayor comodidad<\/li>\n<li>Tac\u00f3n cl\u00e1sico de 1-3 cm de altura para una zancada elegante<\/li>\n<li>Disponible en una amplia gama de tallas: 39-45<\/li>\n<li>Cantidad m\u00ednima de pedido: 8 Pares (Disponibilidad a Granel)<\/li>\n<li>Disponible en acabados azul sofisticado y marr\u00f3n c\u00e1lido<\/li>\n<\/ul>","protected":false},"featured_media":3889,"template":"","meta":{"_acf_changed":false,"_uag_custom_page_level_css":"","site-sidebar-layout":"default","site-content-layout":"","ast-site-content-layout":"default","site-content-style":"default","site-sidebar-style":"default","ast-global-header-display":"","ast-banner-title-visibility":"","ast-main-header-display":"","ast-hfb-above-header-display":"","ast-hfb-below-header-display":"","ast-hfb-mobile-header-display":"","site-post-title":"","ast-breadcrumbs-content":"","ast-featured-img":"","footer-sml-layout":"","ast-disable-related-posts":"","theme-transparent-header-meta":"","adv-header-id-meta":"","stick-header-meta":"","header-above-stick-meta":"","header-main-stick-meta":"","header-below-stick-meta":"","astra-migrate-meta-layouts":"default","ast-page-background-enabled":"default","ast-page-background-meta":{"desktop":{"background-color":"var(--ast-global-color-4)","background-image":"","background-repeat":"repeat","background-position":"center center","background-size":"auto","background-attachment":"scroll","background-type":"","background-media":"","overlay-type":"","overlay-color":"","overlay-opacity":"","overlay-gradient":""},"tablet":{"background-color":"","background-image":"","background-repeat":"repeat","background-position":"center center","background-size":"auto","background-attachment":"scroll","background-type":"","background-media":"","overlay-type":"","overlay-color":"","overlay-opacity":"","overlay-gradient":""},"mobile":{"background-color":"","background-image":"","background-repeat":"repeat","background-position":"center center","background-size":"auto","background-attachment":"scroll","background-type":"","background-media":"","overlay-type":"","overlay-color":"","overlay-opacity":"","overlay-gradient":""}},"ast-content-background-meta":{"desktop":{"background-color":"var(--ast-global-color-5)","background-image":"","background-repeat":"repeat","background-position":"center center","background-size":"auto","background-attachment":"scroll","background-type":"","background-media":"","overlay-type":"","overlay-color":"","overlay-opacity":"","overlay-gradient":""},"tablet":{"background-color":"var(--ast-global-color-5)","background-image":"","background-repeat":"repeat","background-position":"center center","background-size":"auto","background-attachment":"scroll","background-type":"","background-media":"","overlay-type":"","overlay-color":"","overlay-opacity":"","overlay-gradient":""},"mobile":{"background-color":"var(--ast-global-color-5)","background-image":"","background-repeat":"repeat","background-position":"center center","background-size":"auto","background-attachment":"scroll","background-type":"","background-media":"","overlay-type":"","overlay-color":"","overlay-opacity":"","overlay-gradient":""}}},"product_brand":[],"product_cat":[48,47,49,430,40],"product_tag":[635,147,1057,185,449,457,534,438,189,450,378,324,186,632],"class_list":{"0":"post-5807","1":"product","2":"type-product","3":"status-publish","4":"has-post-thumbnail","6":"product_cat-casual","7":"product_cat-classic","8":"product_cat-loafer","9":"product_cat-men","10":"product_cat-mens-shoes","11":"product_tag-blue-loafers","12":"product_tag-brown-loafers","13":"product_tag-business-casual-footwear","14":"product_tag-calf-leather-shoes","15":"product_tag-casual-shoes","16":"product_tag-classic-loafers","17":"product_tag-crocodile-embossed-shoes","18":"product_tag-eva-sole","19":"product_tag-goat-leather-lining","20":"product_tag-handcrafted-shoes","21":"product_tag-luxury-mens-footwear","22":"product_tag-mens-dress-shoes","23":"product_tag-mens-loafers","24":"product_tag-premium-leather-shoes","25":"desktop-align-center","26":"tablet-align-center","27":"mobile-align-center","29":"first","30":"instock","31":"shipping-taxable","32":"purchasable","33":"product-type-variable","34":"has-default-attributes"},"acf":[],"uagb_featured_image_src":{"full":["https:\/\/turkishtrade.co\/wp-content\/uploads\/2026\/01\/2400EJOMN00290-DARK-BROWN-X_1351-1-usd.png",453,250,false],"thumbnail":["https:\/\/turkishtrade.co\/wp-content\/uploads\/2026\/01\/2400EJOMN00290-DARK-BROWN-X_1351-1-usd-150x150.png",150,150,true],"medium":["https:\/\/turkishtrade.co\/wp-content\/uploads\/2026\/01\/2400EJOMN00290-DARK-BROWN-X_1351-1-usd-300x166.png",300,166,true],"medium_large":["https:\/\/turkishtrade.co\/wp-content\/uploads\/2026\/01\/2400EJOMN00290-DARK-BROWN-X_1351-1-usd.png",453,250,false],"large":["https:\/\/turkishtrade.co\/wp-content\/uploads\/2026\/01\/2400EJOMN00290-DARK-BROWN-X_1351-1-usd.png",453,250,false],"1536x1536":["https:\/\/turkishtrade.co\/wp-content\/uploads\/2026\/01\/2400EJOMN00290-DARK-BROWN-X_1351-1-usd.png",453,250,false],"2048x2048":["https:\/\/turkishtrade.co\/wp-content\/uploads\/2026\/01\/2400EJOMN00290-DARK-BROWN-X_1351-1-usd.png",453,250,false],"trp-custom-language-flag":["https:\/\/turkishtrade.co\/wp-content\/uploads\/2026\/01\/2400EJOMN00290-DARK-BROWN-X_1351-1-usd-18x10.png",18,10,true],"woocommerce_thumbnail":["https:\/\/turkishtrade.co\/wp-content\/uploads\/2026\/01\/2400EJOMN00290-DARK-BROWN-X_1351-1-usd-400x250.png",400,250,true],"woocommerce_single":["https:\/\/turkishtrade.co\/wp-content\/uploads\/2026\/01\/2400EJOMN00290-DARK-BROWN-X_1351-1-usd.png",453,250,false],"woocommerce_gallery_thumbnail":["https:\/\/turkishtrade.co\/wp-content\/uploads\/2026\/01\/2400EJOMN00290-DARK-BROWN-X_1351-1-usd-100x100.png",100,100,true]},"uagb_author_info":{"display_name":"yaser olabi","author_link":"https:\/\/turkishtrade.co\/es\/author\/"},"uagb_comment_info":0,"uagb_excerpt":"Premium Calf Leather Outer (Crocodile Embossed Texture) Soft, Breathable Goat Leather Inner Lining Durable and Lightweight EVA Sole for Comfort Classic 1-3cm Heel Height for Elegant Stride Available in a Wide Range of Sizes: 39-45 Minimum Order Quantity: 8 Pairs (Bulk Availability) Available in Sophisticated Blue and Warm Brown Finishes","_links":{"self":[{"href":"https:\/\/turkishtrade.co\/es\/wp-json\/wp\/v2\/product\/5807","targetHints":{"allow":["GET"]}}],"collection":[{"href":"https:\/\/turkishtrade.co\/es\/wp-json\/wp\/v2\/product"}],"about":[{"href":"https:\/\/turkishtrade.co\/es\/wp-json\/wp\/v2\/types\/product"}],"wp:featuredmedia":[{"embeddable":true,"href":"https:\/\/turkishtrade.co\/es\/wp-json\/wp\/v2\/media\/3889"}],"wp:attachment":[{"href":"https:\/\/turkishtrade.co\/es\/wp-json\/wp\/v2\/media?parent=5807"}],"wp:term":[{"taxonomy":"product_brand","embeddable":true,"href":"https:\/\/turkishtrade.co\/es\/wp-json\/wp\/v2\/product_brand?post=5807"},{"taxonomy":"product_cat","embeddable":true,"href":"https:\/\/turkishtrade.co\/es\/wp-json\/wp\/v2\/product_cat?post=5807"},{"taxonomy":"product_tag","embeddable":true,"href":"https:\/\/turkishtrade.co\/es\/wp-json\/wp\/v2\/product_tag?post=5807"}],"curies":[{"name":"wp","href":"https:\/\/api.w.org\/{rel}","templated":true}]}}