{"id":5803,"date":"2026-01-14T13:17:37","date_gmt":"2026-01-14T13:17:37","guid":{"rendered":"https:\/\/turkishtrade.co\/product\/mens-leather-tassel-loafers-4\/"},"modified":"2026-04-09T19:23:32","modified_gmt":"2026-04-09T19:23:32","slug":"mens-leather-tassel-loafers-4","status":"publish","type":"product","link":"https:\/\/turkishtrade.co\/es\/shop\/mens-leather-tassel-loafers-4\/","title":{"rendered":"Mocasines cl\u00e1sicos de hombre con borla de piel de becerro"},"content":{"rendered":"<p><strong>Mocasines de piel con borlas para hombre<\/strong><\/p>\n<p>Entre en la elegancia atemporal con nuestro exquisito <b>Mocasines de piel con borlas para hombre<\/b>. Meticulosamente dise\u00f1ados para el caballero exigente, estos mocasines combinan sin esfuerzo el estilo cl\u00e1sico con la comodidad moderna. Elaborados con los mejores materiales, estos mocasines de <b>mocasines de piel con borlas para hombre<\/b> son un complemento indispensable para cualquier armario sofisticado, ya que ofrecen versatilidad tanto para ambientes formales como informales. Experimenta la artesan\u00eda superior que distingue a nuestro calzado.<\/p>\n<p><h3>Calidad y comodidad inigualables<\/h3>\n<\/p>\n<p>El exterior de estos excepcionales <b>mocasines de piel con borlas para hombre<\/b> cuenta con una flexible piel de becerro, famosa por su durabilidad y su lujoso tacto. En el interior, sus pies se ver\u00e1n envueltos en el suave abrazo del forro de aut\u00e9ntica piel de cabra, que garantiza la transpirabilidad y un confort inigualable durante todo el d\u00eda. La suela de EVA cuidadosamente dise\u00f1ada proporciona una amortiguaci\u00f3n ligera y una excelente tracci\u00f3n, complementada con un sutil tac\u00f3n de 1-3 cm que mantiene la silueta cl\u00e1sica del mocas\u00edn a la vez que ofrece una suave elevaci\u00f3n.<\/p>\n<p>Esta combinaci\u00f3n de materiales de primera calidad garantiza que cada par de estos <b>mocasines de piel con borlas para hombre<\/b> est\u00e1 hecho para durar y proporciona una experiencia de uso excepcional.<\/p>\n<p><h3>Estilo vers\u00e1til para cualquier ocasi\u00f3n<\/h3>\n<\/p>\n<p>Tanto si se dirige a una reuni\u00f3n de negocios, a un brunch informal o a un evento nocturno especial, nuestro <b>mocasines de piel con borlas para hombre<\/b> son la elecci\u00f3n perfecta. El ic\u00f3nico detalle de la borla a\u00f1ade un toque de refinada sofisticaci\u00f3n, convirtiendo estas zapatillas slip-on en una aut\u00e9ntica pieza de estilo. Disponibles en una gama de colores cl\u00e1sicos como el negro intenso, el azul intenso y el marr\u00f3n elegante, puedes elegir el tono perfecto para complementar tu estilo personal.<\/p>\n<p>Estos <b>mocasines de piel con borlas para hombre<\/b> no son s\u00f3lo zapatos; son una inversi\u00f3n en calidad y moda duradera.<\/p>\n<p><h3>Disponibilidad al por mayor y entrega fiable<\/h3>\n<\/p>\n<p>Ofrecemos estos productos de alta calidad <b>mocasines de piel con borlas para hombre<\/b> en una amplia gama de tallas europeas, de la 39 a la 45, que garantizan un ajuste perfecto para una gran variedad de pies. Para los minoristas y las empresas que deseen tener en stock calzado de calidad superior, ofrecemos atractivas opciones de venta al por mayor con una cantidad m\u00ednima de pedido de tan solo 8 pares. Nuestro eficaz proceso de producci\u00f3n y entrega garantiza que su pedido llegue puntualmente, con un plazo de entrega estimado de 12 d\u00edas m\u00e1s gastos de env\u00edo.<\/p>\n<p>Eleve su colecci\u00f3n de calzado con nuestros <b>mocasines de piel con borlas para hombre<\/b> hoy mismo y experimente la mezcla de tradici\u00f3n y confort que define el verdadero lujo.<\/p>","protected":false},"excerpt":{"rendered":"<ul>\n<li>Hecho a mano con piel de ternero de primera calidad (exterior) y suave piel de cabra (interior).<\/li>\n<li>Elegante dise\u00f1o de mocas\u00edn con borla, perfecto tanto para vestir como para ocasiones informales.<\/li>\n<li>Suela de EVA ligera y c\u00f3moda con tac\u00f3n bajo (1-3 cm).<\/li>\n<li>Disponible en sofisticados acabados negro, azul y marr\u00f3n.<\/li>\n<li>Tallas disponibles 39-45 (EU).<\/li>\n<li>Cantidad m\u00ednima de pedido: 8 pares. Precios al por mayor disponibles previa solicitud.<\/li>\n<li>Entrega estimada: 12 d\u00edas + gastos de env\u00edo.<\/li>\n<\/ul>","protected":false},"featured_media":3887,"template":"","meta":{"_acf_changed":false,"_uag_custom_page_level_css":"","site-sidebar-layout":"default","site-content-layout":"","ast-site-content-layout":"default","site-content-style":"default","site-sidebar-style":"default","ast-global-header-display":"","ast-banner-title-visibility":"","ast-main-header-display":"","ast-hfb-above-header-display":"","ast-hfb-below-header-display":"","ast-hfb-mobile-header-display":"","site-post-title":"","ast-breadcrumbs-content":"","ast-featured-img":"","footer-sml-layout":"","ast-disable-related-posts":"","theme-transparent-header-meta":"","adv-header-id-meta":"","stick-header-meta":"","header-above-stick-meta":"","header-main-stick-meta":"","header-below-stick-meta":"","astra-migrate-meta-layouts":"default","ast-page-background-enabled":"default","ast-page-background-meta":{"desktop":{"background-color":"var(--ast-global-color-4)","background-image":"","background-repeat":"repeat","background-position":"center center","background-size":"auto","background-attachment":"scroll","background-type":"","background-media":"","overlay-type":"","overlay-color":"","overlay-opacity":"","overlay-gradient":""},"tablet":{"background-color":"","background-image":"","background-repeat":"repeat","background-position":"center center","background-size":"auto","background-attachment":"scroll","background-type":"","background-media":"","overlay-type":"","overlay-color":"","overlay-opacity":"","overlay-gradient":""},"mobile":{"background-color":"","background-image":"","background-repeat":"repeat","background-position":"center center","background-size":"auto","background-attachment":"scroll","background-type":"","background-media":"","overlay-type":"","overlay-color":"","overlay-opacity":"","overlay-gradient":""}},"ast-content-background-meta":{"desktop":{"background-color":"var(--ast-global-color-5)","background-image":"","background-repeat":"repeat","background-position":"center center","background-size":"auto","background-attachment":"scroll","background-type":"","background-media":"","overlay-type":"","overlay-color":"","overlay-opacity":"","overlay-gradient":""},"tablet":{"background-color":"var(--ast-global-color-5)","background-image":"","background-repeat":"repeat","background-position":"center center","background-size":"auto","background-attachment":"scroll","background-type":"","background-media":"","overlay-type":"","overlay-color":"","overlay-opacity":"","overlay-gradient":""},"mobile":{"background-color":"var(--ast-global-color-5)","background-image":"","background-repeat":"repeat","background-position":"center center","background-size":"auto","background-attachment":"scroll","background-type":"","background-media":"","overlay-type":"","overlay-color":"","overlay-opacity":"","overlay-gradient":""}}},"product_brand":[],"product_cat":[48,47,49,430,40],"product_tag":[370,635,147,185,1056,512,457,284,756,438,591,189,219,930,250,184,1055],"class_list":{"0":"post-5803","1":"product","2":"type-product","3":"status-publish","4":"has-post-thumbnail","6":"product_cat-casual","7":"product_cat-classic","8":"product_cat-loafer","9":"product_cat-men","10":"product_cat-mens-shoes","11":"product_tag-black-loafers","12":"product_tag-blue-loafers","13":"product_tag-brown-loafers","14":"product_tag-calf-leather-shoes","15":"product_tag-casual-elegance","16":"product_tag-casual-loafers","17":"product_tag-classic-loafers","18":"product_tag-dress-shoes","19":"product_tag-european-sizes","20":"product_tag-eva-sole","21":"product_tag-formal-wear","22":"product_tag-goat-leather-lining","23":"product_tag-handmade-shoes","24":"product_tag-mens-leather-tassel-loafers","25":"product_tag-premium-leather","26":"product_tag-slip-on-shoes","27":"product_tag-tassel-shoes","28":"desktop-align-center","29":"tablet-align-center","30":"mobile-align-center","32":"first","33":"instock","34":"shipping-taxable","35":"purchasable","36":"product-type-variable","37":"has-default-attributes"},"acf":[],"uagb_featured_image_src":{"full":["https:\/\/turkishtrade.co\/wp-content\/uploads\/2026\/01\/2400EJOMN00289-DARK-BROWN-TNC_74_1.png",453,250,false],"thumbnail":["https:\/\/turkishtrade.co\/wp-content\/uploads\/2026\/01\/2400EJOMN00289-DARK-BROWN-TNC_74_1.png",150,83,false],"medium":["https:\/\/turkishtrade.co\/wp-content\/uploads\/2026\/01\/2400EJOMN00289-DARK-BROWN-TNC_74_1.png",300,166,false],"medium_large":["https:\/\/turkishtrade.co\/wp-content\/uploads\/2026\/01\/2400EJOMN00289-DARK-BROWN-TNC_74_1.png",453,250,false],"large":["https:\/\/turkishtrade.co\/wp-content\/uploads\/2026\/01\/2400EJOMN00289-DARK-BROWN-TNC_74_1.png",453,250,false],"1536x1536":["https:\/\/turkishtrade.co\/wp-content\/uploads\/2026\/01\/2400EJOMN00289-DARK-BROWN-TNC_74_1.png",453,250,false],"2048x2048":["https:\/\/turkishtrade.co\/wp-content\/uploads\/2026\/01\/2400EJOMN00289-DARK-BROWN-TNC_74_1.png",453,250,false],"trp-custom-language-flag":["https:\/\/turkishtrade.co\/wp-content\/uploads\/2026\/01\/2400EJOMN00289-DARK-BROWN-TNC_74_1.png",18,10,false],"woocommerce_thumbnail":["https:\/\/turkishtrade.co\/wp-content\/uploads\/2026\/01\/2400EJOMN00289-DARK-BROWN-TNC_74_1-400x250.png",400,250,true],"woocommerce_single":["https:\/\/turkishtrade.co\/wp-content\/uploads\/2026\/01\/2400EJOMN00289-DARK-BROWN-TNC_74_1.png",453,250,false],"woocommerce_gallery_thumbnail":["https:\/\/turkishtrade.co\/wp-content\/uploads\/2026\/01\/2400EJOMN00289-DARK-BROWN-TNC_74_1-100x100.png",100,100,true]},"uagb_author_info":{"display_name":"yaser olabi","author_link":"https:\/\/turkishtrade.co\/es\/author\/"},"uagb_comment_info":0,"uagb_excerpt":"Handcrafted from premium calf leather (outer) and soft goat leather (inner). Stylish tassel loafer design, perfect for both dress and casual occasions. Lightweight and comfortable EVA sole with a low heel (1-3 cm). Available in sophisticated Black, Blue, and Brown finishes. Sizes 39-45 (EU) available. Minimum order quantity: 8 pairs. Wholesale pricing available upon request.&hellip;","_links":{"self":[{"href":"https:\/\/turkishtrade.co\/es\/wp-json\/wp\/v2\/product\/5803","targetHints":{"allow":["GET"]}}],"collection":[{"href":"https:\/\/turkishtrade.co\/es\/wp-json\/wp\/v2\/product"}],"about":[{"href":"https:\/\/turkishtrade.co\/es\/wp-json\/wp\/v2\/types\/product"}],"wp:featuredmedia":[{"embeddable":true,"href":"https:\/\/turkishtrade.co\/es\/wp-json\/wp\/v2\/media\/3887"}],"wp:attachment":[{"href":"https:\/\/turkishtrade.co\/es\/wp-json\/wp\/v2\/media?parent=5803"}],"wp:term":[{"taxonomy":"product_brand","embeddable":true,"href":"https:\/\/turkishtrade.co\/es\/wp-json\/wp\/v2\/product_brand?post=5803"},{"taxonomy":"product_cat","embeddable":true,"href":"https:\/\/turkishtrade.co\/es\/wp-json\/wp\/v2\/product_cat?post=5803"},{"taxonomy":"product_tag","embeddable":true,"href":"https:\/\/turkishtrade.co\/es\/wp-json\/wp\/v2\/product_tag?post=5803"}],"curies":[{"name":"wp","href":"https:\/\/api.w.org\/{rel}","templated":true}]}}