{"id":5796,"date":"2026-01-14T13:16:40","date_gmt":"2026-01-14T13:16:40","guid":{"rendered":"https:\/\/turkishtrade.co\/product\/men-s-suede-loafer-shoes\/"},"modified":"2026-04-09T19:23:46","modified_gmt":"2026-04-09T19:23:46","slug":"mens-suede-loafer-shoes-3","status":"publish","type":"product","link":"https:\/\/turkishtrade.co\/es\/shop\/mens-suede-loafer-shoes-3\/","title":{"rendered":"Mocasines de ante para hombre con detalle de ojales"},"content":{"rendered":"<p><strong>Mocasines de ante para hombre<\/strong><\/p>\n<p>Sum\u00e9rjase en un estilo y un confort incomparables con nuestro exquisito <strong>Mocasines de ante para hombre con detalle de ojales<\/strong>. Dise\u00f1adas para el caballero moderno, estas <strong>mocasines de ante para hombre<\/strong> son el ep\u00edtome de la elegancia informal y combinan a la perfecci\u00f3n la artesan\u00eda tradicional con el estilo contempor\u00e1neo. Cada par se elabora meticulosamente para garantizar no solo un aspecto distinguido, sino tambi\u00e9n una durabilidad duradera y una comodidad superior, lo que los convierte en un complemento esencial para cualquier armario sofisticado.<\/p>\n<p><h3>Artesan\u00eda inigualable y materiales de primera calidad<\/h3>\n<\/p>\n<p>Nuestra <strong>mocasines de ante para hombre<\/strong> est\u00e1n fabricados con los mejores materiales. El exterior es de ante de becerro aut\u00e9ntico, con una textura suave y lujosa que resulta atractiva a la vista y agradable al tacto. Esta piel de becerro de primera calidad proporciona un acabado rico y elegante que envejece maravillosamente, asegurando que sus mocasines sigan siendo una parte apreciada de su colecci\u00f3n en los a\u00f1os venideros.<\/p>\n<p>En el interior, tus pies se acunar\u00e1n en el lujoso confort del forro de piel de cabra, famosa por su excepcional suavidad, transpirabilidad y propiedades de evacuaci\u00f3n de la humedad, manteniendo tus pies c\u00f3modos y frescos durante todo el d\u00eda.<\/p>\n<p><h3>Dise\u00f1ado para la comodidad y el estilo<\/h3>\n<\/p>\n<p>La base de estos notables <strong>mocasines de ante<\/strong> es una suela de EVA ligera pero incre\u00edblemente duradera. Este innovador material para la suela proporciona una excelente amortiguaci\u00f3n y absorci\u00f3n de impactos, garantizando una zancada c\u00f3moda tanto si te mueves por las calles de la ciudad como si te relajas el fin de semana. Con una altura de tac\u00f3n cl\u00e1sica de 1-3 cm, estos mocasines informales mantienen una silueta tradicional a la vez que ofrecen una sutil elevaci\u00f3n.<\/p>\n<p>El detalle distintivo de la correa con ojales a\u00f1ade un toque \u00fanico, diferenciando estos mocasines de los dise\u00f1os convencionales y resaltando su calidad a medida. No son solo unos zapatos; son una declaraci\u00f3n de gusto refinado, perfectos tanto para un estilo casual elegante como para un entorno profesional relajado.<\/p>\n<p><h3>Versatilidad para todas las ocasiones y disponibilidad a granel<\/h3>\n<\/p>\n<p>Ya sea con pantalones de sastrer\u00eda, chinos o incluso vaqueros de primera calidad, estas <strong>mocasines de ante para hombre<\/strong> ofrecen una versatilidad incre\u00edble, elevando sin esfuerzo cualquier atuendo. Disponibles en una amplia gama de tallas, de la 39 a la 45, garantizamos un ajuste perfecto para cada pie. Para los minoristas y las empresas que desean disponer de calzado de alta calidad, estos zapatos de primera calidad son la opci\u00f3n perfecta. <strong>mocasines informales<\/strong> est\u00e1n disponibles para su compra al por mayor con un pedido m\u00ednimo de 8 pares.<\/p>\n<p>Nos enorgullecemos de nuestra eficacia, con un plazo de entrega de s\u00f3lo 12 d\u00edas m\u00e1s gastos de env\u00edo, lo que garantiza que reciba su pedido con prontitud. Experimenta la fusi\u00f3n perfecta de lujo, comodidad y estilo con nuestros excepcionales zapatos mocas\u00edn de ante para hombre.<\/p>","protected":false},"excerpt":{"rendered":"<ul>\n<li>Confeccionados en lujosa piel de becerro para un look sofisticado.<\/li>\n<li>Incorpora un suave forro interior de piel de cabra para mayor comodidad y transpirabilidad.<\/li>\n<li>Equipadas con una suela de EVA duradera y ligera para llevarlas todo el d\u00eda.<\/li>\n<li>Altura de tac\u00f3n de mocas\u00edn cl\u00e1sico de 1-3 cm para una elegancia atemporal.<\/li>\n<li>Disponible en una amplia gama de tallas, de la 39 a la 45.<\/li>\n<li>Cantidad m\u00ednima de pedido de 8 pares, ideal para compras al por mayor y al por mayor.<\/li>\n<li>Disfrute de una entrega r\u00e1pida en 12 d\u00edas, m\u00e1s el tiempo de env\u00edo.<\/li>\n<\/ul>","protected":false},"featured_media":3882,"template":"","meta":{"_acf_changed":false,"_uag_custom_page_level_css":"","site-sidebar-layout":"default","site-content-layout":"","ast-site-content-layout":"default","site-content-style":"default","site-sidebar-style":"default","ast-global-header-display":"","ast-banner-title-visibility":"","ast-main-header-display":"","ast-hfb-above-header-display":"","ast-hfb-below-header-display":"","ast-hfb-mobile-header-display":"","site-post-title":"","ast-breadcrumbs-content":"","ast-featured-img":"","footer-sml-layout":"","ast-disable-related-posts":"","theme-transparent-header-meta":"","adv-header-id-meta":"","stick-header-meta":"","header-above-stick-meta":"","header-main-stick-meta":"","header-below-stick-meta":"","astra-migrate-meta-layouts":"default","ast-page-background-enabled":"default","ast-page-background-meta":{"desktop":{"background-color":"var(--ast-global-color-4)","background-image":"","background-repeat":"repeat","background-position":"center center","background-size":"auto","background-attachment":"scroll","background-type":"","background-media":"","overlay-type":"","overlay-color":"","overlay-opacity":"","overlay-gradient":""},"tablet":{"background-color":"","background-image":"","background-repeat":"repeat","background-position":"center center","background-size":"auto","background-attachment":"scroll","background-type":"","background-media":"","overlay-type":"","overlay-color":"","overlay-opacity":"","overlay-gradient":""},"mobile":{"background-color":"","background-image":"","background-repeat":"repeat","background-position":"center center","background-size":"auto","background-attachment":"scroll","background-type":"","background-media":"","overlay-type":"","overlay-color":"","overlay-opacity":"","overlay-gradient":""}},"ast-content-background-meta":{"desktop":{"background-color":"var(--ast-global-color-5)","background-image":"","background-repeat":"repeat","background-position":"center center","background-size":"auto","background-attachment":"scroll","background-type":"","background-media":"","overlay-type":"","overlay-color":"","overlay-opacity":"","overlay-gradient":""},"tablet":{"background-color":"var(--ast-global-color-5)","background-image":"","background-repeat":"repeat","background-position":"center center","background-size":"auto","background-attachment":"scroll","background-type":"","background-media":"","overlay-type":"","overlay-color":"","overlay-opacity":"","overlay-gradient":""},"mobile":{"background-color":"var(--ast-global-color-5)","background-image":"","background-repeat":"repeat","background-position":"center center","background-size":"auto","background-attachment":"scroll","background-type":"","background-media":"","overlay-type":"","overlay-color":"","overlay-opacity":"","overlay-gradient":""}}},"product_brand":[],"product_cat":[48,47,49,430,40],"product_tag":[147,555,457,287,1052,189,384,1049,1053,198,1027,557,936,184,149,760,456],"class_list":{"0":"post-5796","1":"product","2":"type-product","3":"status-publish","4":"has-post-thumbnail","6":"product_cat-casual","7":"product_cat-classic","8":"product_cat-loafer","9":"product_cat-men","10":"product_cat-mens-shoes","11":"product_tag-brown-loafers","12":"product_tag-calfskin-loafers","13":"product_tag-classic-loafers","14":"product_tag-eva-sole-shoes","15":"product_tag-eyelet-loafers","16":"product_tag-goat-leather-lining","17":"product_tag-luxury-loafers","18":"product_tag-mens-casual-loafers","19":"product_tag-mens-dress-casual-shoes","20":"product_tag-mens-fashion","21":"product_tag-mens-suede-loafer-shoes","22":"product_tag-navy-loafers","23":"product_tag-premium-mens-footwear","24":"product_tag-slip-on-shoes","25":"product_tag-suede-loafers","26":"product_tag-tan-loafers","27":"product_tag-wholesale-loafers","28":"desktop-align-center","29":"tablet-align-center","30":"mobile-align-center","32":"first","33":"instock","34":"shipping-taxable","35":"purchasable","36":"product-type-variable","37":"has-default-attributes"},"acf":[],"uagb_featured_image_src":{"full":["https:\/\/turkishtrade.co\/wp-content\/uploads\/2026\/01\/2400EJOMN00278-DARK-BLUE-DKS_06.png",453,250,false],"thumbnail":["https:\/\/turkishtrade.co\/wp-content\/uploads\/2026\/01\/2400EJOMN00278-DARK-BLUE-DKS_06-150x150.png",150,150,true],"medium":["https:\/\/turkishtrade.co\/wp-content\/uploads\/2026\/01\/2400EJOMN00278-DARK-BLUE-DKS_06-300x166.png",300,166,true],"medium_large":["https:\/\/turkishtrade.co\/wp-content\/uploads\/2026\/01\/2400EJOMN00278-DARK-BLUE-DKS_06.png",453,250,false],"large":["https:\/\/turkishtrade.co\/wp-content\/uploads\/2026\/01\/2400EJOMN00278-DARK-BLUE-DKS_06.png",453,250,false],"1536x1536":["https:\/\/turkishtrade.co\/wp-content\/uploads\/2026\/01\/2400EJOMN00278-DARK-BLUE-DKS_06.png",453,250,false],"2048x2048":["https:\/\/turkishtrade.co\/wp-content\/uploads\/2026\/01\/2400EJOMN00278-DARK-BLUE-DKS_06.png",453,250,false],"trp-custom-language-flag":["https:\/\/turkishtrade.co\/wp-content\/uploads\/2026\/01\/2400EJOMN00278-DARK-BLUE-DKS_06-18x10.png",18,10,true],"woocommerce_thumbnail":["https:\/\/turkishtrade.co\/wp-content\/uploads\/2026\/01\/2400EJOMN00278-DARK-BLUE-DKS_06-400x250.png",400,250,true],"woocommerce_single":["https:\/\/turkishtrade.co\/wp-content\/uploads\/2026\/01\/2400EJOMN00278-DARK-BLUE-DKS_06.png",453,250,false],"woocommerce_gallery_thumbnail":["https:\/\/turkishtrade.co\/wp-content\/uploads\/2026\/01\/2400EJOMN00278-DARK-BLUE-DKS_06-100x100.png",100,100,true]},"uagb_author_info":{"display_name":"yaser olabi","author_link":"https:\/\/turkishtrade.co\/es\/author\/"},"uagb_comment_info":0,"uagb_excerpt":"Crafted from luxurious calfskin suede for a sophisticated look. Features a supple goat leather interior lining for ultimate comfort and breathability. Equipped with a durable and lightweight EVA sole for all-day wear. Classic loafer heel height of 1-3 cm for timeless elegance. Available in a comprehensive size range from 39 to 45. Minimum order quantity&hellip;","_links":{"self":[{"href":"https:\/\/turkishtrade.co\/es\/wp-json\/wp\/v2\/product\/5796","targetHints":{"allow":["GET"]}}],"collection":[{"href":"https:\/\/turkishtrade.co\/es\/wp-json\/wp\/v2\/product"}],"about":[{"href":"https:\/\/turkishtrade.co\/es\/wp-json\/wp\/v2\/types\/product"}],"wp:featuredmedia":[{"embeddable":true,"href":"https:\/\/turkishtrade.co\/es\/wp-json\/wp\/v2\/media\/3882"}],"wp:attachment":[{"href":"https:\/\/turkishtrade.co\/es\/wp-json\/wp\/v2\/media?parent=5796"}],"wp:term":[{"taxonomy":"product_brand","embeddable":true,"href":"https:\/\/turkishtrade.co\/es\/wp-json\/wp\/v2\/product_brand?post=5796"},{"taxonomy":"product_cat","embeddable":true,"href":"https:\/\/turkishtrade.co\/es\/wp-json\/wp\/v2\/product_cat?post=5796"},{"taxonomy":"product_tag","embeddable":true,"href":"https:\/\/turkishtrade.co\/es\/wp-json\/wp\/v2\/product_tag?post=5796"}],"curies":[{"name":"wp","href":"https:\/\/api.w.org\/{rel}","templated":true}]}}