{"id":5791,"date":"2026-01-14T13:15:47","date_gmt":"2026-01-14T13:15:47","guid":{"rendered":"https:\/\/turkishtrade.co\/product\/men-s-suede-casual-shoes\/"},"modified":"2026-04-09T19:23:54","modified_gmt":"2026-04-09T19:23:54","slug":"mens-suede-casual-shoes-2","status":"publish","type":"product","link":"https:\/\/turkishtrade.co\/es\/shop\/mens-suede-casual-shoes-2\/","title":{"rendered":"Zapatillas casual cl\u00e1sicas de ante con cordones para hombre"},"content":{"rendered":"<p><strong>Zapatos casual de ante para hombre<\/strong><\/p>\n<p>Descubra el ep\u00edtome del confort sofisticado con nuestros <strong>Zapatos casual de ante para hombre<\/strong>. Dise\u00f1ados para el hombre moderno que valora tanto el estilo como la esencia, estos elegantes zapatos con cordones son un testimonio de exquisita artesan\u00eda y calidad duradera. Combinan a la perfecci\u00f3n la est\u00e9tica cl\u00e1sica con la comodidad contempor\u00e1nea. <strong>Zapatos casual de ante para hombre<\/strong> se convertir\u00e1n en una parte indispensable de su guardarropa, ofreciendo una versatilidad sin igual para diversas ocasiones.<\/p>\n<p><h3>Confort y calidad inigualables<\/h3>\n<\/p>\n<p>En el centro de estos excepcionales <strong>Zapatos casual de ante para hombre<\/strong> es un compromiso con los materiales superiores. El exterior est\u00e1 meticulosamente elaborado con aut\u00e9ntica piel de becerro, famosa por su textura suave, su tacto lujoso y su notable durabilidad. Este ante de alta calidad no solo tiene un aspecto incre\u00edblemente elegante, sino que tambi\u00e9n se amolda perfectamente al pie con el paso del tiempo, garantizando un ajuste personalizado.<\/p>\n<p>Como complemento a su robusto exterior, un lujoso forro interior de flexible piel de cabra proporciona un confort transpirable y una experiencia suave y sin roces a cada paso. Son realmente superiores <strong>Zapatos casual de ante para hombre<\/strong> fabricadas para durar y dise\u00f1adas para un confort supremo.<\/p>\n<p>La base de estas magn\u00edficas zapatillas es su suela de EVA, ligera pero con un apoyo incre\u00edble. Este avanzado material ofrece una excelente amortiguaci\u00f3n, reduciendo la fatiga durante largas jornadas de pie. El sutil tac\u00f3n de 1-3 cm proporciona la elevaci\u00f3n justa para una silueta cl\u00e1sica y sofisticada sin renunciar a la comodidad.<\/p>\n<p>Tanto si se desplaza por las calles de la ciudad como si disfruta de un relajado fin de semana, la construcci\u00f3n de estos <strong>Zapatos casual de ante para hombre<\/strong> garantizan un confort y un apoyo sostenidos, lo que las convierte en el producto ideal <strong>Zapatos casual de ante para hombre<\/strong> para cualquier actividad cotidiana.<\/p>\n<p><h3>Estilo vers\u00e1til para cualquier ocasi\u00f3n<\/h3>\n<\/p>\n<p>El dise\u00f1o atemporal de estos <strong>Zapatos casual de ante para hombre<\/strong> los hace incre\u00edblemente adaptables. Su tono neutro y su elegante estructura con cordones permiten pasar sin esfuerzo de un entorno de oficina elegante e informal a una relajada reuni\u00f3n de fin de semana. Comb\u00ednalos con chinos o vaqueros oscuros para un look casual refinado, o s\u00fabelos ligeramente con pantalones de sastrer\u00eda para un conjunto elegante e informal.<\/p>\n<p>No son s\u00f3lo unos zapatos; son una declaraci\u00f3n de estilo vers\u00e1til, perfecta para cualquiera que busque calidad. <strong>Zapatos casual de ante para hombre<\/strong> que ofrecen clase y practicidad.<\/p>\n<p>Cada par refleja una meticulosa atenci\u00f3n al detalle, desde las costuras precisas hasta el robusto sistema de cordones. La durabilidad del ante de piel de becerro, combinada con la resistente suela de EVA, garantiza que estos zapatos mantendr\u00e1n su aspecto sofisticado y su sensaci\u00f3n de comodidad durante a\u00f1os. Invertir en estos <strong>Zapatos casual de ante para hombre<\/strong> significa elegir un calzado que combine la artesan\u00eda zapatera tradicional con la innovaci\u00f3n de los materiales modernos.<\/p>\n<p><h3>Su elecci\u00f3n para la elegancia cotidiana<\/h3>\n<\/p>\n<p>Eleva tu colecci\u00f3n de calzado con un par que diga mucho de tu gusto. Estos <strong>Zapatos casual de ante para hombre<\/strong> est\u00e1n disponibles en una amplia gama de tallas, de la 39 a la 45, lo que garantiza un ajuste perfecto para una clientela diversa. Para las empresas y los minoristas que buscan ofrecer calzado de primera calidad, estos elegantes <strong>Zapatos casual de ante para hombre<\/strong> est\u00e1n disponibles para su compra al por mayor con un pedido m\u00ednimo de 8 pares, lo que garantiza que pueda abastecerse de esta opci\u00f3n tan popular y atractiva.<\/p>\n<p>Experimente la mezcla perfecta de lujo, comodidad y estilo atemporal con nuestra exquisita selecci\u00f3n de <strong>Zapatos casual de ante para hombre<\/strong>.<\/p>","protected":false},"excerpt":{"rendered":"<ul>\n<li><strong>Materiales de primera calidad:<\/strong> Fabricado con un exterior de aut\u00e9ntica piel de becerro y un interior de suave piel de cabra para ofrecer el m\u00e1ximo confort y durabilidad.<\/li>\n<li><strong>Dise\u00f1o centrado en el confort:<\/strong> Incorpora una suela ligera de EVA y un tac\u00f3n cl\u00e1sico de 1-3 cm para llevarlas todo el d\u00eda.<\/li>\n<li><strong>Estilo vers\u00e1til:<\/strong> Perfecta para combinar con conjuntos informales y elegantes.<\/li>\n<li><strong>Amplia gama de tama\u00f1os:<\/strong> Disponible en las tallas 39-45 para garantizar un ajuste perfecto.<\/li>\n<li><strong>Disponibilidad a granel:<\/strong> Pedido m\u00ednimo de 8 pares; ideal para minoristas y compras al por mayor.<\/li>\n<\/ul>","protected":false},"featured_media":3877,"template":"","meta":{"_acf_changed":false,"_uag_custom_page_level_css":"","site-sidebar-layout":"default","site-content-layout":"","ast-site-content-layout":"default","site-content-style":"default","site-sidebar-style":"default","ast-global-header-display":"","ast-banner-title-visibility":"","ast-main-header-display":"","ast-hfb-above-header-display":"","ast-hfb-below-header-display":"","ast-hfb-mobile-header-display":"","site-post-title":"","ast-breadcrumbs-content":"","ast-featured-img":"","footer-sml-layout":"","ast-disable-related-posts":"","theme-transparent-header-meta":"","adv-header-id-meta":"","stick-header-meta":"","header-above-stick-meta":"","header-main-stick-meta":"","header-below-stick-meta":"","astra-migrate-meta-layouts":"default","ast-page-background-enabled":"default","ast-page-background-meta":{"desktop":{"background-color":"var(--ast-global-color-4)","background-image":"","background-repeat":"repeat","background-position":"center center","background-size":"auto","background-attachment":"scroll","background-type":"","background-media":"","overlay-type":"","overlay-color":"","overlay-opacity":"","overlay-gradient":""},"tablet":{"background-color":"","background-image":"","background-repeat":"repeat","background-position":"center center","background-size":"auto","background-attachment":"scroll","background-type":"","background-media":"","overlay-type":"","overlay-color":"","overlay-opacity":"","overlay-gradient":""},"mobile":{"background-color":"","background-image":"","background-repeat":"repeat","background-position":"center center","background-size":"auto","background-attachment":"scroll","background-type":"","background-media":"","overlay-type":"","overlay-color":"","overlay-opacity":"","overlay-gradient":""}},"ast-content-background-meta":{"desktop":{"background-color":"var(--ast-global-color-5)","background-image":"","background-repeat":"repeat","background-position":"center center","background-size":"auto","background-attachment":"scroll","background-type":"","background-media":"","overlay-type":"","overlay-color":"","overlay-opacity":"","overlay-gradient":""},"tablet":{"background-color":"var(--ast-global-color-5)","background-image":"","background-repeat":"repeat","background-position":"center center","background-size":"auto","background-attachment":"scroll","background-type":"","background-media":"","overlay-type":"","overlay-color":"","overlay-opacity":"","overlay-gradient":""},"mobile":{"background-color":"var(--ast-global-color-5)","background-image":"","background-repeat":"repeat","background-position":"center center","background-size":"auto","background-attachment":"scroll","background-type":"","background-media":"","overlay-type":"","overlay-color":"","overlay-opacity":"","overlay-gradient":""}}},"product_brand":[],"product_cat":[48,47,49,430,40],"product_tag":[451,449,145,222,212,438,459,189,1051,337,281],"class_list":{"0":"post-5791","1":"product","2":"type-product","3":"status-publish","4":"has-post-thumbnail","6":"product_cat-casual","7":"product_cat-classic","8":"product_cat-loafer","9":"product_cat-men","10":"product_cat-mens-shoes","11":"product_tag-calfskin-leather","12":"product_tag-casual-shoes","13":"product_tag-classic-shoes","14":"product_tag-comfortable-shoes","15":"product_tag-derby-shoes","16":"product_tag-eva-sole","17":"product_tag-everyday-shoes","18":"product_tag-goat-leather-lining","19":"product_tag-light-brown-shoes","20":"product_tag-mens-suede-shoes","21":"product_tag-wholesale-shoes","22":"desktop-align-center","23":"tablet-align-center","24":"mobile-align-center","26":"first","27":"instock","28":"shipping-taxable","29":"purchasable","30":"product-type-variable","31":"has-default-attributes"},"acf":[],"uagb_featured_image_src":{"full":["https:\/\/turkishtrade.co\/wp-content\/uploads\/2026\/01\/2400EJOMN00269-BEIGE-C_32.png",453,250,false],"thumbnail":["https:\/\/turkishtrade.co\/wp-content\/uploads\/2026\/01\/2400EJOMN00269-BEIGE-C_32-150x150.png",150,150,true],"medium":["https:\/\/turkishtrade.co\/wp-content\/uploads\/2026\/01\/2400EJOMN00269-BEIGE-C_32-300x166.png",300,166,true],"medium_large":["https:\/\/turkishtrade.co\/wp-content\/uploads\/2026\/01\/2400EJOMN00269-BEIGE-C_32.png",453,250,false],"large":["https:\/\/turkishtrade.co\/wp-content\/uploads\/2026\/01\/2400EJOMN00269-BEIGE-C_32.png",453,250,false],"1536x1536":["https:\/\/turkishtrade.co\/wp-content\/uploads\/2026\/01\/2400EJOMN00269-BEIGE-C_32.png",453,250,false],"2048x2048":["https:\/\/turkishtrade.co\/wp-content\/uploads\/2026\/01\/2400EJOMN00269-BEIGE-C_32.png",453,250,false],"trp-custom-language-flag":["https:\/\/turkishtrade.co\/wp-content\/uploads\/2026\/01\/2400EJOMN00269-BEIGE-C_32-18x10.png",18,10,true],"woocommerce_thumbnail":["https:\/\/turkishtrade.co\/wp-content\/uploads\/2026\/01\/2400EJOMN00269-BEIGE-C_32-400x250.png",400,250,true],"woocommerce_single":["https:\/\/turkishtrade.co\/wp-content\/uploads\/2026\/01\/2400EJOMN00269-BEIGE-C_32.png",453,250,false],"woocommerce_gallery_thumbnail":["https:\/\/turkishtrade.co\/wp-content\/uploads\/2026\/01\/2400EJOMN00269-BEIGE-C_32-100x100.png",100,100,true]},"uagb_author_info":{"display_name":"yaser olabi","author_link":"https:\/\/turkishtrade.co\/es\/author\/"},"uagb_comment_info":0,"uagb_excerpt":"Premium Materials: Crafted with a genuine calfskin leather exterior and soft goat leather interior for ultimate comfort and durability. Comfort-Focused Design: Features a lightweight EVA sole and a classic 1-3 cm heel for all-day wear. Versatile Style: Perfect for pairing with both casual and smart-casual outfits. Wide Size Range: Available in sizes 39-45 to ensure&hellip;","_links":{"self":[{"href":"https:\/\/turkishtrade.co\/es\/wp-json\/wp\/v2\/product\/5791","targetHints":{"allow":["GET"]}}],"collection":[{"href":"https:\/\/turkishtrade.co\/es\/wp-json\/wp\/v2\/product"}],"about":[{"href":"https:\/\/turkishtrade.co\/es\/wp-json\/wp\/v2\/types\/product"}],"wp:featuredmedia":[{"embeddable":true,"href":"https:\/\/turkishtrade.co\/es\/wp-json\/wp\/v2\/media\/3877"}],"wp:attachment":[{"href":"https:\/\/turkishtrade.co\/es\/wp-json\/wp\/v2\/media?parent=5791"}],"wp:term":[{"taxonomy":"product_brand","embeddable":true,"href":"https:\/\/turkishtrade.co\/es\/wp-json\/wp\/v2\/product_brand?post=5791"},{"taxonomy":"product_cat","embeddable":true,"href":"https:\/\/turkishtrade.co\/es\/wp-json\/wp\/v2\/product_cat?post=5791"},{"taxonomy":"product_tag","embeddable":true,"href":"https:\/\/turkishtrade.co\/es\/wp-json\/wp\/v2\/product_tag?post=5791"}],"curies":[{"name":"wp","href":"https:\/\/api.w.org\/{rel}","templated":true}]}}