{"id":5785,"date":"2026-01-14T13:14:57","date_gmt":"2026-01-14T13:14:57","guid":{"rendered":"https:\/\/turkishtrade.co\/product\/mens-brown-leather-derby-shoes-4\/"},"modified":"2026-04-09T19:24:07","modified_gmt":"2026-04-09T19:24:07","slug":"mens-brown-leather-derby-shoes-4","status":"publish","type":"product","link":"https:\/\/turkishtrade.co\/es\/shop\/mens-brown-leather-derby-shoes-4\/","title":{"rendered":"Zapatos Derby de piel de becerro marr\u00f3n de primera calidad con suela gruesa de EVA"},"content":{"rendered":"<p><strong>Zapatos Derby de piel marr\u00f3n para hombre<\/strong><\/p>\n<p>Descubra la combinaci\u00f3n perfecta de estilo, comodidad y durabilidad con nuestro <b>Zapatos Derby de piel de becerro marr\u00f3n de primera calidad<\/b>. Dise\u00f1adas para el hombre moderno, estas excepcionales <b>zapatos derby de cuero marr\u00f3n para hombre<\/b> son un b\u00e1sico para cualquier armario exigente, ya que permiten pasar sin esfuerzo de un estilo informal elegante a un atuendo sofisticado para el d\u00eda a d\u00eda. Disfruta de una artesan\u00eda inigualable y un dise\u00f1o llamativo que distingue a estos zapatos.<\/p>\n<p><h3>Calidad y materiales inigualables<\/h3>\n<\/p>\n<p>Cada par de estos exquisitos <b>zapatos derby de cuero marr\u00f3n para hombre<\/b> est\u00e1 fabricado meticulosamente con la mejor piel de ternero aut\u00e9ntica para la superficie exterior. Esta piel de becerro de primera calidad no s\u00f3lo proporciona un impresionante tono marr\u00f3n intenso, sino que tambi\u00e9n ofrece una durabilidad excepcional y una textura natural y elegante que envejecer\u00e1 maravillosamente con el paso del tiempo. Su robusta construcci\u00f3n garantiza que estos zapatos puedan soportar los rigores del uso diario sin perder su impecable aspecto.<\/p>\n<p>En el interior, tus pies estar\u00e1n envueltos en lujo gracias al forro de piel de cabra suave y transpirable, que garantiza el m\u00e1ximo confort durante todo el d\u00eda. Esta combinaci\u00f3n de materiales superiores dice mucho de la calidad y la atenci\u00f3n al detalle que se invierte en cada par.<\/p>\n<p><h3>La comodidad se une al estilo contempor\u00e1neo con la suela gruesa de EVA<\/h3>\n<\/p>\n<p>Lo que realmente diferencia a estos <b>zapatos derby de cuero marr\u00f3n para hombre<\/b> es su innovadora suela gruesa de EVA. Esta suela de EVA, ligera pero incre\u00edblemente duradera, proporciona una amortiguaci\u00f3n, absorci\u00f3n de impactos y flexibilidad superiores, haciendo que cada paso sea un placer. El dise\u00f1o grueso no solo aporta una est\u00e9tica moderna y actual, sino que tambi\u00e9n ofrece una mayor sujeci\u00f3n y estabilidad.<\/p>\n<p>A diferencia de los zapatos de vestir tradicionales, la suela de EVA ofrece una c\u00f3moda elevaci\u00f3n sin comprometer el equilibrio, perfecta para esos largos d\u00edas de pie. El dise\u00f1o con cordones garantiza un ajuste seguro y regulable, adapt\u00e1ndose a tu pie para un confort personalizado.<\/p>\n<p><h3>Ideal para pedidos al por mayor y a granel<\/h3>\n<\/p>\n<p>Para las empresas que buscan ofrecer a sus clientes un calzado de primera calidad, elegante y c\u00f3modo, estas <b>zapatos derby de cuero marr\u00f3n para hombre<\/b> son una excelente elecci\u00f3n. Atendemos las demandas de los mayoristas con un pedido m\u00ednimo de s\u00f3lo 8 pares, lo que facilita el aprovisionamiento de este popular estilo. Con un plazo de entrega fiable de aproximadamente 12 d\u00edas m\u00e1s gastos de env\u00edo, puede estar seguro de que su inventario se renueva de forma eficiente.<\/p>\n<p>Estos zapatos de alta calidad est\u00e1n disponibles en una amplia gama de tallas, de la 39 a la 45, para que pueda satisfacer las diversas necesidades de su clientela. Eleve su colecci\u00f3n de calzado y deleite a sus clientes con estos zapatos derby de piel de ternero marr\u00f3n de primera calidad.<\/p>","protected":false},"excerpt":{"rendered":"<ul>\n<li><b>Material exquisito:<\/b> Fabricado en piel de ternero 100% para un exterior rico y duradero.<\/li>\n<li><b>M\u00e1xima comodidad:<\/b> Forrado con suave piel de cabra para una transpirabilidad excepcional y un tacto lujoso.<\/li>\n<li><b>Dise\u00f1o moderno:<\/b> Incorpora una suela gruesa de EVA para un confort superior y un look contempor\u00e1neo.<\/li>\n<li><b>Tallas vers\u00e1tiles:<\/b> Disponible en las tallas 39, 40, 41, 42, 43, 44 y 45 para adaptarse a una amplia gama de clientes.<\/li>\n<li><b>Listo para la venta al por mayor:<\/b> Pedido m\u00ednimo de 8 pares con un plazo de entrega estimado de 12 d\u00edas m\u00e1s gastos de env\u00edo.<\/li>\n<\/ul>","protected":false},"featured_media":3873,"template":"","meta":{"_acf_changed":false,"_uag_custom_page_level_css":"","site-sidebar-layout":"default","site-content-layout":"","ast-site-content-layout":"default","site-content-style":"default","site-sidebar-style":"default","ast-global-header-display":"","ast-banner-title-visibility":"","ast-main-header-display":"","ast-hfb-above-header-display":"","ast-hfb-below-header-display":"","ast-hfb-mobile-header-display":"","site-post-title":"","ast-breadcrumbs-content":"","ast-featured-img":"","footer-sml-layout":"","ast-disable-related-posts":"","theme-transparent-header-meta":"","adv-header-id-meta":"","stick-header-meta":"","header-above-stick-meta":"","header-main-stick-meta":"","header-below-stick-meta":"","astra-migrate-meta-layouts":"default","ast-page-background-enabled":"default","ast-page-background-meta":{"desktop":{"background-color":"var(--ast-global-color-4)","background-image":"","background-repeat":"repeat","background-position":"center center","background-size":"auto","background-attachment":"scroll","background-type":"","background-media":"","overlay-type":"","overlay-color":"","overlay-opacity":"","overlay-gradient":""},"tablet":{"background-color":"","background-image":"","background-repeat":"repeat","background-position":"center center","background-size":"auto","background-attachment":"scroll","background-type":"","background-media":"","overlay-type":"","overlay-color":"","overlay-opacity":"","overlay-gradient":""},"mobile":{"background-color":"","background-image":"","background-repeat":"repeat","background-position":"center center","background-size":"auto","background-attachment":"scroll","background-type":"","background-media":"","overlay-type":"","overlay-color":"","overlay-opacity":"","overlay-gradient":""}},"ast-content-background-meta":{"desktop":{"background-color":"var(--ast-global-color-5)","background-image":"","background-repeat":"repeat","background-position":"center center","background-size":"auto","background-attachment":"scroll","background-type":"","background-media":"","overlay-type":"","overlay-color":"","overlay-opacity":"","overlay-gradient":""},"tablet":{"background-color":"var(--ast-global-color-5)","background-image":"","background-repeat":"repeat","background-position":"center center","background-size":"auto","background-attachment":"scroll","background-type":"","background-media":"","overlay-type":"","overlay-color":"","overlay-opacity":"","overlay-gradient":""},"mobile":{"background-color":"var(--ast-global-color-5)","background-image":"","background-repeat":"repeat","background-position":"center center","background-size":"auto","background-attachment":"scroll","background-type":"","background-media":"","overlay-type":"","overlay-color":"","overlay-opacity":"","overlay-gradient":""}}},"product_brand":[],"product_cat":[48,47,49,430,40],"product_tag":[218,202,449,436,212,438,437,227,198,362,281],"class_list":{"0":"post-5785","1":"product","2":"type-product","3":"status-publish","4":"has-post-thumbnail","6":"product_cat-casual","7":"product_cat-classic","8":"product_cat-loafer","9":"product_cat-men","10":"product_cat-mens-shoes","11":"product_tag-brown-shoes","12":"product_tag-calf-leather","13":"product_tag-casual-shoes","14":"product_tag-chunky-sole","15":"product_tag-derby-shoes","16":"product_tag-eva-sole","17":"product_tag-goat-leather","18":"product_tag-leather-shoes","19":"product_tag-mens-fashion","20":"product_tag-premium-footwear","21":"product_tag-wholesale-shoes","22":"desktop-align-center","23":"tablet-align-center","24":"mobile-align-center","26":"first","27":"instock","28":"shipping-taxable","29":"purchasable","30":"product-type-variable","31":"has-default-attributes"},"acf":[],"uagb_featured_image_src":{"full":["https:\/\/turkishtrade.co\/wp-content\/uploads\/2026\/01\/2400EJOMN00264-CAMEL-DKS_876-6-USD.png",453,250,false],"thumbnail":["https:\/\/turkishtrade.co\/wp-content\/uploads\/2026\/01\/2400EJOMN00264-CAMEL-DKS_876-6-USD-150x150.png",150,150,true],"medium":["https:\/\/turkishtrade.co\/wp-content\/uploads\/2026\/01\/2400EJOMN00264-CAMEL-DKS_876-6-USD-300x166.png",300,166,true],"medium_large":["https:\/\/turkishtrade.co\/wp-content\/uploads\/2026\/01\/2400EJOMN00264-CAMEL-DKS_876-6-USD.png",453,250,false],"large":["https:\/\/turkishtrade.co\/wp-content\/uploads\/2026\/01\/2400EJOMN00264-CAMEL-DKS_876-6-USD.png",453,250,false],"1536x1536":["https:\/\/turkishtrade.co\/wp-content\/uploads\/2026\/01\/2400EJOMN00264-CAMEL-DKS_876-6-USD.png",453,250,false],"2048x2048":["https:\/\/turkishtrade.co\/wp-content\/uploads\/2026\/01\/2400EJOMN00264-CAMEL-DKS_876-6-USD.png",453,250,false],"trp-custom-language-flag":["https:\/\/turkishtrade.co\/wp-content\/uploads\/2026\/01\/2400EJOMN00264-CAMEL-DKS_876-6-USD-18x10.png",18,10,true],"woocommerce_thumbnail":["https:\/\/turkishtrade.co\/wp-content\/uploads\/2026\/01\/2400EJOMN00264-CAMEL-DKS_876-6-USD-400x250.png",400,250,true],"woocommerce_single":["https:\/\/turkishtrade.co\/wp-content\/uploads\/2026\/01\/2400EJOMN00264-CAMEL-DKS_876-6-USD.png",453,250,false],"woocommerce_gallery_thumbnail":["https:\/\/turkishtrade.co\/wp-content\/uploads\/2026\/01\/2400EJOMN00264-CAMEL-DKS_876-6-USD-100x100.png",100,100,true]},"uagb_author_info":{"display_name":"yaser olabi","author_link":"https:\/\/turkishtrade.co\/es\/author\/"},"uagb_comment_info":0,"uagb_excerpt":"Exquisite Material: Crafted from 100% genuine calf leather for a rich, durable exterior. Ultimate Comfort: Lined with soft goat leather for exceptional breathability and luxurious feel. Modern Design: Features a distinctive chunky EVA sole for superior comfort and a contemporary look. Versatile Sizing: Available in sizes 39, 40, 41, 42, 43, 44, 45 to fit&hellip;","_links":{"self":[{"href":"https:\/\/turkishtrade.co\/es\/wp-json\/wp\/v2\/product\/5785","targetHints":{"allow":["GET"]}}],"collection":[{"href":"https:\/\/turkishtrade.co\/es\/wp-json\/wp\/v2\/product"}],"about":[{"href":"https:\/\/turkishtrade.co\/es\/wp-json\/wp\/v2\/types\/product"}],"wp:featuredmedia":[{"embeddable":true,"href":"https:\/\/turkishtrade.co\/es\/wp-json\/wp\/v2\/media\/3873"}],"wp:attachment":[{"href":"https:\/\/turkishtrade.co\/es\/wp-json\/wp\/v2\/media?parent=5785"}],"wp:term":[{"taxonomy":"product_brand","embeddable":true,"href":"https:\/\/turkishtrade.co\/es\/wp-json\/wp\/v2\/product_brand?post=5785"},{"taxonomy":"product_cat","embeddable":true,"href":"https:\/\/turkishtrade.co\/es\/wp-json\/wp\/v2\/product_cat?post=5785"},{"taxonomy":"product_tag","embeddable":true,"href":"https:\/\/turkishtrade.co\/es\/wp-json\/wp\/v2\/product_tag?post=5785"}],"curies":[{"name":"wp","href":"https:\/\/api.w.org\/{rel}","templated":true}]}}