{"id":5783,"date":"2026-01-14T13:14:34","date_gmt":"2026-01-14T13:14:34","guid":{"rendered":"https:\/\/turkishtrade.co\/product\/men-brown-leather-loafer\/"},"modified":"2026-04-09T19:24:10","modified_gmt":"2026-04-09T19:24:10","slug":"mens-brown-leather-loafer","status":"publish","type":"product","link":"https:\/\/turkishtrade.co\/es\/shop\/mens-brown-leather-loafer\/","title":{"rendered":"Mocasines casuales de hombre en piel de becerro marr\u00f3n de primera calidad"},"content":{"rendered":"<p><strong>Mocas\u00edn de hombre de piel marr\u00f3n<\/strong><\/p>\n<p>Salga a la calle con un estilo y un confort incomparables con nuestro exquisito <strong>mocas\u00edn de caballero de cuero marr\u00f3n<\/strong>, Estos zapatos informales de primera calidad est\u00e1n dise\u00f1ados para ofrecer una combinaci\u00f3n perfecta de sofisticaci\u00f3n y comodidad para el d\u00eda a d\u00eda. Estos zapatos informales de primera calidad est\u00e1n dise\u00f1ados para ofrecer una combinaci\u00f3n perfecta de sofisticaci\u00f3n y comodidad para el d\u00eda a d\u00eda, lo que los convierte en un complemento esencial para cualquier armario moderno. Cada par de estos excepcionales <strong>mocas\u00edn de caballero de cuero marr\u00f3n<\/strong> muestra una artesan\u00eda superior, utilizando s\u00f3lo los mejores materiales para garantizar la durabilidad y una sensaci\u00f3n de lujo que dura.<\/p>\n<p><h3>El mocas\u00edn de piel marr\u00f3n para hombre de primera calidad: Calidad y comodidad inigualables<\/h3>\n<\/p>\n<p>El exterior de estos extraordinarios zapatos informales est\u00e1 fabricado en piel de ternero de alta calidad, elegida por su naturaleza robusta, su rica textura y su atractivo duradero. El tono marr\u00f3n intenso de este cl\u00e1sico <strong>mocas\u00edn de caballero de cuero marr\u00f3n<\/strong> proporciona un aspecto vers\u00e1til que complementa sin esfuerzo una amplia gama de atuendos, desde conjuntos informales de negocios hasta conjuntos de fin de semana. Bajo su elegante exterior, tus pies se acunar\u00e1n en el suave forro de piel de cabra.<\/p>\n<p>Este interior de primera calidad no s\u00f3lo ofrece un confort superior y un tacto suave contra la piel, sino que tambi\u00e9n mejora la transpirabilidad, manteniendo los pies frescos durante todo el d\u00eda.<\/p>\n<p><h3>Dise\u00f1ado para el rendimiento diario<\/h3>\n<\/p>\n<p>M\u00e1s all\u00e1 de su impresionante est\u00e9tica, estos <strong>mocas\u00edn de caballero de cuero marr\u00f3n<\/strong> est\u00e1n dise\u00f1adas para ofrecer un alto rendimiento. La robusta suela de EVA proporciona una excelente amortiguaci\u00f3n y apoyo, garantizando la comodidad a cada paso. Con una altura de tac\u00f3n cl\u00e1sica de 1-3 cm, estos mocasines logran el equilibrio perfecto entre estilo tradicional y comodidad moderna, por lo que son ideales para un uso prolongado.<\/p>\n<p>La fiable tracci\u00f3n de la suela de EVA tambi\u00e9n garantiza la estabilidad en diversas superficies, lo que aumenta la practicidad de este vers\u00e1til calzado. <strong>mocas\u00edn de caballero de cuero marr\u00f3n<\/strong>.<\/p>\n<p><h3>Ajuste perfecto para todo caballero<\/h3>\n<\/p>\n<p>Entendemos la importancia de un ajuste perfecto, por lo que nuestros <strong>mocas\u00edn de caballero de cuero marr\u00f3n<\/strong> est\u00e1 disponible en una amplia gama de tallas, de la UE 39 a la 45. Tanto si compra para uso personal como para su negocio minorista, encontrar\u00e1 la talla ideal para satisfacer sus necesidades. Nuestro compromiso con la calidad se extiende a cada detalle, garantizando que cada par de nuestros <strong>mocas\u00edn de caballero de cuero marr\u00f3n<\/strong> proporciona un ajuste ce\u00f1ido pero c\u00f3modo.<\/p>\n<p><h3>Pedidos al por mayor y entrega eficaz<\/h3>\n<\/p>\n<p>Para los minoristas y las empresas, estos <strong>mocas\u00edn de caballero de cuero marr\u00f3n<\/strong> Los zapatos est\u00e1n disponibles para pedidos al por mayor con una cantidad m\u00ednima de 8 pares. Nos enorgullecemos de la eficacia de nuestra producci\u00f3n, que garantiza que su pedido est\u00e9 listo para el env\u00edo en un plazo aproximado de 12 d\u00edas, seguido de los plazos de env\u00edo est\u00e1ndar. Invierta en estos zapatos de alta calidad <strong>mocas\u00edn de caballero de cuero marr\u00f3n<\/strong> zapatos y proporcione a sus clientes un producto que sea un ejemplo de estilo, comodidad y valor duradero.<\/p>","protected":false},"excerpt":{"rendered":"<ul>\n<li><strong>Parte superior de piel de becerro de primera calidad:<\/strong> Duradero y elegante acabado marr\u00f3n texturizado.<\/li>\n<li><strong>Forro de suave piel de cabra:<\/strong> Garantiza la m\u00e1xima comodidad y transpirabilidad.<\/li>\n<li><strong>C\u00f3moda suela de EVA:<\/strong> Proporciona una excelente tracci\u00f3n y sujeci\u00f3n con un tac\u00f3n cl\u00e1sico de 1-3 cm.<\/li>\n<li><strong>Tallas disponibles:<\/strong> Gama completa de UE 39 a 45.<\/li>\n<li><strong>Disponibilidad a granel:<\/strong> Pedido m\u00ednimo de 8 pares.<\/li>\n<li><strong>Producci\u00f3n eficiente:<\/strong> Listo para env\u00edo en 12 d\u00edas (+ tiempo de env\u00edo).<\/li>\n<\/ul>","protected":false},"featured_media":3872,"template":"","meta":{"_acf_changed":false,"_uag_custom_page_level_css":"","site-sidebar-layout":"default","site-content-layout":"","ast-site-content-layout":"default","site-content-style":"default","site-sidebar-style":"default","ast-global-header-display":"","ast-banner-title-visibility":"","ast-main-header-display":"","ast-hfb-above-header-display":"","ast-hfb-below-header-display":"","ast-hfb-mobile-header-display":"","site-post-title":"","ast-breadcrumbs-content":"","ast-featured-img":"","footer-sml-layout":"","ast-disable-related-posts":"","theme-transparent-header-meta":"","adv-header-id-meta":"","stick-header-meta":"","header-above-stick-meta":"","header-main-stick-meta":"","header-below-stick-meta":"","astra-migrate-meta-layouts":"default","ast-page-background-enabled":"default","ast-page-background-meta":{"desktop":{"background-color":"var(--ast-global-color-4)","background-image":"","background-repeat":"repeat","background-position":"center center","background-size":"auto","background-attachment":"scroll","background-type":"","background-media":"","overlay-type":"","overlay-color":"","overlay-opacity":"","overlay-gradient":""},"tablet":{"background-color":"","background-image":"","background-repeat":"repeat","background-position":"center center","background-size":"auto","background-attachment":"scroll","background-type":"","background-media":"","overlay-type":"","overlay-color":"","overlay-opacity":"","overlay-gradient":""},"mobile":{"background-color":"","background-image":"","background-repeat":"repeat","background-position":"center center","background-size":"auto","background-attachment":"scroll","background-type":"","background-media":"","overlay-type":"","overlay-color":"","overlay-opacity":"","overlay-gradient":""}},"ast-content-background-meta":{"desktop":{"background-color":"var(--ast-global-color-5)","background-image":"","background-repeat":"repeat","background-position":"center center","background-size":"auto","background-attachment":"scroll","background-type":"","background-media":"","overlay-type":"","overlay-color":"","overlay-opacity":"","overlay-gradient":""},"tablet":{"background-color":"var(--ast-global-color-5)","background-image":"","background-repeat":"repeat","background-position":"center center","background-size":"auto","background-attachment":"scroll","background-type":"","background-media":"","overlay-type":"","overlay-color":"","overlay-opacity":"","overlay-gradient":""},"mobile":{"background-color":"var(--ast-global-color-5)","background-image":"","background-repeat":"repeat","background-position":"center center","background-size":"auto","background-attachment":"scroll","background-type":"","background-media":"","overlay-type":"","overlay-color":"","overlay-opacity":"","overlay-gradient":""}}},"product_brand":[],"product_cat":[48,47,49,430,40],"product_tag":[292,202,449,551,222,982,438,437,941,1049,198,186,281],"class_list":{"0":"post-5783","1":"product","2":"type-product","3":"status-publish","4":"has-post-thumbnail","6":"product_cat-casual","7":"product_cat-classic","8":"product_cat-loafer","9":"product_cat-men","10":"product_cat-mens-shoes","11":"product_tag-brown-leather-shoes","12":"product_tag-calf-leather","13":"product_tag-casual-shoes","14":"product_tag-classic-style","15":"product_tag-comfortable-shoes","16":"product_tag-durable-footwear","17":"product_tag-eva-sole","18":"product_tag-goat-leather","19":"product_tag-lace-up-loafers","20":"product_tag-mens-casual-loafers","21":"product_tag-mens-fashion","22":"product_tag-mens-loafers","23":"product_tag-wholesale-shoes","24":"desktop-align-center","25":"tablet-align-center","26":"mobile-align-center","28":"first","29":"instock","30":"shipping-taxable","31":"purchasable","32":"product-type-variable","33":"has-default-attributes"},"acf":[],"uagb_featured_image_src":{"full":["https:\/\/turkishtrade.co\/wp-content\/uploads\/2026\/01\/2400EJOMN00263-BROWN-DKS_876.png",453,250,false],"thumbnail":["https:\/\/turkishtrade.co\/wp-content\/uploads\/2026\/01\/2400EJOMN00263-BROWN-DKS_876-150x150.png",150,150,true],"medium":["https:\/\/turkishtrade.co\/wp-content\/uploads\/2026\/01\/2400EJOMN00263-BROWN-DKS_876-300x166.png",300,166,true],"medium_large":["https:\/\/turkishtrade.co\/wp-content\/uploads\/2026\/01\/2400EJOMN00263-BROWN-DKS_876.png",453,250,false],"large":["https:\/\/turkishtrade.co\/wp-content\/uploads\/2026\/01\/2400EJOMN00263-BROWN-DKS_876.png",453,250,false],"1536x1536":["https:\/\/turkishtrade.co\/wp-content\/uploads\/2026\/01\/2400EJOMN00263-BROWN-DKS_876.png",453,250,false],"2048x2048":["https:\/\/turkishtrade.co\/wp-content\/uploads\/2026\/01\/2400EJOMN00263-BROWN-DKS_876.png",453,250,false],"trp-custom-language-flag":["https:\/\/turkishtrade.co\/wp-content\/uploads\/2026\/01\/2400EJOMN00263-BROWN-DKS_876-18x10.png",18,10,true],"woocommerce_thumbnail":["https:\/\/turkishtrade.co\/wp-content\/uploads\/2026\/01\/2400EJOMN00263-BROWN-DKS_876-400x250.png",400,250,true],"woocommerce_single":["https:\/\/turkishtrade.co\/wp-content\/uploads\/2026\/01\/2400EJOMN00263-BROWN-DKS_876.png",453,250,false],"woocommerce_gallery_thumbnail":["https:\/\/turkishtrade.co\/wp-content\/uploads\/2026\/01\/2400EJOMN00263-BROWN-DKS_876-100x100.png",100,100,true]},"uagb_author_info":{"display_name":"yaser olabi","author_link":"https:\/\/turkishtrade.co\/es\/author\/"},"uagb_comment_info":0,"uagb_excerpt":"Premium Calf Leather Upper: Durable and stylish textured brown finish. Soft Goat Leather Lining: Ensures ultimate comfort and breathability. Comfortable EVA Sole: Provides excellent traction and support with a classic 1-3cm heel. Available Sizes: Comprehensive range from EU 39 to 45. Bulk Availability: Minimum order of 8 pairs. Efficient Production: Ready for dispatch within 12&hellip;","_links":{"self":[{"href":"https:\/\/turkishtrade.co\/es\/wp-json\/wp\/v2\/product\/5783","targetHints":{"allow":["GET"]}}],"collection":[{"href":"https:\/\/turkishtrade.co\/es\/wp-json\/wp\/v2\/product"}],"about":[{"href":"https:\/\/turkishtrade.co\/es\/wp-json\/wp\/v2\/types\/product"}],"wp:featuredmedia":[{"embeddable":true,"href":"https:\/\/turkishtrade.co\/es\/wp-json\/wp\/v2\/media\/3872"}],"wp:attachment":[{"href":"https:\/\/turkishtrade.co\/es\/wp-json\/wp\/v2\/media?parent=5783"}],"wp:term":[{"taxonomy":"product_brand","embeddable":true,"href":"https:\/\/turkishtrade.co\/es\/wp-json\/wp\/v2\/product_brand?post=5783"},{"taxonomy":"product_cat","embeddable":true,"href":"https:\/\/turkishtrade.co\/es\/wp-json\/wp\/v2\/product_cat?post=5783"},{"taxonomy":"product_tag","embeddable":true,"href":"https:\/\/turkishtrade.co\/es\/wp-json\/wp\/v2\/product_tag?post=5783"}],"curies":[{"name":"wp","href":"https:\/\/api.w.org\/{rel}","templated":true}]}}