{"id":5771,"date":"2026-01-14T13:12:34","date_gmt":"2026-01-14T13:12:34","guid":{"rendered":"https:\/\/turkishtrade.co\/product\/mens-leather-brogue-shoes-3\/"},"modified":"2026-04-09T19:24:31","modified_gmt":"2026-04-09T19:24:31","slug":"mens-leather-brogue-shoes-3","status":"publish","type":"product","link":"https:\/\/turkishtrade.co\/es\/shop\/mens-leather-brogue-shoes-3\/","title":{"rendered":"Zapatos Wingtip Brogue de piel de primera calidad para hombre con suela de EVA"},"content":{"rendered":"<p><strong>Zapatos brogue de piel para hombre<\/strong><\/p>\n<p>Adopte un estilo sofisticado con nuestros zapatos Wingtip Brogue de piel de primera calidad para hombre. Meticulosamente elaborados para el caballero moderno, estos exquisitos zapatos combinan a la perfecci\u00f3n el dise\u00f1o atemporal con la comodidad contempor\u00e1nea. Tanto si se dirige a una reuni\u00f3n de negocios, a un evento formal o simplemente a disfrutar de una salida informal, estos vers\u00e1tiles zapatos de punta de ala para hombre son perfectos para cualquier ocasi\u00f3n. <b>zapatos brogue de piel para hombre<\/b> est\u00e1n dise\u00f1ados para hacer una declaraci\u00f3n.<\/p>\n<p><h3>Artesan\u00eda inigualable y materiales de primera calidad<\/h3>\n<\/p>\n<p>Nuestro compromiso con la calidad empieza por los materiales. La superficie exterior de estas extraordinarias <b>zapatos brogue de piel para hombre<\/b> est\u00e1 fabricado en aut\u00e9ntica piel de ternero de calidad superior, famosa por su acabado suave, su durabilidad y su capacidad para envejecer maravillosamente. Esta piel de primera calidad ofrece una est\u00e9tica refinada que realzar\u00e1 cualquier armario.<\/p>\n<p>En el interior, tus pies experimentar\u00e1n una comodidad inigualable gracias al forro de piel de cabra suave y transpirable. Este forro interior evacua la humedad, garantizando que tus pies permanezcan secos y c\u00f3modos durante todo el d\u00eda, lo que los convierte en el calzado ideal. <b>zapatos brogue de piel para hombre<\/b> para un uso prolongado.<\/p>\n<p><h3>La comodidad se une al estilo cl\u00e1sico<\/h3>\n<\/p>\n<p>Adem\u00e1s de sus lujosos materiales, estos zapatos de estilo brogue con punta de ala incorporan una suela de EVA ligera y muy flexible. Este innovador material de suela proporciona una excelente absorci\u00f3n de impactos y una tracci\u00f3n superior, haciendo que cada paso sea un placer. A diferencia de las suelas pesadas tradicionales, la suela de EVA ofrece una base moderna y c\u00f3moda sin comprometer el atractivo cl\u00e1sico del zapato.<\/p>\n<p>Los intrincados detalles de las puntas de las alas y las perforaciones son un sello distintivo del dise\u00f1o cl\u00e1sico de los brogue, y a\u00f1aden un toque de elegancia y car\u00e1cter que les confiere un car\u00e1cter \u00fanico. <b>zapatos brogue de piel para hombre<\/b> aparte.<\/p>\n<p>Disponibles en una amplia gama de tallas UE de la 39 a la 45, estas <b>zapatos brogue de piel para hombre<\/b> se adaptan a diversos tama\u00f1os de pie. Su dise\u00f1o atemporal garantiza que combinen a la perfecci\u00f3n con trajes de sastrer\u00eda, pantalones elegantes o incluso vaqueros de primera calidad para un look informal elegante. Entendemos la necesidad de calidad al por mayor, por lo que estos zapatos de primera calidad son la opci\u00f3n perfecta. <b>zapatos brogue de piel para hombre<\/b> est\u00e1n disponibles para la compra al por mayor con un pedido m\u00ednimo de 8 pares, entregados en 12 d\u00edas m\u00e1s gastos de env\u00edo.<\/p>\n<p>Invierte en un par de zapatos que prometan tanto un estilo duradero como una comodidad excepcional.<\/p>","protected":false},"excerpt":{"rendered":"<ul>\n<li>Hecho a mano con cuero de becerro genuino superior para una mayor durabilidad y elegancia.<\/li>\n<li>El lujoso forro de piel de cabra proporciona un confort y una transpirabilidad excepcionales.<\/li>\n<li>Suela de EVA ligera y flexible que garantiza comodidad durante todo el d\u00eda y una excelente tracci\u00f3n.<\/li>\n<li>Presenta un dise\u00f1o cl\u00e1sico de punta de ala, adecuado tanto para conjuntos formales como informales.<\/li>\n<li>Disponible en tallas UE 39-45 para adaptarse a una amplia gama de caballeros exigentes.<\/li>\n<li>Precios al por mayor disponibles con un pedido m\u00ednimo de 8 pares.<\/li>\n<li>Entrega en 12 d\u00edas m\u00e1s gastos de env\u00edo.<\/li>\n<\/ul>","protected":false},"featured_media":3866,"template":"","meta":{"_acf_changed":false,"_uag_custom_page_level_css":"","site-sidebar-layout":"default","site-content-layout":"","ast-site-content-layout":"default","site-content-style":"default","site-sidebar-style":"default","ast-global-header-display":"","ast-banner-title-visibility":"","ast-main-header-display":"","ast-hfb-above-header-display":"","ast-hfb-below-header-display":"","ast-hfb-mobile-header-display":"","site-post-title":"","ast-breadcrumbs-content":"","ast-featured-img":"","footer-sml-layout":"","ast-disable-related-posts":"","theme-transparent-header-meta":"","adv-header-id-meta":"","stick-header-meta":"","header-above-stick-meta":"","header-main-stick-meta":"","header-below-stick-meta":"","astra-migrate-meta-layouts":"default","ast-page-background-enabled":"default","ast-page-background-meta":{"desktop":{"background-color":"var(--ast-global-color-4)","background-image":"","background-repeat":"repeat","background-position":"center center","background-size":"auto","background-attachment":"scroll","background-type":"","background-media":"","overlay-type":"","overlay-color":"","overlay-opacity":"","overlay-gradient":""},"tablet":{"background-color":"","background-image":"","background-repeat":"repeat","background-position":"center center","background-size":"auto","background-attachment":"scroll","background-type":"","background-media":"","overlay-type":"","overlay-color":"","overlay-opacity":"","overlay-gradient":""},"mobile":{"background-color":"","background-image":"","background-repeat":"repeat","background-position":"center center","background-size":"auto","background-attachment":"scroll","background-type":"","background-media":"","overlay-type":"","overlay-color":"","overlay-opacity":"","overlay-gradient":""}},"ast-content-background-meta":{"desktop":{"background-color":"var(--ast-global-color-5)","background-image":"","background-repeat":"repeat","background-position":"center center","background-size":"auto","background-attachment":"scroll","background-type":"","background-media":"","overlay-type":"","overlay-color":"","overlay-opacity":"","overlay-gradient":""},"tablet":{"background-color":"var(--ast-global-color-5)","background-image":"","background-repeat":"repeat","background-position":"center center","background-size":"auto","background-attachment":"scroll","background-type":"","background-media":"","overlay-type":"","overlay-color":"","overlay-opacity":"","overlay-gradient":""},"mobile":{"background-color":"var(--ast-global-color-5)","background-image":"","background-repeat":"repeat","background-position":"center center","background-size":"auto","background-attachment":"scroll","background-type":"","background-media":"","overlay-type":"","overlay-color":"","overlay-opacity":"","overlay-gradient":""}}},"product_brand":[],"product_cat":[48,47,49,430,40],"product_tag":[295,199,185,213,809,1048,287,251,189,895,700,262,702],"class_list":{"0":"post-5771","1":"product","2":"type-product","3":"status-publish","4":"has-post-thumbnail","6":"product_cat-casual","7":"product_cat-classic","8":"product_cat-loafer","9":"product_cat-men","10":"product_cat-mens-shoes","11":"product_tag-black-dress-shoes","12":"product_tag-brown-dress-shoes","13":"product_tag-calf-leather-shoes","14":"product_tag-casual-dress-shoes","15":"product_tag-classic-mens-footwear","16":"product_tag-comfortable-brogues","17":"product_tag-eva-sole-shoes","18":"product_tag-formal-shoes","19":"product_tag-goat-leather-lining","20":"product_tag-leather-brogues","21":"product_tag-mens-brogue-shoes","22":"product_tag-wholesale-mens-shoes","23":"product_tag-wingtip-shoes","24":"desktop-align-center","25":"tablet-align-center","26":"mobile-align-center","28":"first","29":"instock","30":"shipping-taxable","31":"purchasable","32":"product-type-variable","33":"has-default-attributes"},"acf":[],"uagb_featured_image_src":{"full":["https:\/\/turkishtrade.co\/wp-content\/uploads\/2026\/01\/2400EJOMN00258-BROWN-TMO_3-3USD.png",453,250,false],"thumbnail":["https:\/\/turkishtrade.co\/wp-content\/uploads\/2026\/01\/2400EJOMN00258-BROWN-TMO_3-3USD-150x150.png",150,150,true],"medium":["https:\/\/turkishtrade.co\/wp-content\/uploads\/2026\/01\/2400EJOMN00258-BROWN-TMO_3-3USD-300x166.png",300,166,true],"medium_large":["https:\/\/turkishtrade.co\/wp-content\/uploads\/2026\/01\/2400EJOMN00258-BROWN-TMO_3-3USD.png",453,250,false],"large":["https:\/\/turkishtrade.co\/wp-content\/uploads\/2026\/01\/2400EJOMN00258-BROWN-TMO_3-3USD.png",453,250,false],"1536x1536":["https:\/\/turkishtrade.co\/wp-content\/uploads\/2026\/01\/2400EJOMN00258-BROWN-TMO_3-3USD.png",453,250,false],"2048x2048":["https:\/\/turkishtrade.co\/wp-content\/uploads\/2026\/01\/2400EJOMN00258-BROWN-TMO_3-3USD.png",453,250,false],"trp-custom-language-flag":["https:\/\/turkishtrade.co\/wp-content\/uploads\/2026\/01\/2400EJOMN00258-BROWN-TMO_3-3USD-18x10.png",18,10,true],"woocommerce_thumbnail":["https:\/\/turkishtrade.co\/wp-content\/uploads\/2026\/01\/2400EJOMN00258-BROWN-TMO_3-3USD-400x250.png",400,250,true],"woocommerce_single":["https:\/\/turkishtrade.co\/wp-content\/uploads\/2026\/01\/2400EJOMN00258-BROWN-TMO_3-3USD.png",453,250,false],"woocommerce_gallery_thumbnail":["https:\/\/turkishtrade.co\/wp-content\/uploads\/2026\/01\/2400EJOMN00258-BROWN-TMO_3-3USD-100x100.png",100,100,true]},"uagb_author_info":{"display_name":"yaser olabi","author_link":"https:\/\/turkishtrade.co\/es\/author\/"},"uagb_comment_info":0,"uagb_excerpt":"Handcrafted with genuine calf leather upper for superior durability and elegance. Luxurious goat leather lining provides exceptional comfort and breathability. Lightweight and flexible EVA sole ensures all-day comfort and excellent traction. Features a classic wingtip brogue design, suitable for both formal and casual ensembles. Available in EU sizes 39-45 to fit a wide range of&hellip;","_links":{"self":[{"href":"https:\/\/turkishtrade.co\/es\/wp-json\/wp\/v2\/product\/5771","targetHints":{"allow":["GET"]}}],"collection":[{"href":"https:\/\/turkishtrade.co\/es\/wp-json\/wp\/v2\/product"}],"about":[{"href":"https:\/\/turkishtrade.co\/es\/wp-json\/wp\/v2\/types\/product"}],"wp:featuredmedia":[{"embeddable":true,"href":"https:\/\/turkishtrade.co\/es\/wp-json\/wp\/v2\/media\/3866"}],"wp:attachment":[{"href":"https:\/\/turkishtrade.co\/es\/wp-json\/wp\/v2\/media?parent=5771"}],"wp:term":[{"taxonomy":"product_brand","embeddable":true,"href":"https:\/\/turkishtrade.co\/es\/wp-json\/wp\/v2\/product_brand?post=5771"},{"taxonomy":"product_cat","embeddable":true,"href":"https:\/\/turkishtrade.co\/es\/wp-json\/wp\/v2\/product_cat?post=5771"},{"taxonomy":"product_tag","embeddable":true,"href":"https:\/\/turkishtrade.co\/es\/wp-json\/wp\/v2\/product_tag?post=5771"}],"curies":[{"name":"wp","href":"https:\/\/api.w.org\/{rel}","templated":true}]}}