{"id":5766,"date":"2026-01-14T13:11:45","date_gmt":"2026-01-14T13:11:45","guid":{"rendered":"https:\/\/turkishtrade.co\/product\/mens-cap-toe-derby-shoes-2\/"},"modified":"2026-04-09T19:24:40","modified_gmt":"2026-04-09T19:24:40","slug":"mens-cap-toe-derby-shoes-2","status":"publish","type":"product","link":"https:\/\/turkishtrade.co\/es\/shop\/mens-cap-toe-derby-shoes-2\/","title":{"rendered":"Zapatos Derby cl\u00e1sicos con puntera redonda - Piel de becerro"},"content":{"rendered":"<p><strong>Zapatos Derby con puntera de ca\u00f1a para hombre<\/strong><\/p>\n<p><h3>Eleve su estilo con los zapatos Derby con puntera de ca\u00f1a para hombre de primera calidad<\/h3>\n<\/p>\n<p>Ad\u00e9ntrese en la sofisticaci\u00f3n atemporal con nuestra exquisita colecci\u00f3n de <strong>zapatos Derby con puntera de caballero<\/strong>. Meticulosamente elaborados para ofrecer un estilo y una comodidad incomparables, estos zapatos son la elecci\u00f3n por excelencia para el caballero exigente. Tanto si asiste a un evento formal como si se enfrenta a un ajetreado d\u00eda de trabajo o simplemente busca elevar su atuendo diario, estos zapatos son la elecci\u00f3n perfecta. <strong>zapatos Derby con puntera de caballero<\/strong> combinan el dise\u00f1o cl\u00e1sico con la comodidad moderna.<\/p>\n<p>Experimente la perfecta armon\u00eda de materiales de primera calidad y artesan\u00eda experta que distingue a nuestro calzado.<\/p>\n<p><h3>Materiales superiores para una calidad duradera<\/h3>\n<\/p>\n<p>El exterior de estos excepcionales zapatos presenta piel de becerro de alta calidad, conocida por su textura flexible y su durabilidad. Hemos incorporado un distintivo acabado granulado en el cuerpo principal del zapato, que contrasta maravillosamente con una puntera de cuero liso pulido que irradia refinada elegancia. Los sutiles detalles en relieve de los laterales a\u00f1aden un toque \u00fanico, convirti\u00e9ndolos en algo m\u00e1s que unos zapatos normales. <strong>zapatos Derby con puntera de caballero<\/strong>.<\/p>\n<p>El interior est\u00e1 forrado con lujosa piel de cabra, que proporciona un entorno incre\u00edblemente suave y transpirable para los pies, garantizando la comodidad incluso tras un uso prolongado. Esta cuidada combinaci\u00f3n de materiales garantiza tanto el atractivo est\u00e9tico como un rendimiento duradero.<\/p>\n<p><h3>Dise\u00f1ado para ofrecer comodidad y versatilidad<\/h3>\n<\/p>\n<p>La comodidad es primordial, y nuestro <strong>zapatos Derby con puntera de caballero<\/strong> entregar. La ligera suela de EVA ofrece una excelente amortiguaci\u00f3n y flexibilidad, haciendo que cada paso sea un placer. Este innovador material de suela proporciona un c\u00f3modo perfil de tac\u00f3n bajo (aproximadamente 1-3 cm), perfecto para quienes aprecian el estilo cl\u00e1sico sin renunciar a la facilidad de movimiento.<\/p>\n<p>El tradicional dise\u00f1o Derby con cordones ofrece un ajuste seguro y regulable, adapt\u00e1ndose con elegancia a las distintas formas del pie. Disponibles en una vers\u00e1til gama de negro cl\u00e1sico y marr\u00f3n intenso, estos zapatos est\u00e1n dise\u00f1ados para complementar una amplia variedad de conjuntos, desde elegantes trajes de negocios hasta elegantes conjuntos informales.<\/p>\n<p><h3>Excelencia artesanal y disponibilidad a granel<\/h3>\n<\/p>\n<p>Cada par de nuestros <strong>zapatos Derby con puntera de caballero<\/strong> refleja el compromiso con las t\u00e9cnicas tradicionales de fabricaci\u00f3n de calzado combinadas con el dise\u00f1o contempor\u00e1neo. La atenci\u00f3n al detalle, desde la precisi\u00f3n de las costuras hasta la calidad de la piel, dice mucho de la dedicaci\u00f3n del artesano. Entendemos la necesidad de calzado de calidad en grandes cantidades, por lo que estos zapatos de primera calidad est\u00e1n disponibles para pedidos al por mayor con una compra m\u00ednima de 8 pares.<\/p>\n<p>Con un plazo de entrega de 12 d\u00edas m\u00e1s gastos de env\u00edo, puede estar seguro de que su inventario est\u00e1 bien surtido con productos de alta demanda y alta calidad. <strong>zapatos Derby con puntera de caballero<\/strong>. Invierte en un calzado que resista el paso del tiempo, tanto en estilo como en durabilidad.<\/p>","protected":false},"excerpt":{"rendered":"<ul>\n<li>Parte superior de piel de becerro de primera calidad (acabado granulado con puntera pulida y detalles en relieve)<\/li>\n<li>Lujoso forro de piel de cabra para mayor comodidad<\/li>\n<li>Suela de EVA ligera y flexible para llevarla todo el d\u00eda<\/li>\n<li>Derby cl\u00e1sico con cordones<\/li>\n<li>Disponible en las tallas 39-45<\/li>\n<li>Pedido m\u00ednimo: 8 Pares<\/li>\n<\/ul>","protected":false},"featured_media":3863,"template":"","meta":{"_acf_changed":false,"_uag_custom_page_level_css":"","site-sidebar-layout":"default","site-content-layout":"","ast-site-content-layout":"default","site-content-style":"default","site-sidebar-style":"default","ast-global-header-display":"","ast-banner-title-visibility":"","ast-main-header-display":"","ast-hfb-above-header-display":"","ast-hfb-below-header-display":"","ast-hfb-mobile-header-display":"","site-post-title":"","ast-breadcrumbs-content":"","ast-featured-img":"","footer-sml-layout":"","ast-disable-related-posts":"","theme-transparent-header-meta":"","adv-header-id-meta":"","stick-header-meta":"","header-above-stick-meta":"","header-main-stick-meta":"","header-below-stick-meta":"","astra-migrate-meta-layouts":"default","ast-page-background-enabled":"default","ast-page-background-meta":{"desktop":{"background-color":"var(--ast-global-color-4)","background-image":"","background-repeat":"repeat","background-position":"center center","background-size":"auto","background-attachment":"scroll","background-type":"","background-media":"","overlay-type":"","overlay-color":"","overlay-opacity":"","overlay-gradient":""},"tablet":{"background-color":"","background-image":"","background-repeat":"repeat","background-position":"center center","background-size":"auto","background-attachment":"scroll","background-type":"","background-media":"","overlay-type":"","overlay-color":"","overlay-opacity":"","overlay-gradient":""},"mobile":{"background-color":"","background-image":"","background-repeat":"repeat","background-position":"center center","background-size":"auto","background-attachment":"scroll","background-type":"","background-media":"","overlay-type":"","overlay-color":"","overlay-opacity":"","overlay-gradient":""}},"ast-content-background-meta":{"desktop":{"background-color":"var(--ast-global-color-5)","background-image":"","background-repeat":"repeat","background-position":"center center","background-size":"auto","background-attachment":"scroll","background-type":"","background-media":"","overlay-type":"","overlay-color":"","overlay-opacity":"","overlay-gradient":""},"tablet":{"background-color":"var(--ast-global-color-5)","background-image":"","background-repeat":"repeat","background-position":"center center","background-size":"auto","background-attachment":"scroll","background-type":"","background-media":"","overlay-type":"","overlay-color":"","overlay-opacity":"","overlay-gradient":""},"mobile":{"background-color":"var(--ast-global-color-5)","background-image":"","background-repeat":"repeat","background-position":"center center","background-size":"auto","background-attachment":"scroll","background-type":"","background-media":"","overlay-type":"","overlay-color":"","overlay-opacity":"","overlay-gradient":""}}},"product_brand":[],"product_cat":[48,47,49,430,40],"product_tag":[196,292,674,405,185,458,449,222,212,438,251,189,324,286],"class_list":{"0":"post-5766","1":"product","2":"type-product","3":"status-publish","4":"has-post-thumbnail","6":"product_cat-casual","7":"product_cat-classic","8":"product_cat-loafer","9":"product_cat-men","10":"product_cat-mens-shoes","11":"product_tag-black-leather-shoes","12":"product_tag-brown-leather-shoes","13":"product_tag-bulk-shoes","14":"product_tag-business-shoes","15":"product_tag-calf-leather-shoes","16":"product_tag-cap-toe-shoes","17":"product_tag-casual-shoes","18":"product_tag-comfortable-shoes","19":"product_tag-derby-shoes","20":"product_tag-eva-sole","21":"product_tag-formal-shoes","22":"product_tag-goat-leather-lining","23":"product_tag-mens-dress-shoes","24":"product_tag-mens-leather-shoes","25":"desktop-align-center","26":"tablet-align-center","27":"mobile-align-center","29":"first","30":"instock","31":"shipping-taxable","32":"purchasable","33":"product-type-variable","34":"has-default-attributes"},"acf":[],"uagb_featured_image_src":{"full":["https:\/\/turkishtrade.co\/wp-content\/uploads\/2026\/01\/2400EJOMN00255-BROWN-X_12573-4-USD.png",453,250,false],"thumbnail":["https:\/\/turkishtrade.co\/wp-content\/uploads\/2026\/01\/2400EJOMN00255-BROWN-X_12573-4-USD.png",150,83,false],"medium":["https:\/\/turkishtrade.co\/wp-content\/uploads\/2026\/01\/2400EJOMN00255-BROWN-X_12573-4-USD.png",300,166,false],"medium_large":["https:\/\/turkishtrade.co\/wp-content\/uploads\/2026\/01\/2400EJOMN00255-BROWN-X_12573-4-USD.png",453,250,false],"large":["https:\/\/turkishtrade.co\/wp-content\/uploads\/2026\/01\/2400EJOMN00255-BROWN-X_12573-4-USD.png",453,250,false],"1536x1536":["https:\/\/turkishtrade.co\/wp-content\/uploads\/2026\/01\/2400EJOMN00255-BROWN-X_12573-4-USD.png",453,250,false],"2048x2048":["https:\/\/turkishtrade.co\/wp-content\/uploads\/2026\/01\/2400EJOMN00255-BROWN-X_12573-4-USD.png",453,250,false],"trp-custom-language-flag":["https:\/\/turkishtrade.co\/wp-content\/uploads\/2026\/01\/2400EJOMN00255-BROWN-X_12573-4-USD.png",18,10,false],"woocommerce_thumbnail":["https:\/\/turkishtrade.co\/wp-content\/uploads\/2026\/01\/2400EJOMN00255-BROWN-X_12573-4-USD-400x250.png",400,250,true],"woocommerce_single":["https:\/\/turkishtrade.co\/wp-content\/uploads\/2026\/01\/2400EJOMN00255-BROWN-X_12573-4-USD.png",453,250,false],"woocommerce_gallery_thumbnail":["https:\/\/turkishtrade.co\/wp-content\/uploads\/2026\/01\/2400EJOMN00255-BROWN-X_12573-4-USD-100x100.png",100,100,true]},"uagb_author_info":{"display_name":"yaser olabi","author_link":"https:\/\/turkishtrade.co\/es\/author\/"},"uagb_comment_info":0,"uagb_excerpt":"Premium Calf Leather Upper (Pebbled finish with polished cap toe and embossed accents) Luxurious Goat Leather Lining for ultimate comfort Lightweight and Flexible EVA Sole for all-day wear Classic Lace-Up Derby Style Available in sizes 39-45 Minimum Order: 8 Pairs","_links":{"self":[{"href":"https:\/\/turkishtrade.co\/es\/wp-json\/wp\/v2\/product\/5766","targetHints":{"allow":["GET"]}}],"collection":[{"href":"https:\/\/turkishtrade.co\/es\/wp-json\/wp\/v2\/product"}],"about":[{"href":"https:\/\/turkishtrade.co\/es\/wp-json\/wp\/v2\/types\/product"}],"wp:featuredmedia":[{"embeddable":true,"href":"https:\/\/turkishtrade.co\/es\/wp-json\/wp\/v2\/media\/3863"}],"wp:attachment":[{"href":"https:\/\/turkishtrade.co\/es\/wp-json\/wp\/v2\/media?parent=5766"}],"wp:term":[{"taxonomy":"product_brand","embeddable":true,"href":"https:\/\/turkishtrade.co\/es\/wp-json\/wp\/v2\/product_brand?post=5766"},{"taxonomy":"product_cat","embeddable":true,"href":"https:\/\/turkishtrade.co\/es\/wp-json\/wp\/v2\/product_cat?post=5766"},{"taxonomy":"product_tag","embeddable":true,"href":"https:\/\/turkishtrade.co\/es\/wp-json\/wp\/v2\/product_tag?post=5766"}],"curies":[{"name":"wp","href":"https:\/\/api.w.org\/{rel}","templated":true}]}}