{"id":5764,"date":"2026-01-14T13:11:19","date_gmt":"2026-01-14T13:11:19","guid":{"rendered":"https:\/\/turkishtrade.co\/product\/mens-chunky-sole-derby-shoes\/"},"modified":"2026-04-09T19:24:43","modified_gmt":"2026-04-09T19:24:43","slug":"mens-chunky-sole-derby-shoes","status":"publish","type":"product","link":"https:\/\/turkishtrade.co\/es\/shop\/mens-chunky-sole-derby-shoes\/","title":{"rendered":"Zapatos Derby de hombre en piel de becerro negra de primera calidad con suela gruesa de EVA"},"content":{"rendered":"<p><strong>Zapatos Derby de suela gruesa para hombre<\/strong><\/p>\n<p>Descubra la mezcla perfecta de elegancia cl\u00e1sica y confort contempor\u00e1neo con nuestro exquisito <b>Zapatos Derby de suela gruesa para hombre<\/b>. Confeccionadas en la mejor piel de ternero negra, estas <b>Zapatos Derby de suela gruesa para hombre<\/b> est\u00e1n dise\u00f1adas para llamar la atenci\u00f3n a la vez que proporcionan una comodidad inigualable durante todo el d\u00eda. El exterior elegante y sofisticado cuenta con costuras meticulosas y una silueta derby atemporal, por lo que estos una adici\u00f3n esencial a cualquier guardarropa exigente.<\/p>\n<p><h3>Confort inigualable y materiales de primera calidad<\/h3>\n<\/p>\n<p>Entra y experimenta el lujoso abrazo del forro de aut\u00e9ntica piel de cabra. Este interior suave y transpirable acuna tus pies, garantizando un ajuste c\u00f3modo incluso durante un uso prolongado. Lo que realmente distingue a estos <b>Zapatos Derby de suela gruesa para hombre<\/b> es su caracter\u00edstica suela gruesa de EVA.<\/p>\n<p>Dise\u00f1ada tanto para el estilo como para la funcionalidad, esta suela robusta pero ligera ofrece una amortiguaci\u00f3n excepcional y una tracci\u00f3n fiable, transformando cada paso en una experiencia confortable. Estas <b>Zapatos Derby de suela gruesa para hombre<\/b> no son s\u00f3lo calzado; son una inversi\u00f3n en estilo duradero y m\u00e1xima comodidad para los pies.<\/p>\n<p><h3>Estilo vers\u00e1til para cualquier ocasi\u00f3n<\/h3>\n<\/p>\n<p>Tanto si te diriges a una reuni\u00f3n de negocios, como si disfrutas de una salida informal o te arreglas para una ocasi\u00f3n especial, estas vers\u00e1tiles <b>Zapatos Derby de suela gruesa para hombre<\/b> se adaptan sin esfuerzo a tus necesidades. La s\u00f3lida plataforma que proporciona la gruesa suela de EVA ofrece una elevaci\u00f3n moderna, complementando el dise\u00f1o cl\u00e1sico con un toque contempor\u00e1neo. Disponibles en una amplia gama de tallas, de la 39 a la 45, encontrar el ajuste perfecto es muy sencillo.<\/p>\n<p>Eleve su colecci\u00f3n de calzado con estos excepcionales <b>Zapatos Derby de suela gruesa para hombre<\/b>, que combina la artesan\u00eda tradicional con la innovaci\u00f3n moderna. Para pedidos al por mayor, se aplica una compra m\u00ednima de 8 pares, con entrega normalmente en 12 d\u00edas m\u00e1s gastos de env\u00edo. Experimente la calidad suprema y el estilo sobresaliente de nuestras <b>Zapatos Derby de suela gruesa para hombre<\/b> hoy.<\/p>","protected":false},"excerpt":{"rendered":"<ul>\n<li>Fabricado en piel de becerro negra de primera calidad para una mayor durabilidad y un acabado elegante.<\/li>\n<li>El lujoso interior de piel de cabra garantiza el m\u00e1ximo confort y transpirabilidad.<\/li>\n<li>La moderna suela gruesa de EVA proporciona una amortiguaci\u00f3n superior, ligereza y un agarre excelente.<\/li>\n<li>Disponible en una amplia gama de tallas: 39, 40, 41, 42, 43, 44, 45.<\/li>\n<li>Cantidad m\u00ednima de pedido de 8 pares para compras al por mayor y a granel.<\/li>\n<li>El plazo de entrega suele ser de 12 d\u00edas, m\u00e1s el tiempo de env\u00edo.<\/li>\n<\/ul>","protected":false},"featured_media":3861,"template":"","meta":{"_acf_changed":false,"_uag_custom_page_level_css":"","site-sidebar-layout":"default","site-content-layout":"","ast-site-content-layout":"default","site-content-style":"default","site-sidebar-style":"default","ast-global-header-display":"","ast-banner-title-visibility":"","ast-main-header-display":"","ast-hfb-above-header-display":"","ast-hfb-below-header-display":"","ast-hfb-mobile-header-display":"","site-post-title":"","ast-breadcrumbs-content":"","ast-featured-img":"","footer-sml-layout":"","ast-disable-related-posts":"","theme-transparent-header-meta":"","adv-header-id-meta":"","stick-header-meta":"","header-above-stick-meta":"","header-main-stick-meta":"","header-below-stick-meta":"","astra-migrate-meta-layouts":"default","ast-page-background-enabled":"default","ast-page-background-meta":{"desktop":{"background-color":"var(--ast-global-color-4)","background-image":"","background-repeat":"repeat","background-position":"center center","background-size":"auto","background-attachment":"scroll","background-type":"","background-media":"","overlay-type":"","overlay-color":"","overlay-opacity":"","overlay-gradient":""},"tablet":{"background-color":"","background-image":"","background-repeat":"repeat","background-position":"center center","background-size":"auto","background-attachment":"scroll","background-type":"","background-media":"","overlay-type":"","overlay-color":"","overlay-opacity":"","overlay-gradient":""},"mobile":{"background-color":"","background-image":"","background-repeat":"repeat","background-position":"center center","background-size":"auto","background-attachment":"scroll","background-type":"","background-media":"","overlay-type":"","overlay-color":"","overlay-opacity":"","overlay-gradient":""}},"ast-content-background-meta":{"desktop":{"background-color":"var(--ast-global-color-5)","background-image":"","background-repeat":"repeat","background-position":"center center","background-size":"auto","background-attachment":"scroll","background-type":"","background-media":"","overlay-type":"","overlay-color":"","overlay-opacity":"","overlay-gradient":""},"tablet":{"background-color":"var(--ast-global-color-5)","background-image":"","background-repeat":"repeat","background-position":"center center","background-size":"auto","background-attachment":"scroll","background-type":"","background-media":"","overlay-type":"","overlay-color":"","overlay-opacity":"","overlay-gradient":""},"mobile":{"background-color":"var(--ast-global-color-5)","background-image":"","background-repeat":"repeat","background-position":"center center","background-size":"auto","background-attachment":"scroll","background-type":"","background-media":"","overlay-type":"","overlay-color":"","overlay-opacity":"","overlay-gradient":""}}},"product_brand":[],"product_cat":[48,47,49,430,40],"product_tag":[605,202,449,436,222,212,284,438,189,440,1046,632],"class_list":{"0":"post-5764","1":"product","2":"type-product","3":"status-publish","4":"has-post-thumbnail","6":"product_cat-casual","7":"product_cat-classic","8":"product_cat-loafer","9":"product_cat-men","10":"product_cat-mens-shoes","11":"product_tag-black-shoes","12":"product_tag-calf-leather","13":"product_tag-casual-shoes","14":"product_tag-chunky-sole","15":"product_tag-comfortable-shoes","16":"product_tag-derby-shoes","17":"product_tag-dress-shoes","18":"product_tag-eva-sole","19":"product_tag-goat-leather-lining","20":"product_tag-modern-derby","21":"product_tag-platform-sole","22":"product_tag-premium-leather-shoes","23":"desktop-align-center","24":"tablet-align-center","25":"mobile-align-center","27":"first","28":"instock","29":"shipping-taxable","30":"purchasable","31":"product-type-variable","32":"has-default-attributes"},"acf":[],"uagb_featured_image_src":{"full":["https:\/\/turkishtrade.co\/wp-content\/uploads\/2026\/01\/2400EJOMN00254-BLACK-DKS_430-4-USD.png",453,250,false],"thumbnail":["https:\/\/turkishtrade.co\/wp-content\/uploads\/2026\/01\/2400EJOMN00254-BLACK-DKS_430-4-USD-150x150.png",150,150,true],"medium":["https:\/\/turkishtrade.co\/wp-content\/uploads\/2026\/01\/2400EJOMN00254-BLACK-DKS_430-4-USD-300x166.png",300,166,true],"medium_large":["https:\/\/turkishtrade.co\/wp-content\/uploads\/2026\/01\/2400EJOMN00254-BLACK-DKS_430-4-USD.png",453,250,false],"large":["https:\/\/turkishtrade.co\/wp-content\/uploads\/2026\/01\/2400EJOMN00254-BLACK-DKS_430-4-USD.png",453,250,false],"1536x1536":["https:\/\/turkishtrade.co\/wp-content\/uploads\/2026\/01\/2400EJOMN00254-BLACK-DKS_430-4-USD.png",453,250,false],"2048x2048":["https:\/\/turkishtrade.co\/wp-content\/uploads\/2026\/01\/2400EJOMN00254-BLACK-DKS_430-4-USD.png",453,250,false],"trp-custom-language-flag":["https:\/\/turkishtrade.co\/wp-content\/uploads\/2026\/01\/2400EJOMN00254-BLACK-DKS_430-4-USD-18x10.png",18,10,true],"woocommerce_thumbnail":["https:\/\/turkishtrade.co\/wp-content\/uploads\/2026\/01\/2400EJOMN00254-BLACK-DKS_430-4-USD-400x250.png",400,250,true],"woocommerce_single":["https:\/\/turkishtrade.co\/wp-content\/uploads\/2026\/01\/2400EJOMN00254-BLACK-DKS_430-4-USD.png",453,250,false],"woocommerce_gallery_thumbnail":["https:\/\/turkishtrade.co\/wp-content\/uploads\/2026\/01\/2400EJOMN00254-BLACK-DKS_430-4-USD-100x100.png",100,100,true]},"uagb_author_info":{"display_name":"yaser olabi","author_link":"https:\/\/turkishtrade.co\/es\/author\/"},"uagb_comment_info":0,"uagb_excerpt":"Crafted from premium black calf leather for durability and a sleek finish. Luxurious goat leather interior ensures ultimate comfort and breathability. Modern chunky EVA sole provides superior cushioning, lightweight wear, and excellent grip. Available in a comprehensive range of sizes: 39, 40, 41, 42, 43, 44, 45. Minimum order quantity of 8 pairs for wholesale&hellip;","_links":{"self":[{"href":"https:\/\/turkishtrade.co\/es\/wp-json\/wp\/v2\/product\/5764","targetHints":{"allow":["GET"]}}],"collection":[{"href":"https:\/\/turkishtrade.co\/es\/wp-json\/wp\/v2\/product"}],"about":[{"href":"https:\/\/turkishtrade.co\/es\/wp-json\/wp\/v2\/types\/product"}],"wp:featuredmedia":[{"embeddable":true,"href":"https:\/\/turkishtrade.co\/es\/wp-json\/wp\/v2\/media\/3861"}],"wp:attachment":[{"href":"https:\/\/turkishtrade.co\/es\/wp-json\/wp\/v2\/media?parent=5764"}],"wp:term":[{"taxonomy":"product_brand","embeddable":true,"href":"https:\/\/turkishtrade.co\/es\/wp-json\/wp\/v2\/product_brand?post=5764"},{"taxonomy":"product_cat","embeddable":true,"href":"https:\/\/turkishtrade.co\/es\/wp-json\/wp\/v2\/product_cat?post=5764"},{"taxonomy":"product_tag","embeddable":true,"href":"https:\/\/turkishtrade.co\/es\/wp-json\/wp\/v2\/product_tag?post=5764"}],"curies":[{"name":"wp","href":"https:\/\/api.w.org\/{rel}","templated":true}]}}