{"id":5761,"date":"2026-01-14T13:10:53","date_gmt":"2026-01-14T13:10:53","guid":{"rendered":"https:\/\/turkishtrade.co\/product\/men-premium-leather-loafers-2\/"},"modified":"2026-04-09T19:24:50","modified_gmt":"2026-04-09T19:24:50","slug":"mens-premium-leather-loafers-6","status":"publish","type":"product","link":"https:\/\/turkishtrade.co\/es\/shop\/mens-premium-leather-loafers-6\/","title":{"rendered":"Mocasines de lujo para hombre en piel de primera calidad con suela de EVA"},"content":{"rendered":"<p><strong>Mocasines de piel de primera calidad para hombre<\/strong><\/p>\n<p>Eleve su colecci\u00f3n de calzado con nuestros exquisitos <strong>Mocasines de piel de primera calidad para hombre<\/strong>, Estos mocasines est\u00e1n dise\u00f1ados para el individuo exigente que valora tanto el estilo como la comodidad. Estos mocasines son un verdadero testimonio de artesan\u00eda excepcional, que combina la elegancia tradicional con la funcionalidad moderna. Tanto si te vistes para una salida informal como para un evento elegante m\u00e1s refinado, estos zapatos sin cordones ofrecen una versatilidad inigualable y un aspecto pulido.<\/p>\n<p>Cada par de estos <strong>Mocasines de piel de primera calidad para hombre<\/strong> cuenta con un lujoso exterior de piel de vacuno, meticulosamente seleccionada por su rica textura y durabilidad. La belleza natural del cuero garantiza que sus zapatos envejecer\u00e1n con gracia, desarrollando una p\u00e1tina \u00fanica con el paso del tiempo. En el interior, sus pies estar\u00e1n envueltos en la suavidad de un forro de aut\u00e9ntica piel de cabra, que proporciona una transpirabilidad superior y un tacto afelpado que dura todo el d\u00eda.<\/p>\n<p>Esta combinaci\u00f3n de materiales de primera calidad garantiza no s\u00f3lo comodidad, sino tambi\u00e9n un producto duradero y resistente.<\/p>\n<p><h3>Confort y dise\u00f1o inigualables<\/h3>\n<\/p>\n<p>Experimente la experiencia de caminar sobre las nubes con la innovadora suela de EVA, conocida por sus propiedades de ligereza y excelente absorci\u00f3n de impactos. Este material cuidadosamente elegido para la suela contribuye a la comodidad general de estas <strong>Mocasines de piel de primera calidad para hombre<\/strong>, El tac\u00f3n, de 1-3 cm de altura, ofrece una sutil elevaci\u00f3n, manteniendo al mismo tiempo un perfil de mocas\u00edn cl\u00e1sico. La altura del tac\u00f3n, que oscila entre 1 y 3 cm, ofrece una sutil elevaci\u00f3n al tiempo que mantiene un perfil de mocas\u00edn cl\u00e1sico, garantizando tanto la comodidad como una postura sofisticada.<\/p>\n<p>Disponibles en una amplia gama de tallas, de la 39 a la 45, encontrar el ajuste perfecto no supone ning\u00fan esfuerzo.<\/p>\n<p>Estos mocasines son algo m\u00e1s que zapatos: son una declaraci\u00f3n de lujo discreto. Su dise\u00f1o atemporal, unido a unos materiales de calidad superior, hacen que estos <strong>Mocasines de piel de primera calidad para hombre<\/strong> imprescindibles en cualquier armario. Est\u00e1n disponibles en varios colores sofisticados, como un azul marino intenso y un marr\u00f3n intenso, como se ve en las im\u00e1genes del producto, y ofrecen opciones para complementar cualquier atuendo.<\/p>\n<p>Para nuestros socios mayoristas, ofrecemos pedidos flexibles con un m\u00ednimo de 8 pares por pedido, lo que garantiza que pueda abastecerse de estos estilos tan solicitados. Espere su entrega en 12 d\u00edas m\u00e1s gastos de env\u00edo, lo que le permitir\u00e1 ofrecer r\u00e1pidamente estos zapatos de primera calidad a sus clientes. Invierta en calidad, comodidad y estilo duradero con nuestra colecci\u00f3n de mocasines de piel de primera calidad para hombre.<\/p>","protected":false},"excerpt":{"rendered":"<ul>\n<li><b>Artesan\u00eda superior:<\/b> Fabricado con un exterior de piel de vacuno de primera calidad y un interior de piel de cabra suave y transpirable.<\/li>\n<li><b>M\u00e1xima comodidad:<\/b> Incorpora una suela de EVA ligera y flexible para llevarla todo el d\u00eda.<\/li>\n<li><b>Estilo vers\u00e1til:<\/b> Dise\u00f1o cl\u00e1sico de mocas\u00edn con un toque moderno y desenfadado, perfecto para cualquier ocasi\u00f3n.<\/li>\n<li><b>Amplia gama de tama\u00f1os:<\/b> Disponible en las tallas 39, 40, 41, 42, 43, 44 y 45.<\/li>\n<li><b>Disponibilidad a granel:<\/b> Pedido m\u00ednimo de 8 pares. Entrega en 12 d\u00edas + gastos de env\u00edo.<\/li>\n<\/ul>","protected":false},"featured_media":3860,"template":"","meta":{"_acf_changed":false,"_uag_custom_page_level_css":"","site-sidebar-layout":"default","site-content-layout":"","ast-site-content-layout":"default","site-content-style":"default","site-sidebar-style":"default","ast-global-header-display":"","ast-banner-title-visibility":"","ast-main-header-display":"","ast-hfb-above-header-display":"","ast-hfb-below-header-display":"","ast-hfb-mobile-header-display":"","site-post-title":"","ast-breadcrumbs-content":"","ast-featured-img":"","footer-sml-layout":"","ast-disable-related-posts":"","theme-transparent-header-meta":"","adv-header-id-meta":"","stick-header-meta":"","header-above-stick-meta":"","header-main-stick-meta":"","header-below-stick-meta":"","astra-migrate-meta-layouts":"default","ast-page-background-enabled":"default","ast-page-background-meta":{"desktop":{"background-color":"var(--ast-global-color-4)","background-image":"","background-repeat":"repeat","background-position":"center center","background-size":"auto","background-attachment":"scroll","background-type":"","background-media":"","overlay-type":"","overlay-color":"","overlay-opacity":"","overlay-gradient":""},"tablet":{"background-color":"","background-image":"","background-repeat":"repeat","background-position":"center center","background-size":"auto","background-attachment":"scroll","background-type":"","background-media":"","overlay-type":"","overlay-color":"","overlay-opacity":"","overlay-gradient":""},"mobile":{"background-color":"","background-image":"","background-repeat":"repeat","background-position":"center center","background-size":"auto","background-attachment":"scroll","background-type":"","background-media":"","overlay-type":"","overlay-color":"","overlay-opacity":"","overlay-gradient":""}},"ast-content-background-meta":{"desktop":{"background-color":"var(--ast-global-color-5)","background-image":"","background-repeat":"repeat","background-position":"center center","background-size":"auto","background-attachment":"scroll","background-type":"","background-media":"","overlay-type":"","overlay-color":"","overlay-opacity":"","overlay-gradient":""},"tablet":{"background-color":"var(--ast-global-color-5)","background-image":"","background-repeat":"repeat","background-position":"center center","background-size":"auto","background-attachment":"scroll","background-type":"","background-media":"","overlay-type":"","overlay-color":"","overlay-opacity":"","overlay-gradient":""},"mobile":{"background-color":"var(--ast-global-color-5)","background-image":"","background-repeat":"repeat","background-position":"center center","background-size":"auto","background-attachment":"scroll","background-type":"","background-media":"","overlay-type":"","overlay-color":"","overlay-opacity":"","overlay-gradient":""}}},"product_brand":[],"product_cat":[48,47,49,430,40],"product_tag":[147,449,220,1045,944,438,437,215,186,557,374,184,456],"class_list":{"0":"post-5761","1":"product","2":"type-product","3":"status-publish","4":"has-post-thumbnail","6":"product_cat-casual","7":"product_cat-classic","8":"product_cat-loafer","9":"product_cat-men","10":"product_cat-mens-shoes","11":"product_tag-brown-loafers","12":"product_tag-casual-shoes","13":"product_tag-comfortable-loafers","14":"product_tag-cow-leather","15":"product_tag-dress-casual","16":"product_tag-eva-sole","17":"product_tag-goat-leather","18":"product_tag-leather-loafers","19":"product_tag-mens-loafers","20":"product_tag-navy-loafers","21":"product_tag-premium-loafers","22":"product_tag-slip-on-shoes","23":"product_tag-wholesale-loafers","24":"desktop-align-center","25":"tablet-align-center","26":"mobile-align-center","28":"first","29":"instock","30":"shipping-taxable","31":"purchasable","32":"product-type-variable","33":"has-default-attributes"},"acf":[],"uagb_featured_image_src":{"full":["https:\/\/turkishtrade.co\/wp-content\/uploads\/2026\/01\/2400EJOMN00252-DARK-BROWN-X_7752-4-USD.png",453,250,false],"thumbnail":["https:\/\/turkishtrade.co\/wp-content\/uploads\/2026\/01\/2400EJOMN00252-DARK-BROWN-X_7752-4-USD-150x150.png",150,150,true],"medium":["https:\/\/turkishtrade.co\/wp-content\/uploads\/2026\/01\/2400EJOMN00252-DARK-BROWN-X_7752-4-USD-300x166.png",300,166,true],"medium_large":["https:\/\/turkishtrade.co\/wp-content\/uploads\/2026\/01\/2400EJOMN00252-DARK-BROWN-X_7752-4-USD.png",453,250,false],"large":["https:\/\/turkishtrade.co\/wp-content\/uploads\/2026\/01\/2400EJOMN00252-DARK-BROWN-X_7752-4-USD.png",453,250,false],"1536x1536":["https:\/\/turkishtrade.co\/wp-content\/uploads\/2026\/01\/2400EJOMN00252-DARK-BROWN-X_7752-4-USD.png",453,250,false],"2048x2048":["https:\/\/turkishtrade.co\/wp-content\/uploads\/2026\/01\/2400EJOMN00252-DARK-BROWN-X_7752-4-USD.png",453,250,false],"trp-custom-language-flag":["https:\/\/turkishtrade.co\/wp-content\/uploads\/2026\/01\/2400EJOMN00252-DARK-BROWN-X_7752-4-USD-18x10.png",18,10,true],"woocommerce_thumbnail":["https:\/\/turkishtrade.co\/wp-content\/uploads\/2026\/01\/2400EJOMN00252-DARK-BROWN-X_7752-4-USD-400x250.png",400,250,true],"woocommerce_single":["https:\/\/turkishtrade.co\/wp-content\/uploads\/2026\/01\/2400EJOMN00252-DARK-BROWN-X_7752-4-USD.png",453,250,false],"woocommerce_gallery_thumbnail":["https:\/\/turkishtrade.co\/wp-content\/uploads\/2026\/01\/2400EJOMN00252-DARK-BROWN-X_7752-4-USD-100x100.png",100,100,true]},"uagb_author_info":{"display_name":"yaser olabi","author_link":"https:\/\/turkishtrade.co\/es\/author\/"},"uagb_comment_info":0,"uagb_excerpt":"Superior Craftsmanship: Crafted with a premium cow leather exterior and a soft, breathable goat leather interior. Ultimate Comfort: Features a lightweight and flexible EVA sole for all-day wear. Versatile Style: Classic loafer design with a modern casual touch, perfect for any occasion. Wide Size Range: Available in sizes 39, 40, 41, 42, 43, 44, 45.&hellip;","_links":{"self":[{"href":"https:\/\/turkishtrade.co\/es\/wp-json\/wp\/v2\/product\/5761","targetHints":{"allow":["GET"]}}],"collection":[{"href":"https:\/\/turkishtrade.co\/es\/wp-json\/wp\/v2\/product"}],"about":[{"href":"https:\/\/turkishtrade.co\/es\/wp-json\/wp\/v2\/types\/product"}],"wp:featuredmedia":[{"embeddable":true,"href":"https:\/\/turkishtrade.co\/es\/wp-json\/wp\/v2\/media\/3860"}],"wp:attachment":[{"href":"https:\/\/turkishtrade.co\/es\/wp-json\/wp\/v2\/media?parent=5761"}],"wp:term":[{"taxonomy":"product_brand","embeddable":true,"href":"https:\/\/turkishtrade.co\/es\/wp-json\/wp\/v2\/product_brand?post=5761"},{"taxonomy":"product_cat","embeddable":true,"href":"https:\/\/turkishtrade.co\/es\/wp-json\/wp\/v2\/product_cat?post=5761"},{"taxonomy":"product_tag","embeddable":true,"href":"https:\/\/turkishtrade.co\/es\/wp-json\/wp\/v2\/product_tag?post=5761"}],"curies":[{"name":"wp","href":"https:\/\/api.w.org\/{rel}","templated":true}]}}